{"id":17496,"date":"2024-08-08T08:10:30","date_gmt":"2024-08-08T06:10:30","guid":{"rendered":"https:\/\/fvcomponentes.com\/?post_type=product&#038;p=17496"},"modified":"2026-03-30T12:15:15","modified_gmt":"2026-03-30T10:15:15","slug":"carregador-de-carro-eletrico-wallbox-pulsar-max-22-kw-cabo-5m-preto-plp2-m-2-4-9-002","status":"publish","type":"product","link":"https:\/\/fvcomponentes.com\/pt\/producto\/cargador-coche-electrico-wallbox-pulsar-max-22-kw-cable-5m-negro-plp2-m-2-4-9-002\/","title":{"rendered":"Carregador de carro el\u00e9trico Wallbox Pulsar-Max 22 kW Cabo 5m Preto - PLP2-M-2-4-9-002"},"content":{"rendered":"<h2>Caracter\u00edsticas Carregador el\u00e9trico para autom\u00f3vel Wallbox Pulsar-Max 22 kW Cabo 5m Preto - PLP2-M-2-4-9-002<\/h2>\n<p>O carregador para ve\u00edculos el\u00e9ctricos Wallbox Pulsar-Max 22 kW tamb\u00e9m est\u00e1 dispon\u00edvel em branco. <a href=\"https:\/\/fvcomponentes.com\/pt\/produto\/carregador-de-carro-eletrico-wallbox-pulsar-max-22-kw-cabo-5m-branco-plp2-m-2-4-9-001\/\" target=\"_blank\" rel=\"noopener\">Carregador de carro el\u00e9trico Wallbox Pulsar-Max 22 kW Cabo 5m Branco - PLP2-M-2-4-9-001<\/a><\/p>\n<h2>Especifica\u00e7\u00f5es gerais<\/h2>\n<ul>\n<li><strong>Modo de carregamento:<\/strong> Modo 3 (IEC 61851-1)<\/li>\n<li><b>Comprimento do cabo: <\/b>5 m<\/li>\n<li><strong>Dimens\u00f5es:<\/strong> 198x201x99mm (sem cabo)<\/li>\n<li><strong>Peso:<\/strong> 1,3Kg (sem cabo)<\/li>\n<li><strong>Temperatura de funcionamento:<\/strong> De -25\u00baC a 50\u00baC<\/li>\n<li><strong>Temperatura de armazenamento:<\/strong> De -40\u00baC a 70\u00baC<\/li>\n<li><strong>Normas:<\/strong> IEC 61851-1, IEC 61851-21-2, IEC 62196-2, LVD 2014\/35\/UE, marca\u00e7\u00e3o CE, Diretiva EMC 2014\/30\/UE, Diretiva ROHS 2011\/65, BS 7671:2018 + A1:2020 + A2:2022<\/li>\n<\/ul>\n<h2>Especifica\u00e7\u00f5es el\u00e9ctricas<\/h2>\n<ul>\n<li><strong>Tens\u00e3o nominal: <\/strong>AC \u00b1 10%: 380-400V<\/li>\n<li><strong>Corrente nominal:<\/strong> 32A (3P)<\/li>\n<li><strong>Sec\u00e7\u00e3o transversal do cabo:<\/strong> at\u00e9 13 mm2<\/li>\n<li><strong>Tipo de conetor (IEC 62196-2):<\/strong> Tipo 2<\/li>\n<li><strong>Corrente configur\u00e1vel:<\/strong> 6A \u00e0 corrente nominal<\/li>\n<li><strong>Frequ\u00eancia nominal:<\/strong> 50Hz \/ 60Hz<\/li>\n<li><strong>Grau de prote\u00e7\u00e3o:<\/strong> IP55 \/ IK10<\/li>\n<\/ul>\n<h2>Carregador el\u00e9trico para autom\u00f3vel Wallbox Pulsar-Max 22 kW Cabo 5m Preto - PLP2-M-2-4-9-002<\/h2>\n<p><a href=\"https:\/\/fvcomponentes.com\/wp-content\/uploads\/2024\/08\/Ficha-tecnica-Cargador-coche-electrico-Wallbox-Pulsar-Max-22-kW.pdf\" target=\"_blank\" rel=\"noopener\">Ver ficha t\u00e9cnica do carregador el\u00e9trico para autom\u00f3vel Wallbox Pulsar-Max 22 kW Wallbox Cabo 5m Preto - PLP2-M-2-4-9-002<\/a><\/p>","protected":false},"excerpt":{"rendered":"<ul>\n<li>Trif\u00e1sico<\/li>\n<li>Cabo 5m<\/li>\n<li><strong>Pot\u00eancia m\u00e1xima de carga:<\/strong> 22kW<\/li>\n<li><strong>Frequ\u00eancia (entrada):<\/strong>\u00a050 Hz<\/li>\n<li><strong>Corrente nominal: <\/strong>32A<\/li>\n<li><strong>Prote\u00e7\u00e3o:<\/strong> IP55 \/ IK10<\/li>\n<\/ul>","protected":false},"featured_media":17500,"comment_status":"open","ping_status":"closed","template":"","meta":{"site-sidebar-layout":"default","site-content-layout":"","ast-site-content-layout":"default","site-content-style":"default","site-sidebar-style":"default","ast-global-header-display":"","ast-banner-title-visibility":"","ast-main-header-display":"","ast-hfb-above-header-display":"","ast-hfb-below-header-display":"","ast-hfb-mobile-header-display":"","site-post-title":"","ast-breadcrumbs-content":"","ast-featured-img":"","footer-sml-layout":"","ast-disable-related-posts":"","theme-transparent-header-meta":"default","adv-header-id-meta":"","stick-header-meta":"","header-above-stick-meta":"","header-main-stick-meta":"","header-below-stick-meta":"","astra-migrate-meta-layouts":"set","ast-page-background-enabled":"default","ast-page-background-meta":{"desktop":{"background-color":"var(--ast-global-color-4)","background-image":"","background-repeat":"repeat","background-position":"center center","background-size":"auto","background-attachment":"scroll","background-type":"","background-media":"","overlay-type":"","overlay-color":"","overlay-opacity":"","overlay-gradient":""},"tablet":{"background-color":"","background-image":"","background-repeat":"repeat","background-position":"center center","background-size":"auto","background-attachment":"scroll","background-type":"","background-media":"","overlay-type":"","overlay-color":"","overlay-opacity":"","overlay-gradient":""},"mobile":{"background-color":"","background-image":"","background-repeat":"repeat","background-position":"center center","background-size":"auto","background-attachment":"scroll","background-type":"","background-media":"","overlay-type":"","overlay-color":"","overlay-opacity":"","overlay-gradient":""}},"ast-content-background-meta":{"desktop":{"background-color":"var(--ast-global-color-5)","background-image":"","background-repeat":"repeat","background-position":"center center","background-size":"auto","background-attachment":"scroll","background-type":"","background-media":"","overlay-type":"","overlay-color":"","overlay-opacity":"","overlay-gradient":""},"tablet":{"background-color":"var(--ast-global-color-5)","background-image":"","background-repeat":"repeat","background-position":"center center","background-size":"auto","background-attachment":"scroll","background-type":"","background-media":"","overlay-type":"","overlay-color":"","overlay-opacity":"","overlay-gradient":""},"mobile":{"background-color":"var(--ast-global-color-5)","background-image":"","background-repeat":"repeat","background-position":"center center","background-size":"auto","background-attachment":"scroll","background-type":"","background-media":"","overlay-type":"","overlay-color":"","overlay-opacity":"","overlay-gradient":""}}},"pwb-brand":[972],"product_brand":[],"product_cat":[385],"product_tag":[],"class_list":{"0":"post-17496","1":"product","2":"type-product","3":"status-publish","4":"has-post-thumbnail","6":"pwb-brand-wallbox","7":"product_cat-cargadores-para-vehiculo-electrico","8":"desktop-align-left","9":"tablet-align-left","10":"mobile-align-left","11":"ast-product-gallery-layout-horizontal-slider","12":"ast-product-gallery-with-no-image","13":"ast-product-tabs-layout-horizontal","15":"first","16":"instock","17":"taxable","18":"shipping-taxable","19":"purchasable","20":"product-type-simple"},"wcpa_form_fields":null,"brands":[{"id":972,"name":"Carregadores de caixa de parede","slug":"caixa-de-parede"}],"_links":{"self":[{"href":"https:\/\/fvcomponentes.com\/pt\/wp-json\/wp\/v2\/product\/17496","targetHints":{"allow":["GET"]}}],"collection":[{"href":"https:\/\/fvcomponentes.com\/pt\/wp-json\/wp\/v2\/product"}],"about":[{"href":"https:\/\/fvcomponentes.com\/pt\/wp-json\/wp\/v2\/types\/product"}],"replies":[{"embeddable":true,"href":"https:\/\/fvcomponentes.com\/pt\/wp-json\/wp\/v2\/comments?post=17496"}],"wp:featuredmedia":[{"embeddable":true,"href":"https:\/\/fvcomponentes.com\/pt\/wp-json\/wp\/v2\/media\/17500"}],"wp:attachment":[{"href":"https:\/\/fvcomponentes.com\/pt\/wp-json\/wp\/v2\/media?parent=17496"}],"wp:term":[{"taxonomy":"pwb-brand","embeddable":true,"href":"https:\/\/fvcomponentes.com\/pt\/wp-json\/wp\/v2\/pwb-brand?post=17496"},{"taxonomy":"product_brand","embeddable":true,"href":"https:\/\/fvcomponentes.com\/pt\/wp-json\/wp\/v2\/product_brand?post=17496"},{"taxonomy":"product_cat","embeddable":true,"href":"https:\/\/fvcomponentes.com\/pt\/wp-json\/wp\/v2\/product_cat?post=17496"},{"taxonomy":"product_tag","embeddable":true,"href":"https:\/\/fvcomponentes.com\/pt\/wp-json\/wp\/v2\/product_tag?post=17496"}],"curies":[{"name":"wp","href":"https:\/\/api.w.org\/{rel}","templated":true}]}}