{"id":17471,"date":"2024-08-07T14:11:56","date_gmt":"2024-08-07T12:11:56","guid":{"rendered":"https:\/\/fvcomponentes.com\/?post_type=product&#038;p=17471"},"modified":"2026-01-21T13:01:19","modified_gmt":"2026-01-21T12:01:19","slug":"interrutor-de-reserva-toscano-combi-max-2x50a-10005140","status":"publish","type":"product","link":"https:\/\/fvcomponentes.com\/pt\/producto\/backup-switch-toscano-combi-max-2x50a-10005140\/","title":{"rendered":"Interruptor de reserva Toscano Combi-Max 2x40A - 10005140"},"content":{"rendered":"<h2>Carater\u00edsticas do interrutor de reserva Toscano Combi-Max 2x40A - 10005140<\/h2>\n<p>A Toscano desenvolveu um novo sistema para garantir que as instala\u00e7\u00f5es fotovoltaicas continuem a funcionar em caso de falha geral de energia, o <strong data-start=\"386\" data-end=\"438\">Interruptor de reserva Toscano Combi-Max 2x40A - 10005140<\/strong>que melhora o modelo anterior, o Combi-Pro. Este novo dispositivo mant\u00e9m as principais carater\u00edsticas do modelo anterior, incorporando uma fun\u00e7\u00e3o de automatiza\u00e7\u00e3o, que garante que a sua instala\u00e7\u00e3o de pain\u00e9is solares continua a funcionar mesmo em caso de falha de energia. Com o Combi-Max, a sua instala\u00e7\u00e3o solar torna-se mais rent\u00e1vel, eficiente e aut\u00f3noma.<\/p>\n<ul>\n<li>O interrutor de reserva Toscano Combi-Max 2x40A monitoriza a presen\u00e7a de tens\u00e3o de rede em todos os momentos. Se detetar que a tens\u00e3o da rede desaparece, permite que o inversor trabalhe em \u201cMODO ILHA\u201d desligado da rede.<\/li>\n<li>Uma vez desligado da rede, envia a ordem de funcionamento em \"modo ilha\" ao inversor para que este possa continuar a produzir a partir da energia obtida dos pain\u00e9is e\/ou das baterias que possa ter instalado.<\/li>\n<li>Neste momento, as partes seleccionadas da instala\u00e7\u00e3o ser\u00e3o novamente alimentadas pelo inversor e a rede permanecer\u00e1 fisicamente desligada. Quando a presen\u00e7a da rede \u00e9 novamente detectada, o comando de funcionamento \"modo ilha\" \u00e9 retirado e a instala\u00e7\u00e3o volta a ser ligada \u00e0 rede.<\/li>\n<li>Tem uma luz piloto frontal que indica o funcionamento \"normal\" por meio de um flash por segundo. Em caso de falha de corrente, a luz piloto apaga-se depois de executadas as ac\u00e7\u00f5es descritas acima.<\/li>\n<li>Existe tamb\u00e9m um bot\u00e3o de press\u00e3o para for\u00e7ar manualmente o \"modo ilha\" da instala\u00e7\u00e3o.<\/li>\n<\/ul>\n<h2>Autonomia total<\/h2>\n<p>Quando h\u00e1 uma falha de energia, seja devido a um apag\u00e3o geral ou porque um t\u00e9cnico est\u00e1 a fazer trabalhos de manuten\u00e7\u00e3o nas linhas el\u00e9ctricas, os inversores fotovoltaicos desligam-se automaticamente por seguran\u00e7a. Se o inversor continuasse a alimentar a energia dos pain\u00e9is solares, poderia p\u00f4r em perigo a vida dos trabalhadores que est\u00e3o a reparar as linhas.<\/p>\n<p>Por esta raz\u00e3o, antes do lan\u00e7amento do interrutor de reserva Toscano e de outros equipamentos semelhantes, se houvesse um corte na rede, toda a gente ficava \u00e0s escuras, mesmo que tivesse pain\u00e9is solares.<\/p>\n<p>Gra\u00e7as ao sistema de apoio de Toscano, j\u00e1 n\u00e3o tem de se preocupar com interrup\u00e7\u00f5es de fornecimento ou apag\u00f5es. A sua instala\u00e7\u00e3o solar ser\u00e1 mais eficiente, rent\u00e1vel e aut\u00f3noma. O interrutor de reserva Toscano Combi-Max 2x40A - 10005140 torna-se o seu melhor aliado para manter uma alimenta\u00e7\u00e3o el\u00e9ctrica constante.<\/p>\n<h2>Como funciona o interrutor de reserva Toscano Combi-Max 2x40A - 10005140?<\/h2>\n<p>Este dispositivo detecta qualquer falha na rede el\u00e9ctrica principal e desliga automaticamente a sua instala\u00e7\u00e3o da rede. Ao faz\u00ea-lo, d\u00e1 instru\u00e7\u00f5es ao inversor para funcionar em modo de ilha, activando as op\u00e7\u00f5es de Backup Total ou Backup de Carga Cr\u00edtica, dependendo da sua configura\u00e7\u00e3o. Os seus pain\u00e9is solares e baterias alimentar\u00e3o a sua instala\u00e7\u00e3o enquanto a rede estiver em baixo, para que n\u00e3o fique sem energia em caso de apag\u00e3o.<\/p>\n<h3>Que op\u00e7\u00f5es tem o sistema Toscano Combi-Max 2x40A Backup Switch?<\/h3>\n<p>\u2013 <strong>Backup total:<\/strong> O seu sistema fotovoltaico desliga-se da rede durante uma falha de energia, mas continua a fornecer energia a toda a sua instala\u00e7\u00e3o, sem restri\u00e7\u00f5es. Como neste modo estar\u00e1 a fornecer todo o seu consumo, \u00e9 importante controlar o equipamento que liga para evitar ficar sem energia.<\/p>\n<p><img fetchpriority=\"high\" decoding=\"async\" class=\"size-full wp-image-17494\" src=\"https:\/\/fvcomponentes.com\/wp-content\/uploads\/2024\/08\/Backup-Switch-Toscano-Combi-Max-2x50A-10005140-Esquema-2.png\" alt=\"Interruptor de reserva Toscano Combi-Max 2x50A - 10005140 - Esquema (2)\" width=\"578\" height=\"580\" title=\"\"><\/p>\n<p>\u2013 <strong>Backup Upload Critical:<\/strong> Neste modo, a sua instala\u00e7\u00e3o tamb\u00e9m permanece desligada da rede el\u00e9ctrica principal, mas alimenta apenas os equipamentos que selecionou como cr\u00edticos. Esta \u00e9 a melhor op\u00e7\u00e3o para garantir o funcionamento dos equipamentos mais importantes para si.<\/p>\n<p><img decoding=\"async\" class=\"size-full wp-image-17495\" src=\"https:\/\/fvcomponentes.com\/wp-content\/uploads\/2024\/08\/Backup-Switch-Toscano-Combi-Max-2x50A-10005140-Esquema-1.png\" alt=\"Interruptor de reserva Toscano Combi-Max 2x50A - 10005140 - Esquema (1)\" width=\"600\" height=\"588\" title=\"\"><\/p>\n<p>O Combi-Max 2x40A controla permanentemente a rede e, quando detecta que a alimenta\u00e7\u00e3o el\u00e9ctrica foi restabelecida, volta a ligar automaticamente a sua instala\u00e7\u00e3o \u00e0 rede para que tudo volte ao normal.<\/p>\n<p>Com Combi-Max, beneficiar\u00e1 de um fornecimento cont\u00ednuo de eletricidade gra\u00e7as \u00e0 sua instala\u00e7\u00e3o de autoconsumo. Enquanto os seus pain\u00e9is solares estiverem a produzir ou tiver energia armazenada nas suas baterias, a sua instala\u00e7\u00e3o funcionar\u00e1 sem interrup\u00e7\u00f5es, mesmo que a rede el\u00e9ctrica falhe. Deixar\u00e1 de depender da estabilidade do fornecimento de eletricidade, pois o seu sistema ser\u00e1 completamente aut\u00f3nomo gra\u00e7as aos seus pain\u00e9is solares e ao Combi-Max.<\/p>\n<h2>Que inversores s\u00e3o compat\u00edveis com o interrutor de reserva Toscano Combi-Max 2x40A - 10005140?<\/h2>\n<p>Os aparelhos Toscano s\u00e3o compat\u00edveis com uma vasta gama de inversores de alguns dos fabricantes mais potentes do mercado. A sua lista de dispositivos compat\u00edveis est\u00e1 sempre a aumentar. Se o seu inversor estiver na lista abaixo, \u00e9 compat\u00edvel com o interrutor de reserva Toscano Combi-Max 2x40A:<\/p>\n<table>\n<tbody>\n<tr>\n<td colspan=\"3\">\n<h4><strong>Lista de inversores compat\u00edveis com o interrutor de reserva Toscano Combi-Max 2x40A<\/strong><\/h4>\n<\/td>\n<\/tr>\n<tr>\n<td><strong>Huawei<\/strong><\/td>\n<td><strong>Fronius<\/strong><\/td>\n<td><strong>Kostal<\/strong><\/td>\n<\/tr>\n<tr>\n<td><span style=\"font-weight: 400;\">SUN2000-2KTL-L1<\/span><\/td>\n<td><span style=\"font-weight: 400;\">GEN24 Primo 3.0\u00a0<\/span><\/td>\n<td><span style=\"font-weight: 400;\">Plenticore G3 - S - 4 kW<\/span><\/td>\n<\/tr>\n<tr>\n<td><span style=\"font-weight: 400;\">SUN2000-3KTL-L1<\/span><\/td>\n<td><span style=\"font-weight: 400;\">GEN24 Primo 3.6<\/span><\/td>\n<td><span style=\"font-weight: 400;\">Plenticore S - 5,5 kW<\/span><\/td>\n<\/tr>\n<tr>\n<td><span style=\"font-weight: 400;\">SUN2000-3.68KTL-L1<\/span><\/td>\n<td><span style=\"font-weight: 400;\">GEN24 Primo 4.0<\/span><\/td>\n<td><span style=\"font-weight: 400;\">Plenticore S - 7 kW<\/span><\/td>\n<\/tr>\n<tr>\n<td><span style=\"font-weight: 400;\">SUN2000-4KTL-L1<\/span><\/td>\n<td><span style=\"font-weight: 400;\">GEN24 Primo 4.6<\/span><\/td>\n<td><span style=\"font-weight: 400;\">Plenticore M - 8,5 kW<\/span><\/td>\n<\/tr>\n<tr>\n<td><span style=\"font-weight: 400;\">SUN2000-4.6KTL-L1<\/span><\/td>\n<td><span style=\"font-weight: 400;\">GEN24 Primo 5.0<\/span><\/td>\n<td><span style=\"font-weight: 400;\">Plenticore M - 10 kW<\/span><\/td>\n<\/tr>\n<tr>\n<td><span style=\"font-weight: 400;\">SUN2000-5KTL-L1<\/span><\/td>\n<td><span style=\"font-weight: 400;\">GEN24 Primo 6.0<\/span><\/td>\n<td><span style=\"font-weight: 400;\">Plenticore M - 12,5 kW<\/span><\/td>\n<\/tr>\n<tr>\n<td><span style=\"font-weight: 400;\">SUN2000-6KTL-L1<\/span><\/td>\n<td><span style=\"font-weight: 400;\">GEN24 Symo 6.0<\/span><\/td>\n<td><span style=\"font-weight: 400;\">Plenticore L - 15 kW<\/span><\/td>\n<\/tr>\n<tr>\n<td><span style=\"font-weight: 400;\">SUN2000-8K-LC0<\/span><\/td>\n<td><span style=\"font-weight: 400;\">GEN24 Symo 8.0<\/span><\/td>\n<td><span style=\"font-weight: 400;\">Plenticore L - 17,5 kW<\/span><\/td>\n<\/tr>\n<tr>\n<td><span style=\"font-weight: 400;\">SUN2000-10K-LC0<\/span><\/td>\n<td><span style=\"font-weight: 400;\">GEN24 Symo 10.0<\/span><\/td>\n<td><span style=\"font-weight: 400;\">Plenticore L - 20 kW<\/span><\/td>\n<\/tr>\n<\/tbody>\n<\/table>\n<h2>Diagramas de instala\u00e7\u00e3o do interrutor de reserva Toscano Combi-Max 2x40A - 10005140<\/h2>\n<p>Se pretender instalar um sistema de backup na sua instala\u00e7\u00e3o, deixamos-lhe os esquemas de montagem para as configura\u00e7\u00f5es dos diferentes modos dos inversores Huawei e Fronius.<\/p>\n<p>Importante: Antes de instalar o aparelho, certifique-se de que o inversor est\u00e1 configurado para funcionar em \"modo ilha\". Para o efeito, ligar-se ao inversor como instalador. Aceda ao menu \"Defini\u00e7\u00f5es\" e, dentro deste, a \"Par\u00e2metros de fun\u00e7\u00e3o\". A\u00ed temos de ativar o \"Modo ilha\".<\/p>\n<h3>Sistema de reserva para cargas cr\u00edticas com inversores Huawei<\/h3>\n<h3><img decoding=\"async\" class=\"size-full wp-image-31547\" style=\"font-size: 16px; font-style: inherit;\" src=\"https:\/\/fvcomponentes.com\/wp-content\/uploads\/2024\/08\/Backup-Switch-Toscano-Combi-Max-2x50A-10005140-Huawei.png\" alt=\"Interruptor de reserva Toscano Combi-Max 2x50A - 10005140 Huawei\" width=\"809\" height=\"750\" title=\"\"><\/h3>\n<h3>Instala\u00e7\u00e3o de backup completo com inversores Huawei<\/h3>\n<p><img loading=\"lazy\" decoding=\"async\" class=\"size-full wp-image-31548\" src=\"https:\/\/fvcomponentes.com\/wp-content\/uploads\/2024\/08\/Full-Backup-Switch-Toscano-Combi-Max-2x50A-10005140-Huawei.png\" alt=\"Interruptor de reserva total Toscano Combi-Max 2x50A - 10005140 Huawei\" width=\"809\" height=\"750\" title=\"\"><\/p>\n<h3>Sistema de reserva para cargas cr\u00edticas com o inversor Fronius GEN24<\/h3>\n<p><img loading=\"lazy\" decoding=\"async\" class=\"size-full wp-image-31549\" src=\"https:\/\/fvcomponentes.com\/wp-content\/uploads\/2024\/08\/Backup-Switch-Toscano-Combi-Max-2x50A-10005140-Fronius.png\" alt=\"Interruptor de reserva Toscano Combi-Max 2x50A - 10005140 Fronius\" width=\"805\" height=\"740\" title=\"\"><\/p>\n<h3>Sistema de backup completo com inversor Fronius<\/h3>\n<p><img loading=\"lazy\" decoding=\"async\" class=\"size-full wp-image-31550\" src=\"https:\/\/fvcomponentes.com\/wp-content\/uploads\/2024\/08\/Backup-Switch-Toscano-Combi-Max-2x50A-10005140-Fronius-1.png\" alt=\"Interruptor de reserva Toscano Combi-Max 2x50A - 10005140 Fronius\" width=\"805\" height=\"740\" title=\"\"><\/p>\n<h3>Sistema de backup completo com inversores trif\u00e1sicos Fronius<\/h3>\n<p><img loading=\"lazy\" decoding=\"async\" class=\"wp-image-31551\" src=\"https:\/\/fvcomponentes.com\/wp-content\/uploads\/2024\/08\/Full-Backup-Switch-Toscano-Combi-Max-2x50A-10005140-Fronius-trifasico.png\" alt=\"Interruptor de reserva total Toscano Combi-Max 2x50A - 10005140 Fronius trif\u00e1sico\" width=\"789\" height=\"910\" title=\"\"><\/p>\n<h2>Interruptor de reserva Toscano Combi-Max 2x40A - 10005140<\/h2>\n<p><a href=\"https:\/\/fvcomponentes.com\/wp-content\/uploads\/2024\/08\/FICHA-TECNICA-MANUAL-TOSCANO-COMBI-MAX-5.24-ES-A4.pdf\" target=\"_blank\" rel=\"noopener\">Ver ficha t\u00e9cnica do interrutor de reserva Toscano Combi-Max 2x40A - 10005140<\/a><\/p>","protected":false},"excerpt":{"rendered":"<ul>\n<li>Sistema de reserva para inversores Fronius e Huawei<\/li>\n<li>Isola a instala\u00e7\u00e3o el\u00e9ctrica da casa da rede para funcionar em \"MODO ILHA\" com toda a seguran\u00e7a em caso de falha de corrente.<\/li>\n<li>Quando a alimenta\u00e7\u00e3o el\u00e9ctrica for restabelecida, voltar a ligar a instala\u00e7\u00e3o el\u00e9ctrica da casa \u00e0 rede.<\/li>\n<li>Backup Fronius Gen24<\/li>\n<li>C\u00f3pia de seguran\u00e7a da Huawei<\/li>\n<\/ul>","protected":false},"featured_media":17472,"comment_status":"open","ping_status":"closed","template":"","meta":{"site-sidebar-layout":"default","site-content-layout":"","ast-site-content-layout":"default","site-content-style":"default","site-sidebar-style":"default","ast-global-header-display":"","ast-banner-title-visibility":"","ast-main-header-display":"","ast-hfb-above-header-display":"","ast-hfb-below-header-display":"","ast-hfb-mobile-header-display":"","site-post-title":"","ast-breadcrumbs-content":"","ast-featured-img":"","footer-sml-layout":"","ast-disable-related-posts":"","theme-transparent-header-meta":"default","adv-header-id-meta":"","stick-header-meta":"","header-above-stick-meta":"","header-main-stick-meta":"","header-below-stick-meta":"","astra-migrate-meta-layouts":"set","ast-page-background-enabled":"default","ast-page-background-meta":{"desktop":{"background-color":"var(--ast-global-color-4)","background-image":"","background-repeat":"repeat","background-position":"center center","background-size":"auto","background-attachment":"scroll","background-type":"","background-media":"","overlay-type":"","overlay-color":"","overlay-opacity":"","overlay-gradient":""},"tablet":{"background-color":"","background-image":"","background-repeat":"repeat","background-position":"center center","background-size":"auto","background-attachment":"scroll","background-type":"","background-media":"","overlay-type":"","overlay-color":"","overlay-opacity":"","overlay-gradient":""},"mobile":{"background-color":"","background-image":"","background-repeat":"repeat","background-position":"center center","background-size":"auto","background-attachment":"scroll","background-type":"","background-media":"","overlay-type":"","overlay-color":"","overlay-opacity":"","overlay-gradient":""}},"ast-content-background-meta":{"desktop":{"background-color":"var(--ast-global-color-5)","background-image":"","background-repeat":"repeat","background-position":"center center","background-size":"auto","background-attachment":"scroll","background-type":"","background-media":"","overlay-type":"","overlay-color":"","overlay-opacity":"","overlay-gradient":""},"tablet":{"background-color":"var(--ast-global-color-5)","background-image":"","background-repeat":"repeat","background-position":"center center","background-size":"auto","background-attachment":"scroll","background-type":"","background-media":"","overlay-type":"","overlay-color":"","overlay-opacity":"","overlay-gradient":""},"mobile":{"background-color":"var(--ast-global-color-5)","background-image":"","background-repeat":"repeat","background-position":"center center","background-size":"auto","background-attachment":"scroll","background-type":"","background-media":"","overlay-type":"","overlay-color":"","overlay-opacity":"","overlay-gradient":""}}},"pwb-brand":[891],"product_brand":[],"product_cat":[333,351,862],"product_tag":[],"class_list":{"0":"post-17471","1":"product","2":"type-product","3":"status-publish","4":"has-post-thumbnail","6":"pwb-brand-toscano","7":"product_cat-inversores","8":"product_cat-accesorios","9":"product_cat-fusibles","10":"desktop-align-left","11":"tablet-align-left","12":"mobile-align-left","13":"ast-product-gallery-layout-horizontal-slider","14":"ast-product-gallery-with-no-image","15":"ast-product-tabs-layout-horizontal","17":"first","18":"instock","19":"taxable","20":"shipping-taxable","21":"purchasable","22":"product-type-simple"},"wcpa_form_fields":null,"brands":[{"id":891,"name":"Toscano","slug":"toscano"}],"_links":{"self":[{"href":"https:\/\/fvcomponentes.com\/pt\/wp-json\/wp\/v2\/product\/17471","targetHints":{"allow":["GET"]}}],"collection":[{"href":"https:\/\/fvcomponentes.com\/pt\/wp-json\/wp\/v2\/product"}],"about":[{"href":"https:\/\/fvcomponentes.com\/pt\/wp-json\/wp\/v2\/types\/product"}],"replies":[{"embeddable":true,"href":"https:\/\/fvcomponentes.com\/pt\/wp-json\/wp\/v2\/comments?post=17471"}],"wp:featuredmedia":[{"embeddable":true,"href":"https:\/\/fvcomponentes.com\/pt\/wp-json\/wp\/v2\/media\/17472"}],"wp:attachment":[{"href":"https:\/\/fvcomponentes.com\/pt\/wp-json\/wp\/v2\/media?parent=17471"}],"wp:term":[{"taxonomy":"pwb-brand","embeddable":true,"href":"https:\/\/fvcomponentes.com\/pt\/wp-json\/wp\/v2\/pwb-brand?post=17471"},{"taxonomy":"product_brand","embeddable":true,"href":"https:\/\/fvcomponentes.com\/pt\/wp-json\/wp\/v2\/product_brand?post=17471"},{"taxonomy":"product_cat","embeddable":true,"href":"https:\/\/fvcomponentes.com\/pt\/wp-json\/wp\/v2\/product_cat?post=17471"},{"taxonomy":"product_tag","embeddable":true,"href":"https:\/\/fvcomponentes.com\/pt\/wp-json\/wp\/v2\/product_tag?post=17471"}],"curies":[{"name":"wp","href":"https:\/\/api.w.org\/{rel}","templated":true}]}}