{"id":17451,"date":"2024-08-07T13:23:23","date_gmt":"2024-08-07T11:23:23","guid":{"rendered":"https:\/\/fvcomponentes.com\/?post_type=product&#038;p=17451"},"modified":"2026-03-30T12:17:10","modified_gmt":"2026-03-30T10:17:10","slug":"acessorio-de-comunicacao-huawei-smartlogger-3000-a01eu-ethernet-4g-02312scu-004","status":"publish","type":"product","link":"https:\/\/fvcomponentes.com\/pt\/producto\/accesorio-comunicacion-huawei-smartlogger-3000-a01eu-ethernet-4g-02312scu-004\/","title":{"rendered":"Acess\u00f3rio de comunica\u00e7\u00e3o Huawei SmartLogger 3000 A01EU (Ethernet e 4G) - 02312SCU-004"},"content":{"rendered":"<h2>Caracter\u00edsticas do acess\u00f3rio de comunica\u00e7\u00e3o Huawei SmartLogger 3000 A01EU (Ethernet e 4G) - 02312SCU-004<\/h2>\n<ul>\n<li><strong>M\u00e1ximo. N\u00famero de dispositivos ger\u00edveis:<\/strong> 80<\/li>\n<li><strong>WAN<\/strong> x 1, 10 \/ 100 \/ 1000 Mbps<\/li>\n<li><strong>LAN<\/strong> x 1, 10 \/ 100 \/ 1000 Mbps<\/li>\n<li><strong>RS485:<\/strong> COM x 3, 1200 \/ 2400 \/ 4800 \/ 9600 \/ 19200 \/ 115200 bps, 1000 m<\/li>\n<li><strong>Entrada\/sa\u00edda digital\/anal\u00f3gica:<\/strong> DI x 4, DO x 2, AI x 4<\/li>\n<li><strong>DO ativo:<\/strong> 12V, 100mA (liga\u00e7\u00e3o com rel\u00e9, sensor)<\/li>\n<li><strong>2G \/ 3G \/ 4G<\/strong>\n<ul>\n<li>LTE(FDD)\uff1aB1,B2,B3,B4,B5,B7,B8,B20<\/li>\n<li>DC-HSPA+\/HSPA+\/HSPA\/HSPA\/UMTS\uff1a 850\/900\/1900\/2100 MHz<\/li>\n<li>GSM\/GPRS\/EDGE: 850\/900\/1800\/1900 MHz 2<\/li>\n<\/ul>\n<\/li>\n<li><strong>Fonte de alimenta\u00e7\u00e3o AC:<\/strong> 100 V\uff5e240 V, 50 Hz \/ 60 Hz<\/li>\n<li><strong>Fonte de alimenta\u00e7\u00e3o CC:<\/strong> 12 V \/ 24 V<\/li>\n<li><strong>Consumo de energia:<\/strong> T\u00edpico 8 W, M\u00e1x. 15 W<\/li>\n<li><strong>Ethernet:<\/strong> Modbus-TCP, IEC 60870-5-104<\/li>\n<li><strong>RS485:<\/strong> Modbus-RTU, IEC 60870-5-103 (padr\u00e3o), DL \/ T645<\/li>\n<\/ul>\n<h2>Folha de dados do acess\u00f3rio de comunica\u00e7\u00e3o Huawei SmartLogger 3000 A01EU (Ethernet e 4G) - 02312SCU-004<\/h2>\n<p><a href=\"https:\/\/fvcomponentes.com\/wp-content\/uploads\/2024\/08\/Ficha-tecnica-Accesorio-comunicacion-Huawei-SmartLogger-3000-A01EU-Ethernet-4G-02312SCU-004.pdf\" target=\"_blank\" rel=\"noopener\">Ver ficha de dados do acess\u00f3rio de comunica\u00e7\u00e3o Huawei SmartLogger 3000 A01EU (Ethernet e 4G) - 02312SCU-004<\/a><\/p>\n<h2>Manual do acess\u00f3rio de comunica\u00e7\u00e3o do Huawei SmartLogger 3000 - 02312SCU-004<\/h2>\n<p><a href=\"https:\/\/fvcomponentes.com\/wp-content\/uploads\/2025\/10\/Manual-del-usuario-del-SmartLogger3000.pdf\" target=\"_blank\" rel=\"noopener\">Ver Manual do acess\u00f3rio de comunica\u00e7\u00e3o do Huawei SmartLogger 3000<\/a><\/p>","protected":false},"excerpt":{"rendered":"<ul>\n<li><strong>M\u00e1ximo. N\u00famero de dispositivos ger\u00edveis:<\/strong> 80<\/li>\n<li><strong>2G \/ 3G \/ 4G<\/strong><\/li>\n<li><strong>Ethernet:<\/strong> Modbus-TCP, IEC 60870-5-104<\/li>\n<li><strong>RS485:<\/strong> Modbus-RTU, IEC 60870-5-103 (padr\u00e3o), DL \/ T645<\/li>\n<\/ul>","protected":false},"featured_media":17462,"comment_status":"open","ping_status":"closed","template":"","meta":{"site-sidebar-layout":"default","site-content-layout":"","ast-site-content-layout":"default","site-content-style":"default","site-sidebar-style":"default","ast-global-header-display":"","ast-banner-title-visibility":"","ast-main-header-display":"","ast-hfb-above-header-display":"","ast-hfb-below-header-display":"","ast-hfb-mobile-header-display":"","site-post-title":"","ast-breadcrumbs-content":"","ast-featured-img":"","footer-sml-layout":"","ast-disable-related-posts":"","theme-transparent-header-meta":"default","adv-header-id-meta":"","stick-header-meta":"","header-above-stick-meta":"","header-main-stick-meta":"","header-below-stick-meta":"","astra-migrate-meta-layouts":"set","ast-page-background-enabled":"default","ast-page-background-meta":{"desktop":{"background-color":"var(--ast-global-color-4)","background-image":"","background-repeat":"repeat","background-position":"center center","background-size":"auto","background-attachment":"scroll","background-type":"","background-media":"","overlay-type":"","overlay-color":"","overlay-opacity":"","overlay-gradient":""},"tablet":{"background-color":"","background-image":"","background-repeat":"repeat","background-position":"center center","background-size":"auto","background-attachment":"scroll","background-type":"","background-media":"","overlay-type":"","overlay-color":"","overlay-opacity":"","overlay-gradient":""},"mobile":{"background-color":"","background-image":"","background-repeat":"repeat","background-position":"center center","background-size":"auto","background-attachment":"scroll","background-type":"","background-media":"","overlay-type":"","overlay-color":"","overlay-opacity":"","overlay-gradient":""}},"ast-content-background-meta":{"desktop":{"background-color":"var(--ast-global-color-5)","background-image":"","background-repeat":"repeat","background-position":"center center","background-size":"auto","background-attachment":"scroll","background-type":"","background-media":"","overlay-type":"","overlay-color":"","overlay-opacity":"","overlay-gradient":""},"tablet":{"background-color":"var(--ast-global-color-5)","background-image":"","background-repeat":"repeat","background-position":"center center","background-size":"auto","background-attachment":"scroll","background-type":"","background-media":"","overlay-type":"","overlay-color":"","overlay-opacity":"","overlay-gradient":""},"mobile":{"background-color":"var(--ast-global-color-5)","background-image":"","background-repeat":"repeat","background-position":"center center","background-size":"auto","background-attachment":"scroll","background-type":"","background-media":"","overlay-type":"","overlay-color":"","overlay-opacity":"","overlay-gradient":""}}},"pwb-brand":[381],"product_brand":[],"product_cat":[333,934],"product_tag":[],"class_list":{"0":"post-17451","1":"product","2":"type-product","3":"status-publish","4":"has-post-thumbnail","6":"pwb-brand-huawei","7":"product_cat-inversores","8":"product_cat-monitorizacion","9":"desktop-align-left","10":"tablet-align-left","11":"mobile-align-left","12":"ast-product-gallery-layout-horizontal-slider","13":"ast-product-gallery-with-no-image","14":"ast-product-tabs-layout-horizontal","16":"first","17":"instock","18":"taxable","19":"shipping-taxable","20":"purchasable","21":"product-type-simple"},"wcpa_form_fields":null,"brands":[{"id":381,"name":"Inversores Huawei","slug":"huawei"}],"_links":{"self":[{"href":"https:\/\/fvcomponentes.com\/pt\/wp-json\/wp\/v2\/product\/17451","targetHints":{"allow":["GET"]}}],"collection":[{"href":"https:\/\/fvcomponentes.com\/pt\/wp-json\/wp\/v2\/product"}],"about":[{"href":"https:\/\/fvcomponentes.com\/pt\/wp-json\/wp\/v2\/types\/product"}],"replies":[{"embeddable":true,"href":"https:\/\/fvcomponentes.com\/pt\/wp-json\/wp\/v2\/comments?post=17451"}],"wp:featuredmedia":[{"embeddable":true,"href":"https:\/\/fvcomponentes.com\/pt\/wp-json\/wp\/v2\/media\/17462"}],"wp:attachment":[{"href":"https:\/\/fvcomponentes.com\/pt\/wp-json\/wp\/v2\/media?parent=17451"}],"wp:term":[{"taxonomy":"pwb-brand","embeddable":true,"href":"https:\/\/fvcomponentes.com\/pt\/wp-json\/wp\/v2\/pwb-brand?post=17451"},{"taxonomy":"product_brand","embeddable":true,"href":"https:\/\/fvcomponentes.com\/pt\/wp-json\/wp\/v2\/product_brand?post=17451"},{"taxonomy":"product_cat","embeddable":true,"href":"https:\/\/fvcomponentes.com\/pt\/wp-json\/wp\/v2\/product_cat?post=17451"},{"taxonomy":"product_tag","embeddable":true,"href":"https:\/\/fvcomponentes.com\/pt\/wp-json\/wp\/v2\/product_tag?post=17451"}],"curies":[{"name":"wp","href":"https:\/\/api.w.org\/{rel}","templated":true}]}}