{"id":17445,"date":"2024-08-07T09:58:05","date_gmt":"2024-08-07T07:58:05","guid":{"rendered":"https:\/\/fvcomponentes.com\/?post_type=product&#038;p=17445"},"modified":"2026-03-30T12:17:14","modified_gmt":"2026-03-30T10:17:14","slug":"acessorio-de-comunicacao-huawei-smart-dongle-wlanfe-02312qmv-004","status":"publish","type":"product","link":"https:\/\/fvcomponentes.com\/pt\/producto\/accesorio-comunicacion-huawei-smart-dongle-wlanfe-02312qmv-004\/","title":{"rendered":"Huawei Smart Dongle WLAN+FE (Adaptador de rede da Huawei) - 02312QMV-004"},"content":{"rendered":"<h2>Acess\u00f3rio de comunica\u00e7\u00e3o Huawei Smart Dongle-WLAN+FE - 02312QMV-004<\/h2>\n<ul>\n<li>Suporta at\u00e9 10 inversores<\/li>\n<li>Indicador LED<\/li>\n<li>Instala\u00e7\u00e3o: Plug and play<\/li>\n<li>Prote\u00e7\u00e3o IP65<\/li>\n<li>Compat\u00edvel com:\n<ul>\n<li>SUN2000-2\/3\/3.68\/4\/4.6\/5\/6KTL-L1<\/li>\n<li>SUN2000-3\/4\/5\/6\/8\/10KTL-M0\/M1<\/li>\n<li>SUN2000-12\/15\/17\/20KTL-M0\/M2<\/li>\n<li>SUN2000-12\/15\/17\/20\/25KTL-M5<\/li>\n<li>SUN2000-30\/36\/40\/50KTL-M3<\/li>\n<li>SUN2000-100\/115KTL-M2<\/li>\n<\/ul>\n<\/li>\n<\/ul>\n<h2>Ficha t\u00e9cnica Acess\u00f3rio de comunica\u00e7\u00e3o Huawei Smart Dongle-WLAN+FE - 02312QMV-004<\/h2>\n<p><a href=\"https:\/\/fvcomponentes.com\/wp-content\/uploads\/2024\/08\/Ficha-tecnica-Accesorio-comunicacion-Huawei-Smart-Dongle-WLANFE-02312QMV-004.pdf\" target=\"_blank\" rel=\"noopener\">Ver ficha t\u00e9cnica Acess\u00f3rio de comunica\u00e7\u00e3o Huawei Smart Dongle-WLAN+FE - 02312QMV-004<\/a><\/p>\n<h2>Manual do acess\u00f3rio de comunica\u00e7\u00e3o Huawei Smart Dongle-WLAN+FE - 02312QMV-004<\/h2>\n<p><a href=\"https:\/\/fvcomponentes.com\/wp-content\/uploads\/2025\/10\/Manual-del-Huawei-Smart-Dongle-WLANFE-Adaptador-red-Huawei-\u2013-02312QMV-004.pdf\" target=\"_blank\" rel=\"noopener\">Ver manual do Huawei Smart Dongle WLAN+FE (Adaptador de rede Huawei) - 02312QMV-004<\/a><\/p>","protected":false},"excerpt":{"rendered":"<p>Acess\u00f3rio de comunica\u00e7\u00e3o inteligente via WLAN + FE (Fast Ethernet) com WLAN Hotspot.<\/p>","protected":false},"featured_media":17446,"comment_status":"open","ping_status":"closed","template":"","meta":{"site-sidebar-layout":"default","site-content-layout":"","ast-site-content-layout":"default","site-content-style":"default","site-sidebar-style":"default","ast-global-header-display":"","ast-banner-title-visibility":"","ast-main-header-display":"","ast-hfb-above-header-display":"","ast-hfb-below-header-display":"","ast-hfb-mobile-header-display":"","site-post-title":"","ast-breadcrumbs-content":"","ast-featured-img":"","footer-sml-layout":"","ast-disable-related-posts":"","theme-transparent-header-meta":"default","adv-header-id-meta":"","stick-header-meta":"","header-above-stick-meta":"","header-main-stick-meta":"","header-below-stick-meta":"","astra-migrate-meta-layouts":"set","ast-page-background-enabled":"default","ast-page-background-meta":{"desktop":{"background-color":"var(--ast-global-color-4)","background-image":"","background-repeat":"repeat","background-position":"center center","background-size":"auto","background-attachment":"scroll","background-type":"","background-media":"","overlay-type":"","overlay-color":"","overlay-opacity":"","overlay-gradient":""},"tablet":{"background-color":"","background-image":"","background-repeat":"repeat","background-position":"center center","background-size":"auto","background-attachment":"scroll","background-type":"","background-media":"","overlay-type":"","overlay-color":"","overlay-opacity":"","overlay-gradient":""},"mobile":{"background-color":"","background-image":"","background-repeat":"repeat","background-position":"center center","background-size":"auto","background-attachment":"scroll","background-type":"","background-media":"","overlay-type":"","overlay-color":"","overlay-opacity":"","overlay-gradient":""}},"ast-content-background-meta":{"desktop":{"background-color":"var(--ast-global-color-5)","background-image":"","background-repeat":"repeat","background-position":"center center","background-size":"auto","background-attachment":"scroll","background-type":"","background-media":"","overlay-type":"","overlay-color":"","overlay-opacity":"","overlay-gradient":""},"tablet":{"background-color":"var(--ast-global-color-5)","background-image":"","background-repeat":"repeat","background-position":"center center","background-size":"auto","background-attachment":"scroll","background-type":"","background-media":"","overlay-type":"","overlay-color":"","overlay-opacity":"","overlay-gradient":""},"mobile":{"background-color":"var(--ast-global-color-5)","background-image":"","background-repeat":"repeat","background-position":"center center","background-size":"auto","background-attachment":"scroll","background-type":"","background-media":"","overlay-type":"","overlay-color":"","overlay-opacity":"","overlay-gradient":""}}},"pwb-brand":[381],"product_brand":[],"product_cat":[333,351,934],"product_tag":[],"class_list":{"0":"post-17445","1":"product","2":"type-product","3":"status-publish","4":"has-post-thumbnail","6":"pwb-brand-huawei","7":"product_cat-inversores","8":"product_cat-accesorios","9":"product_cat-monitorizacion","10":"desktop-align-left","11":"tablet-align-left","12":"mobile-align-left","13":"ast-product-gallery-layout-horizontal-slider","14":"ast-product-gallery-with-no-image","15":"ast-product-tabs-layout-horizontal","17":"first","18":"instock","19":"taxable","20":"shipping-taxable","21":"purchasable","22":"product-type-simple"},"wcpa_form_fields":null,"brands":[{"id":381,"name":"Inversores Huawei","slug":"huawei"}],"_links":{"self":[{"href":"https:\/\/fvcomponentes.com\/pt\/wp-json\/wp\/v2\/product\/17445","targetHints":{"allow":["GET"]}}],"collection":[{"href":"https:\/\/fvcomponentes.com\/pt\/wp-json\/wp\/v2\/product"}],"about":[{"href":"https:\/\/fvcomponentes.com\/pt\/wp-json\/wp\/v2\/types\/product"}],"replies":[{"embeddable":true,"href":"https:\/\/fvcomponentes.com\/pt\/wp-json\/wp\/v2\/comments?post=17445"}],"wp:featuredmedia":[{"embeddable":true,"href":"https:\/\/fvcomponentes.com\/pt\/wp-json\/wp\/v2\/media\/17446"}],"wp:attachment":[{"href":"https:\/\/fvcomponentes.com\/pt\/wp-json\/wp\/v2\/media?parent=17445"}],"wp:term":[{"taxonomy":"pwb-brand","embeddable":true,"href":"https:\/\/fvcomponentes.com\/pt\/wp-json\/wp\/v2\/pwb-brand?post=17445"},{"taxonomy":"product_brand","embeddable":true,"href":"https:\/\/fvcomponentes.com\/pt\/wp-json\/wp\/v2\/product_brand?post=17445"},{"taxonomy":"product_cat","embeddable":true,"href":"https:\/\/fvcomponentes.com\/pt\/wp-json\/wp\/v2\/product_cat?post=17445"},{"taxonomy":"product_tag","embeddable":true,"href":"https:\/\/fvcomponentes.com\/pt\/wp-json\/wp\/v2\/product_tag?post=17445"}],"curies":[{"name":"wp","href":"https:\/\/api.w.org\/{rel}","templated":true}]}}