{"id":17439,"date":"2024-08-07T09:22:56","date_gmt":"2024-08-07T07:22:56","guid":{"rendered":"https:\/\/fvcomponentes.com\/?post_type=product&#038;p=17439"},"modified":"2026-03-30T12:17:18","modified_gmt":"2026-03-30T10:17:18","slug":"controlador-huawei-smart-array-d-01-02405564","status":"publish","type":"product","link":"https:\/\/fvcomponentes.com\/pt\/producto\/controlador-huawei-smart-array-d-01-02405564-2\/","title":{"rendered":"Controlador Huawei Smart Array D-01 - 02405564"},"content":{"rendered":"<h2>Caracter\u00edsticas do controlador Huawei Smart Array D-01 - 02405564<\/h2>\n<ul>\n<li><strong>Temperatura de funcionamento:<\/strong> -40\u00b0C ~ 60\u00b0C (-40\u00b0F ~ 140\u00b0F)<\/li>\n<li><strong>Humidade relativa:<\/strong> 4% ~ 100%.<\/li>\n<li><strong>Altitude Altitude de funcionamento:<\/strong> 4.000 m<\/li>\n<li><strong>Tens\u00e3o de entrada CA para SACU:<\/strong> 100 V\uff5e240 V, L \/ N (L)+ PE<\/li>\n<li><strong>Tens\u00e3o de entrada CA para MBUS:<\/strong> 380 V ~ 800 V, 3Ph<\/li>\n<li><strong>Tens\u00e3o de entrada CA para PID:<\/strong> 380 V ~ 800 V, 3Ph + FE (terra funcional)<\/li>\n<li><strong>Frequ\u00eancia de entrada AC:<\/strong> 50 \/ 60 Hz<\/li>\n<li><strong>Alimenta\u00e7\u00e3o el\u00e9ctrica:<\/strong>\n<ul>\n<li><strong>Padr\u00e3o:<\/strong> 12 V CC<\/li>\n<li><strong>Opcional:<\/strong> 24 V CC2<\/li>\n<\/ul>\n<\/li>\n<\/ul>\n<h2>Ficha t\u00e9cnica Controlador Huawei Smart Array D-01 - 02405564<\/h2>\n<p><a href=\"https:\/\/fvcomponentes.com\/wp-content\/uploads\/2024\/08\/Ficha-tecnica-Huawei-SmartACU2000D-y-Smart-Array-Controller.pdf\" target=\"_blank\" rel=\"noopener\">Consulte a ficha de dados do controlador Huawei Smart Array D-01 - 02405564<\/a><\/p>","protected":false},"excerpt":{"rendered":"<ul>\n<li>Caixa SmartACU2000D-D-01<\/li>\n<li>Incluindo o SmartLogger3000B adequado para MBUS e SmarPID2000<\/li>\n<li>Suporta a instala\u00e7\u00e3o em paredes e postes<\/li>\n<li>Prote\u00e7\u00e3o IP65<\/li>\n<\/ul>","protected":false},"featured_media":17440,"comment_status":"open","ping_status":"closed","template":"","meta":{"site-sidebar-layout":"default","site-content-layout":"","ast-site-content-layout":"default","site-content-style":"default","site-sidebar-style":"default","ast-global-header-display":"","ast-banner-title-visibility":"","ast-main-header-display":"","ast-hfb-above-header-display":"","ast-hfb-below-header-display":"","ast-hfb-mobile-header-display":"","site-post-title":"","ast-breadcrumbs-content":"","ast-featured-img":"","footer-sml-layout":"","ast-disable-related-posts":"","theme-transparent-header-meta":"default","adv-header-id-meta":"","stick-header-meta":"","header-above-stick-meta":"","header-main-stick-meta":"","header-below-stick-meta":"","astra-migrate-meta-layouts":"set","ast-page-background-enabled":"default","ast-page-background-meta":{"desktop":{"background-color":"var(--ast-global-color-4)","background-image":"","background-repeat":"repeat","background-position":"center center","background-size":"auto","background-attachment":"scroll","background-type":"","background-media":"","overlay-type":"","overlay-color":"","overlay-opacity":"","overlay-gradient":""},"tablet":{"background-color":"","background-image":"","background-repeat":"repeat","background-position":"center center","background-size":"auto","background-attachment":"scroll","background-type":"","background-media":"","overlay-type":"","overlay-color":"","overlay-opacity":"","overlay-gradient":""},"mobile":{"background-color":"","background-image":"","background-repeat":"repeat","background-position":"center center","background-size":"auto","background-attachment":"scroll","background-type":"","background-media":"","overlay-type":"","overlay-color":"","overlay-opacity":"","overlay-gradient":""}},"ast-content-background-meta":{"desktop":{"background-color":"var(--ast-global-color-5)","background-image":"","background-repeat":"repeat","background-position":"center center","background-size":"auto","background-attachment":"scroll","background-type":"","background-media":"","overlay-type":"","overlay-color":"","overlay-opacity":"","overlay-gradient":""},"tablet":{"background-color":"var(--ast-global-color-5)","background-image":"","background-repeat":"repeat","background-position":"center center","background-size":"auto","background-attachment":"scroll","background-type":"","background-media":"","overlay-type":"","overlay-color":"","overlay-opacity":"","overlay-gradient":""},"mobile":{"background-color":"var(--ast-global-color-5)","background-image":"","background-repeat":"repeat","background-position":"center center","background-size":"auto","background-attachment":"scroll","background-type":"","background-media":"","overlay-type":"","overlay-color":"","overlay-opacity":"","overlay-gradient":""}}},"pwb-brand":[381],"product_brand":[],"product_cat":[333,351],"product_tag":[],"class_list":{"0":"post-17439","1":"product","2":"type-product","3":"status-publish","4":"has-post-thumbnail","6":"pwb-brand-huawei","7":"product_cat-inversores","8":"product_cat-accesorios","9":"desktop-align-left","10":"tablet-align-left","11":"mobile-align-left","12":"ast-product-gallery-layout-horizontal-slider","13":"ast-product-gallery-with-no-image","14":"ast-product-tabs-layout-horizontal","16":"first","17":"instock","18":"taxable","19":"shipping-taxable","20":"purchasable","21":"product-type-simple"},"wcpa_form_fields":null,"brands":[{"id":381,"name":"Inversores Huawei","slug":"huawei"}],"_links":{"self":[{"href":"https:\/\/fvcomponentes.com\/pt\/wp-json\/wp\/v2\/product\/17439","targetHints":{"allow":["GET"]}}],"collection":[{"href":"https:\/\/fvcomponentes.com\/pt\/wp-json\/wp\/v2\/product"}],"about":[{"href":"https:\/\/fvcomponentes.com\/pt\/wp-json\/wp\/v2\/types\/product"}],"replies":[{"embeddable":true,"href":"https:\/\/fvcomponentes.com\/pt\/wp-json\/wp\/v2\/comments?post=17439"}],"wp:featuredmedia":[{"embeddable":true,"href":"https:\/\/fvcomponentes.com\/pt\/wp-json\/wp\/v2\/media\/17440"}],"wp:attachment":[{"href":"https:\/\/fvcomponentes.com\/pt\/wp-json\/wp\/v2\/media?parent=17439"}],"wp:term":[{"taxonomy":"pwb-brand","embeddable":true,"href":"https:\/\/fvcomponentes.com\/pt\/wp-json\/wp\/v2\/pwb-brand?post=17439"},{"taxonomy":"product_brand","embeddable":true,"href":"https:\/\/fvcomponentes.com\/pt\/wp-json\/wp\/v2\/product_brand?post=17439"},{"taxonomy":"product_cat","embeddable":true,"href":"https:\/\/fvcomponentes.com\/pt\/wp-json\/wp\/v2\/product_cat?post=17439"},{"taxonomy":"product_tag","embeddable":true,"href":"https:\/\/fvcomponentes.com\/pt\/wp-json\/wp\/v2\/product_tag?post=17439"}],"curies":[{"name":"wp","href":"https:\/\/api.w.org\/{rel}","templated":true}]}}