{"id":17434,"date":"2024-08-07T08:52:24","date_gmt":"2024-08-07T06:52:24","guid":{"rendered":"https:\/\/fvcomponentes.com\/?post_type=product&#038;p=17434"},"modified":"2026-03-30T12:16:27","modified_gmt":"2026-03-30T10:16:27","slug":"huawei-sun2000-100ktl-m2-afci-h4-inversor-trifasico-hibrido-01074695-020","status":"publish","type":"product","link":"https:\/\/fvcomponentes.com\/pt\/producto\/inversor-huawei-sun2000-100ktl-m2-afci-h4-hibrido-trifasico-01074695-020\/","title":{"rendered":"Inversor trif\u00e1sico Huawei SUN2000 100KTL-M2-AFCI-H4 - 01074695-020"},"content":{"rendered":"<h2>Carater\u00edsticas do Inversor Trif\u00e1sico Huawei SUN2000 100KTL-M2-AFCI-H4 - 01074695-020<\/h2>\n<ul>\n<li>Efici\u00eancia m\u00e1xima de 98,6% (@480V).<\/li>\n<li>Monitoriza\u00e7\u00e3o ao n\u00edvel das cordas.<\/li>\n<li>Prote\u00e7\u00e3o IP66.<\/li>\n<li>MBUS.<\/li>\n<\/ul>\n<p><img fetchpriority=\"high\" decoding=\"async\" class=\"wp-image-17438\" src=\"https:\/\/fvcomponentes.com\/wp-content\/uploads\/2024\/08\/Inversor-Huawei-SUN2000-100KTL-M2-AFCI-H4-Hibrido-trifasico-\u2013-01074695-020-2.png\" alt=\"Inversor trif\u00e1sico h\u00edbrido Huawei SUN2000 100KTL-M2-AFCI-H4 - 01074695-020\" width=\"990\" height=\"435\" title=\"\"><\/p>\n<h2>Dados de entrada<\/h2>\n<ul>\n<li><strong>Tens\u00e3o m\u00e1xima de entrada:<\/strong> 1,100 V<\/li>\n<li><strong>Corrente de entrada m\u00e1xima por MPPT:<\/strong> 30 A<\/li>\n<li><strong>Tens\u00e3o de arranque:<\/strong> 200 V<\/li>\n<li><strong>Gama de tens\u00f5es de funcionamento:<\/strong> 200 V ~ 1000 V<\/li>\n<li><strong>Tens\u00e3o nominal de entrada:<\/strong> 600 V @ 400 Vac, 720 V @ 480 Vac<\/li>\n<li><strong>N\u00famero de MPPTs:<\/strong> 10<\/li>\n<li><strong>N\u00famero de entradas por MPPT:<\/strong> 2<\/li>\n<\/ul>\n<h2>Dados de sa\u00edda<\/h2>\n<ul>\n<li><strong>Pot\u00eancia ativa CA nominal:<\/strong> 100,000 W<\/li>\n<li><strong>Pot\u00eancia AC aparente m\u00e1xima:<\/strong> 110.000 VA<\/li>\n<li><strong>Tens\u00e3o nominal de sa\u00edda:<\/strong> 400 V\/ 480 V, 3W+(N)+PE<\/li>\n<li><strong>Frequ\u00eancia nominal da rede el\u00e9ctrica CA:<\/strong> 50 Hz \/ 60 Hz<\/li>\n<li><strong>Corrente nominal de sa\u00edda:<\/strong> 144,4 A @ 400 V, 120,3 A @ 480 V<\/li>\n<li><strong>Corrente m\u00e1xima de sa\u00edda:<\/strong> 160,4 A @ 400 V, 133,7 A @ 480 V<\/li>\n<li><strong>Fator de pot\u00eancia ajust\u00e1vel:<\/strong> 0,8 LG ... 0,8 LD<\/li>\n<li><strong>Distor\u00e7\u00e3o harm\u00f3nica total m\u00e1xima:<\/strong> &lt; 3%<\/li>\n<\/ul>\n<h2>Huawei SUN2000 Inverter Comunica\u00e7\u00e3o SUN2000 100KTL-M2-AFCI-H4 Inversor trif\u00e1sico<\/h2>\n<ul>\n<li><strong>Ecr\u00e3:<\/strong> Indicadores LED, WLAN + FusionSolarAPP<\/li>\n<li><strong>RS485<\/strong><\/li>\n<li><strong>USB<\/strong><\/li>\n<li><strong>Smart Dongle-4G:<\/strong>\n<ul>\n<li>4G \/ 3G \/ 2G atrav\u00e9s de Smart Dongle-4G (opcional)<\/li>\n<\/ul>\n<\/li>\n<li><strong>BUS de monitoriza\u00e7\u00e3o (MBUS):<\/strong> Sim (\u00e9 necess\u00e1rio um transformador de isolamento)<\/li>\n<\/ul>\n<h2>Ficha t\u00e9cnica Huawei SUN2000 Inverter 100KTL-M2-AFCI-H4 Trif\u00e1sico - 01074695-020<\/h2>\n<p><a href=\"https:\/\/fvcomponentes.com\/wp-content\/uploads\/2025\/11\/SUN2000-100KTL-M2_ES.pdf\" target=\"_blank\" rel=\"noopener\">Ver a ficha t\u00e9cnica do inversor trif\u00e1sico Huawei SUN2000 100KTL-M2-AFCI-H4 <\/a><\/p>","protected":false},"excerpt":{"rendered":"<div class=\"baywa-details-fields\"><span class=\"baywa-details-label\"><strong>Pot\u00eancia nominal:\u00a0 <\/strong>100<\/span><span class=\"baywa-details-values\">kW<\/span><\/div>\n<div class=\"baywa-details-fields\"><strong>Corrente nominal de sa\u00edda:<\/strong> 144,4 A @ 400 V | 120,3 A @ 480 V<\/div>\n<div><strong><span class=\"baywa-details-label\">Efici\u00eancia:\u00a0<\/span><\/strong><span class=\"baywa-details-values\"> 98,4% A 400 V | 98,6% A 480 V<\/span><\/div>\n<div class=\"baywa-details-fields\"><strong><span class=\"baywa-details-label\">Fase: <\/span><\/strong><span class=\"baywa-details-values\">\u00a0Trif\u00e1sico<br \/>\n<\/span><span class=\"baywa-details-label\"><strong>MPPT:<\/strong>\u00a0<\/span><span class=\"baywa-details-values\"> 10<\/span><\/div>\n<div><\/div>","protected":false},"featured_media":17436,"comment_status":"open","ping_status":"closed","template":"","meta":{"site-sidebar-layout":"default","site-content-layout":"","ast-site-content-layout":"default","site-content-style":"default","site-sidebar-style":"default","ast-global-header-display":"","ast-banner-title-visibility":"","ast-main-header-display":"","ast-hfb-above-header-display":"","ast-hfb-below-header-display":"","ast-hfb-mobile-header-display":"","site-post-title":"","ast-breadcrumbs-content":"","ast-featured-img":"","footer-sml-layout":"","ast-disable-related-posts":"","theme-transparent-header-meta":"default","adv-header-id-meta":"","stick-header-meta":"","header-above-stick-meta":"","header-main-stick-meta":"","header-below-stick-meta":"","astra-migrate-meta-layouts":"set","ast-page-background-enabled":"default","ast-page-background-meta":{"desktop":{"background-color":"var(--ast-global-color-4)","background-image":"","background-repeat":"repeat","background-position":"center center","background-size":"auto","background-attachment":"scroll","background-type":"","background-media":"","overlay-type":"","overlay-color":"","overlay-opacity":"","overlay-gradient":""},"tablet":{"background-color":"","background-image":"","background-repeat":"repeat","background-position":"center center","background-size":"auto","background-attachment":"scroll","background-type":"","background-media":"","overlay-type":"","overlay-color":"","overlay-opacity":"","overlay-gradient":""},"mobile":{"background-color":"","background-image":"","background-repeat":"repeat","background-position":"center center","background-size":"auto","background-attachment":"scroll","background-type":"","background-media":"","overlay-type":"","overlay-color":"","overlay-opacity":"","overlay-gradient":""}},"ast-content-background-meta":{"desktop":{"background-color":"var(--ast-global-color-5)","background-image":"","background-repeat":"repeat","background-position":"center center","background-size":"auto","background-attachment":"scroll","background-type":"","background-media":"","overlay-type":"","overlay-color":"","overlay-opacity":"","overlay-gradient":""},"tablet":{"background-color":"var(--ast-global-color-5)","background-image":"","background-repeat":"repeat","background-position":"center center","background-size":"auto","background-attachment":"scroll","background-type":"","background-media":"","overlay-type":"","overlay-color":"","overlay-opacity":"","overlay-gradient":""},"mobile":{"background-color":"var(--ast-global-color-5)","background-image":"","background-repeat":"repeat","background-position":"center center","background-size":"auto","background-attachment":"scroll","background-type":"","background-media":"","overlay-type":"","overlay-color":"","overlay-opacity":"","overlay-gradient":""}}},"pwb-brand":[381],"product_brand":[],"product_cat":[333,345,921],"product_tag":[],"class_list":{"0":"post-17434","1":"product","2":"type-product","3":"status-publish","4":"has-post-thumbnail","6":"pwb-brand-huawei","7":"product_cat-inversores","8":"product_cat-inversores-de-autoconsumo","9":"product_cat-inversores-autoconsumo-trifasicos","10":"desktop-align-left","11":"tablet-align-left","12":"mobile-align-left","13":"ast-product-gallery-layout-horizontal-slider","14":"ast-product-gallery-with-no-image","15":"ast-product-tabs-layout-horizontal","17":"first","18":"instock","19":"taxable","20":"shipping-taxable","21":"purchasable","22":"product-type-simple"},"wcpa_form_fields":null,"brands":[{"id":381,"name":"Inversores Huawei","slug":"huawei"}],"_links":{"self":[{"href":"https:\/\/fvcomponentes.com\/pt\/wp-json\/wp\/v2\/product\/17434","targetHints":{"allow":["GET"]}}],"collection":[{"href":"https:\/\/fvcomponentes.com\/pt\/wp-json\/wp\/v2\/product"}],"about":[{"href":"https:\/\/fvcomponentes.com\/pt\/wp-json\/wp\/v2\/types\/product"}],"replies":[{"embeddable":true,"href":"https:\/\/fvcomponentes.com\/pt\/wp-json\/wp\/v2\/comments?post=17434"}],"wp:featuredmedia":[{"embeddable":true,"href":"https:\/\/fvcomponentes.com\/pt\/wp-json\/wp\/v2\/media\/17436"}],"wp:attachment":[{"href":"https:\/\/fvcomponentes.com\/pt\/wp-json\/wp\/v2\/media?parent=17434"}],"wp:term":[{"taxonomy":"pwb-brand","embeddable":true,"href":"https:\/\/fvcomponentes.com\/pt\/wp-json\/wp\/v2\/pwb-brand?post=17434"},{"taxonomy":"product_brand","embeddable":true,"href":"https:\/\/fvcomponentes.com\/pt\/wp-json\/wp\/v2\/product_brand?post=17434"},{"taxonomy":"product_cat","embeddable":true,"href":"https:\/\/fvcomponentes.com\/pt\/wp-json\/wp\/v2\/product_cat?post=17434"},{"taxonomy":"product_tag","embeddable":true,"href":"https:\/\/fvcomponentes.com\/pt\/wp-json\/wp\/v2\/product_tag?post=17434"}],"curies":[{"name":"wp","href":"https:\/\/api.w.org\/{rel}","templated":true}]}}