{"id":17351,"date":"2024-08-06T07:39:30","date_gmt":"2024-08-06T05:39:30","guid":{"rendered":"https:\/\/fvcomponentes.com\/?post_type=product&#038;p=17351"},"modified":"2026-02-24T15:18:26","modified_gmt":"2026-02-24T14:18:26","slug":"inversor-hibrido-trifasico-huawei-sun2000-17ktl-m2-versao-de-alta-corrente-01074304-005","status":"publish","type":"product","link":"https:\/\/fvcomponentes.com\/pt\/producto\/inversor-huawei-sun2000-17ktl-m2-hibrido-trifasico-version-alta-corriente-01074304-005\/","title":{"rendered":"Inversor trif\u00e1sico Huawei SUN2000 17KTL-M2 (vers\u00e3o de corrente elevada) - 01074304-005"},"content":{"rendered":"<h2>Carater\u00edsticas do Inversor trif\u00e1sico Huawei SUN2000 17KTL-M2 (Vers\u00e3o de corrente elevada) - 01074304-005<\/h2>\n<p>O inversor trif\u00e1sico Huawei SUN2000 17KTL-M2 (vers\u00e3o de alta corrente) - 01074304-005 oferece:<\/p>\n<ul>\n<li>Comunica\u00e7\u00e3o flex\u00edvel: via WLAN, Fast Ethernet e 4G.<\/li>\n<li>Seguran\u00e7a ativa: prote\u00e7\u00e3o contra arco el\u00e9trico com IA integrada.<\/li>\n<li>Aumento da produ\u00e7\u00e3o: at\u00e9 30% mais energia com um optimizador.<\/li>\n<\/ul>\n<p><img fetchpriority=\"high\" decoding=\"async\" class=\"wp-image-17356 aligncenter\" style=\"font-style: inherit;font-weight: 600\" src=\"https:\/\/fvcomponentes.com\/wp-content\/uploads\/2024\/08\/Inversor-Huawei-SUN2000-17KTL-M2-Hibrido-trifasico-Version-alta-corriente-\u2013-01074304-005-graficas.png\" alt=\"Inversor h\u00edbrido trif\u00e1sico Huawei SUN2000 17KTL-M2 (vers\u00e3o de corrente elevada) - 01074304-005 - gr\u00e1ficos\" width=\"1060\" height=\"402\" title=\"\"><\/p>\n<h2>Dados t\u00e9cnicos<\/h2>\n<ul>\n<li class=\"baywa-details-fields\"><strong><span class=\"baywa-details-label\">Pot\u00eancia: <\/span><\/strong><span class=\"baywa-details-values\">17 000\u00a0<\/span><\/li>\n<li class=\"baywa-details-fields\"><strong><span class=\"baywa-details-label\">AC: <\/span><\/strong><span class=\"baywa-details-values\">18 700 W\u00a0<\/span><\/li>\n<li class=\"baywa-details-fields\"><strong><span class=\"baywa-details-label\">DC: <\/span><\/strong><span class=\"baywa-details-values\">25 500 W<\/span><\/li>\n<li class=\"baywa-details-fields\"><strong><span class=\"baywa-details-label\">Efici\u00eancia:<\/span><\/strong><span class=\"baywa-details-values\">\u00a098,3%\u00a0<\/span><\/li>\n<li class=\"baywa-details-fields\"><span class=\"baywa-details-label\"><strong>Fase:<\/strong> <\/span><span class=\"baywa-details-values\">Trif\u00e1sico\u00a0<\/span><\/li>\n<li class=\"baywa-details-fields\"><span class=\"baywa-details-label\"><strong>MPPT:<\/strong><\/span><span class=\"baywa-details-values\">\u00a02<\/span><\/li>\n<li class=\"baywa-details-fields\"><strong><span class=\"baywa-details-label\">Ecr\u00e3: <\/span><\/strong><span class=\"baywa-details-values\">N\u00e3o<\/span><\/li>\n<li class=\"baywa-details-fields\"><span class=\"baywa-details-label\"><strong>Opcional:<\/strong><\/span><span class=\"baywa-details-values\">\u00a0Dongle inteligente-4G (36-012571) Dongle inteligente-Wlan-FE (36-012777)<\/span><\/li>\n<li class=\"baywa-details-fields\"><strong><span class=\"baywa-details-label\">Outras caracter\u00edsticas:<\/span><\/strong><span class=\"baywa-details-values\">\u00a0AFCI; recupera\u00e7\u00e3o PID<\/span><\/li>\n<li class=\"baywa-details-fields\"><strong><span class=\"baywa-details-label\">Conector DC: <\/span><\/strong><span class=\"baywa-details-values\">Staubli MC4\u00a0<\/span><\/li>\n<li class=\"baywa-details-fields\"><span class=\"baywa-details-label\"><strong>Prote\u00e7\u00e3o IP:<\/strong> <\/span><span class=\"baywa-details-values\">IP65<\/span><\/li>\n<li class=\"baywa-details-fields\"><span class=\"baywa-details-label\"><strong>Dimens\u00f5es:<\/strong> <\/span><span class=\"baywa-details-values\">52,5 x 47,0 x 26,2 cm\u00a0<\/span><\/li>\n<li class=\"baywa-details-fields\"><span class=\"baywa-details-label\"><strong>Peso:<\/strong> <\/span><span class=\"baywa-details-values\">25,0 kg<\/span><\/li>\n<li class=\"baywa-details-fields\"><strong><span class=\"baywa-details-label\">Garantia do produto: <\/span><\/strong><span class=\"baywa-details-values\">\u00a010 anos. <\/span><span class=\"baywa-details-label\"><strong>Extens\u00e3o por:<\/strong> <\/span><span class=\"baywa-details-values\">\u00a015 anos 20 anos<\/span><\/li>\n<li class=\"baywa-details-fields\"><span class=\"baywa-details-label\"><strong>Certificados:<\/strong>\u00a0<\/span><span class=\"baywa-details-values\">\u00a0BE FR NL LU DE ES<\/span><\/li>\n<\/ul>\n<h2>Ficha t\u00e9cnica Inversor trif\u00e1sico Huawei SUN2000 17KTL-M2 (vers\u00e3o de alta corrente) - 01074304-005<\/h2>\n<p><a href=\"https:\/\/fvcomponentes.com\/wp-content\/uploads\/2024\/08\/Ficha-tecnica-Inversor-Huawei-SUN2000-M2-2.pdf\" target=\"_blank\" rel=\"noopener\">Ver a ficha de dados do inversor trif\u00e1sico Huawei SUN2000 17KTL-M2 (vers\u00e3o de corrente elevada) - 01074304-005<\/a><\/p>","protected":false},"excerpt":{"rendered":"<ul>\n<li><strong>Pot\u00eancia:<\/strong> 17000W<\/li>\n<li><strong>Gama de tens\u00f5es de funcionamento:<\/strong> 160 V ~ 950 V<\/li>\n<li><strong>Corrente de entrada m\u00e1xima por MPPT:<\/strong> 27 A<\/li>\n<li><strong>N\u00famero de entradas:<\/strong> 4<\/li>\n<li>Prote\u00e7\u00e3o do isolamento<\/li>\n<\/ul>","protected":false},"featured_media":17357,"comment_status":"open","ping_status":"closed","template":"","meta":{"site-sidebar-layout":"default","site-content-layout":"","ast-site-content-layout":"default","site-content-style":"default","site-sidebar-style":"default","ast-global-header-display":"","ast-banner-title-visibility":"","ast-main-header-display":"","ast-hfb-above-header-display":"","ast-hfb-below-header-display":"","ast-hfb-mobile-header-display":"","site-post-title":"","ast-breadcrumbs-content":"","ast-featured-img":"","footer-sml-layout":"","ast-disable-related-posts":"","theme-transparent-header-meta":"default","adv-header-id-meta":"","stick-header-meta":"","header-above-stick-meta":"","header-main-stick-meta":"","header-below-stick-meta":"","astra-migrate-meta-layouts":"set","ast-page-background-enabled":"default","ast-page-background-meta":{"desktop":{"background-color":"var(--ast-global-color-4)","background-image":"","background-repeat":"repeat","background-position":"center center","background-size":"auto","background-attachment":"scroll","background-type":"","background-media":"","overlay-type":"","overlay-color":"","overlay-opacity":"","overlay-gradient":""},"tablet":{"background-color":"","background-image":"","background-repeat":"repeat","background-position":"center center","background-size":"auto","background-attachment":"scroll","background-type":"","background-media":"","overlay-type":"","overlay-color":"","overlay-opacity":"","overlay-gradient":""},"mobile":{"background-color":"","background-image":"","background-repeat":"repeat","background-position":"center center","background-size":"auto","background-attachment":"scroll","background-type":"","background-media":"","overlay-type":"","overlay-color":"","overlay-opacity":"","overlay-gradient":""}},"ast-content-background-meta":{"desktop":{"background-color":"var(--ast-global-color-5)","background-image":"","background-repeat":"repeat","background-position":"center center","background-size":"auto","background-attachment":"scroll","background-type":"","background-media":"","overlay-type":"","overlay-color":"","overlay-opacity":"","overlay-gradient":""},"tablet":{"background-color":"var(--ast-global-color-5)","background-image":"","background-repeat":"repeat","background-position":"center center","background-size":"auto","background-attachment":"scroll","background-type":"","background-media":"","overlay-type":"","overlay-color":"","overlay-opacity":"","overlay-gradient":""},"mobile":{"background-color":"var(--ast-global-color-5)","background-image":"","background-repeat":"repeat","background-position":"center center","background-size":"auto","background-attachment":"scroll","background-type":"","background-media":"","overlay-type":"","overlay-color":"","overlay-opacity":"","overlay-gradient":""}}},"pwb-brand":[381],"product_brand":[],"product_cat":[921,333,345],"product_tag":[],"class_list":{"0":"post-17351","1":"product","2":"type-product","3":"status-publish","4":"has-post-thumbnail","6":"pwb-brand-huawei","7":"product_cat-inversores-autoconsumo-trifasicos","8":"product_cat-inversores","9":"product_cat-inversores-de-autoconsumo","10":"desktop-align-left","11":"tablet-align-left","12":"mobile-align-left","13":"ast-product-gallery-layout-horizontal-slider","14":"ast-product-gallery-with-no-image","15":"ast-product-tabs-layout-horizontal","17":"first","18":"outofstock","19":"taxable","20":"shipping-taxable","21":"purchasable","22":"product-type-simple"},"wcpa_form_fields":null,"brands":[{"id":381,"name":"Inversores Huawei","slug":"huawei"}],"_links":{"self":[{"href":"https:\/\/fvcomponentes.com\/pt\/wp-json\/wp\/v2\/product\/17351","targetHints":{"allow":["GET"]}}],"collection":[{"href":"https:\/\/fvcomponentes.com\/pt\/wp-json\/wp\/v2\/product"}],"about":[{"href":"https:\/\/fvcomponentes.com\/pt\/wp-json\/wp\/v2\/types\/product"}],"replies":[{"embeddable":true,"href":"https:\/\/fvcomponentes.com\/pt\/wp-json\/wp\/v2\/comments?post=17351"}],"wp:featuredmedia":[{"embeddable":true,"href":"https:\/\/fvcomponentes.com\/pt\/wp-json\/wp\/v2\/media\/17357"}],"wp:attachment":[{"href":"https:\/\/fvcomponentes.com\/pt\/wp-json\/wp\/v2\/media?parent=17351"}],"wp:term":[{"taxonomy":"pwb-brand","embeddable":true,"href":"https:\/\/fvcomponentes.com\/pt\/wp-json\/wp\/v2\/pwb-brand?post=17351"},{"taxonomy":"product_brand","embeddable":true,"href":"https:\/\/fvcomponentes.com\/pt\/wp-json\/wp\/v2\/product_brand?post=17351"},{"taxonomy":"product_cat","embeddable":true,"href":"https:\/\/fvcomponentes.com\/pt\/wp-json\/wp\/v2\/product_cat?post=17351"},{"taxonomy":"product_tag","embeddable":true,"href":"https:\/\/fvcomponentes.com\/pt\/wp-json\/wp\/v2\/product_tag?post=17351"}],"curies":[{"name":"wp","href":"https:\/\/api.w.org\/{rel}","templated":true}]}}