{"id":17315,"date":"2024-08-05T12:52:29","date_gmt":"2024-08-05T10:52:29","guid":{"rendered":"https:\/\/fvcomponentes.com\/?post_type=product&#038;p=17315"},"modified":"2026-03-30T12:15:37","modified_gmt":"2026-03-30T10:15:37","slug":"carregador-de-carro-eletrico-huawei-carregador-inteligente-74-kw-tomada-02314bxj-002","status":"publish","type":"product","link":"https:\/\/fvcomponentes.com\/pt\/producto\/cargador-coche-electrico-huawei-smart-charger-74-kw-socket-02314bxj-002\/","title":{"rendered":"Carregador inteligente Huawei Carregador para autom\u00f3vel el\u00e9trico com tomada de 7,4 kW - 02314BXJ-002"},"content":{"rendered":"<h2>Caracter\u00edsticas Carregador inteligente Huawei Carregador para autom\u00f3vel el\u00e9trico com tomada de 7,4 kW - 02314BXJ-002<\/h2>\n<p>O Huawei Smart Charger tamb\u00e9m est\u00e1 dispon\u00edvel em 22 kW, <a href=\"https:\/\/fvcomponentes.com\/pt\/produto\/carregador-de-carro-eletrico-huawei-smart-charger-22-kw-socket-02314bxl-003\/\" target=\"_blank\" rel=\"noopener\">Carregador inteligente Huawei Carregador para autom\u00f3vel el\u00e9trico com tomada de 22 kW - 02314BXL-003<\/a>.<\/p>\n<ul>\n<li><strong>Carga excedent\u00e1ria fotovoltaica: <\/strong>Carregue o seu ve\u00edculo e desloque-se de forma mais sustent\u00e1vel.<\/li>\n<li><strong>Mudan\u00e7a autom\u00e1tica de fase:<\/strong>\u00a0Comuta\u00e7\u00e3o autom\u00e1tica de trif\u00e1sico para monof\u00e1sico para uma melhor utiliza\u00e7\u00e3o dos excedentes.<\/li>\n<li><strong>3 Modos de autentica\u00e7\u00e3o: <\/strong>Bluetooth, RFID e APP, para evitar cobran\u00e7as indesejadas.<\/li>\n<li><strong>Balanceamento de carga:<\/strong>\u00a0Dete\u00e7\u00e3o e regula\u00e7\u00e3o autom\u00e1ticas.<\/li>\n<li><strong>APP tudo-em-um: <\/strong>Controlo total a partir da aplica\u00e7\u00e3o, para PV, baterias e carregador.<\/li>\n<li><strong>3 passos simples. <\/strong>Instala\u00e7\u00e3o r\u00e1pida em 16 min. manuten\u00e7\u00e3o sem manipula\u00e7\u00e3o da cablagem.<\/li>\n<\/ul>\n<h2>Entradas e sa\u00eddas da tomada Huawei Smart Charger 7,4 kW<\/h2>\n<ul>\n<li><strong>Pot\u00eancia de carga (configur\u00e1vel):<\/strong> 1,4 kW a 7,4 kW<\/li>\n<li><strong>Tens\u00e3o nominal:<\/strong> 230 V (monof\u00e1sico) \u00b1 20%<\/li>\n<li><strong>Intensidade de sa\u00edda (configur\u00e1vel):<\/strong> 6-32 A (monof\u00e1sico)<\/li>\n<li><strong>Frequ\u00eancia:<\/strong> 50 Hz\/60 Hz \u00b1 1 Hz<\/li>\n<li><strong>Liga\u00e7\u00e3o ao ve\u00edculo:<\/strong> Tomada tipo 2<\/li>\n<li><strong>Di\u00e2metro da cablagem:<\/strong> at\u00e9 10 mm2<\/li>\n<li><strong>Tipo de rede:\u00a0<\/strong> TN, TT, IT<\/li>\n<\/ul>\n<h2>Comunica\u00e7\u00f5es e fun\u00e7\u00f5es dos utilizadores<\/h2>\n<ul>\n<li><strong>Protocolo de comunica\u00e7\u00e3o:<\/strong> Modbus TCP<\/li>\n<li><strong>Conectividade:<\/strong> Wi-Fi\/Ethernet<\/li>\n<li><strong>Tipo de ecr\u00e3 de informa\u00e7\u00e3o:<\/strong> LED WRGB, App<\/li>\n<li><strong>Autentica\u00e7\u00e3o:<\/strong> RFID (ISO-14443-A), aplica\u00e7\u00e3o, Bluetooth<\/li>\n<li><strong>Controlo e monitoriza\u00e7\u00e3o \u00e0 dist\u00e2ncia:<\/strong> Aplica\u00e7\u00e3o<\/li>\n<li><strong>Modos de funcionamento:<\/strong>\n<ul>\n<li>Carregar agora<\/li>\n<li>Carga programada<\/li>\n<li>Carregamento com excedentes fotovoltaicos<\/li>\n<\/ul>\n<\/li>\n<\/ul>\n<h2>Carregador inteligente Huawei 7,4 kW Prote\u00e7\u00e3o da tomada<\/h2>\n<ul>\n<li><strong>Bloqueio por cabo:<\/strong> Cabo E-Lock via Ap<\/li>\n<li><strong>Dete\u00e7\u00e3o de corrente residual (RCD):<\/strong> Tipo A(30mA) + DC 6 mA integrado (IEC 62955 &amp; IEC 61008-1)<\/li>\n<li><strong>Classifica\u00e7\u00e3o de inflamabilidade:<\/strong> UL94<\/li>\n<li><strong>Prote\u00e7\u00e3o contra sobreintensidades:<\/strong> IEC 61851-1<\/li>\n<li><strong>Prote\u00e7\u00e3o contra a temperatura<\/strong> SIM<\/li>\n<li><strong>Categoria de sobretens\u00e3o:<\/strong> CAT II<\/li>\n<\/ul>\n<h2>Especifica\u00e7\u00f5es gerais<\/h2>\n<ul>\n<li><strong>Gama de temperaturas de funcionamento:<\/strong> -35\u00b0C a +45\u00b0C<\/li>\n<li><strong>Ambiente de trabalho:<\/strong> Interior\/Exterior<\/li>\n<li><strong>Gama de temperaturas de armazenamento:<\/strong> -40\u00b0C a +70\u00b0C<\/li>\n<li><strong>Humidade de funcionamento:<\/strong> 5% RH-95% RH<\/li>\n<li><strong>Altura:<\/strong> \u2264 2000 m (redu\u00e7\u00e3o da pot\u00eancia de sa\u00edda 2000~4000m)<\/li>\n<li><strong>Dimens\u00f5es:<\/strong> 335 mm x 180 mm x 145 mm<\/li>\n<li><strong>Peso:<\/strong> 3 kg<\/li>\n<li><strong>Como montar:<\/strong> Fixado \u00e0 parede<\/li>\n<li><strong>Grau de prote\u00e7\u00e3o IP:<\/strong> IP54<\/li>\n<li><strong>Grau de prote\u00e7\u00e3o IK:<\/strong> IK10<\/li>\n<li><strong>Consumo de energia em modo de espera:<\/strong> &lt; 6 W<\/li>\n<li><strong>Normas:<\/strong> EN 61851-1 2019, IEC 62955:2018, IEC 61008-1 2010, IEC\/EN 62196-1<\/li>\n<li><strong>Acess\u00f3rios:<\/strong> Cart\u00f5es RFID * 2<\/li>\n<\/ul>\n<h2>Carregador inteligente Huawei Carregador para autom\u00f3vel el\u00e9trico com tomada de 7,4 kW - 02314BXJ-002<\/h2>\n<p><a href=\"https:\/\/fvcomponentes.com\/wp-content\/uploads\/2024\/08\/Ficha-tecnica-Cargador-coche-electrico-Huawei-Smart-Charger.pdf\" target=\"_blank\" rel=\"noopener\">Ver Carregador inteligente Huawei com tomada de 7,4 kW - 02314BXJ-002<\/a><\/p>","protected":false},"excerpt":{"rendered":"<p><strong><span style=\"color: #ff6600\">Disponibilidade a partir de mar\u00e7o!<\/span><\/strong><\/p>\n<ul>\n<li><span style=\"color: #ff0000\"><strong>Sem cabo de carregamento<\/strong><\/span><\/li>\n<li><strong>Monof\u00e1sico<\/strong><\/li>\n<li><strong>Pot\u00eancia m\u00e1xima de carga:<\/strong> 1,4 - 7,4 kW<\/li>\n<li><strong>Frequ\u00eancia:<\/strong> 50 Hz\/60 Hz \u00b1 1 Hz<\/li>\n<li><strong>Tens\u00e3o nominal:<\/strong> 230 V (monof\u00e1sico) \u00b1 20%<\/li>\n<li><strong>Liga\u00e7\u00e3o<\/strong>Tomada Tipo 2<\/li>\n<li><strong>Prote\u00e7\u00e3o:<\/strong> IP54<\/li>\n<\/ul>","protected":false},"featured_media":17318,"comment_status":"open","ping_status":"closed","template":"","meta":{"site-sidebar-layout":"default","site-content-layout":"","ast-site-content-layout":"default","site-content-style":"default","site-sidebar-style":"default","ast-global-header-display":"","ast-banner-title-visibility":"","ast-main-header-display":"","ast-hfb-above-header-display":"","ast-hfb-below-header-display":"","ast-hfb-mobile-header-display":"","site-post-title":"","ast-breadcrumbs-content":"","ast-featured-img":"","footer-sml-layout":"","ast-disable-related-posts":"","theme-transparent-header-meta":"default","adv-header-id-meta":"","stick-header-meta":"","header-above-stick-meta":"","header-main-stick-meta":"","header-below-stick-meta":"","astra-migrate-meta-layouts":"set","ast-page-background-enabled":"default","ast-page-background-meta":{"desktop":{"background-color":"var(--ast-global-color-4)","background-image":"","background-repeat":"repeat","background-position":"center center","background-size":"auto","background-attachment":"scroll","background-type":"","background-media":"","overlay-type":"","overlay-color":"","overlay-opacity":"","overlay-gradient":""},"tablet":{"background-color":"","background-image":"","background-repeat":"repeat","background-position":"center center","background-size":"auto","background-attachment":"scroll","background-type":"","background-media":"","overlay-type":"","overlay-color":"","overlay-opacity":"","overlay-gradient":""},"mobile":{"background-color":"","background-image":"","background-repeat":"repeat","background-position":"center center","background-size":"auto","background-attachment":"scroll","background-type":"","background-media":"","overlay-type":"","overlay-color":"","overlay-opacity":"","overlay-gradient":""}},"ast-content-background-meta":{"desktop":{"background-color":"var(--ast-global-color-5)","background-image":"","background-repeat":"repeat","background-position":"center center","background-size":"auto","background-attachment":"scroll","background-type":"","background-media":"","overlay-type":"","overlay-color":"","overlay-opacity":"","overlay-gradient":""},"tablet":{"background-color":"var(--ast-global-color-5)","background-image":"","background-repeat":"repeat","background-position":"center center","background-size":"auto","background-attachment":"scroll","background-type":"","background-media":"","overlay-type":"","overlay-color":"","overlay-opacity":"","overlay-gradient":""},"mobile":{"background-color":"var(--ast-global-color-5)","background-image":"","background-repeat":"repeat","background-position":"center center","background-size":"auto","background-attachment":"scroll","background-type":"","background-media":"","overlay-type":"","overlay-color":"","overlay-opacity":"","overlay-gradient":""}}},"pwb-brand":[381],"product_brand":[],"product_cat":[385],"product_tag":[],"class_list":{"0":"post-17315","1":"product","2":"type-product","3":"status-publish","4":"has-post-thumbnail","6":"pwb-brand-huawei","7":"product_cat-cargadores-para-vehiculo-electrico","8":"desktop-align-left","9":"tablet-align-left","10":"mobile-align-left","11":"ast-product-gallery-layout-horizontal-slider","12":"ast-product-gallery-with-no-image","13":"ast-product-tabs-layout-horizontal","15":"first","16":"onbackorder","17":"taxable","18":"shipping-taxable","19":"purchasable","20":"product-type-simple"},"wcpa_form_fields":null,"brands":[{"id":381,"name":"Inversores Huawei","slug":"huawei"}],"_links":{"self":[{"href":"https:\/\/fvcomponentes.com\/pt\/wp-json\/wp\/v2\/product\/17315","targetHints":{"allow":["GET"]}}],"collection":[{"href":"https:\/\/fvcomponentes.com\/pt\/wp-json\/wp\/v2\/product"}],"about":[{"href":"https:\/\/fvcomponentes.com\/pt\/wp-json\/wp\/v2\/types\/product"}],"replies":[{"embeddable":true,"href":"https:\/\/fvcomponentes.com\/pt\/wp-json\/wp\/v2\/comments?post=17315"}],"wp:featuredmedia":[{"embeddable":true,"href":"https:\/\/fvcomponentes.com\/pt\/wp-json\/wp\/v2\/media\/17318"}],"wp:attachment":[{"href":"https:\/\/fvcomponentes.com\/pt\/wp-json\/wp\/v2\/media?parent=17315"}],"wp:term":[{"taxonomy":"pwb-brand","embeddable":true,"href":"https:\/\/fvcomponentes.com\/pt\/wp-json\/wp\/v2\/pwb-brand?post=17315"},{"taxonomy":"product_brand","embeddable":true,"href":"https:\/\/fvcomponentes.com\/pt\/wp-json\/wp\/v2\/product_brand?post=17315"},{"taxonomy":"product_cat","embeddable":true,"href":"https:\/\/fvcomponentes.com\/pt\/wp-json\/wp\/v2\/product_cat?post=17315"},{"taxonomy":"product_tag","embeddable":true,"href":"https:\/\/fvcomponentes.com\/pt\/wp-json\/wp\/v2\/product_tag?post=17315"}],"curies":[{"name":"wp","href":"https:\/\/api.w.org\/{rel}","templated":true}]}}