{"id":17272,"date":"2024-08-05T09:20:38","date_gmt":"2024-08-05T07:20:38","guid":{"rendered":"https:\/\/fvcomponentes.com\/?post_type=product&#038;p=17272"},"modified":"2026-03-30T12:16:42","modified_gmt":"2026-03-30T10:16:42","slug":"bateria-de-litio-lv-byd-premium-lvl-15-4-13272230-00","status":"publish","type":"product","link":"https:\/\/fvcomponentes.com\/pt\/producto\/bateria-de-litio-lv-byd-premium-lvl-15-4-13272230-00-2\/","title":{"rendered":"LV BYD Premium LVL 15.4 bateria de l\u00edtio -13272230-00"},"content":{"rendered":"<h2>Caracter\u00edsticas da bateria de l\u00edtio LV BYD Premium LVL 15.4 - 13272230-00<\/h2>\n<ul>\n<li>Escal\u00e1vel de 15,4 a 983 kWh.<\/li>\n<li>Compat\u00edvel com inversores monof\u00e1sicos e trif\u00e1sicos.<\/li>\n<li>Sem cobalto. Fosfato de ferro de l\u00edtio (LFP): M\u00e1xima seguran\u00e7a, ciclo de vida e pot\u00eancia.<\/li>\n<li>Capacidade de back-up de alta pot\u00eancia e funcionamento fora da rede.<\/li>\n<li>Necessita de menos espa\u00e7o no ch\u00e3o, uma vez que podem ser empilhados at\u00e9 dois sistemas.<\/li>\n<li>Possibilidade de acrescentar sistemas paralelos para aumentar a capacidade.<\/li>\n<\/ul>\n<div>A BYD Premium LVL 15.4 - 13272230-00 \u00e9 uma bateria de fosfato de ferro-l\u00edtio (LFP) para ser utilizada em combina\u00e7\u00e3o com um inversor compat\u00edvel. Gra\u00e7as \u00e0 <a href=\"https:\/\/fvcomponentes.com\/pt\/produto\/bmu-bateria-de-litio-byd-caixa-de-bateria-premium-lvs-lvl-v2-13172499-00\/\" target=\"_blank\" rel=\"noopener\">unidade de controlo e comunica\u00e7\u00e3o (BMU) (vendida em separado)<\/a>A BYD Battery-Box Premium LVL pode ser expandida para satisfazer todas as necessidades energ\u00e9ticas dos seus projectos, independentemente da sua dimens\u00e3o. Pode come\u00e7ar com um sistema LVL15.4 (15,36 kWh) e mais tarde expandir o sistema at\u00e9 983 kWh ligando at\u00e9 64 sistemas em paralelo.<\/div>\n<div><\/div>\n<div>Esta vers\u00e3o do modelo LVL (2021) \u00e9 totalmente compat\u00edvel com as vers\u00f5es anteriores do LVL e inclui uma s\u00e9rie de melhorias para simplificar o processo de instala\u00e7\u00e3o.<\/div>\n<div><\/div>\n<h2>Bateria de l\u00edtio LV BYD Premium LVL 15.4 - 13272230-00. Flex\u00edvel, eficiente e simples.<\/h2>\n<div>\n<p><img fetchpriority=\"high\" decoding=\"async\" class=\"size-full wp-image-17294\" src=\"https:\/\/fvcomponentes.com\/wp-content\/uploads\/2024\/08\/Modulo-bateria-de-litio-LV-BYD-Premium-LVL-15.4-13272230-00-esquema.png\" alt=\"M\u00f3dulo de bateria de l\u00edtio LV BYD Premium LVL 15.4 -13272230-00 - esquema\" width=\"1379\" height=\"371\" title=\"\"><\/p>\n<\/div>\n<h2>Dados t\u00e9cnicos<\/h2>\n<div>\n<div>\n<div class=\"baywa-details-fields\"><\/div>\n<\/div>\n<\/div>\n<ul>\n<li><strong>N\u00famero de m\u00f3dulos:<\/strong> 2<\/li>\n<li><strong>Energia utiliz\u00e1vel:<\/strong> 15,36 kWh<\/li>\n<li><strong>Corrente m\u00e1xima de sa\u00edda:<\/strong> 250 A<\/li>\n<li><strong>Corrente de sa\u00edda de pico:<\/strong> 375 A, 5 s<\/li>\n<li><strong>Dimens\u00f5es:<\/strong> 660 x 650 x 575 mm<\/li>\n<li><strong>Peso:<\/strong> 168 kg<\/li>\n<li><strong>Tens\u00e3o nominal:<\/strong> 51.2 V<\/li>\n<li><strong>Tens\u00e3o de funcionamento:<\/strong> 40-57.6 V<\/li>\n<li><strong>Temperatura de funcionamento:<\/strong> -10 \u00b0C a +50 \u00b0C<\/li>\n<li><strong>Tecnologia celular:<\/strong> Fosfato de l\u00edtio e ferro (sem cobalto)<\/li>\n<li><strong>Comunica\u00e7\u00e3o:<\/strong> CAN<\/li>\n<li><strong>Prote\u00e7\u00e3o IP:<\/strong> IP20<\/li>\n<li><strong>Efici\u00eancia de ida e volta:<\/strong> \u226595%<\/li>\n<li><strong>Escalabilidade:<\/strong> M\u00e1x. 64 em paralelo (983 kWh)<\/li>\n<li><strong><span class=\"baywa-details-label\">Instala\u00e7\u00e3o da bateria: <\/span><\/strong><span class=\"baywa-details-values\">\u00a0Fixa\u00e7\u00e3o no ch\u00e3o<\/span><\/li>\n<li><strong>Certificados:<\/strong> IEC62619 \/ CE \/ CEC \/ UN38.3<\/li>\n<li><strong>Aplica\u00e7\u00f5es:<\/strong> Rede ON \/ Rede ON + Backup \/ Rede OFF<\/li>\n<li><strong>Garantia:<\/strong> 10 anos<\/li>\n<\/ul>\n<p><a href=\"https:\/\/fvcomponentes.com\/wp-content\/uploads\/2024\/12\/Lista-invesores-compatibles-BYD-LVL.pdf\" target=\"_blank\" rel=\"noopener\"><strong>Lista actualizada de inversores compat\u00edveis<\/strong><\/a><\/p>\n<h2>Ficha t\u00e9cnica Bateria de l\u00edtio LV BYD Premium LVL 15.4 -13272230-00<\/h2>\n<p><a href=\"https:\/\/fvcomponentes.com\/wp-content\/uploads\/2024\/08\/Ficha-tecnica-Modulo-bateria-de-litio-LV-BYD-Premium-LVL-15.4-13272230-00.pdf\" target=\"_blank\" rel=\"noopener\">Ver a ficha de dados da bateria de l\u00edtio LV BYD Premium LVL 15.4 -13272230-00<\/a><\/p>","protected":false},"excerpt":{"rendered":"<ul>\n<li class=\"baywa-details-fields\"><strong><span class=\"baywa-details-label\">Tipo de bateria: <\/span><\/strong><span class=\"baywa-details-values\">\u00a0DC Baixa tens\u00e3o <\/span><\/li>\n<li class=\"baywa-details-fields\"><strong style=\"font-size: 16px;\"><span class=\"baywa-details-label\">Energia nominal total: <\/span><\/strong><span class=\"baywa-details-values\" style=\"font-size: 16px;\">\u00a015,36 kWh<\/span><\/li>\n<li class=\"baywa-details-fields\"><strong>Pot\u00eancia m\u00e1xima de carga:<\/strong> <span class=\"baywa-details-values\" style=\"font-size: 16px;\">\u00a0250A<\/span><\/li>\n<li class=\"baywa-details-fields\"><strong style=\"font-size: 16px;\"><span class=\"baywa-details-label\">Pot\u00eancia m\u00e1xima de pico de carga: <\/span><\/strong><span class=\"baywa-details-values\" style=\"font-size: 16px;\">\u00a0375A<\/span><\/li>\n<li class=\"baywa-details-fields\"><strong style=\"font-size: 16px;\"><span class=\"baywa-details-label\">Pot\u00eancia m\u00e1xima de descarga: <\/span><\/strong><span class=\"baywa-details-values\" style=\"font-size: 16px;\">\u00a0250A<\/span><\/li>\n<li class=\"baywa-details-fields\"><strong style=\"font-size: 16px;\"><span class=\"baywa-details-label\">Pot\u00eancia m\u00e1xima de descarga de pico: <\/span><\/strong><span class=\"baywa-details-values\" style=\"font-size: 16px;\">\u00a0375A<\/span><\/li>\n<li class=\"baywa-details-fields\"><strong>Escalabilidade:<\/strong> M\u00e1x. 64 em paralelo (983 kWh)<\/li>\n<\/ul>\n<div>\n<div class=\"baywa-details-fields\"><\/div>\n<\/div>\n<p>&nbsp;<\/p>\n<p>&nbsp;<\/p>","protected":false},"featured_media":17273,"comment_status":"open","ping_status":"closed","template":"","meta":{"site-sidebar-layout":"default","site-content-layout":"","ast-site-content-layout":"default","site-content-style":"default","site-sidebar-style":"default","ast-global-header-display":"","ast-banner-title-visibility":"","ast-main-header-display":"","ast-hfb-above-header-display":"","ast-hfb-below-header-display":"","ast-hfb-mobile-header-display":"","site-post-title":"","ast-breadcrumbs-content":"","ast-featured-img":"","footer-sml-layout":"","ast-disable-related-posts":"","theme-transparent-header-meta":"default","adv-header-id-meta":"","stick-header-meta":"","header-above-stick-meta":"","header-main-stick-meta":"","header-below-stick-meta":"","astra-migrate-meta-layouts":"set","ast-page-background-enabled":"default","ast-page-background-meta":{"desktop":{"background-color":"var(--ast-global-color-4)","background-image":"","background-repeat":"repeat","background-position":"center center","background-size":"auto","background-attachment":"scroll","background-type":"","background-media":"","overlay-type":"","overlay-color":"","overlay-opacity":"","overlay-gradient":""},"tablet":{"background-color":"","background-image":"","background-repeat":"repeat","background-position":"center center","background-size":"auto","background-attachment":"scroll","background-type":"","background-media":"","overlay-type":"","overlay-color":"","overlay-opacity":"","overlay-gradient":""},"mobile":{"background-color":"","background-image":"","background-repeat":"repeat","background-position":"center center","background-size":"auto","background-attachment":"scroll","background-type":"","background-media":"","overlay-type":"","overlay-color":"","overlay-opacity":"","overlay-gradient":""}},"ast-content-background-meta":{"desktop":{"background-color":"var(--ast-global-color-5)","background-image":"","background-repeat":"repeat","background-position":"center center","background-size":"auto","background-attachment":"scroll","background-type":"","background-media":"","overlay-type":"","overlay-color":"","overlay-opacity":"","overlay-gradient":""},"tablet":{"background-color":"var(--ast-global-color-5)","background-image":"","background-repeat":"repeat","background-position":"center center","background-size":"auto","background-attachment":"scroll","background-type":"","background-media":"","overlay-type":"","overlay-color":"","overlay-opacity":"","overlay-gradient":""},"mobile":{"background-color":"var(--ast-global-color-5)","background-image":"","background-repeat":"repeat","background-position":"center center","background-size":"auto","background-attachment":"scroll","background-type":"","background-media":"","overlay-type":"","overlay-color":"","overlay-opacity":"","overlay-gradient":""}}},"pwb-brand":[897],"product_brand":[],"product_cat":[340,341],"product_tag":[],"class_list":{"0":"post-17272","1":"product","2":"type-product","3":"status-publish","4":"has-post-thumbnail","6":"pwb-brand-byd","7":"product_cat-baterias","8":"product_cat-baterias-litio-48v","9":"product_shipping_class-baterias","10":"desktop-align-left","11":"tablet-align-left","12":"mobile-align-left","13":"ast-product-gallery-layout-horizontal-slider","14":"ast-product-gallery-with-no-image","15":"ast-product-tabs-layout-horizontal","17":"first","18":"instock","19":"taxable","20":"shipping-taxable","21":"purchasable","22":"product-type-simple"},"wcpa_form_fields":null,"brands":[{"id":897,"name":"Baterias B&amp;D","slug":"byd"}],"_links":{"self":[{"href":"https:\/\/fvcomponentes.com\/pt\/wp-json\/wp\/v2\/product\/17272","targetHints":{"allow":["GET"]}}],"collection":[{"href":"https:\/\/fvcomponentes.com\/pt\/wp-json\/wp\/v2\/product"}],"about":[{"href":"https:\/\/fvcomponentes.com\/pt\/wp-json\/wp\/v2\/types\/product"}],"replies":[{"embeddable":true,"href":"https:\/\/fvcomponentes.com\/pt\/wp-json\/wp\/v2\/comments?post=17272"}],"wp:featuredmedia":[{"embeddable":true,"href":"https:\/\/fvcomponentes.com\/pt\/wp-json\/wp\/v2\/media\/17273"}],"wp:attachment":[{"href":"https:\/\/fvcomponentes.com\/pt\/wp-json\/wp\/v2\/media?parent=17272"}],"wp:term":[{"taxonomy":"pwb-brand","embeddable":true,"href":"https:\/\/fvcomponentes.com\/pt\/wp-json\/wp\/v2\/pwb-brand?post=17272"},{"taxonomy":"product_brand","embeddable":true,"href":"https:\/\/fvcomponentes.com\/pt\/wp-json\/wp\/v2\/product_brand?post=17272"},{"taxonomy":"product_cat","embeddable":true,"href":"https:\/\/fvcomponentes.com\/pt\/wp-json\/wp\/v2\/product_cat?post=17272"},{"taxonomy":"product_tag","embeddable":true,"href":"https:\/\/fvcomponentes.com\/pt\/wp-json\/wp\/v2\/product_tag?post=17272"}],"curies":[{"name":"wp","href":"https:\/\/api.w.org\/{rel}","templated":true}]}}