{"id":17261,"date":"2024-08-02T13:49:29","date_gmt":"2024-08-02T11:49:29","guid":{"rendered":"https:\/\/fvcomponentes.com\/?post_type=product&#038;p=17261"},"modified":"2025-10-03T08:43:28","modified_gmt":"2025-10-03T06:43:28","slug":"lv-bateria-de-litio-byd-caixa-de-bateria-premium-lvs-12kwh","status":"publish","type":"product","link":"https:\/\/fvcomponentes.com\/pt\/producto\/bateria-de-litio-lv-byd-battery-box-premium-lvs-12kwh\/","title":{"rendered":"Bateria de l\u00edtio LV BYD Battery-Box Premium LVS 12kWh"},"content":{"rendered":"<h2 class=\"product-details-full-content-header-title\">Bateria de l\u00edtio LV BYD Battery-Box Premium LVS 12kWh<\/h2>\n<p>A BYD apresentou a sua nova gera\u00e7\u00e3o de baterias de l\u00edtio de alta tens\u00e3o para armazenamento de energia em instala\u00e7\u00f5es fotovoltaicas. A BYD \u00e9 um dos principais fabricantes de baterias e solu\u00e7\u00f5es de mobilidade el\u00e9ctrica. A nova Battery-BOX estar\u00e1 dispon\u00edvel em modelos de 48V e de alta tens\u00e3o. O design modular permite uma expans\u00e3o flex\u00edvel e a utiliza\u00e7\u00e3o em sistemas aut\u00f3nomos, em modo de reserva e em autoconsumo ligado \u00e0 rede.<\/p>\n<p><a href=\"https:\/\/fvcomponentes.com\/wp-content\/uploads\/2024\/12\/Lista-invesores-compatibles-BYD-LVS.pdf\" target=\"_blank\" rel=\"noopener\"><strong>Lista actualizada de inversores compat\u00edveis com LVS<\/strong><\/a><\/p>\n<div class=\"ast-oembed-container\" style=\"height: 100%;\"><iframe title=\"Bateria de alta tens\u00e3o ByD HVS instalada no Fronius Gen24\" width=\"500\" height=\"281\" src=\"https:\/\/www.youtube.com\/embed\/Z4-OeE1vePA?feature=oembed&#038;enablejsapi=1&#038;origin=https:\/\/fvcomponentes.com\" frameborder=\"0\" allow=\"accelerometer; autoplay; clipboard-write; encrypted-media; gyroscope; picture-in-picture; web-share\" referrerpolicy=\"strict-origin-when-cross-origin\" allowfullscreen><\/iframe><\/div>\n<p>&nbsp;<\/p>\n<h2>Caracter\u00edsticas da bateria de l\u00edtio LV BYD Battery-Box Premium LVS 12kWh<\/h2>\n<ul>\n<li>C\u00e9lulas LFP (ferrofosfato de l\u00edtio) auto-desenvolvidas Testadas em milh\u00f5es de EVs<\/li>\n<li>Experi\u00eancia LFP desde 2002 +1.000.000 Sistemas em +90 pa\u00edses<\/li>\n<li>Elevada pot\u00eancia em ambientes ligados \u00e0 rede, fora da rede e de reserva<\/li>\n<li>Design modular Expans\u00edvel em qualquer altura<\/li>\n<li>Liga\u00e7\u00e3o sem cabos internos Arranque r\u00e1pido<\/li>\n<li>Compat\u00edvel com todos os principais inversores de string e trif\u00e1sicos<\/li>\n<\/ul>\n<h2>Especifica\u00e7\u00f5es t\u00e9cnicas da bateria de l\u00edtio LV BYD Battery-Box Premium LVS 12kWh<\/h2>\n<p><img fetchpriority=\"high\" decoding=\"async\" class=\"size-full wp-image-17031\" src=\"https:\/\/fvcomponentes.com\/wp-content\/uploads\/2024\/07\/BYD-Battery-Box-Premium-LVS-PDU-12940054-00-Especificaciones.png\" alt=\"BYD Battery Box Premium LVS (PDU) - 12940054-00 - Especifica\u00e7\u00f5es\" width=\"1365\" height=\"612\" title=\"\"><\/p>\n<h2>Dados gerais<\/h2>\n<ul>\n<li><strong>Tens\u00e3o nominal:<\/strong> 51,2v<\/li>\n<li><strong>Tens\u00e3o de funcionamento:<\/strong> 40-57,6 V<\/li>\n<li><strong>Temperatura de funcionamento:<\/strong> -10\u00b0C a +50\u00b0C<\/li>\n<li><strong>Tecnologia celular:<\/strong> Fosfato de l\u00edtio e ferro (LiFePO4)<\/li>\n<li><strong>Comunica\u00e7\u00e3o:<\/strong> CAN<\/li>\n<li><strong>Prote\u00e7\u00e3o IP:<\/strong> IP55<\/li>\n<li><strong>Efici\u00eancia na viagem de ida e volta:<\/strong> \u2265 95%<\/li>\n<li><strong>Ambiente:<\/strong> Interior \/ exterior<\/li>\n<li><strong>M\u00e9todo de montagem:<\/strong> Suporte de p\u00e9<\/li>\n<li><strong>Escalabilidade:<\/strong> M\u00e1x. 64 m\u00f3dulos em paralelo (256 kWh) Apenas torre \u00fanica<\/li>\n<li><strong>Certifica\u00e7\u00f5es:<\/strong> VDE2510-50 \/ IEC62619 \/ CE \/ CEC \/ UN38.3<\/li>\n<li><strong>Aplica\u00e7\u00f5es:<\/strong> Rede ON\/ Rede ON + Backup \/ Rede OFF<\/li>\n<li><strong>Inversores compat\u00edveis:<\/strong> Victron Energy, SMA, Solis, GOODWE, Deye, SUNGROW<\/li>\n<li><strong>Garantia:<\/strong> 10 anos<\/li>\n<\/ul>\n<h2>Comprar LV BYD Battery-Box Premium LVS 12kWh bateria de l\u00edtio<\/h2>\n<p>Na FvComponents pode comprar a nova gera\u00e7\u00e3o de baterias de l\u00edtio BYD B-Box Premium nas vers\u00f5es de 48V e alta tens\u00e3o. Oferecemos baterias de l\u00edtio para autoconsumo ou instala\u00e7\u00f5es aut\u00f3nomas de todas as pot\u00eancias a um pre\u00e7o econ\u00f3mico e com a <strong>m\u00e1xima qualidade e garantia do fabricante<\/strong>. Para mais informa\u00e7\u00f5es sobre estas baterias,\u00a0<a href=\"https:\/\/fvcomponentes.com\/pt\/ajuda-e-contacto\/\" target=\"_blank\" rel=\"noopener\">consulte-nos\u00a0<\/a>e ajud\u00e1-lo-emos a realizar o seu projeto fotovoltaico sem compromisso.<\/p>\n<h2>Folha de dados t\u00e9cnicos Bateria de l\u00edtio LV BYD Battery-Box Premium LVS 12kWh<\/h2>\n<p><a href=\"https:\/\/fvcomponentes.com\/wp-content\/uploads\/2024\/07\/Ficha-tecnica-BYD-Battery-Box-Premium-LVS-PDU-12940054-00.pdf\" target=\"_blank\" rel=\"noopener\">Ver a folha de dados da Bateria de L\u00edtio LV BYD Battery-Box Premium LVS 12kWh<\/a><\/p>","protected":false},"excerpt":{"rendered":"<ul>\n<li><span class=\"baywa-details-label\">Bateria <\/span><span class=\"baywa-details-values\">\u00a0DC Baixa tens\u00e3o\u00a0<\/span><\/li>\n<li><strong>N\u00famero de m\u00f3dulos:<\/strong> 3<\/li>\n<li><strong>Energia utiliz\u00e1vel:<\/strong> 12kWh<\/li>\n<li><strong>Corrente m\u00e1xima de sa\u00edda:<\/strong> 195A<\/li>\n<li>\n<div class=\"baywa-details-fields\"><strong>Corrente de sa\u00edda de pico: <\/strong>270A, 5s<\/div>\n<\/li>\n<\/ul>","protected":false},"featured_media":17262,"comment_status":"open","ping_status":"closed","template":"","meta":{"site-sidebar-layout":"default","site-content-layout":"default","ast-site-content-layout":"default","site-content-style":"default","site-sidebar-style":"default","ast-global-header-display":"","ast-banner-title-visibility":"","ast-main-header-display":"","ast-hfb-above-header-display":"","ast-hfb-below-header-display":"","ast-hfb-mobile-header-display":"","site-post-title":"","ast-breadcrumbs-content":"","ast-featured-img":"","footer-sml-layout":"","ast-disable-related-posts":"","theme-transparent-header-meta":"default","adv-header-id-meta":"","stick-header-meta":"","header-above-stick-meta":"","header-main-stick-meta":"","header-below-stick-meta":"","astra-migrate-meta-layouts":"set","ast-page-background-enabled":"default","ast-page-background-meta":{"desktop":{"background-color":"var(--ast-global-color-4)","background-image":"","background-repeat":"repeat","background-position":"center center","background-size":"auto","background-attachment":"scroll","background-type":"","background-media":"","overlay-type":"","overlay-color":"","overlay-opacity":"","overlay-gradient":""},"tablet":{"background-color":"","background-image":"","background-repeat":"repeat","background-position":"center center","background-size":"auto","background-attachment":"scroll","background-type":"","background-media":"","overlay-type":"","overlay-color":"","overlay-opacity":"","overlay-gradient":""},"mobile":{"background-color":"","background-image":"","background-repeat":"repeat","background-position":"center center","background-size":"auto","background-attachment":"scroll","background-type":"","background-media":"","overlay-type":"","overlay-color":"","overlay-opacity":"","overlay-gradient":""}},"ast-content-background-meta":{"desktop":{"background-color":"var(--ast-global-color-5)","background-image":"","background-repeat":"repeat","background-position":"center center","background-size":"auto","background-attachment":"scroll","background-type":"","background-media":"","overlay-type":"","overlay-color":"","overlay-opacity":"","overlay-gradient":""},"tablet":{"background-color":"var(--ast-global-color-5)","background-image":"","background-repeat":"repeat","background-position":"center center","background-size":"auto","background-attachment":"scroll","background-type":"","background-media":"","overlay-type":"","overlay-color":"","overlay-opacity":"","overlay-gradient":""},"mobile":{"background-color":"var(--ast-global-color-5)","background-image":"","background-repeat":"repeat","background-position":"center center","background-size":"auto","background-attachment":"scroll","background-type":"","background-media":"","overlay-type":"","overlay-color":"","overlay-opacity":"","overlay-gradient":""}}},"pwb-brand":[897],"product_brand":[],"product_cat":[340,341],"product_tag":[],"class_list":{"0":"post-17261","1":"product","2":"type-product","3":"status-publish","4":"has-post-thumbnail","6":"pwb-brand-byd","7":"product_cat-baterias","8":"product_cat-baterias-litio-48v","9":"product_shipping_class-baterias","10":"desktop-align-left","11":"tablet-align-left","12":"mobile-align-left","13":"ast-product-gallery-layout-horizontal-slider","14":"ast-product-gallery-with-no-image","15":"ast-product-tabs-layout-horizontal","17":"first","18":"instock","19":"taxable","20":"shipping-taxable","21":"purchasable","22":"product-type-yith_bundle"},"wcpa_form_fields":null,"brands":[{"id":897,"name":"Baterias B&amp;D","slug":"byd"}],"_links":{"self":[{"href":"https:\/\/fvcomponentes.com\/pt\/wp-json\/wp\/v2\/product\/17261","targetHints":{"allow":["GET"]}}],"collection":[{"href":"https:\/\/fvcomponentes.com\/pt\/wp-json\/wp\/v2\/product"}],"about":[{"href":"https:\/\/fvcomponentes.com\/pt\/wp-json\/wp\/v2\/types\/product"}],"replies":[{"embeddable":true,"href":"https:\/\/fvcomponentes.com\/pt\/wp-json\/wp\/v2\/comments?post=17261"}],"wp:featuredmedia":[{"embeddable":true,"href":"https:\/\/fvcomponentes.com\/pt\/wp-json\/wp\/v2\/media\/17262"}],"wp:attachment":[{"href":"https:\/\/fvcomponentes.com\/pt\/wp-json\/wp\/v2\/media?parent=17261"}],"wp:term":[{"taxonomy":"pwb-brand","embeddable":true,"href":"https:\/\/fvcomponentes.com\/pt\/wp-json\/wp\/v2\/pwb-brand?post=17261"},{"taxonomy":"product_brand","embeddable":true,"href":"https:\/\/fvcomponentes.com\/pt\/wp-json\/wp\/v2\/product_brand?post=17261"},{"taxonomy":"product_cat","embeddable":true,"href":"https:\/\/fvcomponentes.com\/pt\/wp-json\/wp\/v2\/product_cat?post=17261"},{"taxonomy":"product_tag","embeddable":true,"href":"https:\/\/fvcomponentes.com\/pt\/wp-json\/wp\/v2\/product_tag?post=17261"}],"curies":[{"name":"wp","href":"https:\/\/api.w.org\/{rel}","templated":true}]}}