{"id":16905,"date":"2024-07-24T08:39:05","date_gmt":"2024-07-24T06:39:05","guid":{"rendered":"https:\/\/fvcomponentes.com\/?post_type=product&#038;p=16905"},"modified":"2026-03-30T12:16:05","modified_gmt":"2026-03-30T10:16:05","slug":"inversor-fronius-tauro-eco-100-3-d-trifasico-4210302","status":"publish","type":"product","link":"https:\/\/fvcomponentes.com\/pt\/producto\/inversor-fronius-tauro-eco-100-3-d-trifasico-4210302-2\/","title":{"rendered":"Inversor Fronius Tauro Eco 100-3-D Trif\u00e1sico Fronius - 4.210.302"},"content":{"rendered":"<h2>Caracter\u00edsticas do Inversor Trif\u00e1sico Fronius Tauro Eco 100-3-D - 4.210.302<\/h2>\n<h2>Robustez e longa vida \u00fatil<\/h2>\n<p>O inversor trif\u00e1sico Fronius Tauro 50-3-D - 4.210.300 foi concebido para resistir \u00e0 radia\u00e7\u00e3o solar direta e ao calor extremo: a sua caixa de dupla camada e a ventila\u00e7\u00e3o ativa fazem do Fronius Tauro um inversor dur\u00e1vel e robusto que oferece o m\u00e1ximo rendimento.<\/p>\n<h2>Custos mais baixos e servi\u00e7o eficiente<\/h2>\n<p>Custos operacionais m\u00ednimos: O Fronius Tauro \u00e9 r\u00e1pido de instalar e de f\u00e1cil manuten\u00e7\u00e3o. No caso de uma falha, basta substituir o est\u00e1gio de pot\u00eancia afetado em vez de todo o inversor. Isso garante uma opera\u00e7\u00e3o confi\u00e1vel e permite que os trabalhos de manuten\u00e7\u00e3o sejam realizados de forma r\u00e1pida e econ\u00f4mica.<\/p>\n<h2>Controlo inteligente e sistema aberto<\/h2>\n<p>Como todos os produtos Fronius, o inversor trif\u00e1sico Fronius Tauro 50-3-D - 4.210.300 pode ser monitorizado, controlado e mantido de forma c\u00f3moda atrav\u00e9s de um smartphone ou computador. Com o Fronius Solar.web, pode monitorizar o seu sistema em qualquer altura. A arquitetura aberta do sistema permite uma f\u00e1cil integra\u00e7\u00e3o de componentes de terceiros.<\/p>\n<h2>Flexibilidade de design do inversor trif\u00e1sico Fronius Tauro Eco 100-3-D - 4.210.302<\/h2>\n<p>Centralizada, descentralizada, vertical ou horizontal: a s\u00e9rie Fronius Tauro oferece a m\u00e1xima flexibilidade na conce\u00e7\u00e3o e instala\u00e7\u00e3o de sistemas fotovoltaicos de grande escala. A flexibilidade<br \/>\ne a rela\u00e7\u00e3o custo-benef\u00edcio do Tauro ECO podem ser combinados conforme necess\u00e1rio. A prote\u00e7\u00e3o contra sobretens\u00e3o integrada e a fun\u00e7\u00e3o AC Daisy Chaining reduzem a necessidade de<br \/>\ncomponentes e cablagem adicionais.<\/p>\n<h2>Repara\u00e7\u00e3o e sustentabilidade<\/h2>\n<p>O Fronius Tauro demonstra a import\u00e2ncia da sustentabilidade em todas as fases do ciclo do produto. Este inversor de projeto foi concebido para uma longa vida \u00fatil e foi concebido e produzido na \u00c1ustria com o menor n\u00famero poss\u00edvel de componentes intermut\u00e1veis. Isso faz do Tauro um aparelho particularmente robusto que, em caso de manuten\u00e7\u00e3o, requer apenas a substitui\u00e7\u00e3o das pe\u00e7as individuais no local, poupando assim tempo e recursos.<\/p>\n<h2>Dados t\u00e9cnicos do Inversor Trif\u00e1sico Fronius Tauro Eco 100-3-D - 4.210.302<\/h2>\n<ul>\n<li class=\"baywa-details-fields\"><span class=\"baywa-details-label\"><strong>Pot\u00eancia:<\/strong> 10<\/span><span class=\"baywa-details-values\">0 000W<\/span><\/li>\n<li class=\"baywa-details-fields\"><span class=\"baywa-details-label\"><strong>AC<\/strong>: 10<\/span><span class=\"baywa-details-values\">0 000 W\u00a0 <\/span><\/li>\n<li class=\"baywa-details-fields\"><span class=\"baywa-details-label\"><strong>DC:<\/strong> 150<\/span><span class=\"baywa-details-values\">\u00a0000 W<\/span><\/li>\n<li class=\"baywa-details-fields\"><span class=\"baywa-details-label\"><strong>Efici\u00eancia:<\/strong> <\/span><span class=\"baywa-details-values\" style=\"color: #000000\">98,2%<\/span><\/li>\n<li class=\"baywa-details-fields\"><span class=\"baywa-details-label\"><strong>Fase:<\/strong> <\/span><span class=\"baywa-details-values\">Trif\u00e1sico\u00a0<\/span><\/li>\n<li class=\"baywa-details-fields\"><span class=\"baywa-details-label\"><strong>MPPT:<\/strong><\/span><span class=\"baywa-details-values\"> 1<\/span><\/li>\n<li class=\"baywa-details-fields\"><span class=\"baywa-details-label\"><strong>Ecr\u00e3:<\/strong><\/span><span class=\"baywa-details-values\">\u00a0N\u00e3o<\/span><\/li>\n<li class=\"baywa-details-fields\"><span class=\"baywa-details-label\"><strong>Conector DC:<\/strong><\/span><span class=\"baywa-details-values\">\u00a0MC4\u00a0<\/span><\/li>\n<li class=\"baywa-details-fields\"><span class=\"baywa-details-label\"><strong>Optimizadores:<\/strong><\/span><span class=\"baywa-details-values\">\u00a0n\u00e3o<\/span><\/li>\n<li class=\"baywa-details-fields\"><span class=\"baywa-details-label\"><strong>Prote\u00e7\u00e3o IP:<\/strong><\/span><span class=\"baywa-details-values\">\u00a0IP65<\/span><\/li>\n<li class=\"baywa-details-fields\"><span class=\"baywa-details-label\"><strong>Baterias compat\u00edveis:<\/strong><\/span><span class=\"baywa-details-values\">\u00a0n\u00e3o<\/span><\/li>\n<li class=\"baywa-details-fields\"><span class=\"baywa-details-label\"><strong>Dimens\u00f5es:<\/strong><\/span><span class=\"baywa-details-values\"> 64,4 x 103,8 x 31,6 cm<\/span><\/li>\n<li class=\"baywa-details-fields\"><span class=\"baywa-details-label\"><strong>Peso:<\/strong> 105,0 kg<\/span><\/li>\n<li class=\"baywa-details-fields\"><span class=\"baywa-details-label\"><strong>Garantia do produto:<\/strong> <\/span><span class=\"baywa-details-values\">2 anos<\/span><\/li>\n<li><strong><span class=\"baywa-details-label\">Extens\u00e3o por: <\/span><\/strong><span class=\"baywa-details-values\">5 anos 10 anos 15 anos 20 anos<\/span><\/li>\n<li class=\"baywa-details-fields\"><span class=\"baywa-details-label\"><strong>Certificados: <\/strong><\/span><span class=\"baywa-details-values\">BE FR NL<\/span><\/li>\n<\/ul>\n<h3>Desempenho<\/h3>\n<p><img fetchpriority=\"high\" decoding=\"async\" class=\"size-full wp-image-16897\" src=\"https:\/\/fvcomponentes.com\/wp-content\/uploads\/2024\/07\/Inversor-Fronius-Tauro-Eco-50-3-D-Trifasico-4210306-Rendimiento.png\" alt=\"Inversor Fronius Tauro Eco 50-3-D Trif\u00e1sico Fronius - 4.210.306 - Efici\u00eancia\" width=\"1056\" height=\"271\" title=\"\"><\/p>\n<h3>Redu\u00e7\u00e3o de pot\u00eancia<\/h3>\n<p><img decoding=\"async\" class=\"size-full wp-image-16898\" src=\"https:\/\/fvcomponentes.com\/wp-content\/uploads\/2024\/07\/Inversor-Fronius-Tauro-Eco-50-3-D-Trifasico-4210306-Potencia.png\" alt=\"Inversor Fronius Tauro Eco 50-3-D Trif\u00e1sico Fronius - 4.210.306 - Pot\u00eancia\" width=\"1059\" height=\"275\" title=\"\"><\/p>\n<h2>Folha de dados Inversor Fronius Tauro Eco 100-3-D Trif\u00e1sico - 4.210.302<\/h2>\n<p><a href=\"https:\/\/fvcomponentes.com\/wp-content\/uploads\/2024\/07\/Ficha-tecnica-Inversor-Fronius-Tauro.pdf\" target=\"_blank\" rel=\"noopener\">Veja a ficha de dados para o Inversor Fronius Tauro Eco 100-3-D Trif\u00e1sico - 4.210.302<\/a><\/p>","protected":false},"excerpt":{"rendered":"<p><strong><span style=\"color: #ff0000\">\u00daltimas unidades dispon\u00edveis a partir de 22 de mar\u00e7o de 2026<\/span><\/strong><\/p>\n<ul>\n<li class=\"baywa-details-fields\"><span class=\"baywa-details-label\"><strong>Pot\u00eancia:<\/strong> 10<\/span><span class=\"baywa-details-values\">0 000W<\/span><\/li>\n<li class=\"baywa-details-fields\"><span class=\"baywa-details-label\"><strong>Fase:<\/strong> <\/span><span class=\"baywa-details-values\">Trif\u00e1sico\u00a0<\/span><\/li>\n<li class=\"baywa-details-fields\"><span class=\"baywa-details-label\"><strong>MPPT:<\/strong><\/span><span class=\"baywa-details-values\"> 1<\/span><\/li>\n<li class=\"baywa-details-fields\"><span class=\"baywa-details-label\"><strong>AC<\/strong>: 10<\/span><span class=\"baywa-details-values\">0 000 W\u00a0 <\/span><\/li>\n<li class=\"baywa-details-fields\"><span class=\"baywa-details-label\"><strong>DC:<\/strong> 150<\/span><span class=\"baywa-details-values\">\u00a0000 W<\/span><\/li>\n<li class=\"baywa-details-fields\"><span class=\"baywa-details-label\"><strong>Efici\u00eancia:<\/strong> 98,2%<\/span><span class=\"baywa-details-values\">\u00a0<\/span><\/li>\n<li class=\"baywa-details-fields\"><span class=\"baywa-details-label\"><strong>Conector DC:<\/strong> <\/span><span class=\"baywa-details-values\">MC4\u00a0<\/span><\/li>\n<li class=\"baywa-details-fields\"><span class=\"baywa-details-label\"><strong>Prote\u00e7\u00e3o IP:<\/strong> <\/span><span class=\"baywa-details-values\">IP65<\/span><\/li>\n<\/ul>","protected":false},"featured_media":16906,"comment_status":"open","ping_status":"closed","template":"","meta":{"site-sidebar-layout":"default","site-content-layout":"default","ast-site-content-layout":"default","site-content-style":"default","site-sidebar-style":"default","ast-global-header-display":"","ast-banner-title-visibility":"","ast-main-header-display":"","ast-hfb-above-header-display":"","ast-hfb-below-header-display":"","ast-hfb-mobile-header-display":"","site-post-title":"","ast-breadcrumbs-content":"","ast-featured-img":"","footer-sml-layout":"","ast-disable-related-posts":"","theme-transparent-header-meta":"default","adv-header-id-meta":"","stick-header-meta":"","header-above-stick-meta":"","header-main-stick-meta":"","header-below-stick-meta":"","astra-migrate-meta-layouts":"set","ast-page-background-enabled":"default","ast-page-background-meta":{"desktop":{"background-color":"var(--ast-global-color-4)","background-image":"","background-repeat":"repeat","background-position":"center center","background-size":"auto","background-attachment":"scroll","background-type":"","background-media":"","overlay-type":"","overlay-color":"","overlay-opacity":"","overlay-gradient":""},"tablet":{"background-color":"","background-image":"","background-repeat":"repeat","background-position":"center center","background-size":"auto","background-attachment":"scroll","background-type":"","background-media":"","overlay-type":"","overlay-color":"","overlay-opacity":"","overlay-gradient":""},"mobile":{"background-color":"","background-image":"","background-repeat":"repeat","background-position":"center center","background-size":"auto","background-attachment":"scroll","background-type":"","background-media":"","overlay-type":"","overlay-color":"","overlay-opacity":"","overlay-gradient":""}},"ast-content-background-meta":{"desktop":{"background-color":"var(--ast-global-color-5)","background-image":"","background-repeat":"repeat","background-position":"center center","background-size":"auto","background-attachment":"scroll","background-type":"","background-media":"","overlay-type":"","overlay-color":"","overlay-opacity":"","overlay-gradient":""},"tablet":{"background-color":"var(--ast-global-color-5)","background-image":"","background-repeat":"repeat","background-position":"center center","background-size":"auto","background-attachment":"scroll","background-type":"","background-media":"","overlay-type":"","overlay-color":"","overlay-opacity":"","overlay-gradient":""},"mobile":{"background-color":"var(--ast-global-color-5)","background-image":"","background-repeat":"repeat","background-position":"center center","background-size":"auto","background-attachment":"scroll","background-type":"","background-media":"","overlay-type":"","overlay-color":"","overlay-opacity":"","overlay-gradient":""}}},"pwb-brand":[344],"product_brand":[],"product_cat":[345,333,921],"product_tag":[],"class_list":{"0":"post-16905","1":"product","2":"type-product","3":"status-publish","4":"has-post-thumbnail","6":"pwb-brand-fronius","7":"product_cat-inversores-de-autoconsumo","8":"product_cat-inversores","9":"product_cat-inversores-autoconsumo-trifasicos","10":"desktop-align-left","11":"tablet-align-left","12":"mobile-align-left","13":"ast-product-gallery-layout-horizontal-slider","14":"ast-product-gallery-with-no-image","15":"ast-product-tabs-layout-horizontal","17":"first","18":"onbackorder","19":"taxable","20":"shipping-taxable","21":"purchasable","22":"product-type-simple"},"wcpa_form_fields":null,"brands":[{"id":344,"name":"Inversores Fronius","slug":"frontais"}],"_links":{"self":[{"href":"https:\/\/fvcomponentes.com\/pt\/wp-json\/wp\/v2\/product\/16905","targetHints":{"allow":["GET"]}}],"collection":[{"href":"https:\/\/fvcomponentes.com\/pt\/wp-json\/wp\/v2\/product"}],"about":[{"href":"https:\/\/fvcomponentes.com\/pt\/wp-json\/wp\/v2\/types\/product"}],"replies":[{"embeddable":true,"href":"https:\/\/fvcomponentes.com\/pt\/wp-json\/wp\/v2\/comments?post=16905"}],"wp:featuredmedia":[{"embeddable":true,"href":"https:\/\/fvcomponentes.com\/pt\/wp-json\/wp\/v2\/media\/16906"}],"wp:attachment":[{"href":"https:\/\/fvcomponentes.com\/pt\/wp-json\/wp\/v2\/media?parent=16905"}],"wp:term":[{"taxonomy":"pwb-brand","embeddable":true,"href":"https:\/\/fvcomponentes.com\/pt\/wp-json\/wp\/v2\/pwb-brand?post=16905"},{"taxonomy":"product_brand","embeddable":true,"href":"https:\/\/fvcomponentes.com\/pt\/wp-json\/wp\/v2\/product_brand?post=16905"},{"taxonomy":"product_cat","embeddable":true,"href":"https:\/\/fvcomponentes.com\/pt\/wp-json\/wp\/v2\/product_cat?post=16905"},{"taxonomy":"product_tag","embeddable":true,"href":"https:\/\/fvcomponentes.com\/pt\/wp-json\/wp\/v2\/product_tag?post=16905"}],"curies":[{"name":"wp","href":"https:\/\/api.w.org\/{rel}","templated":true}]}}