{"id":16841,"date":"2024-07-23T09:35:07","date_gmt":"2024-07-23T07:35:07","guid":{"rendered":"https:\/\/fvcomponentes.com\/?post_type=product&#038;p=16841"},"modified":"2026-03-30T12:16:00","modified_gmt":"2026-03-30T10:16:00","slug":"inversor-fronius-verto-27-0-spd-12-trifasico-4210402","status":"publish","type":"product","link":"https:\/\/fvcomponentes.com\/pt\/producto\/inversor-fronius-verto-27-0-spd-12-trifasico-4210402-2\/","title":{"rendered":"Fronius Verto 27.0 Inverter (SPD 1+2) Trif\u00e1sico - 4.210.402"},"content":{"rendered":"<h2>Inversor Fronius Verto 27.0 (SPD 1+2) Trif\u00e1sico - 4.210.402 Caracter\u00edsticas<\/h2>\n<p>Fronius Verto 25.0 Inverter (SPD 1+2) Trif\u00e1sico - 4.210.400, o inversor adapt\u00e1vel para pequenas empresas, aplica\u00e7\u00f5es agr\u00edcolas e edif\u00edcios. A sua flexibilidade torna-o a escolha perfeita, quer se trate da constru\u00e7\u00e3o de um novo sistema fotovoltaico ou da expans\u00e3o de um j\u00e1 existente. Com fun\u00e7\u00f5es de seguran\u00e7a integradas e uma gest\u00e3o de sombras inovadora, o Fronius Verto garante um funcionamento \u00f3timo. O nosso inversor flex\u00edvel facilita a integra\u00e7\u00e3o no sector energ\u00e9tico gra\u00e7as \u00e0s suas interfaces abertas. Isto significa que \u00e9 f\u00e1cil integrar esta\u00e7\u00f5es de carregamento como o Fronius Wattpilot e reguladores de consumo como o Fronius Ohmpilot.<\/p>\n<h2>Flexibilidade total<\/h2>\n<p>Com quatro rastreadores MPP de alta corrente e uma ampla gama de tens\u00f5es, o Fronius Verto oferece a m\u00e1xima flexibilidade. Isto torna o inversor ideal para projectos complexos e para todas as suas necessidades espec\u00edficas. Al\u00e9m disso, o algoritmo integrado Dynamic Peak Manager do Fronius Verto permite aos utilizadores obterem rendimentos \u00f3ptimos mesmo em \u00e1reas sombreadas.<\/p>\n<h2>Seguran\u00e7a m\u00e1xima<\/h2>\n<p>Com um dispositivo de prote\u00e7\u00e3o contra picos de tens\u00e3o integrado e um interrutor de circuito el\u00e9trico (AFCI), o Fronius Verto garante os mais elevados padr\u00f5es de seguran\u00e7a mesmo na sua configura\u00e7\u00e3o b\u00e1sica, sem necessidade de pagar por componentes adicionais. Com a Fronius, tamb\u00e9m pode ter a certeza de que os seus dados est\u00e3o nas melhores m\u00e3os: isso \u00e9 garantido pelo nosso sistema de seguran\u00e7a da informa\u00e7\u00e3o certificado e pelos nossos servidores e armazenamento em nuvem na Europa.<\/p>\n<h2>Utiliza\u00e7\u00e3o \u00f3ptima do inversor Fronius Verto 27.0 (SPD 1+2) Trif\u00e1sico - 4.210.402<\/h2>\n<p>Utilize o excedente de energia solar para outras aplica\u00e7\u00f5es fotovoltaicas, como e-mobilidade ou aquecimento, economize custos e garanta uma amortiza\u00e7\u00e3o mais r\u00e1pida do seu sistema. Gra\u00e7as \u00e0s suas interfaces abertas, o Fronius Verto permite a integra\u00e7\u00e3o de reguladores de consumo, como o <a href=\"https:\/\/fvcomponentes.com\/pt\/produto\/regulador-de-consumo-fronius-ohmpilot-9-0-3-4050016\/\" target=\"_blank\" rel=\"noopener\">Regulador de consumo Fronius Ohmpilot 9.0-3 - 4.050.016 <\/a>e Fronius Wattpilot, <a href=\"https:\/\/fvcomponentes.com\/pt\/produto\/carregador-de-carro-eletrico-fronius-wattpilot-go-22j-2-0-4240400\/\" target=\"_blank\" rel=\"noopener\">Carregador de carro el\u00e9trico Fronius Wattpilot Go 22J 2.0 - 4.240.400<\/a>. A nossa solu\u00e7\u00e3o de software Fronius EMIL \u00e9 um complemento perfeito para o seu sistema fotovoltaico, fornecendo eletricidade ao seu parque eletr\u00f3nico num processo totalmente autom\u00e1tico em todos os locais. A integra\u00e7\u00e3o de bombas de calor ou sistemas dom\u00e9sticos inteligentes tamb\u00e9m \u00e9 um processo simples com o Fronius Verto.<\/p>\n<h2>Detalhes t\u00e9cnicos de Fronius Verto 25.0 Inverter (SPD 1+2) Trif\u00e1sico - 4.210.400<\/h2>\n<ul>\n<li class=\"baywa-details-fields\"><span class=\"baywa-details-label\"><strong>Pot\u00eancia:<\/strong>\u00a0<\/span><span class=\"baywa-details-values\"> 27 000\u00a0<\/span><\/li>\n<li class=\"baywa-details-fields\"><span class=\"baywa-details-label\"><strong>AC<\/strong>:<\/span><span class=\"baywa-details-values\"> 27 000 W\u00a0<\/span><\/li>\n<li class=\"baywa-details-fields\"><span class=\"baywa-details-label\"><strong>DC:<\/strong>\u00a0<\/span><span class=\"baywa-details-values\"> 40 500 W<\/span><\/li>\n<li class=\"baywa-details-fields\"><span class=\"baywa-details-label\"><strong>Efici\u00eancia:<\/strong>\u00a0<\/span><span class=\"baywa-details-values\"> 97,79%<\/span><\/li>\n<li class=\"baywa-details-fields\"><span class=\"baywa-details-label\"><strong>Fase:<\/strong>\u00a0<\/span><span class=\"baywa-details-values\">\u00a0Trif\u00e1sico\u00a0<\/span><\/li>\n<li class=\"baywa-details-fields\"><span class=\"baywa-details-label\"><strong>MPPT:<\/strong>\u00a0<\/span><span class=\"baywa-details-values\">\u00a04<\/span><\/li>\n<li class=\"baywa-details-fields\"><span class=\"baywa-details-label\"><strong>Ecr\u00e3:<\/strong>\u00a0<\/span><span class=\"baywa-details-values\">\u00a0N\u00e3o<\/span><\/li>\n<li class=\"baywa-details-fields\"><span class=\"baywa-details-label\"><strong>Conector DC:<\/strong>\u00a0<\/span><span class=\"baywa-details-values\">\u00a0MC4\u00a0<\/span><\/li>\n<li class=\"baywa-details-fields\"><span class=\"baywa-details-label\"><strong>Optimizadores:<\/strong>\u00a0<\/span><span class=\"baywa-details-values\">\u00a0n\u00e3o<\/span><\/li>\n<li class=\"baywa-details-fields\"><span class=\"baywa-details-label\"><strong>Prote\u00e7\u00e3o IP:<\/strong>\u00a0<\/span><span class=\"baywa-details-values\">\u00a0IP66<\/span><\/li>\n<li class=\"baywa-details-fields\"><span class=\"baywa-details-label\"><strong>Baterias compat\u00edveis:<\/strong>\u00a0<\/span><span class=\"baywa-details-values\">\u00a0n\u00e3o<\/span><\/li>\n<li class=\"baywa-details-fields\"><span class=\"baywa-details-label\"><strong>Dimens\u00f5es:<\/strong>\u00a0<\/span><span class=\"baywa-details-values\">\u00a086,5 x 57,4 x 27,8 cm\u00a0<\/span><\/li>\n<li class=\"baywa-details-fields\"><span class=\"baywa-details-label\"><strong>Peso:<\/strong>\u00a0<\/span><span class=\"baywa-details-values\">\u00a041,75 kg<\/span><\/li>\n<li class=\"baywa-details-fields\"><span class=\"baywa-details-label\"><strong>Garantia do produto:<\/strong>\u00a0<\/span><span class=\"baywa-details-values\"> 2 anos<\/span><\/li>\n<li class=\"baywa-details-fields\"><span class=\"baywa-details-label\"><strong>Certificados:<\/strong>\u00a0<\/span><span class=\"baywa-details-values\">\u00a0LU DE<\/span><\/li>\n<\/ul>\n<h3>Efici\u00eancia<\/h3>\n<p><img fetchpriority=\"high\" decoding=\"async\" class=\"wp-image-16846\" src=\"https:\/\/fvcomponentes.com\/wp-content\/uploads\/2024\/07\/Inversor-Fronius-Verto-27.0-SPD-12-Trifasico-4210402-Eficiencia.png\" alt=\"Fronius Verto 27.0 Inverter (SPD 1+2) Trif\u00e1sico - 4.210.402 - Efici\u00eancia\" width=\"624\" height=\"391\" title=\"\"><\/p>\n<p>&nbsp;<\/p>\n<h3>Redu\u00e7\u00e3o de pot\u00eancia<\/h3>\n<p><img decoding=\"async\" class=\"wp-image-16847\" src=\"https:\/\/fvcomponentes.com\/wp-content\/uploads\/2024\/07\/Inversor-Fronius-Verto-27.0-SPD-12-Trifasico-4210402-power.png\" alt=\"Inversor Fronius Verto 27.0 (SPD 1+2) Trif\u00e1sico - 4.210.402 - pot\u00eancia\" width=\"619\" height=\"383\" title=\"\"><\/p>\n<h2>Folha de dados Inversor Fronius Verto 27.0 (SPD 1+2) Trif\u00e1sico - 4.210.402<\/h2>\n<p><a href=\"https:\/\/fvcomponentes.com\/wp-content\/uploads\/2024\/07\/Ficha-tecnica-Inversor-Fronius-Verto.pdf\" target=\"_blank\" rel=\"noopener\">Ver Fronius Verto 27.0 Inverter (SPD 1+2) Trif\u00e1sico - 4.210.402<\/a><\/p>","protected":false},"excerpt":{"rendered":"<ul>\n<li class=\"baywa-details-fields\"><span class=\"baywa-details-label\"><strong>Pot\u00eancia:<\/strong>\u00a0<\/span><span class=\"baywa-details-values\"> 27 000W<\/span><\/li>\n<li class=\"baywa-details-fields\"><span class=\"baywa-details-label\"><strong>Fase:<\/strong>\u00a0<\/span><span class=\"baywa-details-values\">\u00a0Trif\u00e1sico\u00a0<\/span><\/li>\n<li><span class=\"baywa-details-label\"><strong>MPPT:<\/strong>\u00a0<\/span><span class=\"baywa-details-values\">\u00a04<\/span><\/li>\n<li class=\"baywa-details-fields\"><span class=\"baywa-details-label\"><strong>AC<\/strong>:<\/span><span class=\"baywa-details-values\"> 27 000 W\u00a0<\/span><\/li>\n<li class=\"baywa-details-fields\"><span class=\"baywa-details-label\"><strong>DC:<\/strong>\u00a0<\/span><span class=\"baywa-details-values\"> 40 500 W<\/span><\/li>\n<li><span class=\"baywa-details-label\"><strong>Efici\u00eancia:<\/strong>\u00a0<\/span><span class=\"baywa-details-values\"> 97,79%<\/span><\/li>\n<li class=\"baywa-details-fields\"><span class=\"baywa-details-label\"><strong>Conector DC:<\/strong>\u00a0<\/span><span class=\"baywa-details-values\">\u00a0MC4\u00a0<\/span><\/li>\n<li class=\"baywa-details-fields\"><span class=\"baywa-details-label\"><strong>Prote\u00e7\u00e3o IP:<\/strong>\u00a0<\/span><span class=\"baywa-details-values\">\u00a0IP66<\/span><\/li>\n<\/ul>","protected":false},"featured_media":16845,"comment_status":"open","ping_status":"closed","template":"","meta":{"site-sidebar-layout":"default","site-content-layout":"default","ast-site-content-layout":"default","site-content-style":"default","site-sidebar-style":"default","ast-global-header-display":"","ast-banner-title-visibility":"","ast-main-header-display":"","ast-hfb-above-header-display":"","ast-hfb-below-header-display":"","ast-hfb-mobile-header-display":"","site-post-title":"","ast-breadcrumbs-content":"","ast-featured-img":"","footer-sml-layout":"","ast-disable-related-posts":"","theme-transparent-header-meta":"default","adv-header-id-meta":"","stick-header-meta":"","header-above-stick-meta":"","header-main-stick-meta":"","header-below-stick-meta":"","astra-migrate-meta-layouts":"set","ast-page-background-enabled":"default","ast-page-background-meta":{"desktop":{"background-color":"var(--ast-global-color-4)","background-image":"","background-repeat":"repeat","background-position":"center center","background-size":"auto","background-attachment":"scroll","background-type":"","background-media":"","overlay-type":"","overlay-color":"","overlay-opacity":"","overlay-gradient":""},"tablet":{"background-color":"","background-image":"","background-repeat":"repeat","background-position":"center center","background-size":"auto","background-attachment":"scroll","background-type":"","background-media":"","overlay-type":"","overlay-color":"","overlay-opacity":"","overlay-gradient":""},"mobile":{"background-color":"","background-image":"","background-repeat":"repeat","background-position":"center center","background-size":"auto","background-attachment":"scroll","background-type":"","background-media":"","overlay-type":"","overlay-color":"","overlay-opacity":"","overlay-gradient":""}},"ast-content-background-meta":{"desktop":{"background-color":"var(--ast-global-color-5)","background-image":"","background-repeat":"repeat","background-position":"center center","background-size":"auto","background-attachment":"scroll","background-type":"","background-media":"","overlay-type":"","overlay-color":"","overlay-opacity":"","overlay-gradient":""},"tablet":{"background-color":"var(--ast-global-color-5)","background-image":"","background-repeat":"repeat","background-position":"center center","background-size":"auto","background-attachment":"scroll","background-type":"","background-media":"","overlay-type":"","overlay-color":"","overlay-opacity":"","overlay-gradient":""},"mobile":{"background-color":"var(--ast-global-color-5)","background-image":"","background-repeat":"repeat","background-position":"center center","background-size":"auto","background-attachment":"scroll","background-type":"","background-media":"","overlay-type":"","overlay-color":"","overlay-opacity":"","overlay-gradient":""}}},"pwb-brand":[344],"product_brand":[],"product_cat":[345,333,921],"product_tag":[],"class_list":{"0":"post-16841","1":"product","2":"type-product","3":"status-publish","4":"has-post-thumbnail","6":"pwb-brand-fronius","7":"product_cat-inversores-de-autoconsumo","8":"product_cat-inversores","9":"product_cat-inversores-autoconsumo-trifasicos","10":"desktop-align-left","11":"tablet-align-left","12":"mobile-align-left","13":"ast-product-gallery-layout-horizontal-slider","14":"ast-product-tabs-layout-horizontal","16":"first","17":"instock","18":"taxable","19":"shipping-taxable","20":"purchasable","21":"product-type-simple"},"wcpa_form_fields":null,"brands":[{"id":344,"name":"Inversores Fronius","slug":"frontais"}],"_links":{"self":[{"href":"https:\/\/fvcomponentes.com\/pt\/wp-json\/wp\/v2\/product\/16841","targetHints":{"allow":["GET"]}}],"collection":[{"href":"https:\/\/fvcomponentes.com\/pt\/wp-json\/wp\/v2\/product"}],"about":[{"href":"https:\/\/fvcomponentes.com\/pt\/wp-json\/wp\/v2\/types\/product"}],"replies":[{"embeddable":true,"href":"https:\/\/fvcomponentes.com\/pt\/wp-json\/wp\/v2\/comments?post=16841"}],"wp:featuredmedia":[{"embeddable":true,"href":"https:\/\/fvcomponentes.com\/pt\/wp-json\/wp\/v2\/media\/16845"}],"wp:attachment":[{"href":"https:\/\/fvcomponentes.com\/pt\/wp-json\/wp\/v2\/media?parent=16841"}],"wp:term":[{"taxonomy":"pwb-brand","embeddable":true,"href":"https:\/\/fvcomponentes.com\/pt\/wp-json\/wp\/v2\/pwb-brand?post=16841"},{"taxonomy":"product_brand","embeddable":true,"href":"https:\/\/fvcomponentes.com\/pt\/wp-json\/wp\/v2\/product_brand?post=16841"},{"taxonomy":"product_cat","embeddable":true,"href":"https:\/\/fvcomponentes.com\/pt\/wp-json\/wp\/v2\/product_cat?post=16841"},{"taxonomy":"product_tag","embeddable":true,"href":"https:\/\/fvcomponentes.com\/pt\/wp-json\/wp\/v2\/product_tag?post=16841"}],"curies":[{"name":"wp","href":"https:\/\/api.w.org\/{rel}","templated":true}]}}