{"id":16783,"date":"2024-07-22T13:31:54","date_gmt":"2024-07-22T11:31:54","guid":{"rendered":"https:\/\/fvcomponentes.com\/?post_type=product&#038;p=16783"},"modified":"2026-03-30T12:16:54","modified_gmt":"2026-03-30T10:16:54","slug":"contador-de-energia-contador-inteligente-fronius-63a-3-4300011473","status":"publish","type":"product","link":"https:\/\/fvcomponentes.com\/pt\/producto\/medidor-de-energia-fronius-smart-meter-63a-3-4300011473\/","title":{"rendered":"Contador de energia Fronius Smart Meter 63A-3 - 43,0001,1473"},"content":{"rendered":"<h2>Caracter\u00edsticas do contador inteligente Fronius 63A-3 - 43.0001.1473<\/h2>\n<div>O Fronius Smart Meter 63A-3 - 43.0001.1473 \u00e9 um contador de energia bidirecional que optimiza o autoconsumo e regista a curva de consumo dom\u00e9stico. Gra\u00e7as \u00e0 medi\u00e7\u00e3o de alta precis\u00e3o e \u00e0 comunica\u00e7\u00e3o r\u00e1pida atrav\u00e9s da interface Modbus RTU, a limita\u00e7\u00e3o remota da pot\u00eancia, quando s\u00e3o impostos limites, \u00e9 mais r\u00e1pida e exacta do que com o controlador S0. Juntamente com o Fronius Solar.web, oferece uma vis\u00e3o geral pormenorizada do consumo de energia na habita\u00e7\u00e3o.<\/div>\n<div><\/div>\n<div>\n<p>Para a solu\u00e7\u00e3o de armazenamento Fronius Energy Package baseada no Fronius Symo Hybrid, o Fronius Smart Meter permite uma gest\u00e3o sistematizada dos v\u00e1rios fluxos de energia, optimizando assim a energia total. \u00c9 ideal para utiliza\u00e7\u00e3o em conjunto com o Fronius Symo, Fronius Symo Hybrid, Fronius Galvo, Fronius Primo, Fronius Eco, Fronius GEN24 e Fronius Datamanager 2.0.<\/p>\n<\/div>\n<div><\/div>\n<h2>Vantagens do contador de energia Fronius Smart Meter 63A-3<\/h2>\n<ul>\n<li>Limita\u00e7\u00e3o de pot\u00eancia remota r\u00e1pida e precisa<\/li>\n<li>Em conjunto com o Fronius Solar.web, oferece uma vis\u00e3o geral pormenorizada do consumo de energia na sua casa.<\/li>\n<li>Otimizar a gest\u00e3o de energia com a solu\u00e7\u00e3o de armazenamento Fronius Energy Package<\/li>\n<\/ul>\n<div>\n<p><img fetchpriority=\"high\" decoding=\"async\" class=\"size-full wp-image-16786\" src=\"https:\/\/fvcomponentes.com\/wp-content\/uploads\/2024\/07\/Fronius-Smart-Meter-63A-3-4300011473.png\" alt=\"Contador inteligente Fronius 63A-3 - 43,0001,1473\" width=\"1315\" height=\"683\" title=\"\"><\/p>\n<\/div>\n<h3>Caracter\u00edsticas<\/h3>\n<div class=\"table-responsive\">\n<table>\n<tbody>\n<tr>\n<th style=\"text-align: left\">Tens\u00e3o nominal<\/th>\n<td style=\"text-align: left\">400 - 415 V<\/td>\n<\/tr>\n<tr>\n<th style=\"text-align: left\">Corrente m\u00e1xima<\/th>\n<td style=\"text-align: left\">3 x 63A<\/td>\n<\/tr>\n<tr>\n<th style=\"text-align: left\">Sec\u00e7\u00e3o transversal do cabo de alimenta\u00e7\u00e3o<\/th>\n<td>1-16mm\u00b2 1-16mm\u00b2 1-16mm\u00b2 1-16mm\u00b2 1-16mm\u00b2 1-16mm\u00b2 1-16mm<\/td>\n<\/tr>\n<tr>\n<th style=\"text-align: left\">Sec\u00e7\u00e3o transversal do cabo de comunica\u00e7\u00e3o e neutro<\/th>\n<td style=\"text-align: left\">0,05mm\u00b2 0,05mm\u00b2 0,05mm\u00b2 0,05mm\u00b2 0,05mm\u00b2 0,05mm<\/td>\n<\/tr>\n<tr>\n<th style=\"text-align: left\">Consumo de energia<\/th>\n<td style=\"text-align: left\">1,5 W<\/td>\n<\/tr>\n<tr>\n<th style=\"text-align: left\">Intensidade inicial<\/th>\n<td>40 mA<\/td>\n<\/tr>\n<tr>\n<th style=\"text-align: left\">Classe de prote\u00e7\u00e3o<\/th>\n<td style=\"text-align: left\">IP 51 (estrutura frontal), IP 20 (terminais)<\/td>\n<\/tr>\n<tr>\n<th style=\"text-align: left\">Sobrecorrente de curta dura\u00e7\u00e3o<\/th>\n<td style=\"text-align: left\">30 x Imax \/ 0,5 s<\/td>\n<\/tr>\n<tr>\n<th style=\"text-align: left\">Gama de temperaturas de funcionamento<\/th>\n<td>-25 - +55\u00b0C<\/td>\n<\/tr>\n<tr>\n<th style=\"text-align: left\">Dimens\u00e3o (largura)<\/th>\n<td>71,2 mm<\/td>\n<\/tr>\n<tr>\n<th style=\"text-align: left\">Dimens\u00e3o (altura)<\/th>\n<td>89 mm<\/td>\n<\/tr>\n<tr>\n<th style=\"text-align: left\">Dimens\u00e3o (profundidade)<\/th>\n<td>65,6 mm<\/td>\n<\/tr>\n<tr>\n<th style=\"text-align: left\">Peso<\/th>\n<td style=\"text-align: left\">0,24 kg<\/td>\n<\/tr>\n<\/tbody>\n<\/table>\n<h2>Ficha t\u00e9cnica Contador de energia Fronius Smart Meter 63A-3 - 43.0001.1473<\/h2>\n<p><a href=\"https:\/\/fvcomponentes.com\/wp-content\/uploads\/2024\/07\/Fronius_TDS_Smart_Meter_63A-1_63A-3_50KA_ES.pdf\" target=\"_blank\" rel=\"noopener\">Ver ficha t\u00e9cnica Contador de energia Fronius Smart Meter 63A-3<\/a><\/p>\n<\/div>","protected":false},"excerpt":{"rendered":"<p>Fronius - Medidor trif\u00e1sico de medi\u00e7\u00e3o direta 65A para medi\u00e7\u00e3o do consumo com inversores <a href=\"https:\/\/fvcomponentes.com\/pt\/categoria-produto\/investidores-2\/inversores-de-autoconsumo\/\" target=\"_blank\" rel=\"noopener\">Fronius Symo<\/a><\/p>\n<p>&nbsp;<\/p>","protected":false},"featured_media":16788,"comment_status":"open","ping_status":"closed","template":"","meta":{"site-sidebar-layout":"default","site-content-layout":"default","ast-site-content-layout":"default","site-content-style":"default","site-sidebar-style":"default","ast-global-header-display":"","ast-banner-title-visibility":"","ast-main-header-display":"","ast-hfb-above-header-display":"","ast-hfb-below-header-display":"","ast-hfb-mobile-header-display":"","site-post-title":"","ast-breadcrumbs-content":"","ast-featured-img":"","footer-sml-layout":"","ast-disable-related-posts":"","theme-transparent-header-meta":"default","adv-header-id-meta":"","stick-header-meta":"","header-above-stick-meta":"","header-main-stick-meta":"","header-below-stick-meta":"","astra-migrate-meta-layouts":"set","ast-page-background-enabled":"default","ast-page-background-meta":{"desktop":{"background-color":"var(--ast-global-color-4)","background-image":"","background-repeat":"repeat","background-position":"center center","background-size":"auto","background-attachment":"scroll","background-type":"","background-media":"","overlay-type":"","overlay-color":"","overlay-opacity":"","overlay-gradient":""},"tablet":{"background-color":"","background-image":"","background-repeat":"repeat","background-position":"center center","background-size":"auto","background-attachment":"scroll","background-type":"","background-media":"","overlay-type":"","overlay-color":"","overlay-opacity":"","overlay-gradient":""},"mobile":{"background-color":"","background-image":"","background-repeat":"repeat","background-position":"center center","background-size":"auto","background-attachment":"scroll","background-type":"","background-media":"","overlay-type":"","overlay-color":"","overlay-opacity":"","overlay-gradient":""}},"ast-content-background-meta":{"desktop":{"background-color":"var(--ast-global-color-5)","background-image":"","background-repeat":"repeat","background-position":"center center","background-size":"auto","background-attachment":"scroll","background-type":"","background-media":"","overlay-type":"","overlay-color":"","overlay-opacity":"","overlay-gradient":""},"tablet":{"background-color":"var(--ast-global-color-5)","background-image":"","background-repeat":"repeat","background-position":"center center","background-size":"auto","background-attachment":"scroll","background-type":"","background-media":"","overlay-type":"","overlay-color":"","overlay-opacity":"","overlay-gradient":""},"mobile":{"background-color":"var(--ast-global-color-5)","background-image":"","background-repeat":"repeat","background-position":"center center","background-size":"auto","background-attachment":"scroll","background-type":"","background-media":"","overlay-type":"","overlay-color":"","overlay-opacity":"","overlay-gradient":""}}},"pwb-brand":[344],"product_brand":[],"product_cat":[349,333],"product_tag":[],"class_list":{"0":"post-16783","1":"product","2":"type-product","3":"status-publish","4":"has-post-thumbnail","6":"pwb-brand-fronius","7":"product_cat-meters","8":"product_cat-inversores","9":"desktop-align-left","10":"tablet-align-left","11":"mobile-align-left","12":"ast-product-gallery-layout-horizontal-slider","13":"ast-product-gallery-with-no-image","14":"ast-product-tabs-layout-horizontal","16":"first","17":"instock","18":"taxable","19":"shipping-taxable","20":"purchasable","21":"product-type-simple"},"wcpa_form_fields":null,"brands":[{"id":344,"name":"Inversores Fronius","slug":"frontais"}],"_links":{"self":[{"href":"https:\/\/fvcomponentes.com\/pt\/wp-json\/wp\/v2\/product\/16783","targetHints":{"allow":["GET"]}}],"collection":[{"href":"https:\/\/fvcomponentes.com\/pt\/wp-json\/wp\/v2\/product"}],"about":[{"href":"https:\/\/fvcomponentes.com\/pt\/wp-json\/wp\/v2\/types\/product"}],"replies":[{"embeddable":true,"href":"https:\/\/fvcomponentes.com\/pt\/wp-json\/wp\/v2\/comments?post=16783"}],"wp:featuredmedia":[{"embeddable":true,"href":"https:\/\/fvcomponentes.com\/pt\/wp-json\/wp\/v2\/media\/16788"}],"wp:attachment":[{"href":"https:\/\/fvcomponentes.com\/pt\/wp-json\/wp\/v2\/media?parent=16783"}],"wp:term":[{"taxonomy":"pwb-brand","embeddable":true,"href":"https:\/\/fvcomponentes.com\/pt\/wp-json\/wp\/v2\/pwb-brand?post=16783"},{"taxonomy":"product_brand","embeddable":true,"href":"https:\/\/fvcomponentes.com\/pt\/wp-json\/wp\/v2\/product_brand?post=16783"},{"taxonomy":"product_cat","embeddable":true,"href":"https:\/\/fvcomponentes.com\/pt\/wp-json\/wp\/v2\/product_cat?post=16783"},{"taxonomy":"product_tag","embeddable":true,"href":"https:\/\/fvcomponentes.com\/pt\/wp-json\/wp\/v2\/product_tag?post=16783"}],"curies":[{"name":"wp","href":"https:\/\/api.w.org\/{rel}","templated":true}]}}