{"id":16762,"date":"2024-07-22T10:05:34","date_gmt":"2024-07-22T08:05:34","guid":{"rendered":"https:\/\/fvcomponentes.com\/?post_type=product&#038;p=16762"},"modified":"2024-08-09T22:26:35","modified_gmt":"2024-08-09T20:26:35","slug":"router-wireless-4g-tp-link-tl-mr100-300mbps-2-4ghz-2-antenas-wifi-802-11b-g-n-tpl-rou-tl-mr100","status":"publish","type":"product","link":"https:\/\/fvcomponentes.com\/pt\/producto\/router-inalambrico-4g-tp-link-tl-mr100-300mbps-2-4ghz-2-antenas-wifi-802-11b-g-n-tpl-rou-tl-mr100\/","title":{"rendered":"Router sem fios 4G TP-Link TL-MR100 300Mbps\/ 2.4GHz\/ 2 Antenas\/ WiFi 802.11b\/g\/n - TPL-ROU TL-MR100"},"content":{"rendered":"<h2>TP-Link TL-MR100 300Mbps\/ 2.4GHz\/ 2 Antenas\/ 802.11b\/g\/n WiFi - TPL-ROU Router sem fios TL-MR100 4G Caracter\u00edsticas<\/h2>\n<h2><\/h2>\n<h2>Plug &amp; Play, sem necessidade de configura\u00e7\u00e3o<\/h2>\n<p>Com um modem 4G LTE integrado e uma ranhura para cart\u00e3o SIM incorporada, basta inserir um cart\u00e3o micro SIM e desfrutar de uma liga\u00e7\u00e3o Wi-Fi r\u00e1pida e est\u00e1vel numa rede 4G LTE.<\/p>\n<h2>Partilhe a sua rede 4G LTE<\/h2>\n<ul>\n<li>Tire o m\u00e1ximo partido do seu Router Sem Fios TP-Link TL-MR100 300Mbps\/ 2.4GHz\/ 2 Antenas\/ 802.11b\/g\/n WiFi 4G - TPL-ROU TL-MR100; velocidades de transfer\u00eancia at\u00e9 150 Mbps.<\/li>\n<li>Partilhe a rede 4G LTE com v\u00e1rios dispositivos Wi-Fi: at\u00e9 32 em simult\u00e2neo.<\/li>\n<li>Totalmente compat\u00edvel com FDD-LTE e TDD-LTE para funcionar com a maioria dos operadores em todo o mundo.<\/li>\n<li>2 antenas LTE avan\u00e7adas amov\u00edveis para uma liga\u00e7\u00e3o sem falhas.<\/li>\n<li>4 portas LAN est\u00e3o prontas para fornecer Internet a dispositivos com fios, como computadores de secret\u00e1ria.<\/li>\n<\/ul>\n<h2>TP-Link TL-MR100 300Mbps\/ 2.4GHz\/ 2 Antenas\/ 802.11b\/g\/n WiFi - TPL-ROU TL-MR100 4G Wireless Router Hardware Features<\/h2>\n<ul>\n<li>Interface: 1 porta LAN de 10 \/ 100Mbps, 1 porta LAN \/ WAN de 10 \/ 100Mbps,<\/li>\n<li>1 ranhura para cart\u00e3o micro SIM<\/li>\n<li>Bot\u00f5es: Bot\u00e3o WPS\/Reset<\/li>\n<li>Fonte de alimenta\u00e7\u00e3o externa (UE): 9V\/0,85A<\/li>\n<li>Dimens\u00f5es: 154\u00d7114\u00d736 mm (6,06\u00d74,49\u00d71,42 pol.)<\/li>\n<li>Antenas: 2 antenas externas destac\u00e1veis 4G LTE<\/li>\n<\/ul>\n<h2>Funcionalidades sem fios<\/h2>\n<ul>\n<li>Normas sem fios: IEEE 802.11b\/g\/n<\/li>\n<li>Frequ\u00eancia: 2,4 GHz<\/li>\n<li>Taxa de sinal: 300 Mbps<\/li>\n<li>Sensibilidade de rece\u00e7\u00e3o: 11g 54M: -74 dBm<\/li>\n<li>11n HT20: -71 dBm<\/li>\n<li>11n HT40: -68 dBm<\/li>\n<li>Pot\u00eancia de transmiss\u00e3o: &lt; 20 dBm (2,4 GHz)<\/li>\n<li>Fun\u00e7\u00f5es sem fios: Ativar\/desativar o r\u00e1dio sem fios, programa\u00e7\u00e3o sem fios, WMM, estat\u00edsticas sem fios<\/li>\n<li>Failover de WAN: Sim<\/li>\n<li>Seguran\u00e7a sem fios: encripta\u00e7\u00e3o WEP de 64\/128 bits, WPA\/WPA2, WPA-PSK\/WPA2-PSK<\/li>\n<li>Tipo de rede: 4G: FDD-LTE: B1\/B3\/B5\/B7\/B8\/B20 (2100\/1800\/850\/2600\/900\/800 MHz)<\/li>\n<li>TDD-LTE: B38\/B40\/B41 (2600\/2300\/2500 MHz)<\/li>\n<li>3G: HSPA\/UMTS: B1\/B5\/B8 (2100\/850\/900 MHz)<\/li>\n<\/ul>\n<h2>Caracter\u00edsticas do software<\/h2>\n<ul>\n<li>Seguran\u00e7a: Firewall IPv4 SPI, vincula\u00e7\u00e3o de endere\u00e7os IP e MAC<\/li>\n<li>Modo de funcionamento: router 3G\/4G, router sem fios<\/li>\n<li>Tipo de WAN: IP din\u00e2mico \/ IP est\u00e1tico \/ PPPoE \/ PPTP (acesso duplo) \/ L2TP (acesso duplo)<\/li>\n<li>Gest\u00e3o: Gest\u00e3o local, gest\u00e3o remota<\/li>\n<li>DHCP: Servidor DHCP, Lista de clientes DHCP, Reserva de endere\u00e7os DHCP<\/li>\n<li>Reencaminhamento de portas: ALG, servidor virtual, ativa\u00e7\u00e3o de portas, UPnP, DMZ<\/li>\n<li>DNS din\u00e2mico: DynDns, NO-IP<\/li>\n<li>Protocolos: IPv4, IPv6<\/li>\n<li>Rede de convidados: Rede de convidados de 2,4 GHz<\/li>\n<li>Administra\u00e7\u00e3o: Atualiza\u00e7\u00e3o do firmware, predefini\u00e7\u00f5es de f\u00e1brica, registo do sistema, ferramentas de diagn\u00f3stico<\/li>\n<\/ul>\n<h2>Outras especifica\u00e7\u00f5es do Router sem fios TP-Link TL-MR100 300Mbps\/ 2.4GHz\/ 2 Antenas\/ WiFi 802.11b\/g\/n 4G - TPL-ROU TL-MR100<\/h2>\n<ul>\n<li>Certifica\u00e7\u00f5es: CE, RoHS<\/li>\n<li>Conte\u00fado da embalagem: 300 Mbps Wireless N 4G LTE TL-MR100<\/li>\n<li>Adaptador de corrente<\/li>\n<li>Cabo Ethernet RJ45<\/li>\n<li>Guia de instala\u00e7\u00e3o r\u00e1pida<\/li>\n<li>Requisitos: Microsoft Windows 98SE \/ NT \/ 2000 \/ XP \/ Vista \u2122 \/ 7\/8 \/ 8.1 \/ 10, MAC OS, NetWare, UNIX ou Linux<\/li>\n<li>Internet Explorer 11, Firefox 12.0, Chrome 20.0, Safari 4.0 ou outro<\/li>\n<li>Navegador compat\u00edvel com Java<\/li>\n<li>Cart\u00e3o micro SIM<\/li>\n<li>Factores ambientais: Temperatura de funcionamento: 0\u2103~40\u2103 (32\u2109~104\u2109)<\/li>\n<li>Temperatura de armazenamento: -40\u2103~70\u2103 (-40\u2109~158\u2109)<\/li>\n<li>Humidade de funcionamento: 10%~90% sem condensa\u00e7\u00e3o<\/li>\n<li>Humidade de armazenamento: 5%~90% sem condensa\u00e7\u00e3o<\/li>\n<\/ul>","protected":false},"excerpt":{"rendered":"<p><span style=\"color: #ff0000;\"><strong>Pretende ligar a sua instala\u00e7\u00e3o Victron \u00e0 Internet? Necessita de ligar o Cerbo GX \u00e0 Internet? Este router 4G \u00e9 a sua solu\u00e7\u00e3o.<\/strong><\/span><\/p>\n<p><strong>Atrav\u00e9s de um cart\u00e3o telef\u00f3nico com uma tarifa de Internet, pode fornecer \u00e0 sua instala\u00e7\u00e3o Victron acesso \u00e0 Internet e ligar-se remotamente sempre que quiser.<\/strong><\/p>\n<ul>\n<li>Modem 4G LTE integrado<\/li>\n<li>Ranhura para cart\u00e3o SIM incorporada<\/li>\n<li>Frequ\u00eancia: 2,4 GHz<\/li>\n<li>Taxa de sinal: 300 Mbps<\/li>\n<\/ul>","protected":false},"featured_media":16768,"comment_status":"open","ping_status":"closed","template":"","meta":{"site-sidebar-layout":"default","site-content-layout":"default","ast-site-content-layout":"default","site-content-style":"default","site-sidebar-style":"default","ast-global-header-display":"","ast-banner-title-visibility":"","ast-main-header-display":"","ast-hfb-above-header-display":"","ast-hfb-below-header-display":"","ast-hfb-mobile-header-display":"","site-post-title":"","ast-breadcrumbs-content":"","ast-featured-img":"","footer-sml-layout":"","ast-disable-related-posts":"","theme-transparent-header-meta":"default","adv-header-id-meta":"","stick-header-meta":"","header-above-stick-meta":"","header-main-stick-meta":"","header-below-stick-meta":"","astra-migrate-meta-layouts":"set","ast-page-background-enabled":"default","ast-page-background-meta":{"desktop":{"background-color":"var(--ast-global-color-4)","background-image":"","background-repeat":"repeat","background-position":"center center","background-size":"auto","background-attachment":"scroll","background-type":"","background-media":"","overlay-type":"","overlay-color":"","overlay-opacity":"","overlay-gradient":""},"tablet":{"background-color":"","background-image":"","background-repeat":"repeat","background-position":"center center","background-size":"auto","background-attachment":"scroll","background-type":"","background-media":"","overlay-type":"","overlay-color":"","overlay-opacity":"","overlay-gradient":""},"mobile":{"background-color":"","background-image":"","background-repeat":"repeat","background-position":"center center","background-size":"auto","background-attachment":"scroll","background-type":"","background-media":"","overlay-type":"","overlay-color":"","overlay-opacity":"","overlay-gradient":""}},"ast-content-background-meta":{"desktop":{"background-color":"var(--ast-global-color-5)","background-image":"","background-repeat":"repeat","background-position":"center center","background-size":"auto","background-attachment":"scroll","background-type":"","background-media":"","overlay-type":"","overlay-color":"","overlay-opacity":"","overlay-gradient":""},"tablet":{"background-color":"var(--ast-global-color-5)","background-image":"","background-repeat":"repeat","background-position":"center center","background-size":"auto","background-attachment":"scroll","background-type":"","background-media":"","overlay-type":"","overlay-color":"","overlay-opacity":"","overlay-gradient":""},"mobile":{"background-color":"var(--ast-global-color-5)","background-image":"","background-repeat":"repeat","background-position":"center center","background-size":"auto","background-attachment":"scroll","background-type":"","background-media":"","overlay-type":"","overlay-color":"","overlay-opacity":"","overlay-gradient":""}}},"pwb-brand":[332],"product_brand":[],"product_cat":[333,934],"product_tag":[],"class_list":{"0":"post-16762","1":"product","2":"type-product","3":"status-publish","4":"has-post-thumbnail","6":"pwb-brand-victron","7":"product_cat-inversores","8":"product_cat-monitorizacion","9":"desktop-align-left","10":"tablet-align-left","11":"mobile-align-left","12":"ast-product-gallery-layout-horizontal-slider","13":"ast-product-gallery-with-no-image","14":"ast-product-tabs-layout-horizontal","16":"first","17":"instock","18":"taxable","19":"shipping-taxable","20":"purchasable","21":"product-type-simple"},"wcpa_form_fields":null,"brands":[{"id":332,"name":"Victron Energia","slug":"victron"}],"_links":{"self":[{"href":"https:\/\/fvcomponentes.com\/pt\/wp-json\/wp\/v2\/product\/16762","targetHints":{"allow":["GET"]}}],"collection":[{"href":"https:\/\/fvcomponentes.com\/pt\/wp-json\/wp\/v2\/product"}],"about":[{"href":"https:\/\/fvcomponentes.com\/pt\/wp-json\/wp\/v2\/types\/product"}],"replies":[{"embeddable":true,"href":"https:\/\/fvcomponentes.com\/pt\/wp-json\/wp\/v2\/comments?post=16762"}],"wp:featuredmedia":[{"embeddable":true,"href":"https:\/\/fvcomponentes.com\/pt\/wp-json\/wp\/v2\/media\/16768"}],"wp:attachment":[{"href":"https:\/\/fvcomponentes.com\/pt\/wp-json\/wp\/v2\/media?parent=16762"}],"wp:term":[{"taxonomy":"pwb-brand","embeddable":true,"href":"https:\/\/fvcomponentes.com\/pt\/wp-json\/wp\/v2\/pwb-brand?post=16762"},{"taxonomy":"product_brand","embeddable":true,"href":"https:\/\/fvcomponentes.com\/pt\/wp-json\/wp\/v2\/product_brand?post=16762"},{"taxonomy":"product_cat","embeddable":true,"href":"https:\/\/fvcomponentes.com\/pt\/wp-json\/wp\/v2\/product_cat?post=16762"},{"taxonomy":"product_tag","embeddable":true,"href":"https:\/\/fvcomponentes.com\/pt\/wp-json\/wp\/v2\/product_tag?post=16762"}],"curies":[{"name":"wp","href":"https:\/\/api.w.org\/{rel}","templated":true}]}}