{"id":16658,"date":"2024-07-17T18:10:11","date_gmt":"2024-07-17T16:10:11","guid":{"rendered":"https:\/\/fvcomponentes.com\/?post_type=product&#038;p=16658"},"modified":"2026-03-30T12:17:06","modified_gmt":"2026-03-30T10:17:06","slug":"sensor-de-potencia-inteligente-huawei-ddsu666-h-1-ph-100a-medidor-de-potencia-20022248","status":"publish","type":"product","link":"https:\/\/fvcomponentes.com\/pt\/producto\/medidor-de-energia-huawei-smart-power-sensor-ddsu666-h-1-ph-100a-20022248\/","title":{"rendered":"Sensor de pot\u00eancia inteligente DDSU666-H 1-Ph 100A da Huawei - 20022248"},"content":{"rendered":"<div class=\"level2\">\n<h2>Sensor de pot\u00eancia inteligente DDSU666-H 1-Ph 100A da Huawei - 20022248<\/h2>\n<\/div>\n<ul>\n<li>Contador de energia HUAWEI DDSU666-H, monof\u00e1sico at\u00e9 100A - 1x CT 100A inclu\u00eddo<\/li>\n<li>Necess\u00e1rio para o controlo do consumo e a gest\u00e3o dos excedentes de energia (armazenamento, inje\u00e7\u00e3o zero).<\/li>\n<\/ul>\n<h2>Ficha t\u00e9cnica Sensor de pot\u00eancia inteligente Huawei DDSU666-H Medidor de energia 1-Ph 100A - 20022248<\/h2>\n<p><a href=\"https:\/\/fvcomponentes.com\/wp-content\/uploads\/2024\/07\/Ficha-tecnica-del-Medidor-de-energia-Huawei-Smart-Power-Sensor-3Ph1Ph-100A-DTSU666-FE-English.pdf\" target=\"_blank\" rel=\"noopener\">Ver ficha de dados do medidor de pot\u00eancia DDSU666-H 1-Ph 100A da Huawei Smart Power Sensor - 20022248<\/a><\/p>","protected":false},"excerpt":{"rendered":"<p><strong>Fases:<\/strong> 1<br \/>\n<strong>Corrente nominal m\u00e1xima:<\/strong> 100 A<\/p>","protected":false},"featured_media":16679,"comment_status":"open","ping_status":"closed","template":"","meta":{"site-sidebar-layout":"default","site-content-layout":"default","ast-site-content-layout":"default","site-content-style":"default","site-sidebar-style":"default","ast-global-header-display":"","ast-banner-title-visibility":"","ast-main-header-display":"","ast-hfb-above-header-display":"","ast-hfb-below-header-display":"","ast-hfb-mobile-header-display":"","site-post-title":"","ast-breadcrumbs-content":"","ast-featured-img":"","footer-sml-layout":"","ast-disable-related-posts":"","theme-transparent-header-meta":"default","adv-header-id-meta":"","stick-header-meta":"","header-above-stick-meta":"","header-main-stick-meta":"","header-below-stick-meta":"","astra-migrate-meta-layouts":"set","ast-page-background-enabled":"default","ast-page-background-meta":{"desktop":{"background-color":"var(--ast-global-color-4)","background-image":"","background-repeat":"repeat","background-position":"center center","background-size":"auto","background-attachment":"scroll","background-type":"","background-media":"","overlay-type":"","overlay-color":"","overlay-opacity":"","overlay-gradient":""},"tablet":{"background-color":"","background-image":"","background-repeat":"repeat","background-position":"center center","background-size":"auto","background-attachment":"scroll","background-type":"","background-media":"","overlay-type":"","overlay-color":"","overlay-opacity":"","overlay-gradient":""},"mobile":{"background-color":"","background-image":"","background-repeat":"repeat","background-position":"center center","background-size":"auto","background-attachment":"scroll","background-type":"","background-media":"","overlay-type":"","overlay-color":"","overlay-opacity":"","overlay-gradient":""}},"ast-content-background-meta":{"desktop":{"background-color":"var(--ast-global-color-5)","background-image":"","background-repeat":"repeat","background-position":"center center","background-size":"auto","background-attachment":"scroll","background-type":"","background-media":"","overlay-type":"","overlay-color":"","overlay-opacity":"","overlay-gradient":""},"tablet":{"background-color":"var(--ast-global-color-5)","background-image":"","background-repeat":"repeat","background-position":"center center","background-size":"auto","background-attachment":"scroll","background-type":"","background-media":"","overlay-type":"","overlay-color":"","overlay-opacity":"","overlay-gradient":""},"mobile":{"background-color":"var(--ast-global-color-5)","background-image":"","background-repeat":"repeat","background-position":"center center","background-size":"auto","background-attachment":"scroll","background-type":"","background-media":"","overlay-type":"","overlay-color":"","overlay-opacity":"","overlay-gradient":""}}},"pwb-brand":[381],"product_brand":[],"product_cat":[349,333],"product_tag":[],"class_list":{"0":"post-16658","1":"product","2":"type-product","3":"status-publish","4":"has-post-thumbnail","6":"pwb-brand-huawei","7":"product_cat-meters","8":"product_cat-inversores","9":"desktop-align-left","10":"tablet-align-left","11":"mobile-align-left","12":"ast-product-gallery-layout-horizontal-slider","13":"ast-product-gallery-with-no-image","14":"ast-product-tabs-layout-horizontal","16":"first","17":"instock","18":"taxable","19":"shipping-taxable","20":"purchasable","21":"product-type-simple"},"wcpa_form_fields":null,"brands":[{"id":381,"name":"Inversores Huawei","slug":"huawei"}],"_links":{"self":[{"href":"https:\/\/fvcomponentes.com\/pt\/wp-json\/wp\/v2\/product\/16658","targetHints":{"allow":["GET"]}}],"collection":[{"href":"https:\/\/fvcomponentes.com\/pt\/wp-json\/wp\/v2\/product"}],"about":[{"href":"https:\/\/fvcomponentes.com\/pt\/wp-json\/wp\/v2\/types\/product"}],"replies":[{"embeddable":true,"href":"https:\/\/fvcomponentes.com\/pt\/wp-json\/wp\/v2\/comments?post=16658"}],"wp:featuredmedia":[{"embeddable":true,"href":"https:\/\/fvcomponentes.com\/pt\/wp-json\/wp\/v2\/media\/16679"}],"wp:attachment":[{"href":"https:\/\/fvcomponentes.com\/pt\/wp-json\/wp\/v2\/media?parent=16658"}],"wp:term":[{"taxonomy":"pwb-brand","embeddable":true,"href":"https:\/\/fvcomponentes.com\/pt\/wp-json\/wp\/v2\/pwb-brand?post=16658"},{"taxonomy":"product_brand","embeddable":true,"href":"https:\/\/fvcomponentes.com\/pt\/wp-json\/wp\/v2\/product_brand?post=16658"},{"taxonomy":"product_cat","embeddable":true,"href":"https:\/\/fvcomponentes.com\/pt\/wp-json\/wp\/v2\/product_cat?post=16658"},{"taxonomy":"product_tag","embeddable":true,"href":"https:\/\/fvcomponentes.com\/pt\/wp-json\/wp\/v2\/product_tag?post=16658"}],"curies":[{"name":"wp","href":"https:\/\/api.w.org\/{rel}","templated":true}]}}