{"id":16417,"date":"2024-07-12T10:59:44","date_gmt":"2024-07-12T08:59:44","guid":{"rendered":"https:\/\/fvcomponentes.com\/?post_type=product&#038;p=16417"},"modified":"2026-01-15T10:06:16","modified_gmt":"2026-01-15T09:06:16","slug":"painel-solar-victron-bluesolar-150w-12v-monocristalino-serie-4a-spm041501200","status":"publish","type":"product","link":"https:\/\/fvcomponentes.com\/pt\/producto\/panel-solar-victron-bluesolar-150w-12v-monocristalino-series-4a-spm041501200\/","title":{"rendered":"Painel solar monocristalino Victron BlueSolar 150W-12V s\u00e9rie 4a - SPM041501200"},"content":{"rendered":"<h2>Painel solar Victron BlueSolar 150W-12V monocristalino s\u00e9rie 4a - SPM041501200<\/h2>\n<h2>Pain\u00e9is monocristalinos<\/h2>\n<p dir=\"ltr\">As c\u00e9lulas de sil\u00edcio monocristalino do Painel Solar Monocristalino Victron BlueSolar 140W-12V s\u00e9rie 4a - SPM041401200 s\u00e3o fabricadas a partir de lingotes (blocos cil\u00edndricos de sil\u00edcio). Todos os quatro lados do cilindro s\u00e3o cortados, o que desperdi\u00e7a muito sil\u00edcio e produz folhas com arestas arredondadas. Como resultado, os cristais t\u00eam uma elevada pureza, o que aumenta o rendimento de cada c\u00e9lula. As placas deste material s\u00e3o normalmente mais escuras, maioritariamente de cor preta.<\/p>\n<p style=\"font-weight: 400\"><span style=\"font-style: inherit;font-weight: inherit\"><strong>Pain\u00e9is solares monocristalinos,<\/strong> Sendo mais eficientes, s\u00e3o capazes de produzir consideravelmente mais energia em menos espa\u00e7o. Por este motivo, s\u00e3o uma escolha a considerar no caso de se dispor de uma superf\u00edcie reduzida para a instala\u00e7\u00e3o dos pain\u00e9is. Ao produzir mais energia por uma \u00e1rea de superf\u00edcie mais pequena, \u00e9 poss\u00edvel obter maiores poupan\u00e7as do que com os pain\u00e9is policristalinos.\u00a0<\/span><\/p>\n<h2>Carater\u00edsticas do painel solar monocristalino Victron BlueSolar 150W-12V s\u00e9rie 4a<\/h2>\n<p>- O baixo coeficiente tens\u00e3o-temperatura melhora o funcionamento a altas temperaturas.<br \/>\n- Desempenho excecional em condi\u00e7\u00f5es de fraca luminosidade e elevada sensibilidade \u00e0 luz em todo o espetro solar.<br \/>\n- Os d\u00edodos de bypass de elevado desempenho minimizam as quedas de pot\u00eancia causadas pelo sombreamento.<br \/>\n- O avan\u00e7ado sistema de encapsulamento em EVA (etileno acetato de vinilo) com folhas traseiras de camada tripla cumpre os mais elevados requisitos para funcionamento a alta tens\u00e3o.<br \/>\n- Uma estrutura robusta de alum\u00ednio galvanizado permite que os m\u00f3dulos sejam instalados no telhado com v\u00e1rios sistemas de montagem padr\u00e3o.<br \/>\n- O vidro temperado de alta qualidade e alta transmiss\u00e3o proporciona uma maior dureza e resist\u00eancia ao impacto.<br \/>\n- A caixa de deriva\u00e7\u00e3o selada, estanque e multifuncional proporciona elevados n\u00edveis de seguran\u00e7a.<br \/>\n- Pr\u00e9-cablagem com conectores de liga\u00e7\u00e3o r\u00e1pida PV-ST01.<\/p>\n<h2>Garantias<\/h2>\n<p>oferece as melhores garantias para todos os seus produtos. No caso dos pain\u00e9is solares BlueSolar, esta garantia estende-se por um per\u00edodo limitado de 25 anos no que respeita ao fornecimento de energia e ao desempenho. A BlueSolar garante igualmente a qualidade dos materiais e o profissionalismo dos seus instaladores, oferecendo uma garantia limitada de 5 anos para os materiais e a m\u00e3o de obra.<\/p>\n<h2>Ficha t\u00e9cnica Painel solar monocristalino Victron BlueSolar 150W-12V s\u00e9rie 4a - SPM041501200<\/h2>\n<p><a href=\"https:\/\/fvcomponentes.com\/wp-content\/uploads\/2021\/03\/Paneles-solares-monocristalinos.pdf\" target=\"_blank\" rel=\"noopener\">Ver ficha de dados t\u00e9cnicos do<\/a><a href=\"https:\/\/fvcomponentes.com\/wp-content\/uploads\/2024\/07\/Ficha-tecnica-paneles-monocristalinos-Victron.pdf\" target=\"_blank\" rel=\"noopener\"> Painel solar monocristalino Victron BlueSolar 150W-12V s\u00e9rie 4a<\/a><\/p>\n<h2>Manual Painel solar Victron BlueSolar 150W-12V monocristalino 4a series<\/h2>\n<p><a href=\"https:\/\/fvcomponentes.com\/wp-content\/uploads\/2025\/10\/Installation-Manual-BlueSolar-Panels-EN-NL-FR-DE-ES-SE.pdf\" target=\"_blank\" rel=\"noopener\">Ver manual do painel solar monocristalino Victron BlueSolar 150W-12V s\u00e9rie 4a<\/a><\/p>","protected":false},"excerpt":{"rendered":"<ul>\n<li><strong>Pot\u00eancia nominal:<\/strong> 150W<\/li>\n<li><strong>Tens\u00e3o:<\/strong> 12V<\/li>\n<li><strong>Medidas<\/strong>: 1485 x 668 x 30mm<\/li>\n<li><strong>C\u00e9lulas<\/strong>: 36<\/li>\n<\/ul>","protected":false},"featured_media":11170,"comment_status":"open","ping_status":"closed","template":"","meta":{"site-sidebar-layout":"default","site-content-layout":"default","ast-site-content-layout":"default","site-content-style":"default","site-sidebar-style":"default","ast-global-header-display":"","ast-banner-title-visibility":"","ast-main-header-display":"","ast-hfb-above-header-display":"","ast-hfb-below-header-display":"","ast-hfb-mobile-header-display":"","site-post-title":"","ast-breadcrumbs-content":"","ast-featured-img":"","footer-sml-layout":"","ast-disable-related-posts":"","theme-transparent-header-meta":"default","adv-header-id-meta":"","stick-header-meta":"","header-above-stick-meta":"","header-main-stick-meta":"","header-below-stick-meta":"","astra-migrate-meta-layouts":"set","ast-page-background-enabled":"default","ast-page-background-meta":{"desktop":{"background-color":"var(--ast-global-color-4)","background-image":"","background-repeat":"repeat","background-position":"center center","background-size":"auto","background-attachment":"scroll","background-type":"","background-media":"","overlay-type":"","overlay-color":"","overlay-opacity":"","overlay-gradient":""},"tablet":{"background-color":"","background-image":"","background-repeat":"repeat","background-position":"center center","background-size":"auto","background-attachment":"scroll","background-type":"","background-media":"","overlay-type":"","overlay-color":"","overlay-opacity":"","overlay-gradient":""},"mobile":{"background-color":"","background-image":"","background-repeat":"repeat","background-position":"center center","background-size":"auto","background-attachment":"scroll","background-type":"","background-media":"","overlay-type":"","overlay-color":"","overlay-opacity":"","overlay-gradient":""}},"ast-content-background-meta":{"desktop":{"background-color":"var(--ast-global-color-5)","background-image":"","background-repeat":"repeat","background-position":"center center","background-size":"auto","background-attachment":"scroll","background-type":"","background-media":"","overlay-type":"","overlay-color":"","overlay-opacity":"","overlay-gradient":""},"tablet":{"background-color":"var(--ast-global-color-5)","background-image":"","background-repeat":"repeat","background-position":"center center","background-size":"auto","background-attachment":"scroll","background-type":"","background-media":"","overlay-type":"","overlay-color":"","overlay-opacity":"","overlay-gradient":""},"mobile":{"background-color":"var(--ast-global-color-5)","background-image":"","background-repeat":"repeat","background-position":"center center","background-size":"auto","background-attachment":"scroll","background-type":"","background-media":"","overlay-type":"","overlay-color":"","overlay-opacity":"","overlay-gradient":""}}},"pwb-brand":[332],"product_brand":[],"product_cat":[395,396],"product_tag":[],"class_list":{"0":"post-16417","1":"product","2":"type-product","3":"status-publish","4":"has-post-thumbnail","6":"pwb-brand-victron","7":"product_cat-placas-solares","8":"product_cat-placas-solares-12-v","9":"product_shipping_class-paneles","10":"desktop-align-left","11":"tablet-align-left","12":"mobile-align-left","13":"ast-product-gallery-layout-horizontal-slider","14":"ast-product-gallery-with-no-image","15":"ast-product-tabs-layout-horizontal","17":"first","18":"instock","19":"taxable","20":"shipping-taxable","21":"purchasable","22":"product-type-simple"},"wcpa_form_fields":null,"brands":[{"id":332,"name":"Victron Energia","slug":"victron"}],"_links":{"self":[{"href":"https:\/\/fvcomponentes.com\/pt\/wp-json\/wp\/v2\/product\/16417","targetHints":{"allow":["GET"]}}],"collection":[{"href":"https:\/\/fvcomponentes.com\/pt\/wp-json\/wp\/v2\/product"}],"about":[{"href":"https:\/\/fvcomponentes.com\/pt\/wp-json\/wp\/v2\/types\/product"}],"replies":[{"embeddable":true,"href":"https:\/\/fvcomponentes.com\/pt\/wp-json\/wp\/v2\/comments?post=16417"}],"wp:featuredmedia":[{"embeddable":true,"href":"https:\/\/fvcomponentes.com\/pt\/wp-json\/wp\/v2\/media\/11170"}],"wp:attachment":[{"href":"https:\/\/fvcomponentes.com\/pt\/wp-json\/wp\/v2\/media?parent=16417"}],"wp:term":[{"taxonomy":"pwb-brand","embeddable":true,"href":"https:\/\/fvcomponentes.com\/pt\/wp-json\/wp\/v2\/pwb-brand?post=16417"},{"taxonomy":"product_brand","embeddable":true,"href":"https:\/\/fvcomponentes.com\/pt\/wp-json\/wp\/v2\/product_brand?post=16417"},{"taxonomy":"product_cat","embeddable":true,"href":"https:\/\/fvcomponentes.com\/pt\/wp-json\/wp\/v2\/product_cat?post=16417"},{"taxonomy":"product_tag","embeddable":true,"href":"https:\/\/fvcomponentes.com\/pt\/wp-json\/wp\/v2\/product_tag?post=16417"}],"curies":[{"name":"wp","href":"https:\/\/api.w.org\/{rel}","templated":true}]}}