{"id":16407,"date":"2024-07-12T09:05:33","date_gmt":"2024-07-12T07:05:33","guid":{"rendered":"https:\/\/fvcomponentes.com\/?post_type=product&#038;p=16407"},"modified":"2026-01-15T10:09:31","modified_gmt":"2026-01-15T09:09:31","slug":"ecra-tatil-victron-gx-touch-70-embutido-para-montagem-embutida-bpp900455170","status":"publish","type":"product","link":"https:\/\/fvcomponentes.com\/pt\/producto\/pantalla-tactil-victron-gx-touch-70-flush-para-empotrar-bpp900455170\/","title":{"rendered":"Ecr\u00e3 t\u00e1til Victron GX Touch 70 embutido (montagem embutida) - BPP900455170"},"content":{"rendered":"<h2>Ecr\u00e3 t\u00e1til Victron GX Touch 70 embutido (montagem embutida) - BPP900455170<\/h2>\n<p>O ecr\u00e3 t\u00e1til de sete polegadas, um acess\u00f3rio do Cerbo GX, d\u00e1-lhe uma vis\u00e3o instant\u00e2nea do sistema e permite-lhe ajustar os par\u00e2metros num instante. Basta ligar o Cerbo GX com um cabo: o seu design ultraplano e \u00e0 prova de \u00e1gua, a sua configura\u00e7\u00e3o de montagem superior e a sua instala\u00e7\u00e3o simples proporcionam-lhe uma grande flexibilidade na cria\u00e7\u00e3o de um painel claro e organizado.<\/p>\n<h3 class=\"productDetails__block-title\"><span class=\"productDetails__block-title-content\">Montagem simples<\/span><\/h3>\n<div class=\"productDetails__block-description\">\n<ul>\n<li>O GX Touch est\u00e1 optimizado para mais do que satisfazer os padr\u00f5es dos instaladores profissionais.<\/li>\n<li>Design de montagem embutida.<\/li>\n<li>Liga-se com um \u00fanico cabo, sem o inc\u00f3modo de ter de passar muitos cabos at\u00e9 ao painel de controlo.<\/li>\n<\/ul>\n<h3>Ecr\u00e3 t\u00e1til Victron GX Touch 70 flush - BPP900455170 e Cerbo GX<\/h3>\n<p>Este ecr\u00e3 \u00e9 o companheiro do <a href=\"https:\/\/fvcomponentes.com\/pt\/produto\/monitor-victron-cerbo-gx-mk2-bpp900451100-victron-cerbo-mk2\/\" target=\"_blank\" rel=\"noopener\">Monitoriza\u00e7\u00e3o Victron Cerbo GX MK2 - BPP900451100<\/a>O novo centro de comunica\u00e7\u00f5es permite-lhe ter um controlo cont\u00ednuo do seu sistema em qualquer altura, a partir de qualquer lugar, e maximizar o desempenho do seu sistema.<\/p>\n<p>Ligando simplesmente atrav\u00e9s do portal Victron Remote Management (VRM), ou acedendo diretamente atrav\u00e9s da descarga GX Touch 70, de um ecr\u00e3 multifun\u00e7\u00f5es ou da aplica\u00e7\u00e3o VictronConnect, gra\u00e7as \u00e0 sua capacidade Bluetooth. Combina tudo o que h\u00e1 de melhor em termos de conetividade, redefinindo as solu\u00e7\u00f5es de energia inteligente em todos os aspetos.<\/p>\n<\/div>\n<h2>Folha de dados Monitor t\u00e1til Victron GX Touch 70 flush - BPP900455170<\/h2>\n<div class=\"productDetails__block-description\">\n<p><a href=\"https:\/\/fvcomponentes.com\/wp-content\/uploads\/2024\/07\/Ficha-tecnica-Monitorizacion-Cerbo-GX-Cerbo-S-GX-y-GX-Touch-Victron.pdf\" target=\"_blank\" rel=\"noopener\">Ver a ficha de dados do ecr\u00e3 t\u00e1til Victron GX Touch 70 embutido - BPP900455170<\/a><\/p>\n<\/div>","protected":false},"excerpt":{"rendered":"<ul>\n<li>Nova vers\u00e3o do <a href=\"https:\/\/fvcomponentes.com\/pt\/produto\/monitorizacao-victron-gx-touch-70-bpp900455070\/\" target=\"_blank\" rel=\"noopener\">Ecr\u00e3 Victron GX Touch 70<\/a>para um <strong>montagem embutida<\/strong>.<\/li>\n<li>O ecr\u00e3 t\u00e1til de sete polegadas proporciona uma vis\u00e3o geral instant\u00e2nea do sistema e permite a realiza\u00e7\u00e3o de ajustes nas defini\u00e7\u00f5es.<\/li>\n<li>Design \u00e0 prova de \u00e1gua.<\/li>\n<li>Resolu\u00e7\u00e3o do ecr\u00e3: 1024 x 600.<\/li>\n<\/ul>","protected":false},"featured_media":3302,"comment_status":"open","ping_status":"closed","template":"","meta":{"site-sidebar-layout":"default","site-content-layout":"default","ast-site-content-layout":"default","site-content-style":"default","site-sidebar-style":"default","ast-global-header-display":"","ast-banner-title-visibility":"","ast-main-header-display":"","ast-hfb-above-header-display":"","ast-hfb-below-header-display":"","ast-hfb-mobile-header-display":"","site-post-title":"","ast-breadcrumbs-content":"","ast-featured-img":"","footer-sml-layout":"","ast-disable-related-posts":"","theme-transparent-header-meta":"default","adv-header-id-meta":"","stick-header-meta":"","header-above-stick-meta":"","header-main-stick-meta":"","header-below-stick-meta":"","astra-migrate-meta-layouts":"set","ast-page-background-enabled":"default","ast-page-background-meta":{"desktop":{"background-color":"var(--ast-global-color-4)","background-image":"","background-repeat":"repeat","background-position":"center center","background-size":"auto","background-attachment":"scroll","background-type":"","background-media":"","overlay-type":"","overlay-color":"","overlay-opacity":"","overlay-gradient":""},"tablet":{"background-color":"","background-image":"","background-repeat":"repeat","background-position":"center center","background-size":"auto","background-attachment":"scroll","background-type":"","background-media":"","overlay-type":"","overlay-color":"","overlay-opacity":"","overlay-gradient":""},"mobile":{"background-color":"","background-image":"","background-repeat":"repeat","background-position":"center center","background-size":"auto","background-attachment":"scroll","background-type":"","background-media":"","overlay-type":"","overlay-color":"","overlay-opacity":"","overlay-gradient":""}},"ast-content-background-meta":{"desktop":{"background-color":"var(--ast-global-color-5)","background-image":"","background-repeat":"repeat","background-position":"center center","background-size":"auto","background-attachment":"scroll","background-type":"","background-media":"","overlay-type":"","overlay-color":"","overlay-opacity":"","overlay-gradient":""},"tablet":{"background-color":"var(--ast-global-color-5)","background-image":"","background-repeat":"repeat","background-position":"center center","background-size":"auto","background-attachment":"scroll","background-type":"","background-media":"","overlay-type":"","overlay-color":"","overlay-opacity":"","overlay-gradient":""},"mobile":{"background-color":"var(--ast-global-color-5)","background-image":"","background-repeat":"repeat","background-position":"center center","background-size":"auto","background-attachment":"scroll","background-type":"","background-media":"","overlay-type":"","overlay-color":"","overlay-opacity":"","overlay-gradient":""}}},"pwb-brand":[332],"product_brand":[],"product_cat":[333,934],"product_tag":[],"class_list":{"0":"post-16407","1":"product","2":"type-product","3":"status-publish","4":"has-post-thumbnail","6":"pwb-brand-victron","7":"product_cat-inversores","8":"product_cat-monitorizacion","9":"desktop-align-left","10":"tablet-align-left","11":"mobile-align-left","12":"ast-product-gallery-layout-horizontal-slider","13":"ast-product-tabs-layout-horizontal","15":"first","16":"instock","17":"taxable","18":"shipping-taxable","19":"purchasable","20":"product-type-simple"},"wcpa_form_fields":null,"brands":[{"id":332,"name":"Victron Energia","slug":"victron"}],"_links":{"self":[{"href":"https:\/\/fvcomponentes.com\/pt\/wp-json\/wp\/v2\/product\/16407","targetHints":{"allow":["GET"]}}],"collection":[{"href":"https:\/\/fvcomponentes.com\/pt\/wp-json\/wp\/v2\/product"}],"about":[{"href":"https:\/\/fvcomponentes.com\/pt\/wp-json\/wp\/v2\/types\/product"}],"replies":[{"embeddable":true,"href":"https:\/\/fvcomponentes.com\/pt\/wp-json\/wp\/v2\/comments?post=16407"}],"wp:featuredmedia":[{"embeddable":true,"href":"https:\/\/fvcomponentes.com\/pt\/wp-json\/wp\/v2\/media\/3302"}],"wp:attachment":[{"href":"https:\/\/fvcomponentes.com\/pt\/wp-json\/wp\/v2\/media?parent=16407"}],"wp:term":[{"taxonomy":"pwb-brand","embeddable":true,"href":"https:\/\/fvcomponentes.com\/pt\/wp-json\/wp\/v2\/pwb-brand?post=16407"},{"taxonomy":"product_brand","embeddable":true,"href":"https:\/\/fvcomponentes.com\/pt\/wp-json\/wp\/v2\/product_brand?post=16407"},{"taxonomy":"product_cat","embeddable":true,"href":"https:\/\/fvcomponentes.com\/pt\/wp-json\/wp\/v2\/product_cat?post=16407"},{"taxonomy":"product_tag","embeddable":true,"href":"https:\/\/fvcomponentes.com\/pt\/wp-json\/wp\/v2\/product_tag?post=16407"}],"curies":[{"name":"wp","href":"https:\/\/api.w.org\/{rel}","templated":true}]}}