{"id":16395,"date":"2024-07-11T17:25:35","date_gmt":"2024-07-11T15:25:35","guid":{"rendered":"https:\/\/fvcomponentes.com\/?post_type=product&#038;p=16395"},"modified":"2026-04-08T21:34:04","modified_gmt":"2026-04-08T19:34:04","slug":"ecra-tatil-victron-gx-touch-50-embutido-para-montagem-embutida-bpp900455150","status":"publish","type":"product","link":"https:\/\/fvcomponentes.com\/pt\/producto\/pantalla-tactil-victron-gx-touch-50-flush-para-empotrar-bpp900455150\/","title":{"rendered":"Ecr\u00e3 t\u00e1til Victron GX Touch 50 embutido (montagem embutida) - BPP900455150"},"content":{"rendered":"<h2><span style=\"color: #000000;\">Ecr\u00e3 t\u00e1til Victron GX Touch 50 embutido (montagem embutida) - BPP900455150<\/span><\/h2>\n<p>O ecr\u00e3 t\u00e1til de cinco polegadas, acess\u00f3rio do Cerbo GX, d\u00e1-lhe uma vis\u00e3o instant\u00e2nea do sistema e permite-lhe ajustar os par\u00e2metros num instante. Basta ligar o Cerbo GX com um cabo: o seu design ultrafino e \u00e0 prova de \u00e1gua, a sua configura\u00e7\u00e3o de montagem superior e a sua instala\u00e7\u00e3o simples proporcionam-lhe uma grande flexibilidade na cria\u00e7\u00e3o de um painel claro e organizado.<\/p>\n<h2 class=\"productDetails__block-title\"><span class=\"productDetails__block-title-content\">Montagem simples<\/span><\/h2>\n<div class=\"productDetails__block-description\">\n<ul>\n<li>O Victron GX Touch 50 de encastrar - BPP900455150 est\u00e1 optimizado para mais do que satisfazer os padr\u00f5es do instalador profissional.<\/li>\n<li>Design de montagem embutida.<\/li>\n<li>Liga-se com um \u00fanico cabo, sem o inc\u00f3modo de ter de passar muitos cabos at\u00e9 ao painel de controlo.<\/li>\n<\/ul>\n<h2>Monitor t\u00e1til Victron GX Touch 50 de montagem embutida - BPP900455150 e Cerbo GX<\/h2>\n<p>Este ecr\u00e3 \u00e9 o companheiro do <a href=\"https:\/\/fvcomponentes.com\/pt\/produto\/monitor-victron-cerbo-gx-mk2-bpp900451100-victron-cerbo-mk2\/\" target=\"_blank\" rel=\"noopener\">Monitoriza\u00e7\u00e3o Victron Cerbo GX MK2 - BPP900451100<\/a>Este ecr\u00e3 \u00e9 o companheiro do Cerbo GX, o novo hub de comunica\u00e7\u00f5es que permite o controlo cont\u00ednuo do sistema em qualquer altura, a partir de qualquer lugar e maximiza o desempenho do sistema. Basta ligar atrav\u00e9s do portal Victron Remote Management (VRM), ou aceder diretamente atrav\u00e9s do GX Touch 50, um ecr\u00e3 multifun\u00e7\u00f5es ou a aplica\u00e7\u00e3o VictronConnect, gra\u00e7as \u00e0 sua capacidade Bluetooth. Combina tudo o que h\u00e1 de melhor em conetividade, redefinindo as solu\u00e7\u00f5es de energia inteligente em todos os aspetos.<\/p>\n<\/div>\n<h2>Ficha t\u00e9cnica Victron GX Touch 50 de montagem embutida - BPP900455150<\/h2>\n<div class=\"productDetails__block-description\">\n<p><a href=\"https:\/\/fvcomponentes.com\/wp-content\/uploads\/2024\/07\/Ficha-tecnica-Monitorizacion-Cerbo-GX-Cerbo-S-GX-y-GX-Touch-Victron.pdf\" target=\"_blank\" rel=\"noopener\">Ver a ficha de dados do monitor de montagem embutida Victron GX Touch 50 - BPP900455150<\/a><\/p>\n<\/div>","protected":false},"excerpt":{"rendered":"<p><span style=\"font-size: 16px;\">Nova vers\u00e3o do <\/span><a style=\"font-size: 16px; background-color: #ffffff;\" href=\"https:\/\/fvcomponentes.com\/pt\/produto\/monitorizacao-victron-gx-touch-50\/\" target=\"_blank\" rel=\"noopener\">Ecr\u00e3 Victron GX Touch 50<\/a><span style=\"font-size: 16px;\">A montagem \u00e9 efectuada \u00e0 face.<\/span><\/p>\n<ul>\n<li>Ecr\u00e3 t\u00e1til de 5\u2033 que proporciona uma vis\u00e3o geral instant\u00e2nea do sistema e permite fazer ajustes na configura\u00e7\u00e3o.<\/li>\n<li>Design \u00e0 prova de \u00e1gua.<\/li>\n<li>Resolu\u00e7\u00e3o do ecr\u00e3: 800 x 400.<\/li>\n<\/ul>","protected":false},"featured_media":16396,"comment_status":"open","ping_status":"closed","template":"","meta":{"site-sidebar-layout":"default","site-content-layout":"default","ast-site-content-layout":"default","site-content-style":"default","site-sidebar-style":"default","ast-global-header-display":"","ast-banner-title-visibility":"","ast-main-header-display":"","ast-hfb-above-header-display":"","ast-hfb-below-header-display":"","ast-hfb-mobile-header-display":"","site-post-title":"","ast-breadcrumbs-content":"","ast-featured-img":"","footer-sml-layout":"","ast-disable-related-posts":"","theme-transparent-header-meta":"default","adv-header-id-meta":"","stick-header-meta":"","header-above-stick-meta":"","header-main-stick-meta":"","header-below-stick-meta":"","astra-migrate-meta-layouts":"set","ast-page-background-enabled":"default","ast-page-background-meta":{"desktop":{"background-color":"var(--ast-global-color-4)","background-image":"","background-repeat":"repeat","background-position":"center center","background-size":"auto","background-attachment":"scroll","background-type":"","background-media":"","overlay-type":"","overlay-color":"","overlay-opacity":"","overlay-gradient":""},"tablet":{"background-color":"","background-image":"","background-repeat":"repeat","background-position":"center center","background-size":"auto","background-attachment":"scroll","background-type":"","background-media":"","overlay-type":"","overlay-color":"","overlay-opacity":"","overlay-gradient":""},"mobile":{"background-color":"","background-image":"","background-repeat":"repeat","background-position":"center center","background-size":"auto","background-attachment":"scroll","background-type":"","background-media":"","overlay-type":"","overlay-color":"","overlay-opacity":"","overlay-gradient":""}},"ast-content-background-meta":{"desktop":{"background-color":"var(--ast-global-color-5)","background-image":"","background-repeat":"repeat","background-position":"center center","background-size":"auto","background-attachment":"scroll","background-type":"","background-media":"","overlay-type":"","overlay-color":"","overlay-opacity":"","overlay-gradient":""},"tablet":{"background-color":"var(--ast-global-color-5)","background-image":"","background-repeat":"repeat","background-position":"center center","background-size":"auto","background-attachment":"scroll","background-type":"","background-media":"","overlay-type":"","overlay-color":"","overlay-opacity":"","overlay-gradient":""},"mobile":{"background-color":"var(--ast-global-color-5)","background-image":"","background-repeat":"repeat","background-position":"center center","background-size":"auto","background-attachment":"scroll","background-type":"","background-media":"","overlay-type":"","overlay-color":"","overlay-opacity":"","overlay-gradient":""}}},"pwb-brand":[332],"product_brand":[],"product_cat":[333,934],"product_tag":[],"class_list":{"0":"post-16395","1":"product","2":"type-product","3":"status-publish","4":"has-post-thumbnail","6":"pwb-brand-victron","7":"product_cat-inversores","8":"product_cat-monitorizacion","9":"desktop-align-left","10":"tablet-align-left","11":"mobile-align-left","12":"ast-product-gallery-layout-horizontal-slider","13":"ast-product-tabs-layout-horizontal","15":"first","16":"instock","17":"taxable","18":"shipping-taxable","19":"purchasable","20":"product-type-simple"},"wcpa_form_fields":null,"brands":[{"id":332,"name":"Victron Energia","slug":"victron"}],"_links":{"self":[{"href":"https:\/\/fvcomponentes.com\/pt\/wp-json\/wp\/v2\/product\/16395","targetHints":{"allow":["GET"]}}],"collection":[{"href":"https:\/\/fvcomponentes.com\/pt\/wp-json\/wp\/v2\/product"}],"about":[{"href":"https:\/\/fvcomponentes.com\/pt\/wp-json\/wp\/v2\/types\/product"}],"replies":[{"embeddable":true,"href":"https:\/\/fvcomponentes.com\/pt\/wp-json\/wp\/v2\/comments?post=16395"}],"wp:featuredmedia":[{"embeddable":true,"href":"https:\/\/fvcomponentes.com\/pt\/wp-json\/wp\/v2\/media\/16396"}],"wp:attachment":[{"href":"https:\/\/fvcomponentes.com\/pt\/wp-json\/wp\/v2\/media?parent=16395"}],"wp:term":[{"taxonomy":"pwb-brand","embeddable":true,"href":"https:\/\/fvcomponentes.com\/pt\/wp-json\/wp\/v2\/pwb-brand?post=16395"},{"taxonomy":"product_brand","embeddable":true,"href":"https:\/\/fvcomponentes.com\/pt\/wp-json\/wp\/v2\/product_brand?post=16395"},{"taxonomy":"product_cat","embeddable":true,"href":"https:\/\/fvcomponentes.com\/pt\/wp-json\/wp\/v2\/product_cat?post=16395"},{"taxonomy":"product_tag","embeddable":true,"href":"https:\/\/fvcomponentes.com\/pt\/wp-json\/wp\/v2\/product_tag?post=16395"}],"curies":[{"name":"wp","href":"https:\/\/api.w.org\/{rel}","templated":true}]}}