{"id":16391,"date":"2024-07-11T17:14:44","date_gmt":"2024-07-11T15:14:44","guid":{"rendered":"https:\/\/fvcomponentes.com\/?post_type=product&#038;p=16391"},"modified":"2026-04-04T12:44:07","modified_gmt":"2026-04-04T10:44:07","slug":"fusivel-anl-fusivel-victron-400a-80v-cip143400020","status":"publish","type":"product","link":"https:\/\/fvcomponentes.com\/pt\/producto\/fusible-anl-fuse-victron-400a-80v-cip143400020\/","title":{"rendered":"Fus\u00edvel ANL-fus\u00edvel Victron 400A\/80V - CIP143400020"},"content":{"rendered":"<h2>Victron ANL-fuse 400A\/80V - CIP143400020 Caracter\u00edsticas do fus\u00edvel<\/h2>\n<ul>\n<li>O fus\u00edvel ANL Victron 400A\/80V - CIP143400020, \u00e9 um tipo de fus\u00edvel de alta capacidade, concebido para proteger os sistemas el\u00e9ctricos contra sobrecargas e curto-circuitos.<\/li>\n<li>Para o <a href=\"https:\/\/fvcomponentes.com\/pt\/produto\/suporte-de-fusivel-anl-victron-cip106100000\/\" target=\"_blank\" rel=\"noopener\">Suporte de fus\u00edvel ANL Victron - CIP106100000<\/a><\/li>\n<li>Embalagem de 5 fus\u00edveis.<\/li>\n<\/ul>\n<h2>Ficha t\u00e9cnica ANL-fuse Victron Fuse 400A\/80V - CIP143400020<\/h2>\n<p><a href=\"https:\/\/fvcomponentes.com\/wp-content\/uploads\/2024\/07\/Datasheet-Midi-Mega-and-ANL-fuses-and-fuse-holders-EN-.pdf\" target=\"_blank\" rel=\"noopener\">Ver ficha t\u00e9cnica do fus\u00edvel ANL-fuse Victron 400A\/80V - CIP143400020<\/a><\/p>","protected":false},"excerpt":{"rendered":"<ul>\n<li><strong>Atual: <\/strong>400A<\/li>\n<li><strong>Tens\u00e3o de entrada: <\/strong>80V<\/li>\n<li><strong>Queda de tens\u00e3o:<\/strong> 125 mV<\/li>\n<li><strong>Resist\u00eancia ao frio:<\/strong> 0,3 m\u03a9<\/li>\n<li><strong>Embalagem de 5 fus\u00edveis.<\/strong><\/li>\n<li>A fotografia do produto tem um car\u00e1cter meramente ilustrativo e pode n\u00e3o corresponder ao produto real.<\/li>\n<\/ul>","protected":false},"featured_media":28965,"comment_status":"open","ping_status":"closed","template":"","meta":{"site-sidebar-layout":"default","site-content-layout":"default","ast-site-content-layout":"default","site-content-style":"default","site-sidebar-style":"default","ast-global-header-display":"","ast-banner-title-visibility":"","ast-main-header-display":"","ast-hfb-above-header-display":"","ast-hfb-below-header-display":"","ast-hfb-mobile-header-display":"","site-post-title":"","ast-breadcrumbs-content":"","ast-featured-img":"","footer-sml-layout":"","ast-disable-related-posts":"","theme-transparent-header-meta":"default","adv-header-id-meta":"","stick-header-meta":"","header-above-stick-meta":"","header-main-stick-meta":"","header-below-stick-meta":"","astra-migrate-meta-layouts":"set","ast-page-background-enabled":"default","ast-page-background-meta":{"desktop":{"background-color":"var(--ast-global-color-4)","background-image":"","background-repeat":"repeat","background-position":"center center","background-size":"auto","background-attachment":"scroll","background-type":"","background-media":"","overlay-type":"","overlay-color":"","overlay-opacity":"","overlay-gradient":""},"tablet":{"background-color":"","background-image":"","background-repeat":"repeat","background-position":"center center","background-size":"auto","background-attachment":"scroll","background-type":"","background-media":"","overlay-type":"","overlay-color":"","overlay-opacity":"","overlay-gradient":""},"mobile":{"background-color":"","background-image":"","background-repeat":"repeat","background-position":"center center","background-size":"auto","background-attachment":"scroll","background-type":"","background-media":"","overlay-type":"","overlay-color":"","overlay-opacity":"","overlay-gradient":""}},"ast-content-background-meta":{"desktop":{"background-color":"var(--ast-global-color-5)","background-image":"","background-repeat":"repeat","background-position":"center center","background-size":"auto","background-attachment":"scroll","background-type":"","background-media":"","overlay-type":"","overlay-color":"","overlay-opacity":"","overlay-gradient":""},"tablet":{"background-color":"var(--ast-global-color-5)","background-image":"","background-repeat":"repeat","background-position":"center center","background-size":"auto","background-attachment":"scroll","background-type":"","background-media":"","overlay-type":"","overlay-color":"","overlay-opacity":"","overlay-gradient":""},"mobile":{"background-color":"var(--ast-global-color-5)","background-image":"","background-repeat":"repeat","background-position":"center center","background-size":"auto","background-attachment":"scroll","background-type":"","background-media":"","overlay-type":"","overlay-color":"","overlay-opacity":"","overlay-gradient":""}}},"pwb-brand":[332],"product_brand":[],"product_cat":[410,862,993],"product_tag":[],"class_list":{"0":"post-16391","1":"product","2":"type-product","3":"status-publish","4":"has-post-thumbnail","6":"pwb-brand-victron","7":"product_cat-material-electrico","8":"product_cat-fusibles","9":"product_cat-fusibles-anl","10":"desktop-align-left","11":"tablet-align-left","12":"mobile-align-left","13":"ast-product-gallery-layout-horizontal-slider","14":"ast-product-gallery-with-no-image","15":"ast-product-tabs-layout-horizontal","17":"first","18":"instock","19":"taxable","20":"shipping-taxable","21":"purchasable","22":"product-type-simple"},"wcpa_form_fields":null,"brands":[{"id":332,"name":"Victron Energia","slug":"victron"}],"_links":{"self":[{"href":"https:\/\/fvcomponentes.com\/pt\/wp-json\/wp\/v2\/product\/16391","targetHints":{"allow":["GET"]}}],"collection":[{"href":"https:\/\/fvcomponentes.com\/pt\/wp-json\/wp\/v2\/product"}],"about":[{"href":"https:\/\/fvcomponentes.com\/pt\/wp-json\/wp\/v2\/types\/product"}],"replies":[{"embeddable":true,"href":"https:\/\/fvcomponentes.com\/pt\/wp-json\/wp\/v2\/comments?post=16391"}],"wp:featuredmedia":[{"embeddable":true,"href":"https:\/\/fvcomponentes.com\/pt\/wp-json\/wp\/v2\/media\/28965"}],"wp:attachment":[{"href":"https:\/\/fvcomponentes.com\/pt\/wp-json\/wp\/v2\/media?parent=16391"}],"wp:term":[{"taxonomy":"pwb-brand","embeddable":true,"href":"https:\/\/fvcomponentes.com\/pt\/wp-json\/wp\/v2\/pwb-brand?post=16391"},{"taxonomy":"product_brand","embeddable":true,"href":"https:\/\/fvcomponentes.com\/pt\/wp-json\/wp\/v2\/product_brand?post=16391"},{"taxonomy":"product_cat","embeddable":true,"href":"https:\/\/fvcomponentes.com\/pt\/wp-json\/wp\/v2\/product_cat?post=16391"},{"taxonomy":"product_tag","embeddable":true,"href":"https:\/\/fvcomponentes.com\/pt\/wp-json\/wp\/v2\/product_tag?post=16391"}],"curies":[{"name":"wp","href":"https:\/\/api.w.org\/{rel}","templated":true}]}}