{"id":16262,"date":"2024-07-08T18:03:04","date_gmt":"2024-07-08T16:03:04","guid":{"rendered":"https:\/\/fvcomponentes.com\/?post_type=product&#038;p=16262"},"modified":"2026-01-28T14:16:17","modified_gmt":"2026-01-28T13:16:17","slug":"paineis-solares-de-paletes-jinko-590w-tiger-neo-72hl4-v","status":"publish","type":"product","link":"https:\/\/fvcomponentes.com\/pt\/producto\/pallet-placas-solares-jinko-590w-tiger-neo-72hl4-v\/","title":{"rendered":"Pain\u00e9is solares de paletes Jinko 590W TIGER-NEO-72HL4-V"},"content":{"rendered":"<h2>Caracter\u00edsticas da palete de pain\u00e9is solares Jinko 590W TIGER-NEO-72HL4-V<\/h2>\n<h2>Painel Solar Jinko 590W TIGER-NEO-72HL4-V<\/h2>\n<ul>\n<li>Pot\u00eancia: 590W<\/li>\n<li><span class=\"baywa-details-label\">C\u00e9lulas: <\/span><span class=\"baywa-details-values\">144 (72)<\/span><\/li>\n<li>\n<div class=\"baywa-details-fields\"><span class=\"baywa-details-label\">Isc (A): 14,13<\/span><\/div>\n<\/li>\n<li>\n<div class=\"baywa-details-fields\"><span class=\"baywa-details-label\">Voc (V): 52,63<\/span><\/div>\n<\/li>\n<li>M\u00f3dulo monofacial.<\/li>\n<li><span class=\"baywa-details-label\">Efici\u00eancia do m\u00f3dulo: 22,84%<\/span><\/li>\n<li><span class=\"baywa-details-label\">PMAX Coef Temp: -0,29%\/K<\/span><\/li>\n<li>Tecnologia TOPCon de tipo N.<\/li>\n<li>Conectores: MC4-EVO2<\/li>\n<li>Cabo de 1200 mm.<\/li>\n<li>\n<div class=\"baywa-details-fields\"><span class=\"baywa-details-label\">Cor da arma\u00e7\u00e3o: prateada.<\/span><\/div>\n<\/li>\n<li>\n<div class=\"baywa-details-fields\"><span class=\"baywa-details-label\">Tipo de vidro: <\/span><span class=\"baywa-details-values\">Vidro simples.<\/span><\/div>\n<\/li>\n<li>Peso: 27 kg<\/li>\n<li>Dimens\u00f5es: 227,8 x 113,4 x 3,5 cm<\/li>\n<li>Garantia: 12 anos.<\/li>\n<li><span class=\"baywa-details-label\">Garantia de gera\u00e7\u00e3o:<\/span><span class=\"baywa-details-values\"> \u00a087,4% durante 30 anos.<\/span><\/li>\n<\/ul>\n<p><strong>Tamb\u00e9m dispon\u00edvel em unidades individuais:<\/strong><\/p>\n<ul>\n<li><a href=\"https:\/\/fvcomponentes.com\/pt\/produto\/painel-solar-jinko-590w-tiger-neo-72hl4-v\/\" target=\"_blank\" rel=\"noopener\">Painel Solar Jinko 590W TIGER-NEO-72HL4-V<\/a><\/li>\n<\/ul>\n<h2>Folha de dados do painel fotovoltaico Jinko 590W TIGER-NEO-72HL4-V<\/h2>\n<p><a href=\"https:\/\/fvcomponentes.com\/wp-content\/uploads\/2024\/07\/Ficha-tecnica-Placa-Solar-Jinko-590W-TIGER-NEO-72HL4-V.pdf\" target=\"_blank\" rel=\"noopener\">Folha de dados do painel fotovoltaico Jinko 590W TIGER-NEO-72HL4-V<\/a><\/p>","protected":false},"excerpt":{"rendered":"<ul>\n<li><strong>Placas por palete:<\/strong> 36 unidades<\/li>\n<li><strong>Pot\u00eancia:<\/strong> 590W<\/li>\n<li><strong><span class=\"baywa-details-label\">C\u00e9lulas: <\/span><\/strong><span class=\"baywa-details-values\">144 (72)<\/span><\/li>\n<li><strong><span class=\"baywa-details-label\">Efici\u00eancia do m\u00f3dulo:\u00a0<\/span><\/strong><span class=\"baywa-details-values\"> <span class=\"baywa-details-label\">22,84%<\/span><\/span><\/li>\n<li><strong>Dimens\u00f5es:<\/strong>\u00a0<span class=\"baywa-details-values\" style=\"font-size: 16px\"> 227,8 x 113,4 x 3,5 cm<\/span><\/li>\n<li><strong>Peso:<\/strong> 27 kg<\/li>\n<\/ul>","protected":false},"featured_media":16263,"comment_status":"open","ping_status":"closed","template":"","meta":{"site-sidebar-layout":"default","site-content-layout":"","ast-site-content-layout":"default","site-content-style":"default","site-sidebar-style":"default","ast-global-header-display":"","ast-banner-title-visibility":"","ast-main-header-display":"","ast-hfb-above-header-display":"","ast-hfb-below-header-display":"","ast-hfb-mobile-header-display":"","site-post-title":"","ast-breadcrumbs-content":"","ast-featured-img":"","footer-sml-layout":"","ast-disable-related-posts":"","theme-transparent-header-meta":"default","adv-header-id-meta":"","stick-header-meta":"","header-above-stick-meta":"","header-main-stick-meta":"","header-below-stick-meta":"","astra-migrate-meta-layouts":"set","ast-page-background-enabled":"default","ast-page-background-meta":{"desktop":{"background-color":"var(--ast-global-color-4)","background-image":"","background-repeat":"repeat","background-position":"center center","background-size":"auto","background-attachment":"scroll","background-type":"","background-media":"","overlay-type":"","overlay-color":"","overlay-opacity":"","overlay-gradient":""},"tablet":{"background-color":"","background-image":"","background-repeat":"repeat","background-position":"center center","background-size":"auto","background-attachment":"scroll","background-type":"","background-media":"","overlay-type":"","overlay-color":"","overlay-opacity":"","overlay-gradient":""},"mobile":{"background-color":"","background-image":"","background-repeat":"repeat","background-position":"center center","background-size":"auto","background-attachment":"scroll","background-type":"","background-media":"","overlay-type":"","overlay-color":"","overlay-opacity":"","overlay-gradient":""}},"ast-content-background-meta":{"desktop":{"background-color":"var(--ast-global-color-5)","background-image":"","background-repeat":"repeat","background-position":"center center","background-size":"auto","background-attachment":"scroll","background-type":"","background-media":"","overlay-type":"","overlay-color":"","overlay-opacity":"","overlay-gradient":""},"tablet":{"background-color":"var(--ast-global-color-5)","background-image":"","background-repeat":"repeat","background-position":"center center","background-size":"auto","background-attachment":"scroll","background-type":"","background-media":"","overlay-type":"","overlay-color":"","overlay-opacity":"","overlay-gradient":""},"mobile":{"background-color":"var(--ast-global-color-5)","background-image":"","background-repeat":"repeat","background-position":"center center","background-size":"auto","background-attachment":"scroll","background-type":"","background-media":"","overlay-type":"","overlay-color":"","overlay-opacity":"","overlay-gradient":""}}},"pwb-brand":[881],"product_brand":[],"product_cat":[459,395],"product_tag":[],"class_list":{"0":"post-16262","1":"product","2":"type-product","3":"status-publish","4":"has-post-thumbnail","6":"pwb-brand-jinko","7":"product_cat-placas-solares-autoconsumo","8":"product_cat-placas-solares","9":"product_shipping_class-paneles","10":"desktop-align-left","11":"tablet-align-left","12":"mobile-align-left","13":"ast-product-gallery-layout-horizontal-slider","14":"ast-product-gallery-with-no-image","15":"ast-product-tabs-layout-horizontal","17":"first","18":"outofstock","19":"taxable","20":"shipping-taxable","21":"purchasable","22":"product-type-simple"},"wcpa_form_fields":null,"brands":[{"id":881,"name":"Pain\u00e9is solares Jinko","slug":"jinko"}],"_links":{"self":[{"href":"https:\/\/fvcomponentes.com\/pt\/wp-json\/wp\/v2\/product\/16262","targetHints":{"allow":["GET"]}}],"collection":[{"href":"https:\/\/fvcomponentes.com\/pt\/wp-json\/wp\/v2\/product"}],"about":[{"href":"https:\/\/fvcomponentes.com\/pt\/wp-json\/wp\/v2\/types\/product"}],"replies":[{"embeddable":true,"href":"https:\/\/fvcomponentes.com\/pt\/wp-json\/wp\/v2\/comments?post=16262"}],"wp:featuredmedia":[{"embeddable":true,"href":"https:\/\/fvcomponentes.com\/pt\/wp-json\/wp\/v2\/media\/16263"}],"wp:attachment":[{"href":"https:\/\/fvcomponentes.com\/pt\/wp-json\/wp\/v2\/media?parent=16262"}],"wp:term":[{"taxonomy":"pwb-brand","embeddable":true,"href":"https:\/\/fvcomponentes.com\/pt\/wp-json\/wp\/v2\/pwb-brand?post=16262"},{"taxonomy":"product_brand","embeddable":true,"href":"https:\/\/fvcomponentes.com\/pt\/wp-json\/wp\/v2\/product_brand?post=16262"},{"taxonomy":"product_cat","embeddable":true,"href":"https:\/\/fvcomponentes.com\/pt\/wp-json\/wp\/v2\/product_cat?post=16262"},{"taxonomy":"product_tag","embeddable":true,"href":"https:\/\/fvcomponentes.com\/pt\/wp-json\/wp\/v2\/product_tag?post=16262"}],"curies":[{"name":"wp","href":"https:\/\/api.w.org\/{rel}","templated":true}]}}