{"id":15940,"date":"2024-06-28T11:06:01","date_gmt":"2024-06-28T09:06:01","guid":{"rendered":"https:\/\/fvcomponentes.com\/?post_type=product&#038;p=15940"},"modified":"2026-04-08T21:29:26","modified_gmt":"2026-04-08T19:29:26","slug":"barramento-6p-1500a-victron-barramento-para-victron-suporte-de-fusivel-modular-para-mega-fusivel-cip100400070","status":"publish","type":"product","link":"https:\/\/fvcomponentes.com\/pt\/producto\/busbar-6p-1500a-victron-para-portafusibles-modular-victron-para-mega-fuse-cip100400070\/","title":{"rendered":"Barramento 6P 1500A Victron para porta-fus\u00edvel modular Victron para Mega Fuse - CIP100400070"},"content":{"rendered":"<h2>Carater\u00edsticas do barramento Victron 6P 1500A para porta-fus\u00edvel modular Victron para Mega Fuse - CIP100400070<\/h2>\n<p>Para um m\u00e1ximo de 6 unidades do <a href=\"https:\/\/fvcomponentes.com\/pt\/produto\/suporte-de-fusivel-modular-victron-para-mega-fusivel-cip100200100\/\" target=\"_blank\" rel=\"noopener\">Suporte de fus\u00edvel modular Victron para fus\u00edvel Mega - CIP100200100<\/a><\/p>\n<p>Barramento de alta corrente de seis posi\u00e7\u00f5es (1500 A):<\/p>\n<ul>\n<li>Com duas liga\u00e7\u00f5es de entrada M10.<\/li>\n<li>Corrente de entrada at\u00e9 1500 A.<\/li>\n<li>Recomendado para a liga\u00e7\u00e3o em paralelo de v\u00e1rios inversores\/carregadores Multi ou Quattro de alta pot\u00eancia.<\/li>\n<\/ul>\n<p><img fetchpriority=\"high\" decoding=\"async\" class=\"wp-image-16295\" src=\"https:\/\/fvcomponentes.com\/wp-content\/uploads\/2024\/07\/Busbar-6P-1500A-Victron-para-Portafusibles-Modular-Victron-para-Mega-Fuse-CIP100400070.png\" alt=\"Barramento 6P 1500A Victron para porta-fus\u00edvel modular Victron para Mega Fuse - CIP100400070 (esquema)\" width=\"652\" height=\"239\" title=\"\"><\/p>\n<h2>Ficha t\u00e9cnica Barramento 6P 1500A Victron para porta-fus\u00edvel modular Victron para Mega Fuse - CIP100400070<\/h2>\n<p><a href=\"https:\/\/fvcomponentes.com\/wp-content\/uploads\/2024\/07\/Ficha-tecnica-Portafusibles-Modular-Victron-para-Mega-Fuse.pdf\" target=\"_blank\" rel=\"noopener\">Ficha t\u00e9cnica Barramento 6P 1500A Victron para porta-fus\u00edvel modular Victron para Mega Fuse - CIP100400070<\/a><\/p>","protected":false},"excerpt":{"rendered":"<ul>\n<li>Barramento de alta corrente de seis posi\u00e7\u00f5es (1500 A).<\/li>\n<li>Com duas liga\u00e7\u00f5es de entrada M10.<\/li>\n<\/ul>","protected":false},"featured_media":15941,"comment_status":"open","ping_status":"closed","template":"","meta":{"site-sidebar-layout":"default","site-content-layout":"default","ast-site-content-layout":"default","site-content-style":"default","site-sidebar-style":"default","ast-global-header-display":"","ast-banner-title-visibility":"","ast-main-header-display":"","ast-hfb-above-header-display":"","ast-hfb-below-header-display":"","ast-hfb-mobile-header-display":"","site-post-title":"","ast-breadcrumbs-content":"","ast-featured-img":"","footer-sml-layout":"","ast-disable-related-posts":"","theme-transparent-header-meta":"default","adv-header-id-meta":"","stick-header-meta":"","header-above-stick-meta":"","header-main-stick-meta":"","header-below-stick-meta":"","astra-migrate-meta-layouts":"set","ast-page-background-enabled":"default","ast-page-background-meta":{"desktop":{"background-color":"var(--ast-global-color-4)","background-image":"","background-repeat":"repeat","background-position":"center center","background-size":"auto","background-attachment":"scroll","background-type":"","background-media":"","overlay-type":"","overlay-color":"","overlay-opacity":"","overlay-gradient":""},"tablet":{"background-color":"","background-image":"","background-repeat":"repeat","background-position":"center center","background-size":"auto","background-attachment":"scroll","background-type":"","background-media":"","overlay-type":"","overlay-color":"","overlay-opacity":"","overlay-gradient":""},"mobile":{"background-color":"","background-image":"","background-repeat":"repeat","background-position":"center center","background-size":"auto","background-attachment":"scroll","background-type":"","background-media":"","overlay-type":"","overlay-color":"","overlay-opacity":"","overlay-gradient":""}},"ast-content-background-meta":{"desktop":{"background-color":"var(--ast-global-color-5)","background-image":"","background-repeat":"repeat","background-position":"center center","background-size":"auto","background-attachment":"scroll","background-type":"","background-media":"","overlay-type":"","overlay-color":"","overlay-opacity":"","overlay-gradient":""},"tablet":{"background-color":"var(--ast-global-color-5)","background-image":"","background-repeat":"repeat","background-position":"center center","background-size":"auto","background-attachment":"scroll","background-type":"","background-media":"","overlay-type":"","overlay-color":"","overlay-opacity":"","overlay-gradient":""},"mobile":{"background-color":"var(--ast-global-color-5)","background-image":"","background-repeat":"repeat","background-position":"center center","background-size":"auto","background-attachment":"scroll","background-type":"","background-media":"","overlay-type":"","overlay-color":"","overlay-opacity":"","overlay-gradient":""}}},"pwb-brand":[332],"product_brand":[],"product_cat":[410,988],"product_tag":[],"class_list":{"0":"post-15940","1":"product","2":"type-product","3":"status-publish","4":"has-post-thumbnail","6":"pwb-brand-victron","7":"product_cat-material-electrico","8":"product_cat-portafusibles","9":"desktop-align-left","10":"tablet-align-left","11":"mobile-align-left","12":"ast-product-gallery-layout-horizontal-slider","13":"ast-product-gallery-with-no-image","14":"ast-product-tabs-layout-horizontal","16":"first","17":"instock","18":"taxable","19":"shipping-taxable","20":"purchasable","21":"product-type-simple"},"wcpa_form_fields":null,"brands":[{"id":332,"name":"Victron Energia","slug":"victron"}],"_links":{"self":[{"href":"https:\/\/fvcomponentes.com\/pt\/wp-json\/wp\/v2\/product\/15940","targetHints":{"allow":["GET"]}}],"collection":[{"href":"https:\/\/fvcomponentes.com\/pt\/wp-json\/wp\/v2\/product"}],"about":[{"href":"https:\/\/fvcomponentes.com\/pt\/wp-json\/wp\/v2\/types\/product"}],"replies":[{"embeddable":true,"href":"https:\/\/fvcomponentes.com\/pt\/wp-json\/wp\/v2\/comments?post=15940"}],"wp:featuredmedia":[{"embeddable":true,"href":"https:\/\/fvcomponentes.com\/pt\/wp-json\/wp\/v2\/media\/15941"}],"wp:attachment":[{"href":"https:\/\/fvcomponentes.com\/pt\/wp-json\/wp\/v2\/media?parent=15940"}],"wp:term":[{"taxonomy":"pwb-brand","embeddable":true,"href":"https:\/\/fvcomponentes.com\/pt\/wp-json\/wp\/v2\/pwb-brand?post=15940"},{"taxonomy":"product_brand","embeddable":true,"href":"https:\/\/fvcomponentes.com\/pt\/wp-json\/wp\/v2\/product_brand?post=15940"},{"taxonomy":"product_cat","embeddable":true,"href":"https:\/\/fvcomponentes.com\/pt\/wp-json\/wp\/v2\/product_cat?post=15940"},{"taxonomy":"product_tag","embeddable":true,"href":"https:\/\/fvcomponentes.com\/pt\/wp-json\/wp\/v2\/product_tag?post=15940"}],"curies":[{"name":"wp","href":"https:\/\/api.w.org\/{rel}","templated":true}]}}