{"id":15923,"date":"2024-06-28T10:20:16","date_gmt":"2024-06-28T08:20:16","guid":{"rendered":"https:\/\/fvcomponentes.com\/?post_type=product&#038;p=15923"},"modified":"2026-01-15T10:09:21","modified_gmt":"2026-01-15T09:09:21","slug":"bateria-victron-12v-106ah-chumbo-carbono-m8-bat612110081","status":"publish","type":"product","link":"https:\/\/fvcomponentes.com\/pt\/producto\/bateria-victron-12v-106ah-plomo-carbono-m8-bat612110081\/","title":{"rendered":"Bateria Victron 12V\/106Ah Chumbo-Carbono (M8) - BAT612110081"},"content":{"rendered":"<h2>Caracter\u00edsticas da Bateria de Chumbo-Carbono Victron 12V\/106Ah (M8) - BAT612110081<\/h2>\n<h2>Modos de falha das baterias VRLA de chumbo-\u00e1cido de placa plana em caso de elevado n\u00famero de ciclos<\/h2>\n<p>Os modos de falha mais comuns s\u00e3o:<br \/>\n- Descama\u00e7\u00e3o ou amolecimento do material ativo. Durante a descarga, o \u00f3xido de chumbo (PbO2) na placa positiva \u00e9 convertido em sulfato de chumbo (PbSO4), que \u00e9 convertido novamente em \u00f3xido de chumbo durante a carga. Os ciclos frequentes reduzem a coes\u00e3o do material da placa positiva devido \u00e0 presen\u00e7a de um maior volume de sulfato de chumbo do que de \u00f3xido de chumbo.<br \/>\n- Corros\u00e3o da grelha da placa positiva. Esta rea\u00e7\u00e3o de corros\u00e3o \u00e9 acelerada no final do processo de carregamento devido \u00e0 presen\u00e7a necess\u00e1ria de \u00e1cido sulf\u00farico.<br \/>\n- Sulfata\u00e7\u00e3o do material ativo da placa negativa. Durante a descarga, o chumbo (Pb) na placa negativa tamb\u00e9m \u00e9 transformado em sulfato de chumbo (PbSO4). Quando deixados num estado de carga baixo, os cristais de sulfato de chumbo na placa negativa crescem e endurecem, formando uma camada impenetr\u00e1vel que n\u00e3o pode ser convertida novamente em material ativo. O resultado \u00e9 que a capacidade \u00e9 gradualmente reduzida, at\u00e9 que a bateria deixa de ser \u00fatil.<\/p>\n<h2>Recarregar uma bateria de chumbo-\u00e1cido demora bastante tempo.<\/h2>\n<p>Idealmente, uma bateria de chumbo-\u00e1cido deveria ser carregada a uma taxa n\u00e3o superior a 0,2 C e, ap\u00f3s a fase inicial de carga, haveria uma fase de carga de absor\u00e7\u00e3o de oito horas. O aumento da corrente e da tens\u00e3o de carga encurtaria o tempo de recarga \u00e0 custa da redu\u00e7\u00e3o da vida \u00fatil da bateria devido ao aumento da temperatura e \u00e0 corros\u00e3o mais r\u00e1pida da placa positiva devido \u00e0 tens\u00e3o de carga mais elevada.<\/p>\n<h2>Chumbo e carbono: melhor desempenho com estado de carga parcial, mais ciclos e maior efici\u00eancia<\/h2>\n<p>A substitui\u00e7\u00e3o do material ativo da placa negativa por um composto de chumbo-carbono pode reduzir a sulfata\u00e7\u00e3o e melhorar a aceita\u00e7\u00e3o de carga da placa negativa.<br \/>\nPor conseguinte, as vantagens da bateria Victron 12V\/106Ah Chumbo-Carbono (M8) - BAT612110081 s\u00e3o:<br \/>\n- Redu\u00e7\u00e3o da sulfata\u00e7\u00e3o em caso de funcionamento em carga parcial.<br \/>\n- Tens\u00e3o de carga mais baixa e, por conseguinte, maior efici\u00eancia e menos corros\u00e3o da placa positiva.<br \/>\n- E o resultado global \u00e9 um maior n\u00famero de ciclos.<\/p>\n<p>Os testes demonstraram que as nossas baterias de chumbo-carbono suportam pelo menos quinhentos ciclos com uma DoD (profundidade de descarga) de 100%. Estes testes consistem numa descarga di\u00e1ria a 10,8V com I = 0,2 C\u2082\u2080, seguida de aproximadamente duas horas de espera no estado descarregado e, em seguida, uma recarga com I = 0,2 C\u2082\u2080. (Alguns fabricantes de baterias de chumbo-carbono afirmam que podem suportar at\u00e9 2000 ciclos com uma DoD de 90%. Ainda n\u00e3o nos foi poss\u00edvel confirmar esta afirma\u00e7\u00e3o)<\/p>\n<h3>Ficha t\u00e9cnica Bateria Victron 12V\/106Ah Chumbo-Carbono (M8) - BAT612110081<\/h3>\n<p><a href=\"https:\/\/fvcomponentes.com\/wp-content\/uploads\/2024\/06\/Ficha-tecnica-bateria-plomo-carbono-Victron.pdf\" target=\"_blank\" rel=\"noopener\">Consulte a folha de dados da bateria de chumbo-carbono (M8) Victron 12V\/106Ah - BAT612110081<\/a><\/p>","protected":false},"excerpt":{"rendered":"<ul>\n<li><strong>Tens\u00e3o:<\/strong>\u00a012V<\/li>\n<li><strong>Capacidade nominal:<\/strong> 106Ah<\/li>\n<li><strong>Terminais:<\/strong> Inser\u00e7\u00e3o M8<\/li>\n<li><strong>Ciclos<\/strong>:\n<ul>\n<li>\u2265 500 ciclos a um DoD do 100%<\/li>\n<li>\u2265 1000 ciclos a um DoD do 60%<\/li>\n<li>\u2265 1400 ciclos a um DoD de 40%<\/li>\n<\/ul>\n<\/li>\n<\/ul>","protected":false},"featured_media":15926,"comment_status":"open","ping_status":"closed","template":"","meta":{"site-sidebar-layout":"default","site-content-layout":"","ast-site-content-layout":"default","site-content-style":"default","site-sidebar-style":"default","ast-global-header-display":"","ast-banner-title-visibility":"","ast-main-header-display":"","ast-hfb-above-header-display":"","ast-hfb-below-header-display":"","ast-hfb-mobile-header-display":"","site-post-title":"","ast-breadcrumbs-content":"","ast-featured-img":"","footer-sml-layout":"","ast-disable-related-posts":"","theme-transparent-header-meta":"default","adv-header-id-meta":"","stick-header-meta":"","header-above-stick-meta":"","header-main-stick-meta":"","header-below-stick-meta":"","astra-migrate-meta-layouts":"set","ast-page-background-enabled":"default","ast-page-background-meta":{"desktop":{"background-color":"var(--ast-global-color-4)","background-image":"","background-repeat":"repeat","background-position":"center center","background-size":"auto","background-attachment":"scroll","background-type":"","background-media":"","overlay-type":"","overlay-color":"","overlay-opacity":"","overlay-gradient":""},"tablet":{"background-color":"","background-image":"","background-repeat":"repeat","background-position":"center center","background-size":"auto","background-attachment":"scroll","background-type":"","background-media":"","overlay-type":"","overlay-color":"","overlay-opacity":"","overlay-gradient":""},"mobile":{"background-color":"","background-image":"","background-repeat":"repeat","background-position":"center center","background-size":"auto","background-attachment":"scroll","background-type":"","background-media":"","overlay-type":"","overlay-color":"","overlay-opacity":"","overlay-gradient":""}},"ast-content-background-meta":{"desktop":{"background-color":"var(--ast-global-color-5)","background-image":"","background-repeat":"repeat","background-position":"center center","background-size":"auto","background-attachment":"scroll","background-type":"","background-media":"","overlay-type":"","overlay-color":"","overlay-opacity":"","overlay-gradient":""},"tablet":{"background-color":"var(--ast-global-color-5)","background-image":"","background-repeat":"repeat","background-position":"center center","background-size":"auto","background-attachment":"scroll","background-type":"","background-media":"","overlay-type":"","overlay-color":"","overlay-opacity":"","overlay-gradient":""},"mobile":{"background-color":"var(--ast-global-color-5)","background-image":"","background-repeat":"repeat","background-position":"center center","background-size":"auto","background-attachment":"scroll","background-type":"","background-media":"","overlay-type":"","overlay-color":"","overlay-opacity":"","overlay-gradient":""}}},"pwb-brand":[332],"product_brand":[],"product_cat":[340,969],"product_tag":[],"class_list":{"0":"post-15923","1":"product","2":"type-product","3":"status-publish","4":"has-post-thumbnail","6":"pwb-brand-victron","7":"product_cat-baterias","8":"product_cat-baterias-carbono","9":"desktop-align-left","10":"tablet-align-left","11":"mobile-align-left","12":"ast-product-gallery-layout-horizontal-slider","13":"ast-product-tabs-layout-horizontal","15":"first","16":"instock","17":"taxable","18":"shipping-taxable","19":"purchasable","20":"product-type-simple"},"wcpa_form_fields":null,"brands":[{"id":332,"name":"Victron Energia","slug":"victron"}],"_links":{"self":[{"href":"https:\/\/fvcomponentes.com\/pt\/wp-json\/wp\/v2\/product\/15923","targetHints":{"allow":["GET"]}}],"collection":[{"href":"https:\/\/fvcomponentes.com\/pt\/wp-json\/wp\/v2\/product"}],"about":[{"href":"https:\/\/fvcomponentes.com\/pt\/wp-json\/wp\/v2\/types\/product"}],"replies":[{"embeddable":true,"href":"https:\/\/fvcomponentes.com\/pt\/wp-json\/wp\/v2\/comments?post=15923"}],"wp:featuredmedia":[{"embeddable":true,"href":"https:\/\/fvcomponentes.com\/pt\/wp-json\/wp\/v2\/media\/15926"}],"wp:attachment":[{"href":"https:\/\/fvcomponentes.com\/pt\/wp-json\/wp\/v2\/media?parent=15923"}],"wp:term":[{"taxonomy":"pwb-brand","embeddable":true,"href":"https:\/\/fvcomponentes.com\/pt\/wp-json\/wp\/v2\/pwb-brand?post=15923"},{"taxonomy":"product_brand","embeddable":true,"href":"https:\/\/fvcomponentes.com\/pt\/wp-json\/wp\/v2\/product_brand?post=15923"},{"taxonomy":"product_cat","embeddable":true,"href":"https:\/\/fvcomponentes.com\/pt\/wp-json\/wp\/v2\/product_cat?post=15923"},{"taxonomy":"product_tag","embeddable":true,"href":"https:\/\/fvcomponentes.com\/pt\/wp-json\/wp\/v2\/product_tag?post=15923"}],"curies":[{"name":"wp","href":"https:\/\/api.w.org\/{rel}","templated":true}]}}