{"id":15915,"date":"2024-06-28T10:00:19","date_gmt":"2024-06-28T08:00:19","guid":{"rendered":"https:\/\/fvcomponentes.com\/?post_type=product&#038;p=15915"},"modified":"2026-04-04T12:50:04","modified_gmt":"2026-04-04T10:50:04","slug":"bateria-de-ciclo-profundo-de-gel-victron-12v-165ah-bat412151104","status":"publish","type":"product","link":"https:\/\/fvcomponentes.com\/pt\/producto\/bateria-victron-12v-165ah-gel-deep-cycle-bat412151104\/","title":{"rendered":"Bateria de ciclo profundo Victron 12V\/165Ah GEL - BAT412151104"},"content":{"rendered":"<h2>Bateria de ciclo profundo Victron 12V\/165Ah GEL - BAT412151104<\/h2>\n<p>A gama GEL, \u00e0 qual pertence a bateria de ciclo profundo Victron 12V\/220Ah GEL - BAT412201104, oferece a melhor durabilidade de ciclo profundo e a vida \u00fatil mais longa. Devido \u00e0 utiliza\u00e7\u00e3o de materiais de elevada pureza e grelhas de chumbo-c\u00e1lcio, as baterias GEL t\u00eam uma auto-descarga muito baixa, permitindo longos per\u00edodos de armazenamento sem carregamento. Esta gama tem terminais planos de cobre com parafusos M8, garantindo o melhor contacto poss\u00edvel e eliminando a necessidade de terminais de bateria. As baterias est\u00e3o em conformidade com as normas CE e UL e os seus contentores s\u00e3o feitos de ABS resistente ao fogo, e t\u00eam uma garantia de<\/p>\n<h2>Tecnologia VRLA<\/h2>\n<p>VRLA significa Valve Regulated Lead Acid (\u00e1cido-chumbo regulado por v\u00e1lvula), o que significa que a bateria est\u00e1 hermeticamente fechada. S\u00f3 haver\u00e1 fuga de g\u00e1s nas v\u00e1lvulas de seguran\u00e7a em caso de sobrecarga ou falha de componentes.\r\nAs baterias VRLA n\u00e3o requerem qualquer manuten\u00e7\u00e3o.<\/p>\n<h2>Baterias de gel \u00e0 prova de \u00e1gua (VRLA)<\/h2>\n<p>Neste tipo de bateria, o eletr\u00f3lito \u00e9 imobilizado sob a forma de um gel. As baterias de gel t\u00eam geralmente uma vida \u00fatil mais longa e uma melhor capacidade de ciclo do que as baterias AGM.<\/p>\n<h2>Bateria de ciclo profundo Victron 12V\/165Ah GEL - BAT412151104: Baixa auto-descarga<\/h2>\n<p>Gra\u00e7as \u00e0 utiliza\u00e7\u00e3o de grelhas de chumbo-c\u00e1lcio e materiais de elevada pureza, as baterias Victron VRLA podem ser armazenadas durante um longo per\u00edodo de tempo sem recarga. A taxa de auto-descarga \u00e9 inferior a 2% por m\u00eas a 20\u00b0C. A taxa de auto-descarga duplica por cada aumento de 10\u00b0C na temperatura. Num ambiente fresco, as baterias Victron VRLA podem ser armazenadas durante um ano sem recarga.<\/p>\n<h2>Recupera\u00e7\u00e3o extraordin\u00e1ria ap\u00f3s descarga profunda<\/h2>\n<p>As baterias VRLA da Victron t\u00eam uma capacidade extraordin\u00e1ria de recupera\u00e7\u00e3o mesmo ap\u00f3s uma descarga profunda ou prolongada. No entanto, deve ser real\u00e7ado que as descargas profundas ou prolongadas frequentes t\u00eam uma influ\u00eancia muito negativa na vida \u00fatil das baterias de chumbo\/\u00e1cido, e as baterias Victron n\u00e3o s\u00e3o exce\u00e7\u00e3o.<\/p>\n<h2>Caracter\u00edsticas de descarga da bateria de ciclo profundo Victron 12V\/165Ah GEL - BAT412151104<\/h2>\n<ul>\n<li>As capacidades nominais das baterias Victron s\u00e3o dadas para uma descarga de 20 horas, ou seja, para uma corrente de descarga de 0,05C.<\/li>\n<li>A capacidade efectiva diminui com descargas mais r\u00e1pidas a correntes mais elevadas.<\/li>\n<li>A redu\u00e7\u00e3o da capacidade ser\u00e1 ainda mais r\u00e1pida com dispositivos de pot\u00eancia constante, como os inversores.<\/li>\n<li>Devido \u00e0 sua conce\u00e7\u00e3o, as baterias de gel t\u00eam uma capacidade real inferior a uma corrente elevada. Em contrapartida, as baterias de gel t\u00eam uma melhor flutua\u00e7\u00e3o e vida \u00fatil em ciclos.<\/li>\n<\/ul>\n<h2>Ficha t\u00e9cnica Bateria Victron 12V\/165Ah GEL Ciclo Profundo - BAT412151104<\/h2>\n<p><a href=\"https:\/\/fvcomponentes.com\/wp-content\/uploads\/2023\/08\/Datasheet-GEL-and-AGM-Batteries-ES.pdf\" target=\"_blank\" rel=\"noopener\">Ver ficha de dados da bateria de ciclo profundo Victron 12V\/165Ah GEL - BAT412151104<\/a><\/p>","protected":false},"excerpt":{"rendered":"<ul>\n<li><strong>Tens\u00e3o:<\/strong>\u00a012V<\/li>\n<li><strong>Capacidade nominal:<\/strong> 165Ah (C20)<\/li>\n<li><strong>Ciclos:<\/strong> Descarga de 500 a 80 %, descarga de 750 a 50 %, descarga de 1800 a 30 %.<\/li>\n<li><strong>Vida \u00fatil:<\/strong> 12 anos<\/li>\n<\/ul>\n<h6>A fotografia do produto tem um car\u00e1cter meramente ilustrativo e pode n\u00e3o corresponder ao produto real.<\/h6>","protected":false},"featured_media":15916,"comment_status":"open","ping_status":"closed","template":"","meta":{"site-sidebar-layout":"default","site-content-layout":"","ast-site-content-layout":"default","site-content-style":"default","site-sidebar-style":"default","ast-global-header-display":"","ast-banner-title-visibility":"","ast-main-header-display":"","ast-hfb-above-header-display":"","ast-hfb-below-header-display":"","ast-hfb-mobile-header-display":"","site-post-title":"","ast-breadcrumbs-content":"","ast-featured-img":"","footer-sml-layout":"","ast-disable-related-posts":"","theme-transparent-header-meta":"default","adv-header-id-meta":"","stick-header-meta":"","header-above-stick-meta":"","header-main-stick-meta":"","header-below-stick-meta":"","astra-migrate-meta-layouts":"set","ast-page-background-enabled":"default","ast-page-background-meta":{"desktop":{"background-color":"var(--ast-global-color-4)","background-image":"","background-repeat":"repeat","background-position":"center center","background-size":"auto","background-attachment":"scroll","background-type":"","background-media":"","overlay-type":"","overlay-color":"","overlay-opacity":"","overlay-gradient":""},"tablet":{"background-color":"","background-image":"","background-repeat":"repeat","background-position":"center center","background-size":"auto","background-attachment":"scroll","background-type":"","background-media":"","overlay-type":"","overlay-color":"","overlay-opacity":"","overlay-gradient":""},"mobile":{"background-color":"","background-image":"","background-repeat":"repeat","background-position":"center center","background-size":"auto","background-attachment":"scroll","background-type":"","background-media":"","overlay-type":"","overlay-color":"","overlay-opacity":"","overlay-gradient":""}},"ast-content-background-meta":{"desktop":{"background-color":"var(--ast-global-color-5)","background-image":"","background-repeat":"repeat","background-position":"center center","background-size":"auto","background-attachment":"scroll","background-type":"","background-media":"","overlay-type":"","overlay-color":"","overlay-opacity":"","overlay-gradient":""},"tablet":{"background-color":"var(--ast-global-color-5)","background-image":"","background-repeat":"repeat","background-position":"center center","background-size":"auto","background-attachment":"scroll","background-type":"","background-media":"","overlay-type":"","overlay-color":"","overlay-opacity":"","overlay-gradient":""},"mobile":{"background-color":"var(--ast-global-color-5)","background-image":"","background-repeat":"repeat","background-position":"center center","background-size":"auto","background-attachment":"scroll","background-type":"","background-media":"","overlay-type":"","overlay-color":"","overlay-opacity":"","overlay-gradient":""}}},"pwb-brand":[332],"product_brand":[],"product_cat":[441,340],"product_tag":[],"class_list":{"0":"post-15915","1":"product","2":"type-product","3":"status-publish","4":"has-post-thumbnail","6":"pwb-brand-victron","7":"product_cat-baterias-gel","8":"product_cat-baterias","9":"product_shipping_class-baterias","10":"desktop-align-left","11":"tablet-align-left","12":"mobile-align-left","13":"ast-product-gallery-layout-horizontal-slider","14":"ast-product-tabs-layout-horizontal","16":"first","17":"instock","18":"taxable","19":"shipping-taxable","20":"purchasable","21":"product-type-simple"},"wcpa_form_fields":null,"brands":[{"id":332,"name":"Victron Energia","slug":"victron"}],"_links":{"self":[{"href":"https:\/\/fvcomponentes.com\/pt\/wp-json\/wp\/v2\/product\/15915","targetHints":{"allow":["GET"]}}],"collection":[{"href":"https:\/\/fvcomponentes.com\/pt\/wp-json\/wp\/v2\/product"}],"about":[{"href":"https:\/\/fvcomponentes.com\/pt\/wp-json\/wp\/v2\/types\/product"}],"replies":[{"embeddable":true,"href":"https:\/\/fvcomponentes.com\/pt\/wp-json\/wp\/v2\/comments?post=15915"}],"wp:featuredmedia":[{"embeddable":true,"href":"https:\/\/fvcomponentes.com\/pt\/wp-json\/wp\/v2\/media\/15916"}],"wp:attachment":[{"href":"https:\/\/fvcomponentes.com\/pt\/wp-json\/wp\/v2\/media?parent=15915"}],"wp:term":[{"taxonomy":"pwb-brand","embeddable":true,"href":"https:\/\/fvcomponentes.com\/pt\/wp-json\/wp\/v2\/pwb-brand?post=15915"},{"taxonomy":"product_brand","embeddable":true,"href":"https:\/\/fvcomponentes.com\/pt\/wp-json\/wp\/v2\/product_brand?post=15915"},{"taxonomy":"product_cat","embeddable":true,"href":"https:\/\/fvcomponentes.com\/pt\/wp-json\/wp\/v2\/product_cat?post=15915"},{"taxonomy":"product_tag","embeddable":true,"href":"https:\/\/fvcomponentes.com\/pt\/wp-json\/wp\/v2\/product_tag?post=15915"}],"curies":[{"name":"wp","href":"https:\/\/api.w.org\/{rel}","templated":true}]}}