{"id":15890,"date":"2024-06-28T09:04:33","date_gmt":"2024-06-28T07:04:33","guid":{"rendered":"https:\/\/fvcomponentes.com\/?post_type=product&#038;p=15890"},"modified":"2026-01-15T10:10:05","modified_gmt":"2026-01-15T09:10:05","slug":"bateria-victron-12v-200ah-agm-telecom-m8-bat412181164","status":"publish","type":"product","link":"https:\/\/fvcomponentes.com\/pt\/producto\/bateria-victron-12v-200ah-agm-telecom-m8-bat412181164\/","title":{"rendered":"Bateria Victron 12V\/200Ah AGM Telecom (M8) - BAT412181164"},"content":{"rendered":"<h2>Caracter\u00edsticas da bateria Victron 12V\/200Ah AGM Telecom (M8) - BAT412181164<\/h2>\n<h2>Concebido para aplica\u00e7\u00f5es de telecomunica\u00e7\u00f5es; excelente para aplica\u00e7\u00f5es mar\u00edtimas e autom\u00f3veis \"economizadoras de espa\u00e7o<\/h2>\n<p>A s\u00e9rie AGM de ciclo profundo, especificamente concebida para telecomunica\u00e7\u00f5es, foi concebida para utiliza\u00e7\u00e3o em sistemas de telecomunica\u00e7\u00f5es. Com os seus terminais de acesso frontal e dimens\u00f5es reduzidas, a bateria Victron 12V\/165Ah AGM Telecom (M8) - BAT412151164 \u00e9 ideal para sistemas de bastidor. Para al\u00e9m disso, podem ser a solu\u00e7\u00e3o para casos em que o espa\u00e7o \u00e9 limitado e o acesso \u00e9 dif\u00edcil em barcos e ve\u00edculos.<\/p>\n<h2>Tecnologia AGM<\/h2>\n<p>AGM significa Absorbent Glass Mat (tapete de vidro absorvente). Nestas baterias, o eletr\u00f3lito \u00e9 absorvido num tapete de fibra de vidro entre as placas por a\u00e7\u00e3o capilar.<\/p>\n<h2>Bateria Victron 12V\/200Ah AGM Telecom (M8) de baixa auto-descarga - BAT412181164<\/h2>\n<p>Devido \u00e0 utiliza\u00e7\u00e3o de grelhas de chumbo de c\u00e1lcio e materiais de elevada pureza, as baterias Victron VRLA podem ser armazenadas durante longos per\u00edodos de tempo sem recarga. A taxa de descarga \u00e9 inferior a 2 % por m\u00eas a 20\u00baC. A taxa de auto-descarga duplica com cada aumento de temperatura a partir de 10 %.<\/p>\n<h2>Baixa resist\u00eancia interna<\/h2>\n<p>Aceita taxas de carga e descarga muito elevadas.<\/p>\n<h2>Elevada capacidade de ciclo<\/h2>\n<p>Mais de 500 ciclos de descarga a 50 %.<\/p>\n<h2>Ficha t\u00e9cnica Bateria Victron 12V\/200Ah AGM Telecom (M8) - BAT412181164<\/h2>\n<p><a href=\"https:\/\/fvcomponentes.com\/wp-content\/uploads\/2024\/06\/Ficha-tecnica-baterias-de-telecomunicaciones-Victron.pdf\" target=\"_blank\" rel=\"noopener\">Veja a ficha t\u00e9cnica da bateria Victron 12V\/200Ah AGM Telecom (M8) - BAT412181164 - BAT412181164<\/a><\/p>","protected":false},"excerpt":{"rendered":"<ul>\n<li><strong>Tens\u00e3o:<\/strong>\u00a012V<\/li>\n<li><strong>Ampere horas:<\/strong> 200Ah<\/li>\n<li><b>Capacidade: <\/b>Mais de 500 ciclos a 50 % de descarga<\/li>\n<li><strong>Terminais:<\/strong> Inser\u00e7\u00e3o M8<\/li>\n<li>Concebidos para aplica\u00e7\u00f5es de telecomunica\u00e7\u00f5es.<\/li>\n<\/ul>","protected":false},"featured_media":15892,"comment_status":"open","ping_status":"closed","template":"","meta":{"site-sidebar-layout":"default","site-content-layout":"default","ast-site-content-layout":"default","site-content-style":"default","site-sidebar-style":"default","ast-global-header-display":"","ast-banner-title-visibility":"","ast-main-header-display":"","ast-hfb-above-header-display":"","ast-hfb-below-header-display":"","ast-hfb-mobile-header-display":"","site-post-title":"","ast-breadcrumbs-content":"","ast-featured-img":"","footer-sml-layout":"","ast-disable-related-posts":"","theme-transparent-header-meta":"default","adv-header-id-meta":"","stick-header-meta":"","header-above-stick-meta":"","header-main-stick-meta":"","header-below-stick-meta":"","astra-migrate-meta-layouts":"set","ast-page-background-enabled":"default","ast-page-background-meta":{"desktop":{"background-color":"var(--ast-global-color-4)","background-image":"","background-repeat":"repeat","background-position":"center center","background-size":"auto","background-attachment":"scroll","background-type":"","background-media":"","overlay-type":"","overlay-color":"","overlay-opacity":"","overlay-gradient":""},"tablet":{"background-color":"","background-image":"","background-repeat":"repeat","background-position":"center center","background-size":"auto","background-attachment":"scroll","background-type":"","background-media":"","overlay-type":"","overlay-color":"","overlay-opacity":"","overlay-gradient":""},"mobile":{"background-color":"","background-image":"","background-repeat":"repeat","background-position":"center center","background-size":"auto","background-attachment":"scroll","background-type":"","background-media":"","overlay-type":"","overlay-color":"","overlay-opacity":"","overlay-gradient":""}},"ast-content-background-meta":{"desktop":{"background-color":"var(--ast-global-color-5)","background-image":"","background-repeat":"repeat","background-position":"center center","background-size":"auto","background-attachment":"scroll","background-type":"","background-media":"","overlay-type":"","overlay-color":"","overlay-opacity":"","overlay-gradient":""},"tablet":{"background-color":"var(--ast-global-color-5)","background-image":"","background-repeat":"repeat","background-position":"center center","background-size":"auto","background-attachment":"scroll","background-type":"","background-media":"","overlay-type":"","overlay-color":"","overlay-opacity":"","overlay-gradient":""},"mobile":{"background-color":"var(--ast-global-color-5)","background-image":"","background-repeat":"repeat","background-position":"center center","background-size":"auto","background-attachment":"scroll","background-type":"","background-media":"","overlay-type":"","overlay-color":"","overlay-opacity":"","overlay-gradient":""}}},"pwb-brand":[332],"product_brand":[],"product_cat":[375,340],"product_tag":[],"class_list":{"0":"post-15890","1":"product","2":"type-product","3":"status-publish","4":"has-post-thumbnail","6":"pwb-brand-victron","7":"product_cat-baterias-agm","8":"product_cat-baterias","9":"product_shipping_class-baterias","10":"desktop-align-left","11":"tablet-align-left","12":"mobile-align-left","13":"ast-product-gallery-layout-horizontal-slider","14":"ast-product-tabs-layout-horizontal","16":"first","17":"instock","18":"taxable","19":"shipping-taxable","20":"purchasable","21":"product-type-simple"},"wcpa_form_fields":null,"brands":[{"id":332,"name":"Victron Energia","slug":"victron"}],"_links":{"self":[{"href":"https:\/\/fvcomponentes.com\/pt\/wp-json\/wp\/v2\/product\/15890","targetHints":{"allow":["GET"]}}],"collection":[{"href":"https:\/\/fvcomponentes.com\/pt\/wp-json\/wp\/v2\/product"}],"about":[{"href":"https:\/\/fvcomponentes.com\/pt\/wp-json\/wp\/v2\/types\/product"}],"replies":[{"embeddable":true,"href":"https:\/\/fvcomponentes.com\/pt\/wp-json\/wp\/v2\/comments?post=15890"}],"wp:featuredmedia":[{"embeddable":true,"href":"https:\/\/fvcomponentes.com\/pt\/wp-json\/wp\/v2\/media\/15892"}],"wp:attachment":[{"href":"https:\/\/fvcomponentes.com\/pt\/wp-json\/wp\/v2\/media?parent=15890"}],"wp:term":[{"taxonomy":"pwb-brand","embeddable":true,"href":"https:\/\/fvcomponentes.com\/pt\/wp-json\/wp\/v2\/pwb-brand?post=15890"},{"taxonomy":"product_brand","embeddable":true,"href":"https:\/\/fvcomponentes.com\/pt\/wp-json\/wp\/v2\/product_brand?post=15890"},{"taxonomy":"product_cat","embeddable":true,"href":"https:\/\/fvcomponentes.com\/pt\/wp-json\/wp\/v2\/product_cat?post=15890"},{"taxonomy":"product_tag","embeddable":true,"href":"https:\/\/fvcomponentes.com\/pt\/wp-json\/wp\/v2\/product_tag?post=15890"}],"curies":[{"name":"wp","href":"https:\/\/api.w.org\/{rel}","templated":true}]}}