{"id":15712,"date":"2024-06-26T08:42:39","date_gmt":"2024-06-26T06:42:39","guid":{"rendered":"https:\/\/fvcomponentes.com\/?post_type=product&#038;p=15712"},"modified":"2026-01-15T10:06:36","modified_gmt":"2026-01-15T09:06:36","slug":"conversor-victron-orion-tr-isolado-48-24-12a-280w-ori482428110","status":"publish","type":"product","link":"https:\/\/fvcomponentes.com\/pt\/producto\/convertidor-victron-orion-tr-aislado-48-24-12a-280w-ori482428110\/","title":{"rendered":"Conversor isolado Victron Orion-Tr 48\/24 12A 280W - ORI48242428110"},"content":{"rendered":"<h2>Caracter\u00edsticas do conversor isolado Victron Orion-Tr 48\/24 12A 280W - ORI482428110<\/h2>\n<p>O conversor isolado Victron Orion-Tr 48\/24 12A 280W estabiliza a tens\u00e3o CC proveniente de uma fonte de alimenta\u00e7\u00e3o ou bateria e obt\u00e9m uma tens\u00e3o mais elevada do que a tens\u00e3o de entrada.<\/p>\n<h2>Terminal remoto de ligar\/desligar<\/h2>\n<p>O terminal remoto de ligar\/desligar elimina a necessidade de montar um interrutor de alta pot\u00eancia na cablagem de entrada. O interrutor remoto de ligar\/desligar pode ser acionado por um interrutor de baixa pot\u00eancia ou, por exemplo, com o interrutor de arranque\/paragem do motor (ver manual).<\/p>\n<h2>\u00c0 prova de curto-circuito e permite a liga\u00e7\u00e3o em paralelo<\/h2>\n<p>Pode ser ligado em paralelo um n\u00famero ilimitado de unidades.<\/p>\n<h2>Prote\u00e7\u00e3o contra altas temperaturas do conversor Victron Orion-Tr isolado 48\/24 12A 280W<\/h2>\n<p>A corrente de sa\u00edda ser\u00e1 reduzida em caso de temperatura ambiente elevada.<\/p>\n<h2>Prote\u00e7\u00e3o IP43<\/h2>\n<p>Ao instalar o conversor isolado Victron Orion-Tr 48\/24 12A 280W com os terminais de parafuso virados para baixo.<\/p>\n<h2>Terminais de parafuso<\/h2>\n<p>A instala\u00e7\u00e3o \u00e9 efectuada sem ferramentas especiais.<\/p>\n<h2>Fus\u00edvel de entrada (n\u00e3o substitu\u00edvel) para conversor isolado Victron Orion-Tr 48\/24 12A 280W<\/h2>\n<p>Apenas dispon\u00edvel nos modelos com entrada de 12 e 24 V.<\/p>\n<h2>Tens\u00e3o de sa\u00edda ajust\u00e1vel<\/h2>\n<p>O conversor isolado Victron Orion-Tr 48\/24 12A 280W n\u00e3o foi concebido para carregar baterias.<\/p>\n<h2>Ficha t\u00e9cnica Conversor isolado Victron Orion-Tr 48\/24 12A 280W - ORI482428110<\/h2>\n<p><a href=\"https:\/\/fvcomponentes.com\/wp-content\/uploads\/2024\/06\/Ficha-tecnica-Convertidor-CC-CC-Victron-Orion-Aislado.pdf\" target=\"_blank\" rel=\"noopener\">Ficha t\u00e9cnica Victron Orion-Tr Conversor isolado 48\/24 12A 280W<\/a><\/p>","protected":false},"excerpt":{"rendered":"<ul>\n<li><span style=\"color: #ff0000\"><strong>Este aparelho N\u00c3O \u00c9 APTO PARA CARREGAR BATERIAS. Escolha o modelo Smart com Bluetooth.<\/strong><\/span><\/li>\n<li><span style=\"color: #ff0000\"><strong>Equipamento sem Bluetooth<\/strong><\/span><\/li>\n<li><strong>Gama de tens\u00e3o de entrada:<\/strong> 32 - 70V<\/li>\n<li><strong>Tens\u00e3o de sa\u00edda<\/strong>: 24,2V<\/li>\n<li><strong>Corrente de sa\u00edda cont\u00ednua:<\/strong> 12A a 25\u00b0C<\/li>\n<li><strong>Corrente m\u00e1xima de sa\u00edda:<\/strong> 15A<\/li>\n<li><strong>Isolamento galv\u00e2nico:<\/strong> 200V DC entre a entrada, a sa\u00edda e o inv\u00f3lucro<\/li>\n<\/ul>","protected":false},"featured_media":15715,"comment_status":"open","ping_status":"closed","template":"","meta":{"site-sidebar-layout":"default","site-content-layout":"default","ast-site-content-layout":"default","site-content-style":"default","site-sidebar-style":"default","ast-global-header-display":"","ast-banner-title-visibility":"","ast-main-header-display":"","ast-hfb-above-header-display":"","ast-hfb-below-header-display":"","ast-hfb-mobile-header-display":"","site-post-title":"","ast-breadcrumbs-content":"","ast-featured-img":"","footer-sml-layout":"","ast-disable-related-posts":"","theme-transparent-header-meta":"default","adv-header-id-meta":"","stick-header-meta":"","header-above-stick-meta":"","header-main-stick-meta":"","header-below-stick-meta":"","astra-migrate-meta-layouts":"set","ast-page-background-enabled":"default","ast-page-background-meta":{"desktop":{"background-color":"var(--ast-global-color-4)","background-image":"","background-repeat":"repeat","background-position":"center center","background-size":"auto","background-attachment":"scroll","background-type":"","background-media":"","overlay-type":"","overlay-color":"","overlay-opacity":"","overlay-gradient":""},"tablet":{"background-color":"","background-image":"","background-repeat":"repeat","background-position":"center center","background-size":"auto","background-attachment":"scroll","background-type":"","background-media":"","overlay-type":"","overlay-color":"","overlay-opacity":"","overlay-gradient":""},"mobile":{"background-color":"","background-image":"","background-repeat":"repeat","background-position":"center center","background-size":"auto","background-attachment":"scroll","background-type":"","background-media":"","overlay-type":"","overlay-color":"","overlay-opacity":"","overlay-gradient":""}},"ast-content-background-meta":{"desktop":{"background-color":"var(--ast-global-color-5)","background-image":"","background-repeat":"repeat","background-position":"center center","background-size":"auto","background-attachment":"scroll","background-type":"","background-media":"","overlay-type":"","overlay-color":"","overlay-opacity":"","overlay-gradient":""},"tablet":{"background-color":"var(--ast-global-color-5)","background-image":"","background-repeat":"repeat","background-position":"center center","background-size":"auto","background-attachment":"scroll","background-type":"","background-media":"","overlay-type":"","overlay-color":"","overlay-opacity":"","overlay-gradient":""},"mobile":{"background-color":"var(--ast-global-color-5)","background-image":"","background-repeat":"repeat","background-position":"center center","background-size":"auto","background-attachment":"scroll","background-type":"","background-media":"","overlay-type":"","overlay-color":"","overlay-opacity":"","overlay-gradient":""}}},"pwb-brand":[332],"product_brand":[],"product_cat":[865,964,419],"product_tag":[],"class_list":{"0":"post-15712","1":"product","2":"type-product","3":"status-publish","4":"has-post-thumbnail","6":"pwb-brand-victron","7":"product_cat-convertidores","8":"product_cat-48v-24v","9":"product_cat-cargadores-de-baterias","10":"desktop-align-left","11":"tablet-align-left","12":"mobile-align-left","13":"ast-product-gallery-layout-horizontal-slider","14":"ast-product-tabs-layout-horizontal","16":"first","17":"instock","18":"taxable","19":"shipping-taxable","20":"purchasable","21":"product-type-simple"},"wcpa_form_fields":null,"brands":[{"id":332,"name":"Victron Energia","slug":"victron"}],"_links":{"self":[{"href":"https:\/\/fvcomponentes.com\/pt\/wp-json\/wp\/v2\/product\/15712","targetHints":{"allow":["GET"]}}],"collection":[{"href":"https:\/\/fvcomponentes.com\/pt\/wp-json\/wp\/v2\/product"}],"about":[{"href":"https:\/\/fvcomponentes.com\/pt\/wp-json\/wp\/v2\/types\/product"}],"replies":[{"embeddable":true,"href":"https:\/\/fvcomponentes.com\/pt\/wp-json\/wp\/v2\/comments?post=15712"}],"wp:featuredmedia":[{"embeddable":true,"href":"https:\/\/fvcomponentes.com\/pt\/wp-json\/wp\/v2\/media\/15715"}],"wp:attachment":[{"href":"https:\/\/fvcomponentes.com\/pt\/wp-json\/wp\/v2\/media?parent=15712"}],"wp:term":[{"taxonomy":"pwb-brand","embeddable":true,"href":"https:\/\/fvcomponentes.com\/pt\/wp-json\/wp\/v2\/pwb-brand?post=15712"},{"taxonomy":"product_brand","embeddable":true,"href":"https:\/\/fvcomponentes.com\/pt\/wp-json\/wp\/v2\/product_brand?post=15712"},{"taxonomy":"product_cat","embeddable":true,"href":"https:\/\/fvcomponentes.com\/pt\/wp-json\/wp\/v2\/product_cat?post=15712"},{"taxonomy":"product_tag","embeddable":true,"href":"https:\/\/fvcomponentes.com\/pt\/wp-json\/wp\/v2\/product_tag?post=15712"}],"curies":[{"name":"wp","href":"https:\/\/api.w.org\/{rel}","templated":true}]}}