{"id":15554,"date":"2024-06-25T10:13:03","date_gmt":"2024-06-25T08:13:03","guid":{"rendered":"https:\/\/fvcomponentes.com\/?post_type=product&#038;p=15554"},"modified":"2026-01-15T10:09:25","modified_gmt":"2026-01-15T09:09:25","slug":"regulador-victron-smartsolar-mppt-150-60-tr-scc115060211","status":"publish","type":"product","link":"https:\/\/fvcomponentes.com\/pt\/producto\/regulador-victron-smartsolar-mppt-150-60-tr-scc115060211\/","title":{"rendered":"Controlador Victron SmartSolar MPPT 150\/60-Tr - SCC115060211"},"content":{"rendered":"<h2>Caracter\u00edsticas do controlador Victron SmartSolar MPPT 150\/60-Tr - SCC11506060211<\/h2>\n<div>Com o controlador de carga SmartSolar MPPT 150\/60-Tr da Victron, pode desfrutar de uma corrente de carga at\u00e9 60 amperes e de uma tens\u00e3o fotovoltaica at\u00e9 150 volts. O controlador de carga pode carregar uma bateria com uma tens\u00e3o nominal inferior a partir de pain\u00e9is fotovoltaicos com uma tens\u00e3o nominal superior de, pelo menos, +5V. O controlador SmartSolar ajustar\u00e1 automaticamente a tens\u00e3o nominal da bateria para 12, 24, 36 ou 48V, uma vez ligado ao controlador.<\/div>\n<div><\/div>\n<h2><strong>Bluetooth inteligente integrado<\/strong><\/h2>\n<p>A solu\u00e7\u00e3o sem fios para configurar, monitorizar, atualizar e sincronizar os controladores de carga SmartSolar.<\/p>\n<h2><strong>Seguimento ultrarr\u00e1pido do ponto de pot\u00eancia m\u00e1xima (MPPT)<\/strong><\/h2>\n<p>Especialmente sob c\u00e9u nublado, quando a intensidade da luz muda continuamente, um controlador MPPT ultrarr\u00e1pido melhorar\u00e1 a capta\u00e7\u00e3o de energia at\u00e9 30% em compara\u00e7\u00e3o com os controladores de carga PWM, e at\u00e9 10% em compara\u00e7\u00e3o com os controladores MPPT mais lentos.<\/p>\n<h2><strong>Dete\u00e7\u00e3o avan\u00e7ada do ponto de m\u00e1xima pot\u00eancia em caso de nebulosidade parcial<\/strong><\/h2>\n<p>Em caso de cobertura parcial de nuvens, podem ocorrer dois ou mais pontos de pot\u00eancia m\u00e1xima (MPP) na curva de tens\u00e3o de carga. Os MPPT convencionais seleccionam normalmente um MPP local, que n\u00e3o \u00e9 necessariamente o MPP ideal. O algoritmo inovador da SmartSolar maximizar\u00e1 sempre a recolha de energia, seleccionando o MPP ideal.<\/p>\n<h2><strong>Efici\u00eancia de convers\u00e3o excecional<\/strong><\/h2>\n<p>Sem ventoinha. A efici\u00eancia m\u00e1xima \u00e9 superior a 98%.<\/p>\n<h2><strong>Algoritmo de carregamento flex\u00edvel do controlador Victron SmartSolar MPPT 150\/60-Tr - SCC115060211<\/strong><\/h2>\n<p>Um algoritmo de carregamento totalmente program\u00e1vel e oito algoritmos de carregamento pr\u00e9-programados, que podem ser seleccionados com um seletor rotativo.<\/p>\n<h2><strong>Ampla prote\u00e7\u00e3o eletr\u00f3nica<\/strong><\/h2>\n<p>Prote\u00e7\u00e3o contra sobreaquecimento e redu\u00e7\u00e3o da pot\u00eancia em caso de temperatura elevada. Prote\u00e7\u00e3o contra curto-circuitos e invers\u00e3o de polaridade nos pain\u00e9is fotovoltaicos. Prote\u00e7\u00e3o contra corrente inversa PV.<\/p>\n<h2><strong>Sensor de temperatura interna para o controlador Victron SmartSolar MPPT 150\/60-Tr - SCC115060211<\/strong><\/h2>\n<p>Compensa a tens\u00e3o de carga de absor\u00e7\u00e3o e de flutua\u00e7\u00e3o, em fun\u00e7\u00e3o da temperatura.<\/p>\n<h2><strong>Sensor externo opcional de tens\u00e3o e temperatura da bateria via Bluetooth<\/strong><\/h2>\n<p>Pode ser utilizado um sensor <a href=\"https:\/\/fvcomponentes.com\/pt\/produto\/bateria-inteligente-victron-sense-sbs050150200\/\" target=\"_blank\" rel=\"noopener\">Sensor de bateria inteligente<\/a> ou um <a href=\"https:\/\/fvcomponentes.com\/pt\/produto\/bmv-712-monitor-inteligente-de-bateria-victron\/\" target=\"_blank\" rel=\"noopener\">monitor de bateria BMV-712 Smart<\/a> para comunicar a tens\u00e3o e a temperatura da bateria a um ou mais controladores de carga SmartSolar.<\/p>\n<h2><strong>Fun\u00e7\u00e3o de recupera\u00e7\u00e3o de bateria totalmente descarregada<\/strong><\/h2>\n<p>Come\u00e7a a carregar mesmo que a bateria esteja descarregada at\u00e9 zero volts. Volta a ligar-se a uma bateria de i\u00f5es de l\u00edtio totalmente descarregada com a fun\u00e7\u00e3o de desconex\u00e3o interna.<\/p>\n<h2><strong>VE.Direct<\/strong><\/h2>\n<p>Para uma liga\u00e7\u00e3o de dados com fios a um Color Control GX, outros produtos GX, PC ou outros dispositivos.<\/p>\n<h2><strong>Controlo remoto On\/Off<\/strong><\/h2>\n<p>Para ligar a um VE.BUS BMS, por exemplo.<\/p>\n<h2><strong>Rel\u00e9 program\u00e1vel<\/strong><\/h2>\n<p>Pode ser programado (por exemplo, com um smartphone) para acionar um alarme ou outros eventos.<\/p>\n<h2><strong>Opcional: ecr\u00e3 LCD conect\u00e1vel<\/strong><\/h2>\n<p>Basta retirar a prote\u00e7\u00e3o de borracha da ficha na parte da frente do controlador e ligar o ecr\u00e3.<\/p>\n<h2>Ficha t\u00e9cnica Controlador Victron SmartSolar MPPT 150\/60-Tr - SCC11506060211<\/h2>\n<p><a href=\"https:\/\/fvcomponentes.com\/wp-content\/uploads\/2024\/07\/Ficha-tecnica-Regulador-Victron-SmartSolar-MPPT-150.pdf\" target=\"_blank\" rel=\"noopener\">Ver ficha de dados Victron SmartSolar MPPT 150\/60-Tr - SCC11506060211<\/a><\/p>\n<h2>Manual Controlador Victron SmartSolar MPPT 150\/60-Tr - SCC11506060211<\/h2>\n<p><a href=\"https:\/\/fvcomponentes.com\/wp-content\/uploads\/2025\/10\/29694-MPPT_solar_charger_manual-pdf-es-8.pdf\" target=\"_blank\" rel=\"noopener\">Ver manual do controlador Victron SmartSolar MPPT 150\/60-Tr - SCC115060211<\/a><\/p>","protected":false},"excerpt":{"rendered":"<ul>\n<li><span style=\"color: #99cc00\"><strong>Equipamento Bluetooth.<\/strong><\/span><\/li>\n<li><strong>Gest\u00e3o por <a href=\"https:\/\/play.google.com\/store\/apps\/details?id=com.victronenergy.victronconnect&amp;pcampaignid=web_share\" target=\"_blank\" rel=\"noopener\">Aplica\u00e7\u00e3o VictronConnect<\/a><\/strong><\/li>\n<li><strong>Tens\u00e3o da bateria:<\/strong>\u00a012\/24\/48 V Sele\u00e7\u00e3o autom\u00e1tica<\/li>\n<li><strong>Carga Corrente nominal:<\/strong>\u00a060 A<\/li>\n<li><strong>Pot\u00eancia m\u00e1xima PV, 12V:<\/strong> 860 W<\/li>\n<li><strong>Pot\u00eancia m\u00e1xima PV, 24V:<\/strong>\u00a0 1720 W<\/li>\n<li><strong>Pot\u00eancia m\u00e1xima PV, 48V:<\/strong>\u00a0 3440 W<\/li>\n<\/ul>","protected":false},"featured_media":15556,"comment_status":"open","ping_status":"closed","template":"","meta":{"site-sidebar-layout":"default","site-content-layout":"default","ast-site-content-layout":"default","site-content-style":"default","site-sidebar-style":"default","ast-global-header-display":"","ast-banner-title-visibility":"","ast-main-header-display":"","ast-hfb-above-header-display":"","ast-hfb-below-header-display":"","ast-hfb-mobile-header-display":"","site-post-title":"","ast-breadcrumbs-content":"","ast-featured-img":"","footer-sml-layout":"","ast-disable-related-posts":"","theme-transparent-header-meta":"default","adv-header-id-meta":"","stick-header-meta":"","header-above-stick-meta":"","header-main-stick-meta":"","header-below-stick-meta":"","astra-migrate-meta-layouts":"set","ast-page-background-enabled":"default","ast-page-background-meta":{"desktop":{"background-color":"var(--ast-global-color-4)","background-image":"","background-repeat":"repeat","background-position":"center center","background-size":"auto","background-attachment":"scroll","background-type":"","background-media":"","overlay-type":"","overlay-color":"","overlay-opacity":"","overlay-gradient":""},"tablet":{"background-color":"","background-image":"","background-repeat":"repeat","background-position":"center center","background-size":"auto","background-attachment":"scroll","background-type":"","background-media":"","overlay-type":"","overlay-color":"","overlay-opacity":"","overlay-gradient":""},"mobile":{"background-color":"","background-image":"","background-repeat":"repeat","background-position":"center center","background-size":"auto","background-attachment":"scroll","background-type":"","background-media":"","overlay-type":"","overlay-color":"","overlay-opacity":"","overlay-gradient":""}},"ast-content-background-meta":{"desktop":{"background-color":"var(--ast-global-color-5)","background-image":"","background-repeat":"repeat","background-position":"center center","background-size":"auto","background-attachment":"scroll","background-type":"","background-media":"","overlay-type":"","overlay-color":"","overlay-opacity":"","overlay-gradient":""},"tablet":{"background-color":"var(--ast-global-color-5)","background-image":"","background-repeat":"repeat","background-position":"center center","background-size":"auto","background-attachment":"scroll","background-type":"","background-media":"","overlay-type":"","overlay-color":"","overlay-opacity":"","overlay-gradient":""},"mobile":{"background-color":"var(--ast-global-color-5)","background-image":"","background-repeat":"repeat","background-position":"center center","background-size":"auto","background-attachment":"scroll","background-type":"","background-media":"","overlay-type":"","overlay-color":"","overlay-opacity":"","overlay-gradient":""}}},"pwb-brand":[332],"product_brand":[],"product_cat":[371,353],"product_tag":[],"class_list":{"0":"post-15554","1":"product","2":"type-product","3":"status-publish","4":"has-post-thumbnail","6":"pwb-brand-victron","7":"product_cat-reguladores-mppt","8":"product_cat-reguladores-de-carga-solares","9":"desktop-align-left","10":"tablet-align-left","11":"mobile-align-left","12":"ast-product-gallery-layout-horizontal-slider","13":"ast-product-gallery-with-no-image","14":"ast-product-tabs-layout-horizontal","16":"first","17":"instock","18":"taxable","19":"shipping-taxable","20":"purchasable","21":"product-type-simple"},"wcpa_form_fields":null,"brands":[{"id":332,"name":"Victron Energia","slug":"victron"}],"_links":{"self":[{"href":"https:\/\/fvcomponentes.com\/pt\/wp-json\/wp\/v2\/product\/15554","targetHints":{"allow":["GET"]}}],"collection":[{"href":"https:\/\/fvcomponentes.com\/pt\/wp-json\/wp\/v2\/product"}],"about":[{"href":"https:\/\/fvcomponentes.com\/pt\/wp-json\/wp\/v2\/types\/product"}],"replies":[{"embeddable":true,"href":"https:\/\/fvcomponentes.com\/pt\/wp-json\/wp\/v2\/comments?post=15554"}],"wp:featuredmedia":[{"embeddable":true,"href":"https:\/\/fvcomponentes.com\/pt\/wp-json\/wp\/v2\/media\/15556"}],"wp:attachment":[{"href":"https:\/\/fvcomponentes.com\/pt\/wp-json\/wp\/v2\/media?parent=15554"}],"wp:term":[{"taxonomy":"pwb-brand","embeddable":true,"href":"https:\/\/fvcomponentes.com\/pt\/wp-json\/wp\/v2\/pwb-brand?post=15554"},{"taxonomy":"product_brand","embeddable":true,"href":"https:\/\/fvcomponentes.com\/pt\/wp-json\/wp\/v2\/product_brand?post=15554"},{"taxonomy":"product_cat","embeddable":true,"href":"https:\/\/fvcomponentes.com\/pt\/wp-json\/wp\/v2\/product_cat?post=15554"},{"taxonomy":"product_tag","embeddable":true,"href":"https:\/\/fvcomponentes.com\/pt\/wp-json\/wp\/v2\/product_tag?post=15554"}],"curies":[{"name":"wp","href":"https:\/\/api.w.org\/{rel}","templated":true}]}}