{"id":15542,"date":"2024-06-25T08:40:53","date_gmt":"2024-06-25T06:40:53","guid":{"rendered":"https:\/\/fvcomponentes.com\/?post_type=product&#038;p=15542"},"modified":"2026-04-04T11:21:15","modified_gmt":"2026-04-04T09:21:15","slug":"victron-smartsolar-mppt-rs-450-200-mc4-regulador-scc145120510","status":"publish","type":"product","link":"https:\/\/fvcomponentes.com\/pt\/producto\/regulador-victron-smartsolar-mppt-rs-450-200-mc4-scc145120510\/","title":{"rendered":"Controlador Victron SmartSolar MPPT RS 450\/200-MC4 - SCC145120510"},"content":{"rendered":"<h2>Carater\u00edsticas do controlador Victron SmartSolar MPPT RS 450\/200-MC4 - SCC145120510<\/h2>\n<p>O Victron SmartSolar MPPT RS 450\/200-MC4 - SCC145120510 \u00e9 a solu\u00e7\u00e3o para sistemas com grandes matrizes fotovoltaicas ligadas em s\u00e9rie que carregam baterias de 45V CC. Perfeito para grandes sistemas de bateria em instala\u00e7\u00f5es solares fora da rede e de auto-consumo.<\/p>\n<h2>Controlador de carga solar com seguimento ultrarr\u00e1pido do ponto de pot\u00eancia m\u00e1xima (MPPT)<\/h2>\n<ul>\n<li>O SmartSolar MPPT RS \u00e9 um controlador de carga solar de 48 V com uma entrada PV at\u00e9 450 VDC PV e uma sa\u00edda de 100 A ou 200 A.<\/li>\n<li>\u00c9 utilizado em aplica\u00e7\u00f5es solares fora da rede e ligadas \u00e0 rede onde \u00e9 necess\u00e1ria a m\u00e1xima pot\u00eancia de carregamento da bateria.<\/li>\n<\/ul>\n<h2>M\u00faltiplas entradas independentes de monitoriza\u00e7\u00e3o MPPT<\/h2>\n<ul>\n<li>Com v\u00e1rios seguidores MPPT, pode otimizar o design dos seus pain\u00e9is solares para obter o m\u00e1ximo desempenho num local espec\u00edfico.<\/li>\n<\/ul>\n<h2>Liga\u00e7\u00f5es PV isoladas para maior seguran\u00e7a no Controlador Solar Victron MPPT RS SmartSolar<\/h2>\n<ul>\n<li>O isolamento galv\u00e2nico completo entre a bateria e as liga\u00e7\u00f5es fotovoltaicas proporciona uma seguran\u00e7a adicional para todo o sistema.<\/li>\n<\/ul>\n<h2>Ampla gama de tens\u00e3o MPPT do Controlador MPPT SmartSolar RS 450\/200-MC4 da Victron<\/h2>\n<ul>\n<li>Gama de funcionamento de 80 a 450 VDC PV com uma tens\u00e3o de arranque de 120 VDC PV.<\/li>\n<\/ul>\n<h2>Leve, eficiente e silencioso<\/h2>\n<ul>\n<li>Gra\u00e7as \u00e0 sua tecnologia de alta frequ\u00eancia e ao seu novo design, o modelo de 100 A deste potente carregador pesa apenas 7,9 kg.<\/li>\n<li>Al\u00e9m disso, tem uma excelente efici\u00eancia, um baixo consumo de energia em modo de espera e um funcionamento muito silencioso.<\/li>\n<\/ul>\n<h2>Ecr\u00e3 e Bluetooth<\/h2>\n<ul>\n<li>O ecr\u00e3 apresenta os par\u00e2metros da bateria e do controlador.<\/li>\n<li>Estes par\u00e2metros podem ser acedidos com um smartphone ou outro dispositivo com Bluetooth.<\/li>\n<li>Al\u00e9m disso, o Bluetooth pode ser utilizado para configurar o sistema e alterar par\u00e2metros com o VictronConnect.<\/li>\n<\/ul>\n<h2>Monitoriza\u00e7\u00e3o da resist\u00eancia do isolamento fotovoltaico para maior tranquilidade em tens\u00f5es mais elevadas<\/h2>\n<ul>\n<li>O MPPT RS monitoriza continuamente o conjunto fotovoltaico e pode detetar falhas que reduzam o isolamento dos pain\u00e9is para n\u00edveis inseguros.<\/li>\n<\/ul>\n<h2>Porta VE.Can e VE.Direct<\/h2>\n<ul>\n<li>Permite-lhe lig\u00e1-lo ao <a href=\"https:\/\/fvcomponentes.com\/pt\/produto\/monitor-victron-cerbo-gx-mk2-bpp900451100-victron-cerbo-mk2\/\" target=\"_blank\" rel=\"noopener\">Monitoriza\u00e7\u00e3o Victron Cerbo GX MK2 - BPP900451100<\/a>\u00a0para monitoriza\u00e7\u00e3o remota do sistema, registo de dados e actualiza\u00e7\u00f5es de firmware.<\/li>\n<li>O VE.Can permite ligar at\u00e9 25 unidades em paralelo e sincronizar os seus processos de carregamento.<\/li>\n<\/ul>\n<h2>Liga\u00e7\u00f5es de E\/S<\/h2>\n<ul>\n<li>Liga\u00e7\u00f5es de rel\u00e9 program\u00e1vel, sensor de temperatura, auxiliar, entrada digital e sensor de tens\u00e3o. A entrada remota pode aceitar Victron smallBMS e outros tipos de BMS com sinal \"Load Enable\".<\/li>\n<\/ul>\n<p><img fetchpriority=\"high\" decoding=\"async\" class=\"size-full wp-image-6712 aligncenter\" src=\"https:\/\/fvcomponentes.com\/wp-content\/uploads\/2023\/03\/Captura-9.png\" alt=\"MPPT Victron RS SmartSolar - SCC145110410\" width=\"556\" height=\"563\" title=\"\"><\/p>\n<h2>Ficha t\u00e9cnica Regulador Victron SmartSolar MPPT RS 450\/200-MC4 - SCC145120510<\/h2>\n<p><a href=\"https:\/\/fvcomponentes.com\/wp-content\/uploads\/2023\/03\/MPPT-RS-ES.pdf\" target=\"_blank\" rel=\"noopener\">Ver folha de dados do controlador Victron SmartSolar MPPT RS 450\/200-MC4 - SCC145120510<\/a><\/p>\n<h2>Manual do controlador Victron SmartSolar MPPT RS 450\/200-MC4 Controlador Victron SmartSolar MPPT RS 450\/200-MC4 - SCC145120510<\/h2>\n<p><a href=\"https:\/\/fvcomponentes.com\/wp-content\/uploads\/2025\/10\/13860-SmartSolar_MPPT_RS-pdf-es.pdf\" target=\"_blank\" rel=\"noopener\">Ver manual do controlador Victron SmartSolar MPPT RS 450\/200-MC4 - SCC145120510<\/a><\/p>","protected":false},"excerpt":{"rendered":"<ul>\n<li><span style=\"color: #99cc00\"><strong>Equipamento Bluetooth.<\/strong><\/span><\/li>\n<li><strong>Gest\u00e3o por <a href=\"https:\/\/play.google.com\/store\/apps\/details?id=com.victronenergy.victronconnect&amp;pcampaignid=web_share\" target=\"_blank\" rel=\"noopener\">Aplica\u00e7\u00e3o VictronConnect<\/a><\/strong><\/li>\n<li><strong>Tens\u00e3o da bateria:<\/strong> 48 V<\/li>\n<li><strong>Corrente de carga nominal:<\/strong> 200 A<\/li>\n<li><strong>Pot\u00eancia m\u00e1xima de carga:<\/strong> 11,5 kW a 57,6 V<\/li>\n<li><strong>Tens\u00e3o DC PV m\u00e1xima:<\/strong> 450 V<\/li>\n<li><strong>Tens\u00e3o de arranque:<\/strong> 120 V<\/li>\n<li><strong>Gama de tens\u00f5es de funcionamento MPPT:<\/strong> 80 - 450 V<\/li>\n<li><strong>N.\u00ba de entradas MPPT:<\/strong> 4<\/li>\n<li><strong>Corrente de entrada m\u00e1xima de funcionamento FV:<\/strong> 18 A por entrada<\/li>\n<\/ul>","protected":false},"featured_media":15551,"comment_status":"open","ping_status":"closed","template":"","meta":{"site-sidebar-layout":"default","site-content-layout":"default","ast-site-content-layout":"default","site-content-style":"default","site-sidebar-style":"default","ast-global-header-display":"","ast-banner-title-visibility":"","ast-main-header-display":"","ast-hfb-above-header-display":"","ast-hfb-below-header-display":"","ast-hfb-mobile-header-display":"","site-post-title":"","ast-breadcrumbs-content":"","ast-featured-img":"","footer-sml-layout":"","ast-disable-related-posts":"","theme-transparent-header-meta":"default","adv-header-id-meta":"","stick-header-meta":"","header-above-stick-meta":"","header-main-stick-meta":"","header-below-stick-meta":"","astra-migrate-meta-layouts":"set","ast-page-background-enabled":"default","ast-page-background-meta":{"desktop":{"background-color":"var(--ast-global-color-4)","background-image":"","background-repeat":"repeat","background-position":"center center","background-size":"auto","background-attachment":"scroll","background-type":"","background-media":"","overlay-type":"","overlay-color":"","overlay-opacity":"","overlay-gradient":""},"tablet":{"background-color":"","background-image":"","background-repeat":"repeat","background-position":"center center","background-size":"auto","background-attachment":"scroll","background-type":"","background-media":"","overlay-type":"","overlay-color":"","overlay-opacity":"","overlay-gradient":""},"mobile":{"background-color":"","background-image":"","background-repeat":"repeat","background-position":"center center","background-size":"auto","background-attachment":"scroll","background-type":"","background-media":"","overlay-type":"","overlay-color":"","overlay-opacity":"","overlay-gradient":""}},"ast-content-background-meta":{"desktop":{"background-color":"var(--ast-global-color-5)","background-image":"","background-repeat":"repeat","background-position":"center center","background-size":"auto","background-attachment":"scroll","background-type":"","background-media":"","overlay-type":"","overlay-color":"","overlay-opacity":"","overlay-gradient":""},"tablet":{"background-color":"var(--ast-global-color-5)","background-image":"","background-repeat":"repeat","background-position":"center center","background-size":"auto","background-attachment":"scroll","background-type":"","background-media":"","overlay-type":"","overlay-color":"","overlay-opacity":"","overlay-gradient":""},"mobile":{"background-color":"var(--ast-global-color-5)","background-image":"","background-repeat":"repeat","background-position":"center center","background-size":"auto","background-attachment":"scroll","background-type":"","background-media":"","overlay-type":"","overlay-color":"","overlay-opacity":"","overlay-gradient":""}}},"pwb-brand":[332],"product_brand":[],"product_cat":[353,371],"product_tag":[],"class_list":{"0":"post-15542","1":"product","2":"type-product","3":"status-publish","4":"has-post-thumbnail","6":"pwb-brand-victron","7":"product_cat-reguladores-de-carga-solares","8":"product_cat-reguladores-mppt","9":"desktop-align-left","10":"tablet-align-left","11":"mobile-align-left","12":"ast-product-gallery-layout-horizontal-slider","13":"ast-product-tabs-layout-horizontal","15":"first","16":"instock","17":"taxable","18":"shipping-taxable","19":"purchasable","20":"product-type-simple"},"wcpa_form_fields":null,"brands":[{"id":332,"name":"Victron Energia","slug":"victron"}],"_links":{"self":[{"href":"https:\/\/fvcomponentes.com\/pt\/wp-json\/wp\/v2\/product\/15542","targetHints":{"allow":["GET"]}}],"collection":[{"href":"https:\/\/fvcomponentes.com\/pt\/wp-json\/wp\/v2\/product"}],"about":[{"href":"https:\/\/fvcomponentes.com\/pt\/wp-json\/wp\/v2\/types\/product"}],"replies":[{"embeddable":true,"href":"https:\/\/fvcomponentes.com\/pt\/wp-json\/wp\/v2\/comments?post=15542"}],"wp:featuredmedia":[{"embeddable":true,"href":"https:\/\/fvcomponentes.com\/pt\/wp-json\/wp\/v2\/media\/15551"}],"wp:attachment":[{"href":"https:\/\/fvcomponentes.com\/pt\/wp-json\/wp\/v2\/media?parent=15542"}],"wp:term":[{"taxonomy":"pwb-brand","embeddable":true,"href":"https:\/\/fvcomponentes.com\/pt\/wp-json\/wp\/v2\/pwb-brand?post=15542"},{"taxonomy":"product_brand","embeddable":true,"href":"https:\/\/fvcomponentes.com\/pt\/wp-json\/wp\/v2\/product_brand?post=15542"},{"taxonomy":"product_cat","embeddable":true,"href":"https:\/\/fvcomponentes.com\/pt\/wp-json\/wp\/v2\/product_cat?post=15542"},{"taxonomy":"product_tag","embeddable":true,"href":"https:\/\/fvcomponentes.com\/pt\/wp-json\/wp\/v2\/product_tag?post=15542"}],"curies":[{"name":"wp","href":"https:\/\/api.w.org\/{rel}","templated":true}]}}