{"id":15491,"date":"2024-06-24T11:03:35","date_gmt":"2024-06-24T09:03:35","guid":{"rendered":"https:\/\/fvcomponentes.com\/?post_type=product&#038;p=15491"},"modified":"2026-04-08T21:33:03","modified_gmt":"2026-04-08T19:33:03","slug":"contador-de-energia-victron-vm-3p75ct-rel200300100-contador-de-energia-victron-vm-3p75ct-rel200300100","status":"publish","type":"product","link":"https:\/\/fvcomponentes.com\/pt\/producto\/medidor-de-energia-victron-vm-3p75ct-rel200300100\/","title":{"rendered":"Medidor de energia Victron VM-3P75CT - REL200300100"},"content":{"rendered":"<h2>Caracter\u00edsticas do medidor de energia Victron VM-3P75CT - REL200300100<\/h2>\n<h2>Contador de energia trif\u00e1sico com portas de comunica\u00e7\u00e3o Ethernet e VE.Can<\/h2>\n<p>O contador de energia Victron VM-3P75CT - REL200300100 \u00e9 um dispositivo padr\u00e3o para medir a pot\u00eancia e a energia de aplica\u00e7\u00f5es monof\u00e1sicas e trif\u00e1sicas, por exemplo, na caixa de distribui\u00e7\u00e3o ou para medir a sa\u00edda de um inversor fotovoltaico, um gerador CA ou um inversor ou inversor\/carregador.<\/p>\n<h2>Elevada taxa de atualiza\u00e7\u00e3o<\/h2>\n<p>Ao calcular os valores de pot\u00eancia RMS de cada fase, o contador de energia transmite-os atrav\u00e9s de VE.Can ou Ethernet a uma frequ\u00eancia elevada, para que as medi\u00e7\u00f5es de utiliza\u00e7\u00e3o de energia, importa\u00e7\u00e3o e inje\u00e7\u00e3o na rede, por exemplo, de um sistema ESS, sejam mais precisas.<\/p>\n<h2>Configura\u00e7\u00e3o muito f\u00e1cil do Medidor de Energia Victron VM-3P75CT<\/h2>\n<p>Concebido para uma integra\u00e7\u00e3o f\u00e1cil, o contador de energia funciona de imediato como um contador de rede na maioria dos sistemas. Apenas \u00e9 necess\u00e1ria a configura\u00e7\u00e3o (atrav\u00e9s do VictronConnect) para alterar a fun\u00e7\u00e3o (contador de rede, inversor FV, gerador CA ou contador de carga CA) e a configura\u00e7\u00e3o manual do IP em vez da predefini\u00e7\u00e3o, DHCP.<\/p>\n<h2>Monitoriza\u00e7\u00e3o remota a partir de qualquer lugar<\/h2>\n<p>Os seus dados ser\u00e3o apresentados na aplica\u00e7\u00e3o VictronConnect, num dispositivo GX como o <a href=\"https:\/\/fvcomponentes.com\/pt\/produto\/monitor-victron-cerbo-gx-mk2-bpp900451100-victron-cerbo-mk2\/\" target=\"_blank\" rel=\"noopener\">Monitoriza\u00e7\u00e3o Victron Cerbo GX MK2 - BPP900451100<\/a>\u00a0ou o <a href=\"https:\/\/fvcomponentes.com\/pt\/produto\/monitorizacao-victron-ekrano-gx-bpp900480100-bpp900480100\/\" target=\"_blank\" rel=\"noopener\">Ekrano GX<\/a> e no nosso portal VRM.<\/p>\n<h2>Instala\u00e7\u00e3o f\u00e1cil com transformadores de corrente de n\u00facleo dividido<\/h2>\n<p>O contador de energia VM-3P75CT da Victron utiliza transformadores de corrente de fixa\u00e7\u00e3o para medir a corrente com precis\u00e3o, sem ter de alterar a cablagem da instala\u00e7\u00e3o.<\/p>\n<h2>M\u00e9todo de registo vetorial<\/h2>\n<p>O contador de energia Victron VM-3P75CT utiliza o m\u00e9todo de registo vetorial (os vectores de cada fase L1, L2 e L3 s\u00e3o somados).<\/p>\n<h2>Ficha t\u00e9cnica Medidor de energia Victron VM-3P75CT - REL200300100100<\/h2>\n<p><a href=\"https:\/\/fvcomponentes.com\/wp-content\/uploads\/2024\/06\/Ficha-tecnica-medidor-de-energia-vm3975ct.pdf\" target=\"_blank\" rel=\"noopener\">Ver Guia do Medidor de Energia Victron VM-3P75CT - REL200300100<\/a><\/p>","protected":false},"excerpt":{"rendered":"<ul>\n<li><strong>Liga\u00e7\u00e3o de tens\u00e3o:<\/strong> Direto<\/li>\n<li><strong>Corrente nominal<\/strong>: 75 A<\/li>\n<li><strong>Gama de tens\u00e3o de entrada L-N:<\/strong> 85 a 265 VAC<\/li>\n<li><strong>Gama de tens\u00e3o de entrada L-L:<\/strong> 150 a 460 VAC<\/li>\n<li><strong>Frequ\u00eancia:<\/strong> 50\/60 Hz<\/li>\n<\/ul>","protected":false},"featured_media":15496,"comment_status":"open","ping_status":"closed","template":"","meta":{"site-sidebar-layout":"default","site-content-layout":"default","ast-site-content-layout":"default","site-content-style":"default","site-sidebar-style":"default","ast-global-header-display":"","ast-banner-title-visibility":"","ast-main-header-display":"","ast-hfb-above-header-display":"","ast-hfb-below-header-display":"","ast-hfb-mobile-header-display":"","site-post-title":"","ast-breadcrumbs-content":"","ast-featured-img":"","footer-sml-layout":"","ast-disable-related-posts":"","theme-transparent-header-meta":"default","adv-header-id-meta":"","stick-header-meta":"","header-above-stick-meta":"","header-main-stick-meta":"","header-below-stick-meta":"","astra-migrate-meta-layouts":"set","ast-page-background-enabled":"default","ast-page-background-meta":{"desktop":{"background-color":"var(--ast-global-color-4)","background-image":"","background-repeat":"repeat","background-position":"center center","background-size":"auto","background-attachment":"scroll","background-type":"","background-media":"","overlay-type":"","overlay-color":"","overlay-opacity":"","overlay-gradient":""},"tablet":{"background-color":"","background-image":"","background-repeat":"repeat","background-position":"center center","background-size":"auto","background-attachment":"scroll","background-type":"","background-media":"","overlay-type":"","overlay-color":"","overlay-opacity":"","overlay-gradient":""},"mobile":{"background-color":"","background-image":"","background-repeat":"repeat","background-position":"center center","background-size":"auto","background-attachment":"scroll","background-type":"","background-media":"","overlay-type":"","overlay-color":"","overlay-opacity":"","overlay-gradient":""}},"ast-content-background-meta":{"desktop":{"background-color":"var(--ast-global-color-5)","background-image":"","background-repeat":"repeat","background-position":"center center","background-size":"auto","background-attachment":"scroll","background-type":"","background-media":"","overlay-type":"","overlay-color":"","overlay-opacity":"","overlay-gradient":""},"tablet":{"background-color":"var(--ast-global-color-5)","background-image":"","background-repeat":"repeat","background-position":"center center","background-size":"auto","background-attachment":"scroll","background-type":"","background-media":"","overlay-type":"","overlay-color":"","overlay-opacity":"","overlay-gradient":""},"mobile":{"background-color":"var(--ast-global-color-5)","background-image":"","background-repeat":"repeat","background-position":"center center","background-size":"auto","background-attachment":"scroll","background-type":"","background-media":"","overlay-type":"","overlay-color":"","overlay-opacity":"","overlay-gradient":""}}},"pwb-brand":[332],"product_brand":[],"product_cat":[333,351,349],"product_tag":[],"class_list":{"0":"post-15491","1":"product","2":"type-product","3":"status-publish","4":"has-post-thumbnail","6":"pwb-brand-victron","7":"product_cat-inversores","8":"product_cat-accesorios","9":"product_cat-meters","10":"desktop-align-left","11":"tablet-align-left","12":"mobile-align-left","13":"ast-product-gallery-layout-horizontal-slider","14":"ast-product-tabs-layout-horizontal","16":"first","17":"instock","18":"taxable","19":"shipping-taxable","20":"purchasable","21":"product-type-simple"},"wcpa_form_fields":null,"brands":[{"id":332,"name":"Victron Energia","slug":"victron"}],"_links":{"self":[{"href":"https:\/\/fvcomponentes.com\/pt\/wp-json\/wp\/v2\/product\/15491","targetHints":{"allow":["GET"]}}],"collection":[{"href":"https:\/\/fvcomponentes.com\/pt\/wp-json\/wp\/v2\/product"}],"about":[{"href":"https:\/\/fvcomponentes.com\/pt\/wp-json\/wp\/v2\/types\/product"}],"replies":[{"embeddable":true,"href":"https:\/\/fvcomponentes.com\/pt\/wp-json\/wp\/v2\/comments?post=15491"}],"wp:featuredmedia":[{"embeddable":true,"href":"https:\/\/fvcomponentes.com\/pt\/wp-json\/wp\/v2\/media\/15496"}],"wp:attachment":[{"href":"https:\/\/fvcomponentes.com\/pt\/wp-json\/wp\/v2\/media?parent=15491"}],"wp:term":[{"taxonomy":"pwb-brand","embeddable":true,"href":"https:\/\/fvcomponentes.com\/pt\/wp-json\/wp\/v2\/pwb-brand?post=15491"},{"taxonomy":"product_brand","embeddable":true,"href":"https:\/\/fvcomponentes.com\/pt\/wp-json\/wp\/v2\/product_brand?post=15491"},{"taxonomy":"product_cat","embeddable":true,"href":"https:\/\/fvcomponentes.com\/pt\/wp-json\/wp\/v2\/product_cat?post=15491"},{"taxonomy":"product_tag","embeddable":true,"href":"https:\/\/fvcomponentes.com\/pt\/wp-json\/wp\/v2\/product_tag?post=15491"}],"curies":[{"name":"wp","href":"https:\/\/api.w.org\/{rel}","templated":true}]}}