{"id":15488,"date":"2024-06-24T10:47:53","date_gmt":"2024-06-24T08:47:53","guid":{"rendered":"https:\/\/fvcomponentes.com\/?post_type=product&#038;p=15488"},"modified":"2026-04-08T21:31:12","modified_gmt":"2026-04-08T19:31:12","slug":"victron-em540-contador-de-energia-trifasico-3-fases-max-65a-fase-rel200100100100","status":"publish","type":"product","link":"https:\/\/fvcomponentes.com\/pt\/producto\/medidor-de-energia-victron-em540-3-fases-max-65a-phase-rel200100100\/","title":{"rendered":"Contador de energia Victron EM540 trif\u00e1sico - m\u00e1x. 65A\/fase - REL200100100100"},"content":{"rendered":"<h2>Caracter\u00edsticas do contador de energia trif\u00e1sico Victron EM540 - m\u00e1x. 65A\/fase - REL200100100<\/h2>\n<p>O medidor de energia trif\u00e1sico EM540 da Victron - m\u00e1x. 65A\/fase - REL200100100 \u00e9 um dispositivo padr\u00e3o para medir a pot\u00eancia e a energia de uma aplica\u00e7\u00e3o.\u00a0<span class=\"phrase\">trif\u00e1sico<\/span>por exemplo, na caixa de distribui\u00e7\u00e3o ou para medir a sa\u00edda de um inversor FV, de um gerador CA ou de um inversor ou inversor\/carregador.<\/p>\n<p>O\u00a0<span class=\"phrase\">EM540 <\/span>\u00a0pode ser configurado com quatro fun\u00e7\u00f5es diferentes num dispositivo GX, como o <a href=\"https:\/\/fvcomponentes.com\/pt\/produto\/monitor-victron-cerbo-gx-mk2-bpp900451100-victron-cerbo-mk2\/\" target=\"_blank\" rel=\"noopener\">Monitoriza\u00e7\u00e3o Victron Cerbo GX MK2 - BPP900451100<\/a>:<\/p>\n<div class=\"orderedlist\">\n<ol class=\"orderedlist\" type=\"1\">\n<li class=\"listitem\">Como contador de rede e entrada de controlo para um sistema ESS.<\/li>\n<li class=\"listitem\">Para medir a sa\u00edda de um inversor fotovoltaico.<\/li>\n<li class=\"listitem\">Para medir a sa\u00edda de um gerador de corrente alternada.<\/li>\n<li class=\"listitem\">Como um medidor de CA para medir a sa\u00edda de um inversor ou inversor\/carregador.<\/li>\n<\/ol>\n<\/div>\n<p>Oferece\u00a0<span class=\"phrase\">duas op\u00e7\u00f5es<\/span>\u00a0para liga\u00e7\u00e3o a um dispositivo GX:<\/p>\n<div class=\"orderedlist\">\n<ol class=\"orderedlist\" type=\"1\">\n<li class=\"listitem\">Uma liga\u00e7\u00e3o por cabo, utilizando o\u00a0<a class=\"link\" href=\"https:\/\/fvcomponentes.com\/pt\/produto\/interface-rs485-para-usb-5m-ass030572050\/\" target=\"_blank\" rel=\"noopener\">Interface RS485 para USB\u00a0<\/a>com um cabo de 1,8 m ou 5 m de comprimento.<\/li>\n<li class=\"listitem\">Uma liga\u00e7\u00e3o sem fios atrav\u00e9s do nosso\u00a0<a href=\"https:\/\/fvcomponentes.com\/pt\/produto\/conversor-zigbee-para-usb-victron-ass300420200\/\" target=\"_blank\" rel=\"noopener\">Conversores Zigbee para USB<\/a> y <a href=\"https:\/\/fvcomponentes.com\/pt\/produto\/conversor-victron-zigbee-para-rs485-ass300420100\/\" target=\"_blank\" rel=\"noopener\">Zigbee para RS485<\/a>.<\/li>\n<\/ol>\n<\/div>\n<h2>Escolha entre liga\u00e7\u00e3o RS485 ou Ethernet:<\/h2>\n<p>O modo Ethernet ser\u00e1 mais vantajoso em instala\u00e7\u00f5es onde existe uma rede Ethernet dispon\u00edvel. Em vez de passar um cabo RS485 entre o painel de distribui\u00e7\u00e3o CA principal e o sistema de armazenamento, pode ser utilizada a Ethernet existente. A desvantagem \u00e9 que isto depende do funcionamento correto da rede; em caso de problemas, o sistema de armazenamento passa para o modo de espera: passthrough.<br \/>\nOs contadores EM24, EM3XX, EM5XX e ABB utilizam o registo vetorial para a contagem de energia. Este \u00e9 o m\u00e9todo preferido em pa\u00edses como a Alemanha e a \u00c1ustria, e em quase todos os outros pa\u00edses. Todos os outros contadores utilizam o registo aritm\u00e9tico. Consulte a pergunta P8 nos manuais dos contadores de energia Victron para obter mais informa\u00e7\u00f5es sobre as diferen\u00e7as na contagem de energia.<\/p>\n<h2>Ficha t\u00e9cnica Medidor de energia trif\u00e1sico Victron EM540 - m\u00e1x. 65A\/fase - REL200100100100<\/h2>\n<p><a href=\"https:\/\/fvcomponentes.com\/wp-content\/uploads\/2023\/03\/guia-de-seccion-de-contadores-de-energia-ES-.pdf\" target=\"_blank\" rel=\"noopener\">Ver Guia do Medidor de Energia Victron EM540 trif\u00e1sico - m\u00e1x. 65A\/fase<\/a><\/p>","protected":false},"excerpt":{"rendered":"<p><strong>Ecr\u00e3:<\/strong> LCD<br \/>\n<strong>Fases:<\/strong> 3<br \/>\n<strong>Corrente nominal m\u00e1xima:<\/strong> 65 A por fase<br \/>\n<strong>Taxa de atualiza\u00e7\u00e3o:<\/strong> 100 ms<\/p>","protected":false},"featured_media":15490,"comment_status":"open","ping_status":"closed","template":"","meta":{"site-sidebar-layout":"default","site-content-layout":"default","ast-site-content-layout":"default","site-content-style":"default","site-sidebar-style":"default","ast-global-header-display":"","ast-banner-title-visibility":"","ast-main-header-display":"","ast-hfb-above-header-display":"","ast-hfb-below-header-display":"","ast-hfb-mobile-header-display":"","site-post-title":"","ast-breadcrumbs-content":"","ast-featured-img":"","footer-sml-layout":"","ast-disable-related-posts":"","theme-transparent-header-meta":"default","adv-header-id-meta":"","stick-header-meta":"","header-above-stick-meta":"","header-main-stick-meta":"","header-below-stick-meta":"","astra-migrate-meta-layouts":"set","ast-page-background-enabled":"default","ast-page-background-meta":{"desktop":{"background-color":"var(--ast-global-color-4)","background-image":"","background-repeat":"repeat","background-position":"center center","background-size":"auto","background-attachment":"scroll","background-type":"","background-media":"","overlay-type":"","overlay-color":"","overlay-opacity":"","overlay-gradient":""},"tablet":{"background-color":"","background-image":"","background-repeat":"repeat","background-position":"center center","background-size":"auto","background-attachment":"scroll","background-type":"","background-media":"","overlay-type":"","overlay-color":"","overlay-opacity":"","overlay-gradient":""},"mobile":{"background-color":"","background-image":"","background-repeat":"repeat","background-position":"center center","background-size":"auto","background-attachment":"scroll","background-type":"","background-media":"","overlay-type":"","overlay-color":"","overlay-opacity":"","overlay-gradient":""}},"ast-content-background-meta":{"desktop":{"background-color":"var(--ast-global-color-5)","background-image":"","background-repeat":"repeat","background-position":"center center","background-size":"auto","background-attachment":"scroll","background-type":"","background-media":"","overlay-type":"","overlay-color":"","overlay-opacity":"","overlay-gradient":""},"tablet":{"background-color":"var(--ast-global-color-5)","background-image":"","background-repeat":"repeat","background-position":"center center","background-size":"auto","background-attachment":"scroll","background-type":"","background-media":"","overlay-type":"","overlay-color":"","overlay-opacity":"","overlay-gradient":""},"mobile":{"background-color":"var(--ast-global-color-5)","background-image":"","background-repeat":"repeat","background-position":"center center","background-size":"auto","background-attachment":"scroll","background-type":"","background-media":"","overlay-type":"","overlay-color":"","overlay-opacity":"","overlay-gradient":""}}},"pwb-brand":[332],"product_brand":[],"product_cat":[333,351,349],"product_tag":[],"class_list":{"0":"post-15488","1":"product","2":"type-product","3":"status-publish","4":"has-post-thumbnail","6":"pwb-brand-victron","7":"product_cat-inversores","8":"product_cat-accesorios","9":"product_cat-meters","10":"desktop-align-left","11":"tablet-align-left","12":"mobile-align-left","13":"ast-product-gallery-layout-horizontal-slider","14":"ast-product-gallery-with-no-image","15":"ast-product-tabs-layout-horizontal","17":"first","18":"instock","19":"taxable","20":"shipping-taxable","21":"purchasable","22":"product-type-simple"},"wcpa_form_fields":null,"brands":[{"id":332,"name":"Victron Energia","slug":"victron"}],"_links":{"self":[{"href":"https:\/\/fvcomponentes.com\/pt\/wp-json\/wp\/v2\/product\/15488","targetHints":{"allow":["GET"]}}],"collection":[{"href":"https:\/\/fvcomponentes.com\/pt\/wp-json\/wp\/v2\/product"}],"about":[{"href":"https:\/\/fvcomponentes.com\/pt\/wp-json\/wp\/v2\/types\/product"}],"replies":[{"embeddable":true,"href":"https:\/\/fvcomponentes.com\/pt\/wp-json\/wp\/v2\/comments?post=15488"}],"wp:featuredmedia":[{"embeddable":true,"href":"https:\/\/fvcomponentes.com\/pt\/wp-json\/wp\/v2\/media\/15490"}],"wp:attachment":[{"href":"https:\/\/fvcomponentes.com\/pt\/wp-json\/wp\/v2\/media?parent=15488"}],"wp:term":[{"taxonomy":"pwb-brand","embeddable":true,"href":"https:\/\/fvcomponentes.com\/pt\/wp-json\/wp\/v2\/pwb-brand?post=15488"},{"taxonomy":"product_brand","embeddable":true,"href":"https:\/\/fvcomponentes.com\/pt\/wp-json\/wp\/v2\/product_brand?post=15488"},{"taxonomy":"product_cat","embeddable":true,"href":"https:\/\/fvcomponentes.com\/pt\/wp-json\/wp\/v2\/product_cat?post=15488"},{"taxonomy":"product_tag","embeddable":true,"href":"https:\/\/fvcomponentes.com\/pt\/wp-json\/wp\/v2\/product_tag?post=15488"}],"curies":[{"name":"wp","href":"https:\/\/api.w.org\/{rel}","templated":true}]}}