{"id":15432,"date":"2024-06-24T08:59:01","date_gmt":"2024-06-24T06:59:01","guid":{"rendered":"https:\/\/fvcomponentes.com\/?post_type=product&#038;p=15432"},"modified":"2026-04-04T12:45:24","modified_gmt":"2026-04-04T10:45:24","slug":"interface-de-ligacao-victron-ve-mk3-usb-c-victron-ve-mk3-ass030140030","status":"publish","type":"product","link":"https:\/\/fvcomponentes.com\/pt\/producto\/interfaz-de-enlace-victron-ve-mk3-usb-c-ass030140030\/","title":{"rendered":"Cabo de programa\u00e7\u00e3o Victron VE MK3-USB-C - ASS030140030"},"content":{"rendered":"<h2>Caracter\u00edsticas da interface de liga\u00e7\u00e3o Victron VE MK3-USB-C - ASS030140030<\/h2>\n<p><strong>O Victron VE MK3-USB-C Link Interface - ASS030140030 \u00e9 um adaptador de comunica\u00e7\u00f5es para sistemas fotovoltaicos que permite a visualiza\u00e7\u00e3o do funcionamento, hist\u00f3rico e configura\u00e7\u00e3o.<\/strong> de produtos Victron com porta Ve.Bus.<\/p>\n<p>Utilize o MK3-USB para ligar os seguintes produtos a um computador para configura\u00e7\u00e3o: Multi, MultiGrid, MultiPlus, MultiPlus-II, Quattro, Inverter, ECOmulti, EasySolar, EasyPlus. Apenas modelos com porta de comunica\u00e7\u00e3o VE.Bus.<\/p>\n<h3><span style=\"color: #000000;\">Compatibilidade da interface de liga\u00e7\u00e3o Victron VE MK3-USB-C - ASS030140030<\/span><\/h3>\n<p>O VictronConnect \u00e9 a ferramenta perfeita para os instaladores configurarem r\u00e1pida e eficientemente um sistema depois de este estar ligado. Com o VictronConnect, as actualiza\u00e7\u00f5es de firmware para produtos Victron s\u00e3o seguras, r\u00e1pidas e f\u00e1ceis. N\u00e3o \u00e9 necess\u00e1ria qualquer liga\u00e7\u00e3o \u00e0 Internet e n\u00e3o h\u00e1 necessidade de selecionar ou transferir ficheiros. Basta ligar o produto.<br \/>\nA configura\u00e7\u00e3o do sistema \u00e9 efectuada com a interface de liga\u00e7\u00e3o Victron VE MK3-USB-C - ASS030140030. Uma vez configurado, o dongle VE.Bus Smart \u00e9 uma interface ideal para utilizadores novatos de um sistema Victron completo numa caravana ou barco. Permite a monitoriza\u00e7\u00e3o e opera\u00e7\u00e3o do seu dispositivo. Controle facilmente o limite de corrente de entrada da tomada do pont\u00e3o ou ligue o seu inversor com a aplica\u00e7\u00e3o VictronConnect.<br \/>\nEsta liga\u00e7\u00e3o de interface \u00e9 compat\u00edvel com os seguintes equipamentos:<\/p>\n<ul>\n<li>\u00a0MultiPlus (incluindo Compact)<\/li>\n<li>MultiPlus-II<\/li>\n<li>MultiPlus-II GX<\/li>\n<li>MultiGrid<\/li>\n<li>Quatros<\/li>\n<li>EasySolar<\/li>\n<li>EasySolar-II<\/li>\n<li>EasySolar-II GX<\/li>\n<li>Inversores Phoenix com uma porta VE.Bus<\/li>\n<\/ul>\n<p>Tamb\u00e9m dispon\u00edvel com conetor USB: <a href=\"https:\/\/fvcomponentes.com\/pt\/produto\/victron-ve-mk3-interface-usb-interface-link\/\" target=\"_blank\" rel=\"noopener\">Interface de liga\u00e7\u00e3o Victron VE MK3-USB - ASS030140000<\/a><\/p>\n<h3>Guia para ligar o Victron ao computador com a configura\u00e7\u00e3o VE Direct<\/h3>\n<p><a href=\"https:\/\/fvcomponentes.com\/wp-content\/uploads\/2020\/03\/15296-VE_Bus_Configuration_guide-pdf-es.pdf\" target=\"_blank\" rel=\"noopener\">Guia de transfer\u00eancia para ligar o Victron ao computador atrav\u00e9s da interface de liga\u00e7\u00e3o Victron VE MK3-USB-C - ASS030140030<\/a><\/p>","protected":false},"excerpt":{"rendered":"<p>O\u00a0<strong>Interface VE Link MK3-USB-C da Victron<\/strong> permite:<\/p>\n<ul>\n<li>As defini\u00e7\u00f5es de par\u00e2metros dos inversores Victron.<\/li>\n<li>Controlo informatizado.<\/li>\n<\/ul>","protected":false},"featured_media":16171,"comment_status":"open","ping_status":"closed","template":"","meta":{"site-sidebar-layout":"default","site-content-layout":"default","ast-site-content-layout":"default","site-content-style":"default","site-sidebar-style":"default","ast-global-header-display":"","ast-banner-title-visibility":"","ast-main-header-display":"","ast-hfb-above-header-display":"","ast-hfb-below-header-display":"","ast-hfb-mobile-header-display":"","site-post-title":"","ast-breadcrumbs-content":"","ast-featured-img":"","footer-sml-layout":"","ast-disable-related-posts":"","theme-transparent-header-meta":"default","adv-header-id-meta":"","stick-header-meta":"","header-above-stick-meta":"","header-main-stick-meta":"","header-below-stick-meta":"","astra-migrate-meta-layouts":"set","ast-page-background-enabled":"default","ast-page-background-meta":{"desktop":{"background-color":"var(--ast-global-color-4)","background-image":"","background-repeat":"repeat","background-position":"center center","background-size":"auto","background-attachment":"scroll","background-type":"","background-media":"","overlay-type":"","overlay-color":"","overlay-opacity":"","overlay-gradient":""},"tablet":{"background-color":"","background-image":"","background-repeat":"repeat","background-position":"center center","background-size":"auto","background-attachment":"scroll","background-type":"","background-media":"","overlay-type":"","overlay-color":"","overlay-opacity":"","overlay-gradient":""},"mobile":{"background-color":"","background-image":"","background-repeat":"repeat","background-position":"center center","background-size":"auto","background-attachment":"scroll","background-type":"","background-media":"","overlay-type":"","overlay-color":"","overlay-opacity":"","overlay-gradient":""}},"ast-content-background-meta":{"desktop":{"background-color":"var(--ast-global-color-5)","background-image":"","background-repeat":"repeat","background-position":"center center","background-size":"auto","background-attachment":"scroll","background-type":"","background-media":"","overlay-type":"","overlay-color":"","overlay-opacity":"","overlay-gradient":""},"tablet":{"background-color":"var(--ast-global-color-5)","background-image":"","background-repeat":"repeat","background-position":"center center","background-size":"auto","background-attachment":"scroll","background-type":"","background-media":"","overlay-type":"","overlay-color":"","overlay-opacity":"","overlay-gradient":""},"mobile":{"background-color":"var(--ast-global-color-5)","background-image":"","background-repeat":"repeat","background-position":"center center","background-size":"auto","background-attachment":"scroll","background-type":"","background-media":"","overlay-type":"","overlay-color":"","overlay-opacity":"","overlay-gradient":""}}},"pwb-brand":[332],"product_brand":[],"product_cat":[351,878,333],"product_tag":[],"class_list":{"0":"post-15432","1":"product","2":"type-product","3":"status-publish","4":"has-post-thumbnail","6":"pwb-brand-victron","7":"product_cat-accesorios","8":"product_cat-cables-victron","9":"product_cat-inversores","10":"desktop-align-left","11":"tablet-align-left","12":"mobile-align-left","13":"ast-product-gallery-layout-horizontal-slider","14":"ast-product-gallery-with-no-image","15":"ast-product-tabs-layout-horizontal","17":"first","18":"instock","19":"taxable","20":"shipping-taxable","21":"purchasable","22":"product-type-simple"},"wcpa_form_fields":null,"brands":[{"id":332,"name":"Victron Energia","slug":"victron"}],"_links":{"self":[{"href":"https:\/\/fvcomponentes.com\/pt\/wp-json\/wp\/v2\/product\/15432","targetHints":{"allow":["GET"]}}],"collection":[{"href":"https:\/\/fvcomponentes.com\/pt\/wp-json\/wp\/v2\/product"}],"about":[{"href":"https:\/\/fvcomponentes.com\/pt\/wp-json\/wp\/v2\/types\/product"}],"replies":[{"embeddable":true,"href":"https:\/\/fvcomponentes.com\/pt\/wp-json\/wp\/v2\/comments?post=15432"}],"wp:featuredmedia":[{"embeddable":true,"href":"https:\/\/fvcomponentes.com\/pt\/wp-json\/wp\/v2\/media\/16171"}],"wp:attachment":[{"href":"https:\/\/fvcomponentes.com\/pt\/wp-json\/wp\/v2\/media?parent=15432"}],"wp:term":[{"taxonomy":"pwb-brand","embeddable":true,"href":"https:\/\/fvcomponentes.com\/pt\/wp-json\/wp\/v2\/pwb-brand?post=15432"},{"taxonomy":"product_brand","embeddable":true,"href":"https:\/\/fvcomponentes.com\/pt\/wp-json\/wp\/v2\/product_brand?post=15432"},{"taxonomy":"product_cat","embeddable":true,"href":"https:\/\/fvcomponentes.com\/pt\/wp-json\/wp\/v2\/product_cat?post=15432"},{"taxonomy":"product_tag","embeddable":true,"href":"https:\/\/fvcomponentes.com\/pt\/wp-json\/wp\/v2\/product_tag?post=15432"}],"curies":[{"name":"wp","href":"https:\/\/api.w.org\/{rel}","templated":true}]}}