{"id":15428,"date":"2024-06-24T08:43:56","date_gmt":"2024-06-24T06:43:56","guid":{"rendered":"https:\/\/fvcomponentes.com\/?post_type=product&#038;p=15428"},"modified":"2026-04-08T21:28:05","modified_gmt":"2026-04-08T19:28:05","slug":"cabo-de-interface-victron-ve-direto-para-usb-c-ass030530030","status":"publish","type":"product","link":"https:\/\/fvcomponentes.com\/pt\/producto\/cable-interfaz-victron-ve-direct-a-usb-c-ass030530030\/","title":{"rendered":"Cabo de interface Victron VE.Direct para USB-C - ASS030530030"},"content":{"rendered":"<h2>Caracter\u00edsticas do cabo de interface Victron VE.Direct para USB-C - ASS030530030<\/h2>\n<p>O cabo de interface Victron VE.Direct para USB-C - ASS030530030 liga produtos com liga\u00e7\u00e3o VE.Direct a dispositivos com uma porta USB-C, por exemplo, um computador.<\/p>\n<p>Com este cabo \u00e9 poss\u00edvel ligar mais do que dois produtos VE.Direct a um \u00fanico CCGX.<\/p>\n<h3><span style=\"color: #000000;\">VE.Direto para dispositivos compat\u00edveis com a interface USB-C<\/span><\/h3>\n<p><span style=\"color: #000000;\">Os dispositivos que podem ser ligados a esta interface VE.Direct para USB-C s\u00e3o:<\/span><\/p>\n<p><span style=\"color: #000000;\">- Controladores Blue Solar MPPT<\/span><\/p>\n<p><span style=\"color: #000000;\">- Os inversores Phoenix VE.Direct<\/span><\/p>\n<p><span style=\"color: #000000;\">- Monitor de bateria BMV700<\/span><\/p>\n<p><span style=\"color: #000000;\">- Reguladores Blue Solar MPPT.<\/span><\/p>\n<p><span style=\"color: #000000;\">Consoante o equipamento a ligar, podem ser observados diferentes par\u00e2metros de funcionamento.<\/span><\/p>\n<p><span style=\"color: #000000;\">Nos reguladores Blue Solar MPPT, as tens\u00f5es de carga da bateria podem ser monitorizadas e a corrente gerada pelos pain\u00e9is pode ser monitorizada. Nos inversores Phoenix VE.Direct, podem ser monitorizados, em particular, a tens\u00e3o de corte da bateria fraca e o sinal de alarme.<\/span><\/p>\n<h3><span style=\"color: #000000;\">Como \u00e9 que ligo dispositivos Victron atrav\u00e9s da interface VE.Direct a USB?<\/span><\/h3>\n<p><span style=\"color: #000000;\">Existem duas formas de estabelecer uma liga\u00e7\u00e3o ao equipamento Victron,\u00a0<strong>utilizando o VE.Direct para USB ou utilizando o dongle VE.Direct Bluetooth Smart.<\/strong>. O VE.Direct para USB permite-lhe ligar o equipamento Victron a computadores Windows PC e MAC. Al\u00e9m disso, o VE.Direct Bluetooth Smart Dongle permite-lhe ligar dispositivos Victron a smartphones Apple e Android, tablets, Macbooks e outros dispositivos.<\/span><\/p>","protected":false},"excerpt":{"rendered":"<p>Dados t\u00e9cnicos do cabo de interface Victron VE.Direct to USB:<\/p>\n<ul>\n<li><b>Comprimento: <\/b>0.9m<\/li>\n<li><strong>Interface de sa\u00edda:<\/strong> USB tipo C<\/li>\n<\/ul>\n<p>&nbsp;<\/p>","protected":false},"featured_media":15430,"comment_status":"open","ping_status":"closed","template":"","meta":{"site-sidebar-layout":"default","site-content-layout":"default","ast-site-content-layout":"default","site-content-style":"default","site-sidebar-style":"default","ast-global-header-display":"","ast-banner-title-visibility":"","ast-main-header-display":"","ast-hfb-above-header-display":"","ast-hfb-below-header-display":"","ast-hfb-mobile-header-display":"","site-post-title":"","ast-breadcrumbs-content":"","ast-featured-img":"","footer-sml-layout":"","ast-disable-related-posts":"","theme-transparent-header-meta":"default","adv-header-id-meta":"","stick-header-meta":"","header-above-stick-meta":"","header-main-stick-meta":"","header-below-stick-meta":"","astra-migrate-meta-layouts":"set","ast-page-background-enabled":"default","ast-page-background-meta":{"desktop":{"background-color":"var(--ast-global-color-4)","background-image":"","background-repeat":"repeat","background-position":"center center","background-size":"auto","background-attachment":"scroll","background-type":"","background-media":"","overlay-type":"","overlay-color":"","overlay-opacity":"","overlay-gradient":""},"tablet":{"background-color":"","background-image":"","background-repeat":"repeat","background-position":"center center","background-size":"auto","background-attachment":"scroll","background-type":"","background-media":"","overlay-type":"","overlay-color":"","overlay-opacity":"","overlay-gradient":""},"mobile":{"background-color":"","background-image":"","background-repeat":"repeat","background-position":"center center","background-size":"auto","background-attachment":"scroll","background-type":"","background-media":"","overlay-type":"","overlay-color":"","overlay-opacity":"","overlay-gradient":""}},"ast-content-background-meta":{"desktop":{"background-color":"var(--ast-global-color-5)","background-image":"","background-repeat":"repeat","background-position":"center center","background-size":"auto","background-attachment":"scroll","background-type":"","background-media":"","overlay-type":"","overlay-color":"","overlay-opacity":"","overlay-gradient":""},"tablet":{"background-color":"var(--ast-global-color-5)","background-image":"","background-repeat":"repeat","background-position":"center center","background-size":"auto","background-attachment":"scroll","background-type":"","background-media":"","overlay-type":"","overlay-color":"","overlay-opacity":"","overlay-gradient":""},"mobile":{"background-color":"var(--ast-global-color-5)","background-image":"","background-repeat":"repeat","background-position":"center center","background-size":"auto","background-attachment":"scroll","background-type":"","background-media":"","overlay-type":"","overlay-color":"","overlay-opacity":"","overlay-gradient":""}}},"pwb-brand":[332],"product_brand":[],"product_cat":[351,878,333],"product_tag":[],"class_list":{"0":"post-15428","1":"product","2":"type-product","3":"status-publish","4":"has-post-thumbnail","6":"pwb-brand-victron","7":"product_cat-accesorios","8":"product_cat-cables-victron","9":"product_cat-inversores","10":"desktop-align-left","11":"tablet-align-left","12":"mobile-align-left","13":"ast-product-gallery-layout-horizontal-slider","14":"ast-product-tabs-layout-horizontal","16":"first","17":"instock","18":"taxable","19":"shipping-taxable","20":"purchasable","21":"product-type-simple"},"wcpa_form_fields":null,"brands":[{"id":332,"name":"Victron Energia","slug":"victron"}],"_links":{"self":[{"href":"https:\/\/fvcomponentes.com\/pt\/wp-json\/wp\/v2\/product\/15428","targetHints":{"allow":["GET"]}}],"collection":[{"href":"https:\/\/fvcomponentes.com\/pt\/wp-json\/wp\/v2\/product"}],"about":[{"href":"https:\/\/fvcomponentes.com\/pt\/wp-json\/wp\/v2\/types\/product"}],"replies":[{"embeddable":true,"href":"https:\/\/fvcomponentes.com\/pt\/wp-json\/wp\/v2\/comments?post=15428"}],"wp:featuredmedia":[{"embeddable":true,"href":"https:\/\/fvcomponentes.com\/pt\/wp-json\/wp\/v2\/media\/15430"}],"wp:attachment":[{"href":"https:\/\/fvcomponentes.com\/pt\/wp-json\/wp\/v2\/media?parent=15428"}],"wp:term":[{"taxonomy":"pwb-brand","embeddable":true,"href":"https:\/\/fvcomponentes.com\/pt\/wp-json\/wp\/v2\/pwb-brand?post=15428"},{"taxonomy":"product_brand","embeddable":true,"href":"https:\/\/fvcomponentes.com\/pt\/wp-json\/wp\/v2\/product_brand?post=15428"},{"taxonomy":"product_cat","embeddable":true,"href":"https:\/\/fvcomponentes.com\/pt\/wp-json\/wp\/v2\/product_cat?post=15428"},{"taxonomy":"product_tag","embeddable":true,"href":"https:\/\/fvcomponentes.com\/pt\/wp-json\/wp\/v2\/product_tag?post=15428"}],"curies":[{"name":"wp","href":"https:\/\/api.w.org\/{rel}","templated":true}]}}