{"id":15425,"date":"2024-06-24T08:37:35","date_gmt":"2024-06-24T06:37:35","guid":{"rendered":"https:\/\/fvcomponentes.com\/?post_type=product&#038;p=15425"},"modified":"2025-10-15T09:22:58","modified_gmt":"2025-10-15T07:22:58","slug":"modulo-victron-ve-direct-lorawan-au915-928-ass030542010","status":"publish","type":"product","link":"https:\/\/fvcomponentes.com\/pt\/producto\/modulo-victron-ve-direct-lorawan-au915-928-ass030542010\/","title":{"rendered":"M\u00f3dulo Victron VE.Direct LoRaWAN AU915-928 - ASS030542010"},"content":{"rendered":"<h2>Caracter\u00edsticas do M\u00f3dulo Victron VE.Direct LoRaWAN AU915-928 - ASS030542010<\/h2>\n<p>O m\u00f3dulo Victron VE.Diret LoRaWAN AU915-928 - ASS030542010 \u00e9 um componente que permite a conetividade de sistemas e dispositivos de energia Victron a redes LoRaWAN (Long Range Wide Area Network). A ideia \u00e9 utilizar a \"Rede das Coisas\" gratuita para poder monitorizar remotamente o seu dispositivo VE Diret utilizando o portal Victron VRM. Com o m\u00f3dulo Victron VE.Diret LoRaWAN AU915-928 pode ler dados do seu BMV, MPPT ou Phoenix Inverter remotamente. Veja informa\u00e7\u00f5es como o estado da bateria ou da energia solar em qualquer lugar no seu computador de secret\u00e1ria ou telem\u00f3vel.<\/p>\n<h2 class=\"productDetails__block-title\"><span class=\"productDetails__block-title-content\">Portal em linha VRM<\/span><\/h2>\n<div class=\"productDetails__block-description\">\n<p>Pode verificar o estado dos seus produtos ligados no nosso s\u00edtio Web gratuito de monitoriza\u00e7\u00e3o remota: o portal online do VRM. Para lhe dar uma ideia do aspeto do portal online VRM, visite\u00a0<a href=\"https:\/\/vrm.victronenergy.com\/landingpage\" target=\"_blank\" rel=\"noopener\">vrm.victronenergy.com<\/a>e utilizar o bot\u00e3o \"Experimente a nossa demonstra\u00e7\u00e3o\". A utiliza\u00e7\u00e3o do portal \u00e9 gratuita.<\/p>\n<h2 class=\"productDetails__block-title\"><span class=\"productDetails__block-title-content\">Rede de \u00e1rea alargada de longo alcance<\/span><\/h2>\n<div class=\"productDetails__block-description\">\n<p>LoRaWAN \u00e9 uma rede sem fio que opera na freq\u00fc\u00eancia de 868Mhz. Tem um longo alcance e utiliza uma pequena quantidade de corrente. O m\u00f3dulo Victron VE.Diret LoRaWAN AU915-928 pode enviar dados actualizados de hora a hora atrav\u00e9s desta rede. N\u00e3o \u00e9 necess\u00e1ria uma subscri\u00e7\u00e3o para utilizar esta rede. Se n\u00e3o tiver cobertura na sua \u00e1rea, \u00e9 poss\u00edvel adicionar o seu pr\u00f3prio gateway.<\/p>\n<h2>Manual do m\u00f3dulo Victron VE.Diret LoRaWAN AU915-928 - ASS030542010<\/h2>\n<p><a href=\"https:\/\/fvcomponentes.com\/wp-content\/uploads\/2025\/10\/ve.direct_lorawan_module_manual-1.pdf\" target=\"_blank\" rel=\"noopener\">Ver Manual do M\u00f3dulo Victron VE.Diret LoRaWAN AU915-928 Victron VE.Diret LoRaWAN<\/a><\/p>\n<\/div>\n<\/div>","protected":false},"excerpt":{"rendered":"<p>Para ligar um inversor BMV, MPPT ou Phoenix ao portal VRM (Victron Remote Management).<\/p>","protected":false},"featured_media":15426,"comment_status":"open","ping_status":"closed","template":"","meta":{"site-sidebar-layout":"default","site-content-layout":"default","ast-site-content-layout":"default","site-content-style":"default","site-sidebar-style":"default","ast-global-header-display":"","ast-banner-title-visibility":"","ast-main-header-display":"","ast-hfb-above-header-display":"","ast-hfb-below-header-display":"","ast-hfb-mobile-header-display":"","site-post-title":"","ast-breadcrumbs-content":"","ast-featured-img":"","footer-sml-layout":"","ast-disable-related-posts":"","theme-transparent-header-meta":"default","adv-header-id-meta":"","stick-header-meta":"","header-above-stick-meta":"","header-main-stick-meta":"","header-below-stick-meta":"","astra-migrate-meta-layouts":"set","ast-page-background-enabled":"default","ast-page-background-meta":{"desktop":{"background-color":"var(--ast-global-color-4)","background-image":"","background-repeat":"repeat","background-position":"center center","background-size":"auto","background-attachment":"scroll","background-type":"","background-media":"","overlay-type":"","overlay-color":"","overlay-opacity":"","overlay-gradient":""},"tablet":{"background-color":"","background-image":"","background-repeat":"repeat","background-position":"center center","background-size":"auto","background-attachment":"scroll","background-type":"","background-media":"","overlay-type":"","overlay-color":"","overlay-opacity":"","overlay-gradient":""},"mobile":{"background-color":"","background-image":"","background-repeat":"repeat","background-position":"center center","background-size":"auto","background-attachment":"scroll","background-type":"","background-media":"","overlay-type":"","overlay-color":"","overlay-opacity":"","overlay-gradient":""}},"ast-content-background-meta":{"desktop":{"background-color":"var(--ast-global-color-5)","background-image":"","background-repeat":"repeat","background-position":"center center","background-size":"auto","background-attachment":"scroll","background-type":"","background-media":"","overlay-type":"","overlay-color":"","overlay-opacity":"","overlay-gradient":""},"tablet":{"background-color":"var(--ast-global-color-5)","background-image":"","background-repeat":"repeat","background-position":"center center","background-size":"auto","background-attachment":"scroll","background-type":"","background-media":"","overlay-type":"","overlay-color":"","overlay-opacity":"","overlay-gradient":""},"mobile":{"background-color":"var(--ast-global-color-5)","background-image":"","background-repeat":"repeat","background-position":"center center","background-size":"auto","background-attachment":"scroll","background-type":"","background-media":"","overlay-type":"","overlay-color":"","overlay-opacity":"","overlay-gradient":""}}},"pwb-brand":[332],"product_brand":[],"product_cat":[333,934],"product_tag":[],"class_list":{"0":"post-15425","1":"product","2":"type-product","3":"status-publish","4":"has-post-thumbnail","6":"pwb-brand-victron","7":"product_cat-inversores","8":"product_cat-monitorizacion","9":"desktop-align-left","10":"tablet-align-left","11":"mobile-align-left","12":"ast-product-gallery-layout-horizontal-slider","13":"ast-product-gallery-with-no-image","14":"ast-product-tabs-layout-horizontal","16":"first","17":"instock","18":"taxable","19":"shipping-taxable","20":"purchasable","21":"product-type-simple"},"wcpa_form_fields":null,"brands":[{"id":332,"name":"Victron Energia","slug":"victron"}],"_links":{"self":[{"href":"https:\/\/fvcomponentes.com\/pt\/wp-json\/wp\/v2\/product\/15425","targetHints":{"allow":["GET"]}}],"collection":[{"href":"https:\/\/fvcomponentes.com\/pt\/wp-json\/wp\/v2\/product"}],"about":[{"href":"https:\/\/fvcomponentes.com\/pt\/wp-json\/wp\/v2\/types\/product"}],"replies":[{"embeddable":true,"href":"https:\/\/fvcomponentes.com\/pt\/wp-json\/wp\/v2\/comments?post=15425"}],"wp:featuredmedia":[{"embeddable":true,"href":"https:\/\/fvcomponentes.com\/pt\/wp-json\/wp\/v2\/media\/15426"}],"wp:attachment":[{"href":"https:\/\/fvcomponentes.com\/pt\/wp-json\/wp\/v2\/media?parent=15425"}],"wp:term":[{"taxonomy":"pwb-brand","embeddable":true,"href":"https:\/\/fvcomponentes.com\/pt\/wp-json\/wp\/v2\/pwb-brand?post=15425"},{"taxonomy":"product_brand","embeddable":true,"href":"https:\/\/fvcomponentes.com\/pt\/wp-json\/wp\/v2\/product_brand?post=15425"},{"taxonomy":"product_cat","embeddable":true,"href":"https:\/\/fvcomponentes.com\/pt\/wp-json\/wp\/v2\/product_cat?post=15425"},{"taxonomy":"product_tag","embeddable":true,"href":"https:\/\/fvcomponentes.com\/pt\/wp-json\/wp\/v2\/product_tag?post=15425"}],"curies":[{"name":"wp","href":"https:\/\/api.w.org\/{rel}","templated":true}]}}