{"id":15416,"date":"2024-06-24T08:06:02","date_gmt":"2024-06-24T06:06:02","guid":{"rendered":"https:\/\/fvcomponentes.com\/?post_type=product&#038;p=15416"},"modified":"2026-04-04T12:48:20","modified_gmt":"2026-04-04T10:48:20","slug":"victron-gx-lte-4g-e-gsm100100400-modem-victron-gx-lte-4g","status":"publish","type":"product","link":"https:\/\/fvcomponentes.com\/pt\/producto\/modem-victron-gx-lte-4g-e-gsm100100400\/","title":{"rendered":"Modem Victron GX LTE 4G-E LTE - GSM100100400"},"content":{"rendered":"<div class=\"productDetails__block-content\">\n<div class=\"productDetails__block-description\">\n<h2>Carater\u00edsticas do Modem Victron GX LTE 4G-E LTE<\/h2>\n<p>O modem Victron GX LTE 4G-E - GSM100100400 \u00e9 um modem celular da gama GX de produtos de monitoriza\u00e7\u00e3o. Fornece uma liga\u00e7\u00e3o m\u00f3vel \u00e0 Internet para o sistema e liga\u00e7\u00e3o ao portal VRM. Funciona com redes 2G, 3G e 4G.<\/p>\n<p>Existem v\u00e1rios modelos, consulte o manual para ver qual o modelo mais adequado para as bandas de rede celular dispon\u00edveis na sua \u00e1rea.<\/p>\n<p>O GX LTE inclui um recetor GPS integrado. Quando a antena GPS opcional \u00e9 instalada, a localiza\u00e7\u00e3o do sistema pode ser monitorizada e pode ser estabelecida uma geocerca a partir do portal VRM.<\/p>\n<\/div>\n<\/div>\n<div class=\"productDetails__block-content\">\n<div class=\"productDetails__block-description\">\n<h2>Manual do modem Victron GX LTE 4G-E LTE - GSM100100400<\/h2>\n<\/div>\n<\/div>\n<div class=\"productDetails__block-image-container\">\n<div class=\"productDetails__block-image\"><a href=\"https:\/\/fvcomponentes.com\/wp-content\/uploads\/2024\/06\/Manual-Modem-Victron-GX-LTE-4G-E.pdf\" target=\"_blank\" rel=\"noopener\">Ver o manual do modem Victron GX LTE 4G-E<\/a><\/div>\n<\/div>","protected":false},"excerpt":{"rendered":"<ul>\n<li>Modem celular da gama de produtos de monitoriza\u00e7\u00e3o GX.<\/li>\n<li>Fornece uma liga\u00e7\u00e3o m\u00f3vel \u00e0 Internet para o sistema e liga\u00e7\u00e3o ao portal VRM.<\/li>\n<li>Funciona com redes 2G, 3G e 4G.<\/li>\n<\/ul>","protected":false},"featured_media":15419,"comment_status":"open","ping_status":"closed","template":"","meta":{"site-sidebar-layout":"default","site-content-layout":"default","ast-site-content-layout":"default","site-content-style":"default","site-sidebar-style":"default","ast-global-header-display":"","ast-banner-title-visibility":"","ast-main-header-display":"","ast-hfb-above-header-display":"","ast-hfb-below-header-display":"","ast-hfb-mobile-header-display":"","site-post-title":"","ast-breadcrumbs-content":"","ast-featured-img":"","footer-sml-layout":"","ast-disable-related-posts":"","theme-transparent-header-meta":"default","adv-header-id-meta":"","stick-header-meta":"","header-above-stick-meta":"","header-main-stick-meta":"","header-below-stick-meta":"","astra-migrate-meta-layouts":"set","ast-page-background-enabled":"default","ast-page-background-meta":{"desktop":{"background-color":"var(--ast-global-color-4)","background-image":"","background-repeat":"repeat","background-position":"center center","background-size":"auto","background-attachment":"scroll","background-type":"","background-media":"","overlay-type":"","overlay-color":"","overlay-opacity":"","overlay-gradient":""},"tablet":{"background-color":"","background-image":"","background-repeat":"repeat","background-position":"center center","background-size":"auto","background-attachment":"scroll","background-type":"","background-media":"","overlay-type":"","overlay-color":"","overlay-opacity":"","overlay-gradient":""},"mobile":{"background-color":"","background-image":"","background-repeat":"repeat","background-position":"center center","background-size":"auto","background-attachment":"scroll","background-type":"","background-media":"","overlay-type":"","overlay-color":"","overlay-opacity":"","overlay-gradient":""}},"ast-content-background-meta":{"desktop":{"background-color":"var(--ast-global-color-5)","background-image":"","background-repeat":"repeat","background-position":"center center","background-size":"auto","background-attachment":"scroll","background-type":"","background-media":"","overlay-type":"","overlay-color":"","overlay-opacity":"","overlay-gradient":""},"tablet":{"background-color":"var(--ast-global-color-5)","background-image":"","background-repeat":"repeat","background-position":"center center","background-size":"auto","background-attachment":"scroll","background-type":"","background-media":"","overlay-type":"","overlay-color":"","overlay-opacity":"","overlay-gradient":""},"mobile":{"background-color":"var(--ast-global-color-5)","background-image":"","background-repeat":"repeat","background-position":"center center","background-size":"auto","background-attachment":"scroll","background-type":"","background-media":"","overlay-type":"","overlay-color":"","overlay-opacity":"","overlay-gradient":""}}},"pwb-brand":[332],"product_brand":[],"product_cat":[333,934],"product_tag":[],"class_list":{"0":"post-15416","1":"product","2":"type-product","3":"status-publish","4":"has-post-thumbnail","6":"pwb-brand-victron","7":"product_cat-inversores","8":"product_cat-monitorizacion","9":"desktop-align-left","10":"tablet-align-left","11":"mobile-align-left","12":"ast-product-gallery-layout-horizontal-slider","13":"ast-product-tabs-layout-horizontal","15":"first","16":"instock","17":"taxable","18":"shipping-taxable","19":"purchasable","20":"product-type-simple"},"wcpa_form_fields":null,"brands":[{"id":332,"name":"Victron Energia","slug":"victron"}],"_links":{"self":[{"href":"https:\/\/fvcomponentes.com\/pt\/wp-json\/wp\/v2\/product\/15416","targetHints":{"allow":["GET"]}}],"collection":[{"href":"https:\/\/fvcomponentes.com\/pt\/wp-json\/wp\/v2\/product"}],"about":[{"href":"https:\/\/fvcomponentes.com\/pt\/wp-json\/wp\/v2\/types\/product"}],"replies":[{"embeddable":true,"href":"https:\/\/fvcomponentes.com\/pt\/wp-json\/wp\/v2\/comments?post=15416"}],"wp:featuredmedia":[{"embeddable":true,"href":"https:\/\/fvcomponentes.com\/pt\/wp-json\/wp\/v2\/media\/15419"}],"wp:attachment":[{"href":"https:\/\/fvcomponentes.com\/pt\/wp-json\/wp\/v2\/media?parent=15416"}],"wp:term":[{"taxonomy":"pwb-brand","embeddable":true,"href":"https:\/\/fvcomponentes.com\/pt\/wp-json\/wp\/v2\/pwb-brand?post=15416"},{"taxonomy":"product_brand","embeddable":true,"href":"https:\/\/fvcomponentes.com\/pt\/wp-json\/wp\/v2\/product_brand?post=15416"},{"taxonomy":"product_cat","embeddable":true,"href":"https:\/\/fvcomponentes.com\/pt\/wp-json\/wp\/v2\/product_cat?post=15416"},{"taxonomy":"product_tag","embeddable":true,"href":"https:\/\/fvcomponentes.com\/pt\/wp-json\/wp\/v2\/product_tag?post=15416"}],"curies":[{"name":"wp","href":"https:\/\/api.w.org\/{rel}","templated":true}]}}