{"id":15383,"date":"2024-06-21T12:09:37","date_gmt":"2024-06-21T10:09:37","guid":{"rendered":"https:\/\/fvcomponentes.com\/?post_type=product&#038;p=15383"},"modified":"2026-01-15T10:06:09","modified_gmt":"2026-01-15T09:06:09","slug":"victron-gx-tanque-140-monitorizacao-bpp920140100-bpp920140100","status":"publish","type":"product","link":"https:\/\/fvcomponentes.com\/pt\/producto\/monitorizacion-victron-gx-tank-140-bpp920140100\/","title":{"rendered":"Monitoriza\u00e7\u00e3o Victron GX Tanque 140 - BPP920140100"},"content":{"rendered":"<h2>Caracter\u00edsticas da Monitoriza\u00e7\u00e3o Victron GX Tank 140 - BPP920140100<\/h2>\n<p>O monitor Victron GX Tank 140 - BPP920140100 recebe leituras de at\u00e9 quatro sensores de n\u00edvel de tanque. \u00c9 um acess\u00f3rio para a nossa gama de produtos de monitoriza\u00e7\u00e3o do sistema GX, entre os quais o <a href=\"https:\/\/fvcomponentes.com\/pt\/produto\/monitor-victron-cerbo-gx-mk2-bpp900451100-victron-cerbo-mk2\/\" target=\"_blank\" rel=\"noopener\">Monitoriza\u00e7\u00e3o Victron Cerbo GX MK2 - BPP900451100<\/a> \u00e9 o modelo mais comummente utilizado. Os n\u00edveis dos tanques podem ser lidos localmente no sistema e remotamente atrav\u00e9s do nosso Portal VRM.<\/p>\n<p>O monitor Victron GX Tank 140 - BPP920140100 \u00e9 compat\u00edvel com transmissores de corrente (4 a 20 mA) e de tens\u00e3o (0 a 10 V). A liga\u00e7\u00e3o ao dispositivo GX \u00e9 efectuada atrav\u00e9s de USB, que tamb\u00e9m \u00e9 utilizado para alimentar o GX Tank: n\u00e3o s\u00e3o necess\u00e1rios cabos de alimenta\u00e7\u00e3o adicionais.<\/p>\n<p>A liga\u00e7\u00e3o el\u00e9ctrica do transmissor do dep\u00f3sito \u00e9 t\u00e3o simples quanto poss\u00edvel: duas das quatro entradas fornecem 24 V, para alimentar o transmissor. Os outros dois fios requerem uma fonte de alimenta\u00e7\u00e3o externa e existe um terminal de entrada de alimenta\u00e7\u00e3o e sa\u00eddas com fus\u00edveis para o facilitar.<\/p>\n<p>Os limites superior e inferior podem ser definidos para permitir a utiliza\u00e7\u00e3o de transmissores que apenas fornecem parte da gama, por exemplo, 0 a 5V.<\/p>\n<p>Para proporcionar uma leitura est\u00e1vel, as leituras s\u00e3o amortecidas por c\u00e1lculo da m\u00e9dia. O amortecimento pode ser definido entre 1 e 60 segundos.<\/p>\n<p>S\u00e3o detectados sensores defeituosos e problemas de cablagem: ser\u00e1 acionado um alarme quando os valores estiverem fora do intervalo.<\/p>\n<p>Para aplica\u00e7\u00f5es mar\u00edtimas, o dispositivo GX pode transmitir estes n\u00edveis de tanque na rede NMEA 2000 para serem recebidos por outros dispositivos, tais como ecr\u00e3s multifun\u00e7\u00f5es.<\/p>\n<h2>Manual de Monitoriza\u00e7\u00e3o Victron GX Tanque 140 - BPP920140100<\/h2>\n<p><a href=\"https:\/\/fvcomponentes.com\/wp-content\/uploads\/2024\/06\/Manual-Victron-GX-Tank-140.pdf\" target=\"_blank\" rel=\"noopener\">Ver o Manual de Monitoriza\u00e7\u00e3o Victron GX Tank 140 - BPP920140100<\/a><\/p>","protected":false},"excerpt":{"rendered":"<ul>\n<li>Recebe leituras de at\u00e9 quatro sensores de n\u00edvel do dep\u00f3sito.<\/li>\n<li>Compat\u00edvel com transmissores de corrente (4 a 20 mA) e de tens\u00e3o (0 a 10 V).<\/li>\n<li>N\u00e3o s\u00e3o necess\u00e1rios cabos de alimenta\u00e7\u00e3o adicionais.<\/li>\n<\/ul>","protected":false},"featured_media":15387,"comment_status":"open","ping_status":"closed","template":"","meta":{"site-sidebar-layout":"default","site-content-layout":"default","ast-site-content-layout":"default","site-content-style":"default","site-sidebar-style":"default","ast-global-header-display":"","ast-banner-title-visibility":"","ast-main-header-display":"","ast-hfb-above-header-display":"","ast-hfb-below-header-display":"","ast-hfb-mobile-header-display":"","site-post-title":"","ast-breadcrumbs-content":"","ast-featured-img":"","footer-sml-layout":"","ast-disable-related-posts":"","theme-transparent-header-meta":"default","adv-header-id-meta":"","stick-header-meta":"","header-above-stick-meta":"","header-main-stick-meta":"","header-below-stick-meta":"","astra-migrate-meta-layouts":"set","ast-page-background-enabled":"default","ast-page-background-meta":{"desktop":{"background-color":"var(--ast-global-color-4)","background-image":"","background-repeat":"repeat","background-position":"center center","background-size":"auto","background-attachment":"scroll","background-type":"","background-media":"","overlay-type":"","overlay-color":"","overlay-opacity":"","overlay-gradient":""},"tablet":{"background-color":"","background-image":"","background-repeat":"repeat","background-position":"center center","background-size":"auto","background-attachment":"scroll","background-type":"","background-media":"","overlay-type":"","overlay-color":"","overlay-opacity":"","overlay-gradient":""},"mobile":{"background-color":"","background-image":"","background-repeat":"repeat","background-position":"center center","background-size":"auto","background-attachment":"scroll","background-type":"","background-media":"","overlay-type":"","overlay-color":"","overlay-opacity":"","overlay-gradient":""}},"ast-content-background-meta":{"desktop":{"background-color":"var(--ast-global-color-5)","background-image":"","background-repeat":"repeat","background-position":"center center","background-size":"auto","background-attachment":"scroll","background-type":"","background-media":"","overlay-type":"","overlay-color":"","overlay-opacity":"","overlay-gradient":""},"tablet":{"background-color":"var(--ast-global-color-5)","background-image":"","background-repeat":"repeat","background-position":"center center","background-size":"auto","background-attachment":"scroll","background-type":"","background-media":"","overlay-type":"","overlay-color":"","overlay-opacity":"","overlay-gradient":""},"mobile":{"background-color":"var(--ast-global-color-5)","background-image":"","background-repeat":"repeat","background-position":"center center","background-size":"auto","background-attachment":"scroll","background-type":"","background-media":"","overlay-type":"","overlay-color":"","overlay-opacity":"","overlay-gradient":""}}},"pwb-brand":[332],"product_brand":[],"product_cat":[333,934],"product_tag":[],"class_list":{"0":"post-15383","1":"product","2":"type-product","3":"status-publish","4":"has-post-thumbnail","6":"pwb-brand-victron","7":"product_cat-inversores","8":"product_cat-monitorizacion","9":"desktop-align-left","10":"tablet-align-left","11":"mobile-align-left","12":"ast-product-gallery-layout-horizontal-slider","13":"ast-product-tabs-layout-horizontal","15":"first","16":"instock","17":"taxable","18":"shipping-taxable","19":"purchasable","20":"product-type-simple"},"wcpa_form_fields":null,"brands":[{"id":332,"name":"Victron Energia","slug":"victron"}],"_links":{"self":[{"href":"https:\/\/fvcomponentes.com\/pt\/wp-json\/wp\/v2\/product\/15383","targetHints":{"allow":["GET"]}}],"collection":[{"href":"https:\/\/fvcomponentes.com\/pt\/wp-json\/wp\/v2\/product"}],"about":[{"href":"https:\/\/fvcomponentes.com\/pt\/wp-json\/wp\/v2\/types\/product"}],"replies":[{"embeddable":true,"href":"https:\/\/fvcomponentes.com\/pt\/wp-json\/wp\/v2\/comments?post=15383"}],"wp:featuredmedia":[{"embeddable":true,"href":"https:\/\/fvcomponentes.com\/pt\/wp-json\/wp\/v2\/media\/15387"}],"wp:attachment":[{"href":"https:\/\/fvcomponentes.com\/pt\/wp-json\/wp\/v2\/media?parent=15383"}],"wp:term":[{"taxonomy":"pwb-brand","embeddable":true,"href":"https:\/\/fvcomponentes.com\/pt\/wp-json\/wp\/v2\/pwb-brand?post=15383"},{"taxonomy":"product_brand","embeddable":true,"href":"https:\/\/fvcomponentes.com\/pt\/wp-json\/wp\/v2\/product_brand?post=15383"},{"taxonomy":"product_cat","embeddable":true,"href":"https:\/\/fvcomponentes.com\/pt\/wp-json\/wp\/v2\/product_cat?post=15383"},{"taxonomy":"product_tag","embeddable":true,"href":"https:\/\/fvcomponentes.com\/pt\/wp-json\/wp\/v2\/product_tag?post=15383"}],"curies":[{"name":"wp","href":"https:\/\/api.w.org\/{rel}","templated":true}]}}