{"id":15370,"date":"2024-06-21T11:38:36","date_gmt":"2024-06-21T09:38:36","guid":{"rendered":"https:\/\/fvcomponentes.com\/?post_type=product&#038;p=15370"},"modified":"2026-04-08T21:34:38","modified_gmt":"2026-04-08T19:34:38","slug":"victron-ve-can-adaptador-resistivo-do-sensor-do-deposito-bpp900600100","status":"publish","type":"product","link":"https:\/\/fvcomponentes.com\/pt\/producto\/victron-ve-can-resistive-tank-sender-adapter-bpp900600100\/","title":{"rendered":"Adaptador do sensor resistivo do dep\u00f3sito Victron VE.Can - BPP900600100100"},"content":{"rendered":"<h2>Caracter\u00edsticas do adaptador do sensor resistivo de dep\u00f3sito Victron VE.Can - BPP900600100100<\/h2>\n<div>\n<p>O adaptador de emissor de tanque resistivo Victron VE.Can - BPP900600100 permite que um emissor de tanque resistivo padr\u00e3o seja conectado ao adaptador de emissor de tanque resistivo Victron VE.Can - BPP900600100. <a href=\"https:\/\/fvcomponentes.com\/pt\/produto\/ecra-victron-colour-control-gx\/\" target=\"_blank\" rel=\"noopener\">Visor Victron Color Control GX - BPP010300300100R<\/a>. \u00c9 compat\u00edvel com as normas europeias 0-180 Ohm e americanas 240-30 Ohm para transmissores de n\u00edvel de tanques e tem uma precis\u00e3o de \u00b11%. \u00c9 facilmente configur\u00e1vel em transmissores resistivos para tanques de combust\u00edvel, \u00e1gua pot\u00e1vel, \u00e1gua residual, \u00e1gua de po\u00e7o, \u00f3leo e esgoto (esgoto). \u00c9 compat\u00edvel com um m\u00e1ximo de 16 dep\u00f3sitos de cada tipo. \u00c9 uma unidade simples de configurar com dois pequenos interruptores rotativos e \u00e9 alimentada pela rede VE.Can.<\/p>\n<p>Se utilizar um Skylla-i ou um MPPT com CAN bus no sistema, a alimenta\u00e7\u00e3o do CAN bus ser\u00e1 fornecida por qualquer um deles. Se o barramento CAN n\u00e3o for alimentado por um Skylla-i ou MPPT, ser\u00e1 necess\u00e1ria a nova fonte de alimenta\u00e7\u00e3o do barramento CAN. <a href=\"https:\/\/fvcomponentes.com\/pt\/produto\/cabo-de-alimentacao-victron-para-ve-can-resistive-tank-sender-adapter-ass03069690000\/\" target=\"_blank\" rel=\"noopener\">Cabo de alimenta\u00e7\u00e3o Victron para adaptador de sensor de tanque resistivo VE.Can - ASS030690000<\/a> para fornecer eletricidade.<\/p>\n<\/div>\n<h2>Manual do adaptador do sensor resistivo do dep\u00f3sito Victron VE.Can - BPP900600100100<\/h2>\n<p><a href=\"https:\/\/fvcomponentes.com\/wp-content\/uploads\/2025\/10\/ve.can_resistive_tank_sender_adapter_manual.pdf\" target=\"_blank\" rel=\"noopener\">Ver manual Adaptador do sensor resistivo do dep\u00f3sito Victron VE.Can<\/a><\/p>","protected":false},"excerpt":{"rendered":"<ul>\n<li>Compat\u00edvel com a norma europeia 0-180 Ohm e a norma americana 240-30 Ohm.<\/li>\n<li>Facilmente configur\u00e1vel em transmissores resistivos para dep\u00f3sitos de combust\u00edvel, \u00e1gua pot\u00e1vel, \u00e1guas residuais, \u00e1gua de po\u00e7os, \u00f3leo e esgotos (\u00e1guas residuais).<\/li>\n<li>Precis\u00e3o \u00b11%<\/li>\n<li>Recebe a sua alimenta\u00e7\u00e3o el\u00e9ctrica da rede VE.Can.<\/li>\n<\/ul>","protected":false},"featured_media":15373,"comment_status":"open","ping_status":"closed","template":"","meta":{"site-sidebar-layout":"default","site-content-layout":"default","ast-site-content-layout":"default","site-content-style":"default","site-sidebar-style":"default","ast-global-header-display":"","ast-banner-title-visibility":"","ast-main-header-display":"","ast-hfb-above-header-display":"","ast-hfb-below-header-display":"","ast-hfb-mobile-header-display":"","site-post-title":"","ast-breadcrumbs-content":"","ast-featured-img":"","footer-sml-layout":"","ast-disable-related-posts":"","theme-transparent-header-meta":"default","adv-header-id-meta":"","stick-header-meta":"","header-above-stick-meta":"","header-main-stick-meta":"","header-below-stick-meta":"","astra-migrate-meta-layouts":"set","ast-page-background-enabled":"default","ast-page-background-meta":{"desktop":{"background-color":"var(--ast-global-color-4)","background-image":"","background-repeat":"repeat","background-position":"center center","background-size":"auto","background-attachment":"scroll","background-type":"","background-media":"","overlay-type":"","overlay-color":"","overlay-opacity":"","overlay-gradient":""},"tablet":{"background-color":"","background-image":"","background-repeat":"repeat","background-position":"center center","background-size":"auto","background-attachment":"scroll","background-type":"","background-media":"","overlay-type":"","overlay-color":"","overlay-opacity":"","overlay-gradient":""},"mobile":{"background-color":"","background-image":"","background-repeat":"repeat","background-position":"center center","background-size":"auto","background-attachment":"scroll","background-type":"","background-media":"","overlay-type":"","overlay-color":"","overlay-opacity":"","overlay-gradient":""}},"ast-content-background-meta":{"desktop":{"background-color":"var(--ast-global-color-5)","background-image":"","background-repeat":"repeat","background-position":"center center","background-size":"auto","background-attachment":"scroll","background-type":"","background-media":"","overlay-type":"","overlay-color":"","overlay-opacity":"","overlay-gradient":""},"tablet":{"background-color":"var(--ast-global-color-5)","background-image":"","background-repeat":"repeat","background-position":"center center","background-size":"auto","background-attachment":"scroll","background-type":"","background-media":"","overlay-type":"","overlay-color":"","overlay-opacity":"","overlay-gradient":""},"mobile":{"background-color":"var(--ast-global-color-5)","background-image":"","background-repeat":"repeat","background-position":"center center","background-size":"auto","background-attachment":"scroll","background-type":"","background-media":"","overlay-type":"","overlay-color":"","overlay-opacity":"","overlay-gradient":""}}},"pwb-brand":[332],"product_brand":[],"product_cat":[333,878,410,934],"product_tag":[],"class_list":{"0":"post-15370","1":"product","2":"type-product","3":"status-publish","4":"has-post-thumbnail","6":"pwb-brand-victron","7":"product_cat-inversores","8":"product_cat-cables-victron","9":"product_cat-material-electrico","10":"product_cat-monitorizacion","11":"desktop-align-left","12":"tablet-align-left","13":"mobile-align-left","14":"ast-product-gallery-layout-horizontal-slider","15":"ast-product-tabs-layout-horizontal","17":"first","18":"instock","19":"taxable","20":"shipping-taxable","21":"purchasable","22":"product-type-simple"},"wcpa_form_fields":null,"brands":[{"id":332,"name":"Victron Energia","slug":"victron"}],"_links":{"self":[{"href":"https:\/\/fvcomponentes.com\/pt\/wp-json\/wp\/v2\/product\/15370","targetHints":{"allow":["GET"]}}],"collection":[{"href":"https:\/\/fvcomponentes.com\/pt\/wp-json\/wp\/v2\/product"}],"about":[{"href":"https:\/\/fvcomponentes.com\/pt\/wp-json\/wp\/v2\/types\/product"}],"replies":[{"embeddable":true,"href":"https:\/\/fvcomponentes.com\/pt\/wp-json\/wp\/v2\/comments?post=15370"}],"wp:featuredmedia":[{"embeddable":true,"href":"https:\/\/fvcomponentes.com\/pt\/wp-json\/wp\/v2\/media\/15373"}],"wp:attachment":[{"href":"https:\/\/fvcomponentes.com\/pt\/wp-json\/wp\/v2\/media?parent=15370"}],"wp:term":[{"taxonomy":"pwb-brand","embeddable":true,"href":"https:\/\/fvcomponentes.com\/pt\/wp-json\/wp\/v2\/pwb-brand?post=15370"},{"taxonomy":"product_brand","embeddable":true,"href":"https:\/\/fvcomponentes.com\/pt\/wp-json\/wp\/v2\/product_brand?post=15370"},{"taxonomy":"product_cat","embeddable":true,"href":"https:\/\/fvcomponentes.com\/pt\/wp-json\/wp\/v2\/product_cat?post=15370"},{"taxonomy":"product_tag","embeddable":true,"href":"https:\/\/fvcomponentes.com\/pt\/wp-json\/wp\/v2\/product_tag?post=15370"}],"curies":[{"name":"wp","href":"https:\/\/api.w.org\/{rel}","templated":true}]}}