{"id":15348,"date":"2024-06-21T10:50:20","date_gmt":"2024-06-21T08:50:20","guid":{"rendered":"https:\/\/fvcomponentes.com\/?post_type=product&#038;p=15348"},"modified":"2026-04-04T12:49:06","modified_gmt":"2026-04-04T10:49:06","slug":"comutador-automatico-victron-filax-2-110v-50hz-120v-60hz-sdfi0000110","status":"publish","type":"product","link":"https:\/\/fvcomponentes.com\/pt\/producto\/conmutador-automatico-victron-filax-2-110v-50hz-120v-60hz-sdfi0000110\/","title":{"rendered":"Interruptor de comuta\u00e7\u00e3o autom\u00e1tica Victron Filax-2 110V\/50Hz-120V\/60Hz - SDFI0000110"},"content":{"rendered":"<h2>Caracter\u00edsticas do interrutor de comuta\u00e7\u00e3o autom\u00e1tica Victron Filax-2 110V\/50Hz-120V\/60Hz 110V\/50Hz-120V\/60Hz - SDFI0000110<\/h2>\n<p>O interrutor de comuta\u00e7\u00e3o autom\u00e1tica Victron Filax-2 230V\/50Hz-240V\/60Hz - SDFI0000000 foi concebido para comutar cargas sens\u00edveis, como computadores ou equipamento de entretenimento moderno, de uma fonte de CA para outra. A fonte priorit\u00e1ria \u00e9 normalmente a rede el\u00e9ctrica, o gerador ou a alimenta\u00e7\u00e3o em terra. A fonte alternativa \u00e9 normalmente um inversor. Com o seu tempo de comuta\u00e7\u00e3o inferior a 20 milissegundos, as cargas sens\u00edveis continuar\u00e3o a funcionar sem interrup\u00e7\u00f5es. O Filax n\u00e3o foi concebido para alimentar equipamento dom\u00e9stico de alta pot\u00eancia, como m\u00e1quinas de lavar roupa ou motores el\u00e9ctricos.<\/p>\n<h2>Transfer\u00eancia de transi\u00e7\u00e3o aberta<\/h2>\n<p>O Filax-2 110V\/50Hz-120V\/60Hz - SDFI0000110 da Victron \u00e9 um interrutor de transfer\u00eancia de transi\u00e7\u00e3o aberta (partir antes de fazer).<\/p>\n<p>O tempo m\u00e1ximo de transfer\u00eancia de carga \u00e9 de 16 ms.<\/p>\n<p>A carga \u00e9 normalmente fornecida pela fonte priorit\u00e1ria e \u00e9 transferida para a fonte alternativa se n\u00e3o for fornecida pela fonte priorit\u00e1ria:<\/p>\n<ul>\n<li>A tens\u00e3o da fonte priorit\u00e1ria desce abaixo do valor limiar.<\/li>\n<li>A frequ\u00eancia da fonte priorit\u00e1ria desce abaixo do valor limiar de baixa frequ\u00eancia ou sobe acima do valor limiar de alta frequ\u00eancia.<\/li>\n<\/ul>\n<p>A transfer\u00eancia inversa da fonte alternativa para a fonte priorit\u00e1ria \u00e9 iniciada quando a fonte priorit\u00e1ria tiver funcionado dentro dos limites de comuta\u00e7\u00e3o inversa de tens\u00e3o e frequ\u00eancia durante 30 s.<\/p>\n<h2>Ficha t\u00e9cnica Victron Filax-2 110V\/50Hz-120V\/60Hz comutador autom\u00e1tico 110V\/50Hz-120V\/60Hz - SDFI0000110<\/h2>\n<p><a href=\"https:\/\/fvcomponentes.com\/wp-content\/uploads\/2024\/07\/Ficha-tecnica-Conmutador-Victron-Filax-2.pdf\" target=\"_blank\" rel=\"noopener\">Veja a folha de dados do Victron Filax-2 110V\/50Hz-120V\/60Hz - SDFI0000110 - Victron Filax-2 110V\/50Hz-120V\/60Hz - SDFI0000110<\/a><\/p>","protected":false},"excerpt":{"rendered":"<ul>\n<li><strong>Corrente m\u00e1xima:<\/strong> 16 A<\/li>\n<li><strong>Tempo m\u00e1ximo de transfer\u00eancia de carga:<\/strong> 16 ms<\/li>\n<li><strong>Intervalo de comuta\u00e7\u00e3o inversa:<\/strong> 30 s<\/li>\n<\/ul>","protected":false},"featured_media":15350,"comment_status":"open","ping_status":"closed","template":"","meta":{"site-sidebar-layout":"default","site-content-layout":"default","ast-site-content-layout":"default","site-content-style":"default","site-sidebar-style":"default","ast-global-header-display":"","ast-banner-title-visibility":"","ast-main-header-display":"","ast-hfb-above-header-display":"","ast-hfb-below-header-display":"","ast-hfb-mobile-header-display":"","site-post-title":"","ast-breadcrumbs-content":"","ast-featured-img":"","footer-sml-layout":"","ast-disable-related-posts":"","theme-transparent-header-meta":"default","adv-header-id-meta":"","stick-header-meta":"","header-above-stick-meta":"","header-main-stick-meta":"","header-below-stick-meta":"","astra-migrate-meta-layouts":"set","ast-page-background-enabled":"default","ast-page-background-meta":{"desktop":{"background-color":"var(--ast-global-color-4)","background-image":"","background-repeat":"repeat","background-position":"center center","background-size":"auto","background-attachment":"scroll","background-type":"","background-media":"","overlay-type":"","overlay-color":"","overlay-opacity":"","overlay-gradient":""},"tablet":{"background-color":"","background-image":"","background-repeat":"repeat","background-position":"center center","background-size":"auto","background-attachment":"scroll","background-type":"","background-media":"","overlay-type":"","overlay-color":"","overlay-opacity":"","overlay-gradient":""},"mobile":{"background-color":"","background-image":"","background-repeat":"repeat","background-position":"center center","background-size":"auto","background-attachment":"scroll","background-type":"","background-media":"","overlay-type":"","overlay-color":"","overlay-opacity":"","overlay-gradient":""}},"ast-content-background-meta":{"desktop":{"background-color":"var(--ast-global-color-5)","background-image":"","background-repeat":"repeat","background-position":"center center","background-size":"auto","background-attachment":"scroll","background-type":"","background-media":"","overlay-type":"","overlay-color":"","overlay-opacity":"","overlay-gradient":""},"tablet":{"background-color":"var(--ast-global-color-5)","background-image":"","background-repeat":"repeat","background-position":"center center","background-size":"auto","background-attachment":"scroll","background-type":"","background-media":"","overlay-type":"","overlay-color":"","overlay-opacity":"","overlay-gradient":""},"mobile":{"background-color":"var(--ast-global-color-5)","background-image":"","background-repeat":"repeat","background-position":"center center","background-size":"auto","background-attachment":"scroll","background-type":"","background-media":"","overlay-type":"","overlay-color":"","overlay-opacity":"","overlay-gradient":""}}},"pwb-brand":[332],"product_brand":[],"product_cat":[410,878],"product_tag":[],"class_list":{"0":"post-15348","1":"product","2":"type-product","3":"status-publish","4":"has-post-thumbnail","6":"pwb-brand-victron","7":"product_cat-material-electrico","8":"product_cat-cables-victron","9":"desktop-align-left","10":"tablet-align-left","11":"mobile-align-left","12":"ast-product-gallery-layout-horizontal-slider","13":"ast-product-tabs-layout-horizontal","15":"first","16":"instock","17":"taxable","18":"shipping-taxable","19":"purchasable","20":"product-type-simple"},"wcpa_form_fields":null,"brands":[{"id":332,"name":"Victron Energia","slug":"victron"}],"_links":{"self":[{"href":"https:\/\/fvcomponentes.com\/pt\/wp-json\/wp\/v2\/product\/15348","targetHints":{"allow":["GET"]}}],"collection":[{"href":"https:\/\/fvcomponentes.com\/pt\/wp-json\/wp\/v2\/product"}],"about":[{"href":"https:\/\/fvcomponentes.com\/pt\/wp-json\/wp\/v2\/types\/product"}],"replies":[{"embeddable":true,"href":"https:\/\/fvcomponentes.com\/pt\/wp-json\/wp\/v2\/comments?post=15348"}],"wp:featuredmedia":[{"embeddable":true,"href":"https:\/\/fvcomponentes.com\/pt\/wp-json\/wp\/v2\/media\/15350"}],"wp:attachment":[{"href":"https:\/\/fvcomponentes.com\/pt\/wp-json\/wp\/v2\/media?parent=15348"}],"wp:term":[{"taxonomy":"pwb-brand","embeddable":true,"href":"https:\/\/fvcomponentes.com\/pt\/wp-json\/wp\/v2\/pwb-brand?post=15348"},{"taxonomy":"product_brand","embeddable":true,"href":"https:\/\/fvcomponentes.com\/pt\/wp-json\/wp\/v2\/product_brand?post=15348"},{"taxonomy":"product_cat","embeddable":true,"href":"https:\/\/fvcomponentes.com\/pt\/wp-json\/wp\/v2\/product_cat?post=15348"},{"taxonomy":"product_tag","embeddable":true,"href":"https:\/\/fvcomponentes.com\/pt\/wp-json\/wp\/v2\/product_tag?post=15348"}],"curies":[{"name":"wp","href":"https:\/\/api.w.org\/{rel}","templated":true}]}}