{"id":15333,"date":"2024-06-21T10:14:27","date_gmt":"2024-06-21T08:14:27","guid":{"rendered":"https:\/\/fvcomponentes.com\/?post_type=product&#038;p=15333"},"modified":"2026-01-15T10:10:40","modified_gmt":"2026-01-15T09:10:40","slug":"carregador-12v-victron-phoenix-12-50-21-120-240v-pch012050001","status":"publish","type":"product","link":"https:\/\/fvcomponentes.com\/pt\/producto\/cargador-12v-victron-phoenix-12-50-21-120-240v-pch012050001\/","title":{"rendered":"Carregador 12V Victron Phoenix 12\/50 (2+1) 120\/240V - PCH012050001"},"content":{"rendered":"<h2 dir=\"ltr\" data-placeholder=\"Traducci\u00f3n\">Caracter\u00edsticas do carregador Victron Phoenix 12V 12\/50 (2+1) 120\/240V - PCH012050001<\/h2>\n<h2 dir=\"ltr\" data-placeholder=\"Traducci\u00f3n\">Sistema de carregamento vari\u00e1vel em 4 fases: a granel - absor\u00e7\u00e3o - flutua\u00e7\u00e3o - armazenamento<\/h2>\n<p dir=\"ltr\" data-placeholder=\"Traducci\u00f3n\">O carregador Victron Phoenix 24V 24\/25 (2+1) 120\/240V - PCH024025001 de 24V possui um sistema de gest\u00e3o de bateria \"vari\u00e1vel\" controlado por microprocessador que pode ser configurado para diferentes tipos de bateria. A sua fun\u00e7\u00e3o \"vari\u00e1vel\" optimizar\u00e1 automaticamente o processo com base na utiliza\u00e7\u00e3o da bateria.<\/p>\n<h2 dir=\"ltr\" data-placeholder=\"Traducci\u00f3n\">A quantidade certa de carga: tempo de absor\u00e7\u00e3o vari\u00e1vel<\/h2>\n<p>Quando a descarga \u00e9 baixa (por exemplo, um iate ligado ao pont\u00e3o), a fase de carga de absor\u00e7\u00e3o \u00e9 encurtada para evitar sobrecarregar a bateria. Ap\u00f3s uma descarga profunda, o tempo de carga de absor\u00e7\u00e3o \u00e9 automaticamente aumentado para garantir uma recarga completa da bateria.<\/p>\n<h2 dir=\"ltr\" data-placeholder=\"Traducci\u00f3n\">Preven\u00e7\u00e3o de danos devido a excesso de g\u00e1s: Modo BatterySafe (ver fig. 2 abaixo)<\/h2>\n<p>Se, para carregar uma bateria rapidamente, tiver sido escolhida uma combina\u00e7\u00e3o de corrente de carga elevada e tens\u00e3o de absor\u00e7\u00e3o elevada, o carregador Victron Phoenix 24V 24\/25 (2+1) 120\/240V - PCH024025001 evitar\u00e1 danos provocados por excesso de gaseifica\u00e7\u00e3o, limitando automaticamente a taxa de aumento da tens\u00e3o assim que a tens\u00e3o de gaseifica\u00e7\u00e3o for atingida (ver a curva de carga entre 14,4 V e 15,0 V na fig. 2 abaixo).<\/p>\n<h2 dir=\"ltr\" data-placeholder=\"Traducci\u00f3n\">Redu\u00e7\u00e3o do envelhecimento e da manuten\u00e7\u00e3o quando a bateria n\u00e3o est\u00e1 a ser utilizada: Modo de armazenamento<br \/>\n(ver fig. 1 e 2 abaixo).<\/h2>\n<p>O modo de armazenamento \u00e9 ativado quando a bateria n\u00e3o tiver sido descarregada durante 24 horas. No modo de armazenamento, a tens\u00e3o de flutua\u00e7\u00e3o \u00e9 reduzida para 2,2 V\/c\u00e9lula (13,2 V para baterias de 12 V) para reduzir a forma\u00e7\u00e3o de gases e a corros\u00e3o das placas positivas. Uma vez por semana, a tens\u00e3o \u00e9 aumentada para o n\u00edvel de absor\u00e7\u00e3o para \"igualizar\" a bateria. Esta fun\u00e7\u00e3o evita a estratifica\u00e7\u00e3o e a sulfata\u00e7\u00e3o do eletr\u00f3lito, as principais causas de falha da bateria.<\/p>\n<h2 dir=\"ltr\" data-placeholder=\"Traducci\u00f3n\">Para uma maior dura\u00e7\u00e3o da bateria: compensa\u00e7\u00e3o da temperatura<\/h2>\n<p>Todos os carregadores Skylla-i s\u00e3o fornecidos com um sensor de temperatura da bateria. Quando ligado, a tens\u00e3o de carga diminui automaticamente \u00e0 medida que a temperatura da bateria aumenta. Esta fun\u00e7\u00e3o \u00e9 especialmente recomendada para baterias de chumbo-\u00e1cido seladas e\/ou quando s\u00e3o esperadas grandes flutua\u00e7\u00f5es de temperatura na bateria.<\/p>\n<h2 dir=\"ltr\" data-placeholder=\"Traducci\u00f3n\">Carregador de bateria Victron Phoenix 12V Sonda de tens\u00e3o 12\/30 (2+1) 120\/240V - PCH012030001<\/h2>\n<p>Para compensar as perdas de tens\u00e3o devidas \u00e0 resist\u00eancia dos cabos, os carregadores t\u00eam uma fun\u00e7\u00e3o de sonda de tens\u00e3o para que a bateria receba sempre a tens\u00e3o de carga correcta.<\/p>\n<h2 dir=\"ltr\" data-placeholder=\"Traducci\u00f3n\">Gama de tens\u00e3o de entrada universal: 90-265 VAC e tamb\u00e9m adequada para alimenta\u00e7\u00e3o CC<br \/>\n(funcionamento AC-DC e DC-DC)<\/h2>\n<p>Os carregadores devem aceitar uma alimenta\u00e7\u00e3o de 90-400 VDC.<\/p>\n<h2 dir=\"ltr\" data-placeholder=\"Traducci\u00f3n\">Interface de computador<\/h2>\n<p>Todos os carregadores est\u00e3o prontos para comunicar com um computador atrav\u00e9s da sua porta de dados RS-485. Em conjunto com o nosso software VEConfigure e o <a href=\"https:\/\/fvcomponentes.com\/pt\/produto\/victron-mk2-interface-usb-link-para-carregador-phoenix-ass030130010\/\" target=\"_blank\" rel=\"noopener\">Interface de liga\u00e7\u00e3o Victron MK2-USB para carregador Phoenix - ASS030130010<\/a>Al\u00e9m disso, todos os par\u00e2metros dos carregadores podem ser personalizados.<\/p>\n<p class=\"tw-data-text tw-text-large tw-ta\" dir=\"ltr\" data-placeholder=\"Traducci\u00f3n\"><span class=\"Y2IQFc\" lang=\"es\"><strong>Curvas de carga: at\u00e9 \u00e0 tens\u00e3o de gaseifica\u00e7\u00e3o (fig.1), e excedendo a tens\u00e3o de gaseifica\u00e7\u00e3o (fig.2)<\/strong><br \/>\n<\/span><\/p>\n<p dir=\"ltr\" data-placeholder=\"Traducci\u00f3n\"><img fetchpriority=\"high\" decoding=\"async\" class=\"alignnone size-full wp-image-15326\" src=\"https:\/\/fvcomponentes.com\/wp-content\/uploads\/2024\/06\/Imagen-ficha-Cargador-Victron-Phoenix.png\" alt=\"Ficha de imagem Carregador Victron Phoenix\" width=\"1122\" height=\"398\" title=\"\"><\/p>\n<h2 class=\"tw-data-text tw-text-large tw-ta\" dir=\"ltr\" data-placeholder=\"Traducci\u00f3n\"><span class=\"Y2IQFc\" lang=\"es\">Ficha t\u00e9cnica Carregador 12V Victron Phoenix 12\/50 (2+1) 120\/240V - PCH012050001<\/span><\/h2>\n<p class=\"tw-data-text tw-text-large tw-ta\" dir=\"ltr\" data-placeholder=\"Traducci\u00f3n\"><span class=\"Y2IQFc\" lang=\"es\"><a href=\"https:\/\/fvcomponentes.com\/wp-content\/uploads\/2024\/06\/Ficha-tecnica-Cargador-Victron-Phoenix.pdf\" target=\"_blank\" rel=\"noopener\">Ver ficha de dados do carregador 12V Victron Phoenix 12\/50 (2+1) 120\/240V - PCH012050001<\/a><\/span><\/p>","protected":false},"excerpt":{"rendered":"<ul>\n<li dir=\"ltr\" data-placeholder=\"Traducci\u00f3n\"><strong>Tens\u00e3o:<\/strong> 12V<\/li>\n<li dir=\"ltr\" data-placeholder=\"Traducci\u00f3n\"><strong>Corrente de carga:<\/strong> 50A<\/li>\n<li id=\"tw-target-text\" class=\"tw-data-text tw-text-large tw-ta\" dir=\"ltr\" data-placeholder=\"Traducci\u00f3n\"><span class=\"Y2IQFc\" lang=\"es\"><strong>Tens\u00e3o de alimenta\u00e7\u00e3o (VAC):\u00a0 <\/strong>90-265<\/span><\/li>\n<li class=\"tw-data-text tw-text-large tw-ta\" dir=\"ltr\" data-placeholder=\"Traducci\u00f3n\"><span class=\"Y2IQFc\" lang=\"es\"><strong>Tens\u00e3o de alimenta\u00e7\u00e3o (VDC):<\/strong> 90-400<\/span><\/li>\n<li class=\"tw-data-text tw-text-large tw-ta\" dir=\"ltr\" data-placeholder=\"Traducci\u00f3n\"><span class=\"Y2IQFc\" lang=\"es\"><strong>Frequ\u00eancia (Hz):<\/strong> 45-65<\/span><span class=\"Y2IQFc\" lang=\"es\"><br \/>\n<\/span><\/li>\n<\/ul>","protected":false},"featured_media":15335,"comment_status":"open","ping_status":"closed","template":"","meta":{"site-sidebar-layout":"default","site-content-layout":"default","ast-site-content-layout":"default","site-content-style":"default","site-sidebar-style":"default","ast-global-header-display":"","ast-banner-title-visibility":"","ast-main-header-display":"","ast-hfb-above-header-display":"","ast-hfb-below-header-display":"","ast-hfb-mobile-header-display":"","site-post-title":"","ast-breadcrumbs-content":"","ast-featured-img":"","footer-sml-layout":"","ast-disable-related-posts":"","theme-transparent-header-meta":"default","adv-header-id-meta":"","stick-header-meta":"","header-above-stick-meta":"","header-main-stick-meta":"","header-below-stick-meta":"","astra-migrate-meta-layouts":"set","ast-page-background-enabled":"default","ast-page-background-meta":{"desktop":{"background-color":"var(--ast-global-color-4)","background-image":"","background-repeat":"repeat","background-position":"center center","background-size":"auto","background-attachment":"scroll","background-type":"","background-media":"","overlay-type":"","overlay-color":"","overlay-opacity":"","overlay-gradient":""},"tablet":{"background-color":"","background-image":"","background-repeat":"repeat","background-position":"center center","background-size":"auto","background-attachment":"scroll","background-type":"","background-media":"","overlay-type":"","overlay-color":"","overlay-opacity":"","overlay-gradient":""},"mobile":{"background-color":"","background-image":"","background-repeat":"repeat","background-position":"center center","background-size":"auto","background-attachment":"scroll","background-type":"","background-media":"","overlay-type":"","overlay-color":"","overlay-opacity":"","overlay-gradient":""}},"ast-content-background-meta":{"desktop":{"background-color":"var(--ast-global-color-5)","background-image":"","background-repeat":"repeat","background-position":"center center","background-size":"auto","background-attachment":"scroll","background-type":"","background-media":"","overlay-type":"","overlay-color":"","overlay-opacity":"","overlay-gradient":""},"tablet":{"background-color":"var(--ast-global-color-5)","background-image":"","background-repeat":"repeat","background-position":"center center","background-size":"auto","background-attachment":"scroll","background-type":"","background-media":"","overlay-type":"","overlay-color":"","overlay-opacity":"","overlay-gradient":""},"mobile":{"background-color":"var(--ast-global-color-5)","background-image":"","background-repeat":"repeat","background-position":"center center","background-size":"auto","background-attachment":"scroll","background-type":"","background-media":"","overlay-type":"","overlay-color":"","overlay-opacity":"","overlay-gradient":""}}},"pwb-brand":[332],"product_brand":[],"product_cat":[461,419],"product_tag":[],"class_list":{"0":"post-15333","1":"product","2":"type-product","3":"status-publish","4":"has-post-thumbnail","6":"pwb-brand-victron","7":"product_cat-cargador-de-baterias-12-v","8":"product_cat-cargadores-de-baterias","9":"desktop-align-left","10":"tablet-align-left","11":"mobile-align-left","12":"ast-product-gallery-layout-horizontal-slider","13":"ast-product-tabs-layout-horizontal","15":"first","16":"instock","17":"taxable","18":"shipping-taxable","19":"purchasable","20":"product-type-simple"},"wcpa_form_fields":null,"brands":[{"id":332,"name":"Victron Energia","slug":"victron"}],"_links":{"self":[{"href":"https:\/\/fvcomponentes.com\/pt\/wp-json\/wp\/v2\/product\/15333","targetHints":{"allow":["GET"]}}],"collection":[{"href":"https:\/\/fvcomponentes.com\/pt\/wp-json\/wp\/v2\/product"}],"about":[{"href":"https:\/\/fvcomponentes.com\/pt\/wp-json\/wp\/v2\/types\/product"}],"replies":[{"embeddable":true,"href":"https:\/\/fvcomponentes.com\/pt\/wp-json\/wp\/v2\/comments?post=15333"}],"wp:featuredmedia":[{"embeddable":true,"href":"https:\/\/fvcomponentes.com\/pt\/wp-json\/wp\/v2\/media\/15335"}],"wp:attachment":[{"href":"https:\/\/fvcomponentes.com\/pt\/wp-json\/wp\/v2\/media?parent=15333"}],"wp:term":[{"taxonomy":"pwb-brand","embeddable":true,"href":"https:\/\/fvcomponentes.com\/pt\/wp-json\/wp\/v2\/pwb-brand?post=15333"},{"taxonomy":"product_brand","embeddable":true,"href":"https:\/\/fvcomponentes.com\/pt\/wp-json\/wp\/v2\/product_brand?post=15333"},{"taxonomy":"product_cat","embeddable":true,"href":"https:\/\/fvcomponentes.com\/pt\/wp-json\/wp\/v2\/product_cat?post=15333"},{"taxonomy":"product_tag","embeddable":true,"href":"https:\/\/fvcomponentes.com\/pt\/wp-json\/wp\/v2\/product_tag?post=15333"}],"curies":[{"name":"wp","href":"https:\/\/api.w.org\/{rel}","templated":true}]}}