{"id":15313,"date":"2024-06-21T09:02:46","date_gmt":"2024-06-21T07:02:46","guid":{"rendered":"https:\/\/fvcomponentes.com\/?post_type=product&#038;p=15313"},"modified":"2026-04-08T21:36:02","modified_gmt":"2026-04-08T19:36:02","slug":"monitorizacao-victron-ekrano-gx-bpp900480100-bpp900480100","status":"publish","type":"product","link":"https:\/\/fvcomponentes.com\/pt\/producto\/monitorizacion-victron-ekrano-gx-bpp900480100\/","title":{"rendered":"Monitoriza\u00e7\u00e3o Victron Ekrano GX - BPP900480100"},"content":{"rendered":"<div class=\"productDetails__block-content\">\n<div class=\"productDetails__block-description\">\n<h2>Caracter\u00edsticas Monitoriza\u00e7\u00e3o Victron Ekrano GX - BPP900480100<\/h2>\n<p>O Ekrano GX representa a pr\u00f3xima gera\u00e7\u00e3o da fam\u00edlia de produtos GX. Com a sua gama completa de liga\u00e7\u00f5es e interfaces, bem como o seu ecr\u00e3 t\u00e1til de 7 polegadas integrado, \u00e9 o dispositivo GX mais potente at\u00e9 \u00e0 data e permite-lhe ter sempre um controlo perfeito do seu sistema a partir de qualquer lugar e maximizar o seu desempenho. Basta aceder ao seu sistema atrav\u00e9s do nosso portal Victron Remote Management (VRM) ou aceder-lhe diretamente, utilizando o ecr\u00e3 t\u00e1til integrado, um ecr\u00e3 multifun\u00e7\u00f5es (MFD) ou a nossa aplica\u00e7\u00e3o VictronConnect gra\u00e7as \u00e0 sua capacidade Bluetooth.<\/p>\n<p>O Ekrano GX \u00e9 tamb\u00e9m o sucessor do Color Control GX.<\/p>\n<h2>Monitoriza\u00e7\u00e3o e controlo perfeitos<\/h2>\n<p>Monitorize instantaneamente o estado de carga da bateria, o consumo de energia, a capta\u00e7\u00e3o de energia fotovoltaica, do gerador e da rede, ou verifique os n\u00edveis dos dep\u00f3sitos e as medi\u00e7\u00f5es de temperatura. Controle facilmente o limite de corrente de arranque da tomada de porta, o arranque\/paragem (autom\u00e1tico) dos geradores ou altere qualquer defini\u00e7\u00e3o para otimizar o sistema. Acompanhe os alertas, efectue verifica\u00e7\u00f5es de diagn\u00f3stico e resolva problemas \u00e0 dist\u00e2ncia. O Ekrano GX transforma qualquer desafio energ\u00e9tico numa experi\u00eancia sem esfor\u00e7o.<\/p>\n<h2>Alargar a sua vis\u00e3o<\/h2>\n<p>O ecr\u00e3 t\u00e1til integrado de 7 polegadas d\u00e1-lhe uma vis\u00e3o geral instant\u00e2nea do seu sistema e permite-lhe ajustar as defini\u00e7\u00f5es num piscar de olhos. O seu design extra-plano e resistente \u00e0 \u00e1gua oferece uma grande flexibilidade na conce\u00e7\u00e3o de um painel de instrumentos n\u00edtido e limpo. A fun\u00e7\u00e3o t\u00e1til pode ser desactivada (ou activada) atrav\u00e9s de um bot\u00e3o embutido na parte de tr\u00e1s para evitar a utiliza\u00e7\u00e3o n\u00e3o autorizada.<\/p>\n<h2>F\u00e1cil instala\u00e7\u00e3o e configura\u00e7\u00e3o da monitoriza\u00e7\u00e3o Victron Ekrano GX - BPP900480100<\/h2>\n<p>O monitor Victron Ekrano GX - BPP900480100 est\u00e1 optimizado para montagem em painel embutido ou em caixa e \u00e9 fornecido com todo o hardware de montagem necess\u00e1rio. Blocos de terminais aparafusados mant\u00eam tudo no lugar.<\/p>\n<h2>Ultrapassar qualquer desafio energ\u00e9tico<\/h2>\n<p>A monitoriza\u00e7\u00e3o Victron Ekrano GX - BPP900480100 serve uma mir\u00edade de prop\u00f3sitos, alargando o controlo sem falhas \u00e0s mais diversas aplica\u00e7\u00f5es. Para solu\u00e7\u00f5es que incluem geradores, tais como mar\u00edtimos, aut\u00f3nomos e de reserva, ir\u00e1 automaticamente arrancar\/parar o seu gerador, ou atrasar o arranque at\u00e9 ao final dos per\u00edodos de \"sil\u00eancio\". Para os sistemas de armazenamento de energia, mant\u00e9m as baterias com uma reserva de 100%, ativa-se durante as falhas de energia e desvia o excesso de energia (solar) para o autoconsumo, poupando-lhe dinheiro. Para ve\u00edculos de recreio e de emerg\u00eancia, mant\u00e9m os sistemas vitais a funcionar sem problemas. Mas isto \u00e9 s\u00f3 para citar alguns...<\/p>\n<\/div>\n<\/div>\n<h2>Ficha t\u00e9cnica Monitor Victron Ekrano GX - BPP900480100<\/h2>\n<div class=\"productDetails__block-content\">\n<div class=\"productDetails__block-description\">\n<p><a href=\"https:\/\/fvcomponentes.com\/wp-content\/uploads\/2024\/06\/Ficha-tecnica-monitorizacion-Victron-Ekrano-GX.pdf\" target=\"_blank\" rel=\"noopener\">Ver ficha de dados de monitoriza\u00e7\u00e3o Victron Ekrano GX - BPP900480100<\/a><\/p>\n<h2>Manual de monitoriza\u00e7\u00e3o Victron Ekrano GX - BPP900480100<\/h2>\n<p><a href=\"https:\/\/fvcomponentes.com\/wp-content\/uploads\/2025\/10\/140558-ccgx__venus_gx__cerbo_gx__cerbo-s_gx_manual-pdf-es.pdf\" target=\"_blank\" rel=\"noopener\">Ver manual de Monitoriza\u00e7\u00e3o Victron Ekrano GX<\/a><\/p>\n<\/div>\n<\/div>\n<div class=\"productDetails__block-image-container\">\n<div class=\"productDetails__block-image\"><\/div>\n<\/div>","protected":false},"excerpt":{"rendered":"<p>O Ekrano GX representa a pr\u00f3xima gera\u00e7\u00e3o da fam\u00edlia de produtos GX. \u00c9 o dispositivo GX mais potente at\u00e9 \u00e0 data.<\/p>\n<ul>\n<li><strong>Polegadas: 7<\/strong><\/li>\n<li><strong>Resolu\u00e7\u00e3o do ecr\u00e3:<\/strong> 1024 x 600 p\u00edxeis<\/li>\n<li><strong>Tens\u00e3o de alimenta\u00e7\u00e3o:<\/strong>\u00a0 8 - 70 VDC<\/li>\n<\/ul>","protected":false},"featured_media":15315,"comment_status":"open","ping_status":"closed","template":"","meta":{"site-sidebar-layout":"default","site-content-layout":"default","ast-site-content-layout":"default","site-content-style":"default","site-sidebar-style":"default","ast-global-header-display":"","ast-banner-title-visibility":"","ast-main-header-display":"","ast-hfb-above-header-display":"","ast-hfb-below-header-display":"","ast-hfb-mobile-header-display":"","site-post-title":"","ast-breadcrumbs-content":"","ast-featured-img":"","footer-sml-layout":"","ast-disable-related-posts":"","theme-transparent-header-meta":"default","adv-header-id-meta":"","stick-header-meta":"","header-above-stick-meta":"","header-main-stick-meta":"","header-below-stick-meta":"","astra-migrate-meta-layouts":"set","ast-page-background-enabled":"default","ast-page-background-meta":{"desktop":{"background-color":"var(--ast-global-color-4)","background-image":"","background-repeat":"repeat","background-position":"center center","background-size":"auto","background-attachment":"scroll","background-type":"","background-media":"","overlay-type":"","overlay-color":"","overlay-opacity":"","overlay-gradient":""},"tablet":{"background-color":"","background-image":"","background-repeat":"repeat","background-position":"center center","background-size":"auto","background-attachment":"scroll","background-type":"","background-media":"","overlay-type":"","overlay-color":"","overlay-opacity":"","overlay-gradient":""},"mobile":{"background-color":"","background-image":"","background-repeat":"repeat","background-position":"center center","background-size":"auto","background-attachment":"scroll","background-type":"","background-media":"","overlay-type":"","overlay-color":"","overlay-opacity":"","overlay-gradient":""}},"ast-content-background-meta":{"desktop":{"background-color":"var(--ast-global-color-5)","background-image":"","background-repeat":"repeat","background-position":"center center","background-size":"auto","background-attachment":"scroll","background-type":"","background-media":"","overlay-type":"","overlay-color":"","overlay-opacity":"","overlay-gradient":""},"tablet":{"background-color":"var(--ast-global-color-5)","background-image":"","background-repeat":"repeat","background-position":"center center","background-size":"auto","background-attachment":"scroll","background-type":"","background-media":"","overlay-type":"","overlay-color":"","overlay-opacity":"","overlay-gradient":""},"mobile":{"background-color":"var(--ast-global-color-5)","background-image":"","background-repeat":"repeat","background-position":"center center","background-size":"auto","background-attachment":"scroll","background-type":"","background-media":"","overlay-type":"","overlay-color":"","overlay-opacity":"","overlay-gradient":""}}},"pwb-brand":[332],"product_brand":[],"product_cat":[333,934],"product_tag":[],"class_list":{"0":"post-15313","1":"product","2":"type-product","3":"status-publish","4":"has-post-thumbnail","6":"pwb-brand-victron","7":"product_cat-inversores","8":"product_cat-monitorizacion","9":"desktop-align-left","10":"tablet-align-left","11":"mobile-align-left","12":"ast-product-gallery-layout-horizontal-slider","13":"ast-product-tabs-layout-horizontal","15":"first","16":"instock","17":"taxable","18":"shipping-taxable","19":"purchasable","20":"product-type-simple"},"wcpa_form_fields":null,"brands":[{"id":332,"name":"Victron Energia","slug":"victron"}],"_links":{"self":[{"href":"https:\/\/fvcomponentes.com\/pt\/wp-json\/wp\/v2\/product\/15313","targetHints":{"allow":["GET"]}}],"collection":[{"href":"https:\/\/fvcomponentes.com\/pt\/wp-json\/wp\/v2\/product"}],"about":[{"href":"https:\/\/fvcomponentes.com\/pt\/wp-json\/wp\/v2\/types\/product"}],"replies":[{"embeddable":true,"href":"https:\/\/fvcomponentes.com\/pt\/wp-json\/wp\/v2\/comments?post=15313"}],"wp:featuredmedia":[{"embeddable":true,"href":"https:\/\/fvcomponentes.com\/pt\/wp-json\/wp\/v2\/media\/15315"}],"wp:attachment":[{"href":"https:\/\/fvcomponentes.com\/pt\/wp-json\/wp\/v2\/media?parent=15313"}],"wp:term":[{"taxonomy":"pwb-brand","embeddable":true,"href":"https:\/\/fvcomponentes.com\/pt\/wp-json\/wp\/v2\/pwb-brand?post=15313"},{"taxonomy":"product_brand","embeddable":true,"href":"https:\/\/fvcomponentes.com\/pt\/wp-json\/wp\/v2\/product_brand?post=15313"},{"taxonomy":"product_cat","embeddable":true,"href":"https:\/\/fvcomponentes.com\/pt\/wp-json\/wp\/v2\/product_cat?post=15313"},{"taxonomy":"product_tag","embeddable":true,"href":"https:\/\/fvcomponentes.com\/pt\/wp-json\/wp\/v2\/product_tag?post=15313"}],"curies":[{"name":"wp","href":"https:\/\/api.w.org\/{rel}","templated":true}]}}