{"id":15306,"date":"2024-06-21T08:33:39","date_gmt":"2024-06-21T06:33:39","guid":{"rendered":"https:\/\/fvcomponentes.com\/?post_type=product&#038;p=15306"},"modified":"2026-04-04T11:17:50","modified_gmt":"2026-04-04T09:17:50","slug":"unidade-de-controlo-victron-cerbo-gx-bpp900451100","status":"publish","type":"product","link":"https:\/\/fvcomponentes.com\/pt\/producto\/centralita-victron-cerbo-gx-bpp900451100\/","title":{"rendered":"Unidade de controlo Victron Cerbo GX - BPP900451100"},"content":{"rendered":"<h2>Unidade de controlo Victron Cerbo GX - BPP900451100<\/h2>\n<div class=\"productDetails__block-description\">\n<p>O Victron Cerbo GX - BPP900451100 \u00e9 uma vers\u00e3o actualizada do Cerbo GX. Agora com duas portas CAN bus totalmente funcionais, tomadas RJ-45 rodadas 180 graus para uma f\u00e1cil remo\u00e7\u00e3o de cabos, tr\u00eas portas USB totalmente funcionais e contagem de impulsos de entrada digital.<\/p>\n<h2 class=\"productDetail__content-subheader-icon\">Monitoriza\u00e7\u00e3o do painel e do sistema<\/h2>\n<p>Este nov\u00edssimo centro de comunica\u00e7\u00f5es de monitoriza\u00e7\u00e3o Victron Cerbo GX - BPP900451100 permite-lhe ter controlo do seu sistema em qualquer altura e a partir de qualquer lugar, e maximizar o seu desempenho. Basta ligar atrav\u00e9s do portal Victron Remote Management (VRM), ou aceder diretamente atrav\u00e9s do ecr\u00e3 multifun\u00e7\u00f5es aut\u00f3nomo GX Touch 50 ou da aplica\u00e7\u00e3o VictronConnect gra\u00e7as \u00e0 fun\u00e7\u00e3o Bluetooth integrada.<\/p>\n<h2 class=\"productDetails__block-title\"><span class=\"productDetails__block-title-content\">Monitoriza\u00e7\u00e3o e controlo perfeitos<\/span><\/h2>\n<div class=\"productDetails__block-description\">Monitorize imediatamente o estado de carga da bateria, o consumo, a recolha de energia dos pain\u00e9is fotovoltaicos, do gerador e da rede, ou verifique o n\u00edvel do dep\u00f3sito ou as medi\u00e7\u00f5es de temperatura. Controle facilmente o limite de corrente de entrada da tomada de porta ou o arranque\/paragem autom\u00e1tico de um gerador ou altere qualquer par\u00e2metro para otimizar o sistema. Acompanhe os alertas, efectue verifica\u00e7\u00f5es de diagn\u00f3stico e resolva problemas remotamente.<\/div>\n<div><\/div>\n<\/div>\n<h2>Maximiza o desempenho do seu sistema<\/h2>\n<p>A unidade de controlo Victron Cerbo GX - BPP900451100 maximiza o desempenho dos componentes do sistema em tempo real e mant\u00e9m-nos perfeitamente sintonizados. Com o seu processador Dual Core e a adi\u00e7\u00e3o de outra porta CAN-bus, \u00e9 adequada para sistemas ainda maiores e pode monitorizar de perto as baterias de l\u00edtio geridas, enquanto a segunda porta pode ter at\u00e9 25 carregadores solares VE.Can ligados ao mesmo tempo. O novo suporte de sa\u00edda NMEA 2000 permite que o GX seja facilmente integrado na rede de qualquer embarca\u00e7\u00e3o. Quatro portas de tanque e quatro portas de temperatura, mais 3 portas VE.Diret, 3 portas USB, 4 entradas digitais e 2 rel\u00e9s permitem-lhe levar o controlo a outro n\u00edvel. Maximizar o desempenho do sistema nunca foi t\u00e3o f\u00e1cil.<\/p>\n<h2 class=\"productDetails__block-title\"><span class=\"productDetails__block-title-content\">Expandir a sua vis\u00e3o<\/span><\/h2>\n<div class=\"productDetails__block-description\">O novo ecr\u00e3 (opcional) <a href=\"https:\/\/fvcomponentes.com\/pt\/produto\/monitorizacao-victron-gx-touch-50\/\" target=\"_blank\" rel=\"noopener\">GX Touch 50<\/a> permite uma vis\u00e3o geral instant\u00e2nea do sistema e o ajuste de par\u00e2metros num instante. O seu design extra fino de 5 polegadas \u00e0 prova de \u00e1gua, a configura\u00e7\u00e3o mont\u00e1vel no topo e a f\u00e1cil instala\u00e7\u00e3o proporcionam uma grande flexibilidade para criar um painel de controlo claro e n\u00edtido.<\/div>\n<h2>F\u00e1cil instala\u00e7\u00e3o e configura\u00e7\u00e3o da unidade de controlo Victron Cerbo GX - BPP900451100<\/h2>\n<p>O Cerbo GX foi optimizado para satisfazer as necessidades dos instaladores profissionais. O dispositivo pode ser facilmente montado numa calha DIN e o seu ecr\u00e3 t\u00e1til separado pode ser aparafusado no topo de um painel de controlo, pelo que j\u00e1 n\u00e3o \u00e9 necess\u00e1rio cortar orif\u00edcios perfeitos, e liga-se com um \u00fanico cabo, sem o inc\u00f3modo de ter de passar muitos cabos para o painel de controlo. A sua nova fun\u00e7\u00e3o Bluetooth permite uma liga\u00e7\u00e3o e configura\u00e7\u00e3o r\u00e1pidas atrav\u00e9s da aplica\u00e7\u00e3o VictronConnect.<\/p>\n<h2>Dispositivos compat\u00edveis Unidade de controlo Victron Cerbo GX<\/h2>\n<p>Qualquer componente com portas como VE.Direct, VE.Can, CAN, VE.Bus e USB pode ser compat\u00edvel com o Victron Cerbo GX.<\/p>\n<ul>\n<li><strong>Inversores Multiplus, Multiplus II e Quattro<\/strong>incluindo sistemas que agrupam v\u00e1rios inversores para instala\u00e7\u00f5es trif\u00e1sicas.<\/li>\n<li><strong>Controladores solares BlueSolar MPPT<\/strong>\u00a0que possuem a porta de comunica\u00e7\u00e3o VE.Direct.<\/li>\n<li><strong>Controladores solares BlueSolar e SmartSolar MPPT<\/strong>\u00a0com a porta de comunica\u00e7\u00e3o VE.Can.<\/li>\n<li><strong>Carregadores de baterias Skylla<\/strong> <strong>e Skylla TG<\/strong> atrav\u00e9s da liga\u00e7\u00e3o VE.Can.<\/li>\n<li><strong>Os monitores de bateria da fam\u00edlia BMV 700<\/strong> utilizando a porta VE.Direct.<\/li>\n<li><strong>Dispositivos Lynx<\/strong>\u00a0como shunts e BMS para baterias de l\u00edtio.<\/li>\n<li><strong>Inversores fotovoltaicos Fronius<\/strong>\u00a0para sistemas de acoplamento AC ou de auto-consumo que combinam Fronius + Victron.<\/li>\n<li><strong>Sinais para atuar de acordo com a programa\u00e7\u00e3o<\/strong>sondas de n\u00edvel, sondas de temperatura, alarmes, sensores, etc.<\/li>\n<\/ul>\n<h2>Superar quaisquer problemas relacionados com a energia<\/h2>\n<div class=\"productDetails__block-content\">\n<div class=\"productDetails__block-description\">\n<p>O Cerbo GX \u00e9 polivalente, trazendo um controlo perfeito para as mais diversas aplica\u00e7\u00f5es. Em sistemas com geradores, tais como mar\u00edtimos ou de reserva e fora da rede, arranca e p\u00e1ra automaticamente o gerador ou atrasa a igni\u00e7\u00e3o at\u00e9 ao fim dos per\u00edodos de sil\u00eancio. Em sistemas de armazenamento de energia, manter\u00e1 as baterias auxiliares a 100%, ligar-se-\u00e1 durante as falhas de energia e desviar\u00e1 o excesso de energia (solar) para autoconsumo, ajudando-o a poupar dinheiro. Em caravanas e ve\u00edculos de emerg\u00eancia, manter\u00e1 os sistemas vitais a funcionar sem problemas. E estas s\u00e3o apenas algumas...<\/p>\n<\/div>\n<\/div>\n<h2>Ficha t\u00e9cnica Unidade de controlo Victron Cerbo GX - BPP900451100<\/h2>\n<div class=\"productDetails__block-content\">\n<div class=\"productDetails__block-description\">\n<p><a href=\"https:\/\/fvcomponentes.com\/wp-content\/uploads\/2021\/03\/Datasheet-Cerbo-GX-GX-Touch-ES-1.pdf\" target=\"_blank\" rel=\"noopener\">Ver ficha t\u00e9cnica da unidade de controlo Victron Cerbo GX - BPP900451100<\/a><\/p>\n<h2>Manual da unidade de controlo Victron Cerbo GX - BPP900451100<\/h2>\n<\/div>\n<\/div>\n<div class=\"productDetails__block-image-container\">\n<div class=\"productDetails__block-image\"><a href=\"https:\/\/fvcomponentes.com\/wp-content\/uploads\/2025\/10\/140558-Ekrano_GX__Venus_GX__Cerbo_GX__Cerbo-S_GX_Manual-pdf-es.pdf\" target=\"_blank\" rel=\"noopener\">Ver manual da unidade de controlo Victron Cerbo GX - BPP900451100<\/a><\/div>\n<\/div>","protected":false},"excerpt":{"rendered":"<p>Vers\u00e3o melhorada do Cerbo GX:<\/p>\n<ul>\n<li>2 portas de bus CAN.<\/li>\n<li>3 VE.Portas directas.<\/li>\n<li>3 portas USB.<\/li>\n<li>2 rel\u00e9s.<\/li>\n<li>4 orif\u00edcios para o dep\u00f3sito e 4 orif\u00edcios para a temperatura.<\/li>\n<li>Contagem de impulsos de entrada digital.<\/li>\n<\/ul>\n<p>&nbsp;<\/p>","protected":false},"featured_media":15307,"comment_status":"open","ping_status":"closed","template":"","meta":{"site-sidebar-layout":"default","site-content-layout":"default","ast-site-content-layout":"default","site-content-style":"default","site-sidebar-style":"default","ast-global-header-display":"","ast-banner-title-visibility":"","ast-main-header-display":"","ast-hfb-above-header-display":"","ast-hfb-below-header-display":"","ast-hfb-mobile-header-display":"","site-post-title":"","ast-breadcrumbs-content":"","ast-featured-img":"","footer-sml-layout":"","ast-disable-related-posts":"","theme-transparent-header-meta":"default","adv-header-id-meta":"","stick-header-meta":"","header-above-stick-meta":"","header-main-stick-meta":"","header-below-stick-meta":"","astra-migrate-meta-layouts":"set","ast-page-background-enabled":"default","ast-page-background-meta":{"desktop":{"background-color":"var(--ast-global-color-4)","background-image":"","background-repeat":"repeat","background-position":"center center","background-size":"auto","background-attachment":"scroll","background-type":"","background-media":"","overlay-type":"","overlay-color":"","overlay-opacity":"","overlay-gradient":""},"tablet":{"background-color":"","background-image":"","background-repeat":"repeat","background-position":"center center","background-size":"auto","background-attachment":"scroll","background-type":"","background-media":"","overlay-type":"","overlay-color":"","overlay-opacity":"","overlay-gradient":""},"mobile":{"background-color":"","background-image":"","background-repeat":"repeat","background-position":"center center","background-size":"auto","background-attachment":"scroll","background-type":"","background-media":"","overlay-type":"","overlay-color":"","overlay-opacity":"","overlay-gradient":""}},"ast-content-background-meta":{"desktop":{"background-color":"var(--ast-global-color-5)","background-image":"","background-repeat":"repeat","background-position":"center center","background-size":"auto","background-attachment":"scroll","background-type":"","background-media":"","overlay-type":"","overlay-color":"","overlay-opacity":"","overlay-gradient":""},"tablet":{"background-color":"var(--ast-global-color-5)","background-image":"","background-repeat":"repeat","background-position":"center center","background-size":"auto","background-attachment":"scroll","background-type":"","background-media":"","overlay-type":"","overlay-color":"","overlay-opacity":"","overlay-gradient":""},"mobile":{"background-color":"var(--ast-global-color-5)","background-image":"","background-repeat":"repeat","background-position":"center center","background-size":"auto","background-attachment":"scroll","background-type":"","background-media":"","overlay-type":"","overlay-color":"","overlay-opacity":"","overlay-gradient":""}}},"pwb-brand":[332],"product_brand":[],"product_cat":[333,934],"product_tag":[],"class_list":{"0":"post-15306","1":"product","2":"type-product","3":"status-publish","4":"has-post-thumbnail","6":"pwb-brand-victron","7":"product_cat-inversores","8":"product_cat-monitorizacion","9":"desktop-align-left","10":"tablet-align-left","11":"mobile-align-left","12":"ast-product-gallery-layout-horizontal-slider","13":"ast-product-tabs-layout-horizontal","15":"first","16":"instock","17":"taxable","18":"shipping-taxable","19":"purchasable","20":"product-type-simple"},"wcpa_form_fields":null,"brands":[{"id":332,"name":"Victron Energia","slug":"victron"}],"_links":{"self":[{"href":"https:\/\/fvcomponentes.com\/pt\/wp-json\/wp\/v2\/product\/15306","targetHints":{"allow":["GET"]}}],"collection":[{"href":"https:\/\/fvcomponentes.com\/pt\/wp-json\/wp\/v2\/product"}],"about":[{"href":"https:\/\/fvcomponentes.com\/pt\/wp-json\/wp\/v2\/types\/product"}],"replies":[{"embeddable":true,"href":"https:\/\/fvcomponentes.com\/pt\/wp-json\/wp\/v2\/comments?post=15306"}],"wp:featuredmedia":[{"embeddable":true,"href":"https:\/\/fvcomponentes.com\/pt\/wp-json\/wp\/v2\/media\/15307"}],"wp:attachment":[{"href":"https:\/\/fvcomponentes.com\/pt\/wp-json\/wp\/v2\/media?parent=15306"}],"wp:term":[{"taxonomy":"pwb-brand","embeddable":true,"href":"https:\/\/fvcomponentes.com\/pt\/wp-json\/wp\/v2\/pwb-brand?post=15306"},{"taxonomy":"product_brand","embeddable":true,"href":"https:\/\/fvcomponentes.com\/pt\/wp-json\/wp\/v2\/product_brand?post=15306"},{"taxonomy":"product_cat","embeddable":true,"href":"https:\/\/fvcomponentes.com\/pt\/wp-json\/wp\/v2\/product_cat?post=15306"},{"taxonomy":"product_tag","embeddable":true,"href":"https:\/\/fvcomponentes.com\/pt\/wp-json\/wp\/v2\/product_tag?post=15306"}],"curies":[{"name":"wp","href":"https:\/\/api.w.org\/{rel}","templated":true}]}}