{"id":15293,"date":"2024-06-21T08:10:22","date_gmt":"2024-06-21T06:10:22","guid":{"rendered":"https:\/\/fvcomponentes.com\/?post_type=product&#038;p=15293"},"modified":"2026-04-04T12:48:05","modified_gmt":"2026-04-04T10:48:05","slug":"barramento-victron-lynx-classe-t-power-in-m10-lyn060404010","status":"publish","type":"product","link":"https:\/\/fvcomponentes.com\/pt\/producto\/barra-colectora-victron-lynx-class-t-power-in-m10-lyn060404010\/","title":{"rendered":"Barramento de entrada de alimenta\u00e7\u00e3o Victron Lynx Class-T (M10) - LYN060404010"},"content":{"rendered":"<h2>Caracter\u00edsticas do barramento Victron Lynx Class-T Power In (M10) - LYN060404010<\/h2>\n<p>O barramento Victron Lynx Class-T Power In (M10) - LYN060404010 liga at\u00e9 duas cadeias de baterias de l\u00edtio e fornece fus\u00edveis. Inclui um barramento positivo e negativo, liga\u00e7\u00f5es para dois fus\u00edveis de classe T e uma liga\u00e7\u00e3o \u00e0 terra do sistema CC. Os fus\u00edveis de classe T, dispon\u00edveis em 225 A, 250 A, 350 A e 400 A, devem ser adquiridos separadamente.<\/p>\n<p>Para instala\u00e7\u00f5es com tr\u00eas ou mais strings de bateria de l\u00edtio, use v\u00e1rios m\u00f3dulos Lynx Class-T. Como um componente chave do sistema de distribui\u00e7\u00e3o Lynx, o Lynx Class-T integra-se perfeitamente com todos os outros produtos Lynx M10.<\/p>\n<h2>O sistema de distribui\u00e7\u00e3o Lynx<\/h2>\n<p>O sistema de distribui\u00e7\u00e3o Lynx \u00e9 um sistema de barramento modular que incorpora liga\u00e7\u00f5es DC, distribui\u00e7\u00e3o, fus\u00edveis, monitoriza\u00e7\u00e3o de baterias e\/ou gest\u00e3o de baterias de l\u00edtio. Para mais informa\u00e7\u00f5es, consulte tamb\u00e9m a p\u00e1gina de produto dos sistemas de distribui\u00e7\u00e3o DC.<\/p>\n<p>O sistema de distribui\u00e7\u00e3o Lynx \u00e9 composto pelos seguintes elementos:<\/p>\n<ul>\n<li><strong>Entrada de energia Lynx<\/strong> - Um barramento positivo e um negativo com quatro liga\u00e7\u00f5es para baterias ou equipamentos de corrente cont\u00ednua, dispon\u00edvel em duas vers\u00f5es, com barramento M8 ou M10.<\/li>\n<li><strong>Entrada de alimenta\u00e7\u00e3o Lynx Class-T<\/strong> - Um barramento positivo e negativo que aceita dois fus\u00edveis de classe T e tem duas liga\u00e7\u00f5es para baterias ou equipamento de corrente cont\u00ednua, dispon\u00edvel com o barramento M10.<\/li>\n<li><strong>Distribuidor Lynx<\/strong> - Um barramento positivo e um negativo com quatro liga\u00e7\u00f5es com fus\u00edveis para baterias ou equipamentos de corrente cont\u00ednua e monitoriza\u00e7\u00e3o de fus\u00edveis, dispon\u00edvel em duas vers\u00f5es, com barramento M8 ou M10.<\/li>\n<li><strong>Deriva\u00e7\u00e3o Lynx VE.Can<\/strong> - Um barramento positivo com espa\u00e7o para um fus\u00edvel do sistema principal e um barramento negativo com um shunt para monitoriza\u00e7\u00e3o da bateria. Comunica\u00e7\u00e3o VE.Can para monitoriza\u00e7\u00e3o e configura\u00e7\u00e3o com um aparelho GX.<\/li>\n<li><strong>Lynx Smart BMS<\/strong> - Para utiliza\u00e7\u00e3o em conjunto com as baterias de l\u00edtio Victron Energy Smart. Cont\u00e9m um barramento positivo com um contactor acionado por um sistema de gest\u00e3o de bateria (BMS) e um barramento negativo com um shunt para monitoriza\u00e7\u00e3o da bateria. Possui comunica\u00e7\u00e3o Bluetooth para monitoriza\u00e7\u00e3o e configura\u00e7\u00e3o atrav\u00e9s da aplica\u00e7\u00e3o VictronConnect e comunica\u00e7\u00e3o VE.Can para monitoriza\u00e7\u00e3o com um dispositivo GX e o Portal VRM. Existe um modelo de 500 A com barramentos M8 e um modelo de 1000 A com barramentos M10.<\/li>\n<\/ul>\n<p><img fetchpriority=\"high\" decoding=\"async\" class=\"size-full wp-image-16669 aligncenter\" src=\"https:\/\/fvcomponentes.com\/wp-content\/uploads\/2024\/07\/Barra-colectora-Victron-Lynx-Class-T-Power-In-M10-LYN060404010-1.png\" alt=\"Barramento de entrada de alimenta\u00e7\u00e3o Victron Lynx Class-T (M10) - LYN060404010\" width=\"1188\" height=\"221\" title=\"\"><\/p>\n<h2>Victron Lynx Lynx Class-T Power In (M10) Diagrama interno e de cablagem do barramento - LYN060404010<\/h2>\n<p>Elementos f\u00edsicos internos e diagrama de cablagem da Lynx Class-T Power In com os seguintes elementos:<\/p>\n<ul>\n<li>Deslizamento de terra positivo<\/li>\n<li>Barramento negativo<\/li>\n<li>Liga\u00e7\u00f5es positivas<\/li>\n<li>Liga\u00e7\u00f5es negativas<\/li>\n<li>Liga\u00e7\u00e3o \u00e0 terra<\/li>\n<li>Duas liga\u00e7\u00f5es de fus\u00edveis para fus\u00edveis de classe T - os parafusos e porcas s\u00e3o de 3\/8\u2033 e est\u00e3o marcados a preto para n\u00e3o serem danificados. <span style=\"font-size: 16px;\">para confundir com os parafusos e porcas M10 para liga\u00e7\u00f5es de corrente cont\u00ednua e de barramento.<\/span><\/li>\n<\/ul>\n<p><img decoding=\"async\" class=\"size-full wp-image-16657 aligncenter\" src=\"https:\/\/fvcomponentes.com\/wp-content\/uploads\/2024\/07\/Barra-colectora-Victron-Lynx-Class-T-Power-In-M10-LYN060404010.png\" alt=\"Barramento de entrada de alimenta\u00e7\u00e3o Victron Lynx Class-T (M10) - LYN060404010\" width=\"676\" height=\"584\" title=\"\"><\/p>\n<h2>Barramento manual Victron Lynx Class-T Power In (M10) - LYN060404010<\/h2>\n<p><a href=\"https:\/\/fvcomponentes.com\/wp-content\/uploads\/2024\/06\/Manual-Lynx-Class-T-Power-Victron-Castellano.pdf\" target=\"_blank\" rel=\"noopener\">Ver manual do barramento Victron Lynx Lynx Class-T Power In (M10) - LYN060404010<\/a><\/p>","protected":false},"excerpt":{"rendered":"<ul>\n<li><strong>Classe de prote\u00e7\u00e3o:<\/strong> IP20<\/li>\n<li><strong>Gama de tens\u00f5es:<\/strong> 9-60 V CC<\/li>\n<li><strong>Corrente nominal:<\/strong> 1000 A<\/li>\n<li><strong>Lama:<\/strong> M10<\/li>\n<\/ul>","protected":false},"featured_media":15297,"comment_status":"open","ping_status":"closed","template":"","meta":{"site-sidebar-layout":"default","site-content-layout":"default","ast-site-content-layout":"default","site-content-style":"default","site-sidebar-style":"default","ast-global-header-display":"","ast-banner-title-visibility":"","ast-main-header-display":"","ast-hfb-above-header-display":"","ast-hfb-below-header-display":"","ast-hfb-mobile-header-display":"","site-post-title":"","ast-breadcrumbs-content":"","ast-featured-img":"","footer-sml-layout":"","ast-disable-related-posts":"","theme-transparent-header-meta":"default","adv-header-id-meta":"","stick-header-meta":"","header-above-stick-meta":"","header-main-stick-meta":"","header-below-stick-meta":"","astra-migrate-meta-layouts":"set","ast-page-background-enabled":"default","ast-page-background-meta":{"desktop":{"background-color":"var(--ast-global-color-4)","background-image":"","background-repeat":"repeat","background-position":"center center","background-size":"auto","background-attachment":"scroll","background-type":"","background-media":"","overlay-type":"","overlay-color":"","overlay-opacity":"","overlay-gradient":""},"tablet":{"background-color":"","background-image":"","background-repeat":"repeat","background-position":"center center","background-size":"auto","background-attachment":"scroll","background-type":"","background-media":"","overlay-type":"","overlay-color":"","overlay-opacity":"","overlay-gradient":""},"mobile":{"background-color":"","background-image":"","background-repeat":"repeat","background-position":"center center","background-size":"auto","background-attachment":"scroll","background-type":"","background-media":"","overlay-type":"","overlay-color":"","overlay-opacity":"","overlay-gradient":""}},"ast-content-background-meta":{"desktop":{"background-color":"var(--ast-global-color-5)","background-image":"","background-repeat":"repeat","background-position":"center center","background-size":"auto","background-attachment":"scroll","background-type":"","background-media":"","overlay-type":"","overlay-color":"","overlay-opacity":"","overlay-gradient":""},"tablet":{"background-color":"var(--ast-global-color-5)","background-image":"","background-repeat":"repeat","background-position":"center center","background-size":"auto","background-attachment":"scroll","background-type":"","background-media":"","overlay-type":"","overlay-color":"","overlay-opacity":"","overlay-gradient":""},"mobile":{"background-color":"var(--ast-global-color-5)","background-image":"","background-repeat":"repeat","background-position":"center center","background-size":"auto","background-attachment":"scroll","background-type":"","background-media":"","overlay-type":"","overlay-color":"","overlay-opacity":"","overlay-gradient":""}}},"pwb-brand":[332],"product_brand":[],"product_cat":[340,991,410],"product_tag":[],"class_list":{"0":"post-15293","1":"product","2":"type-product","3":"status-publish","4":"has-post-thumbnail","6":"pwb-brand-victron","7":"product_cat-baterias","8":"product_cat-busbar","9":"product_cat-material-electrico","10":"desktop-align-left","11":"tablet-align-left","12":"mobile-align-left","13":"ast-product-gallery-layout-horizontal-slider","14":"ast-product-tabs-layout-horizontal","16":"first","17":"instock","18":"taxable","19":"shipping-taxable","20":"purchasable","21":"product-type-simple"},"wcpa_form_fields":null,"brands":[{"id":332,"name":"Victron Energia","slug":"victron"}],"_links":{"self":[{"href":"https:\/\/fvcomponentes.com\/pt\/wp-json\/wp\/v2\/product\/15293","targetHints":{"allow":["GET"]}}],"collection":[{"href":"https:\/\/fvcomponentes.com\/pt\/wp-json\/wp\/v2\/product"}],"about":[{"href":"https:\/\/fvcomponentes.com\/pt\/wp-json\/wp\/v2\/types\/product"}],"replies":[{"embeddable":true,"href":"https:\/\/fvcomponentes.com\/pt\/wp-json\/wp\/v2\/comments?post=15293"}],"wp:featuredmedia":[{"embeddable":true,"href":"https:\/\/fvcomponentes.com\/pt\/wp-json\/wp\/v2\/media\/15297"}],"wp:attachment":[{"href":"https:\/\/fvcomponentes.com\/pt\/wp-json\/wp\/v2\/media?parent=15293"}],"wp:term":[{"taxonomy":"pwb-brand","embeddable":true,"href":"https:\/\/fvcomponentes.com\/pt\/wp-json\/wp\/v2\/pwb-brand?post=15293"},{"taxonomy":"product_brand","embeddable":true,"href":"https:\/\/fvcomponentes.com\/pt\/wp-json\/wp\/v2\/product_brand?post=15293"},{"taxonomy":"product_cat","embeddable":true,"href":"https:\/\/fvcomponentes.com\/pt\/wp-json\/wp\/v2\/product_cat?post=15293"},{"taxonomy":"product_tag","embeddable":true,"href":"https:\/\/fvcomponentes.com\/pt\/wp-json\/wp\/v2\/product_tag?post=15293"}],"curies":[{"name":"wp","href":"https:\/\/api.w.org\/{rel}","templated":true}]}}