{"id":15231,"date":"2024-06-20T11:34:26","date_gmt":"2024-06-20T09:34:26","guid":{"rendered":"https:\/\/fvcomponentes.com\/?post_type=product&#038;p=15231"},"modified":"2026-01-15T10:02:05","modified_gmt":"2026-01-15T09:02:05","slug":"suporte-de-fusivel-anl-victron-cip106100000","status":"publish","type":"product","link":"https:\/\/fvcomponentes.com\/pt\/producto\/portafusibles-anl-victron-cip106100000\/","title":{"rendered":"Suporte de fus\u00edvel ANL Victron - CIP106100000"},"content":{"rendered":"<h2>Caracter\u00edsticas do porta-fus\u00edveis ANL Victron - CIP106100000<\/h2>\n<p>O porta-fus\u00edveis ANL - CIP106100000 n\u00e3o tem tampa, pelo que a sua utiliza\u00e7\u00e3o s\u00f3 \u00e9 indicada em zonas que tenham uma tampa geral ou onde os terminais estejam cobertos com botas.<\/p>\n<p>Para fus\u00edveis do tipo ANL, tais como:<\/p>\n<ul>\n<li><a href=\"https:\/\/fvcomponentes.com\/pt\/produto\/fusivel-anl-victron-400a-80v-48v-cip142400000\/\" target=\"_blank\" rel=\"noopener\">Fus\u00edvel ANL fus\u00edvel Victron 400A\/80V 48V- CIP142400000<\/a><\/li>\n<li><a href=\"https:\/\/fvcomponentes.com\/pt\/produto\/fusivel-anl-victron-500a-80v-48v-cip142500000\/\" target=\"_blank\" rel=\"noopener\">Fus\u00edvel ANL-fus\u00edvel Victron 500A\/80V 48V - CIP142500000<\/a><\/li>\n<li><a href=\"https:\/\/fvcomponentes.com\/pt\/produto\/fusivel-anl-fusivel-victron-300a-80v-cip143300020\/\" target=\"_blank\" rel=\"noopener\">Fus\u00edvel ANL-fus\u00edvel Victron 300A\/80V - CIP143300020<\/a><\/li>\n<li><a href=\"https:\/\/fvcomponentes.com\/pt\/produto\/fusivel-anl-fusivel-victron-400a-80v-cip143400020\/\" target=\"_blank\" rel=\"noopener\">Fus\u00edvel ANL-fus\u00edvel Victron 400A\/80V - CIP143400020<\/a><\/li>\n<\/ul>","protected":false},"excerpt":{"rendered":"<p>Porta-fus\u00edveis ANL sem tampa.<\/p>","protected":false},"featured_media":15232,"comment_status":"open","ping_status":"closed","template":"","meta":{"site-sidebar-layout":"default","site-content-layout":"default","ast-site-content-layout":"default","site-content-style":"default","site-sidebar-style":"default","ast-global-header-display":"","ast-banner-title-visibility":"","ast-main-header-display":"","ast-hfb-above-header-display":"","ast-hfb-below-header-display":"","ast-hfb-mobile-header-display":"","site-post-title":"","ast-breadcrumbs-content":"","ast-featured-img":"","footer-sml-layout":"","ast-disable-related-posts":"","theme-transparent-header-meta":"default","adv-header-id-meta":"","stick-header-meta":"","header-above-stick-meta":"","header-main-stick-meta":"","header-below-stick-meta":"","astra-migrate-meta-layouts":"set","ast-page-background-enabled":"default","ast-page-background-meta":{"desktop":{"background-color":"var(--ast-global-color-4)","background-image":"","background-repeat":"repeat","background-position":"center center","background-size":"auto","background-attachment":"scroll","background-type":"","background-media":"","overlay-type":"","overlay-color":"","overlay-opacity":"","overlay-gradient":""},"tablet":{"background-color":"","background-image":"","background-repeat":"repeat","background-position":"center center","background-size":"auto","background-attachment":"scroll","background-type":"","background-media":"","overlay-type":"","overlay-color":"","overlay-opacity":"","overlay-gradient":""},"mobile":{"background-color":"","background-image":"","background-repeat":"repeat","background-position":"center center","background-size":"auto","background-attachment":"scroll","background-type":"","background-media":"","overlay-type":"","overlay-color":"","overlay-opacity":"","overlay-gradient":""}},"ast-content-background-meta":{"desktop":{"background-color":"var(--ast-global-color-5)","background-image":"","background-repeat":"repeat","background-position":"center center","background-size":"auto","background-attachment":"scroll","background-type":"","background-media":"","overlay-type":"","overlay-color":"","overlay-opacity":"","overlay-gradient":""},"tablet":{"background-color":"var(--ast-global-color-5)","background-image":"","background-repeat":"repeat","background-position":"center center","background-size":"auto","background-attachment":"scroll","background-type":"","background-media":"","overlay-type":"","overlay-color":"","overlay-opacity":"","overlay-gradient":""},"mobile":{"background-color":"var(--ast-global-color-5)","background-image":"","background-repeat":"repeat","background-position":"center center","background-size":"auto","background-attachment":"scroll","background-type":"","background-media":"","overlay-type":"","overlay-color":"","overlay-opacity":"","overlay-gradient":""}}},"pwb-brand":[332],"product_brand":[],"product_cat":[410,988],"product_tag":[],"class_list":{"0":"post-15231","1":"product","2":"type-product","3":"status-publish","4":"has-post-thumbnail","6":"pwb-brand-victron","7":"product_cat-material-electrico","8":"product_cat-portafusibles","9":"desktop-align-left","10":"tablet-align-left","11":"mobile-align-left","12":"ast-product-gallery-layout-horizontal-slider","13":"ast-product-tabs-layout-horizontal","15":"first","16":"instock","17":"taxable","18":"shipping-taxable","19":"purchasable","20":"product-type-simple"},"wcpa_form_fields":null,"brands":[{"id":332,"name":"Victron Energia","slug":"victron"}],"_links":{"self":[{"href":"https:\/\/fvcomponentes.com\/pt\/wp-json\/wp\/v2\/product\/15231","targetHints":{"allow":["GET"]}}],"collection":[{"href":"https:\/\/fvcomponentes.com\/pt\/wp-json\/wp\/v2\/product"}],"about":[{"href":"https:\/\/fvcomponentes.com\/pt\/wp-json\/wp\/v2\/types\/product"}],"replies":[{"embeddable":true,"href":"https:\/\/fvcomponentes.com\/pt\/wp-json\/wp\/v2\/comments?post=15231"}],"wp:featuredmedia":[{"embeddable":true,"href":"https:\/\/fvcomponentes.com\/pt\/wp-json\/wp\/v2\/media\/15232"}],"wp:attachment":[{"href":"https:\/\/fvcomponentes.com\/pt\/wp-json\/wp\/v2\/media?parent=15231"}],"wp:term":[{"taxonomy":"pwb-brand","embeddable":true,"href":"https:\/\/fvcomponentes.com\/pt\/wp-json\/wp\/v2\/pwb-brand?post=15231"},{"taxonomy":"product_brand","embeddable":true,"href":"https:\/\/fvcomponentes.com\/pt\/wp-json\/wp\/v2\/product_brand?post=15231"},{"taxonomy":"product_cat","embeddable":true,"href":"https:\/\/fvcomponentes.com\/pt\/wp-json\/wp\/v2\/product_cat?post=15231"},{"taxonomy":"product_tag","embeddable":true,"href":"https:\/\/fvcomponentes.com\/pt\/wp-json\/wp\/v2\/product_tag?post=15231"}],"curies":[{"name":"wp","href":"https:\/\/api.w.org\/{rel}","templated":true}]}}