{"id":15222,"date":"2024-06-20T10:59:34","date_gmt":"2024-06-20T08:59:34","guid":{"rendered":"https:\/\/fvcomponentes.com\/?post_type=product&#038;p=15222"},"modified":"2026-01-15T10:04:14","modified_gmt":"2026-01-15T09:04:14","slug":"mega-fusivel-victron-300a-80v-cip138300020","status":"publish","type":"product","link":"https:\/\/fvcomponentes.com\/pt\/producto\/mega-fuse-victron-300a-80v-cip138300020\/","title":{"rendered":"Fus\u00edvel de cer\u00e2mica MEGA-fus\u00edvel Victron 300A\/80V (5 unidades) - CIP138300020"},"content":{"rendered":"<h2>Caracter\u00edsticas do Mega-fus\u00edvel cer\u00e2mico Victron 300A\/80V - CIP138300020<\/h2>\n<p>Victron Mega-fus\u00edvel cer\u00e2mico 300A\/80V - CIP138300020 com terminais M8. Um fus\u00edvel de qualidade \u00e9 um elo indispens\u00e1vel numa instala\u00e7\u00e3o el\u00e9ctrica segura.<span style=\"color: #000000;\"><br \/>\nOs fus\u00edveis para 48V n\u00e3o podem ser utilizados com sistemas de 12\/24V e vice-versa. O intervalo de tens\u00e3o especificado no fus\u00edvel \u00e9 importante para garantir um funcionamento seguro.<\/span><\/p>\n<p>Para os porta-fus\u00edveis do tipo Mega, como o <a href=\"https:\/\/fvcomponentes.com\/pt\/produto\/suporte-de-fusiveis-suporte-de-fusiveis-de-6-vias-para-mega-fusivel-cip050060000\/\" target=\"_blank\" rel=\"noopener\">Suporte de fus\u00edveis de 6 vias para Mega Fuse - CIP050060000<\/a><\/p>\n<p>Este pacote inclui <strong>5 fus\u00edveis.<\/strong><\/p>\n<h2>Caracter\u00edsticas do Mega-fus\u00edvel cer\u00e2mico Victron 300A\/80V - CIP138300020<\/h2>\n<p><a href=\"https:\/\/fvcomponentes.com\/wp-content\/uploads\/2024\/07\/Datasheet-Midi-Mega-and-ANL-fuses-and-fuse-holders-EN-.pdf\" target=\"_blank\" rel=\"noopener\">Ver ficha de dados do mega-fus\u00edvel Victron 300A\/80V - CIP138300020<\/a><\/p>","protected":false},"excerpt":{"rendered":"<ul>\n<li><strong>Amperagem:<\/strong> 300 A<strong><br \/>\n<\/strong><\/li>\n<li><strong><span style=\"color: #000000;\">Tens\u00e3o: <\/span><\/strong><span style=\"color: #000000;\">80 V<br \/>\n<\/span><\/li>\n<li><span style=\"color: #000000;\"><strong>Embalagem de 5 unidades<\/strong><\/span><\/li>\n<\/ul>","protected":false},"featured_media":27615,"comment_status":"open","ping_status":"closed","template":"","meta":{"site-sidebar-layout":"default","site-content-layout":"default","ast-site-content-layout":"default","site-content-style":"default","site-sidebar-style":"default","ast-global-header-display":"","ast-banner-title-visibility":"","ast-main-header-display":"","ast-hfb-above-header-display":"","ast-hfb-below-header-display":"","ast-hfb-mobile-header-display":"","site-post-title":"","ast-breadcrumbs-content":"","ast-featured-img":"","footer-sml-layout":"","ast-disable-related-posts":"","theme-transparent-header-meta":"default","adv-header-id-meta":"","stick-header-meta":"","header-above-stick-meta":"","header-main-stick-meta":"","header-below-stick-meta":"","astra-migrate-meta-layouts":"set","ast-page-background-enabled":"default","ast-page-background-meta":{"desktop":{"background-color":"var(--ast-global-color-4)","background-image":"","background-repeat":"repeat","background-position":"center center","background-size":"auto","background-attachment":"scroll","background-type":"","background-media":"","overlay-type":"","overlay-color":"","overlay-opacity":"","overlay-gradient":""},"tablet":{"background-color":"","background-image":"","background-repeat":"repeat","background-position":"center center","background-size":"auto","background-attachment":"scroll","background-type":"","background-media":"","overlay-type":"","overlay-color":"","overlay-opacity":"","overlay-gradient":""},"mobile":{"background-color":"","background-image":"","background-repeat":"repeat","background-position":"center center","background-size":"auto","background-attachment":"scroll","background-type":"","background-media":"","overlay-type":"","overlay-color":"","overlay-opacity":"","overlay-gradient":""}},"ast-content-background-meta":{"desktop":{"background-color":"var(--ast-global-color-5)","background-image":"","background-repeat":"repeat","background-position":"center center","background-size":"auto","background-attachment":"scroll","background-type":"","background-media":"","overlay-type":"","overlay-color":"","overlay-opacity":"","overlay-gradient":""},"tablet":{"background-color":"var(--ast-global-color-5)","background-image":"","background-repeat":"repeat","background-position":"center center","background-size":"auto","background-attachment":"scroll","background-type":"","background-media":"","overlay-type":"","overlay-color":"","overlay-opacity":"","overlay-gradient":""},"mobile":{"background-color":"var(--ast-global-color-5)","background-image":"","background-repeat":"repeat","background-position":"center center","background-size":"auto","background-attachment":"scroll","background-type":"","background-media":"","overlay-type":"","overlay-color":"","overlay-opacity":"","overlay-gradient":""}}},"pwb-brand":[332],"product_brand":[],"product_cat":[410,862,992],"product_tag":[],"class_list":{"0":"post-15222","1":"product","2":"type-product","3":"status-publish","4":"has-post-thumbnail","6":"pwb-brand-victron","7":"product_cat-material-electrico","8":"product_cat-fusibles","9":"product_cat-fusibles-mega","10":"desktop-align-left","11":"tablet-align-left","12":"mobile-align-left","13":"ast-product-gallery-layout-horizontal-slider","14":"ast-product-gallery-with-no-image","15":"ast-product-tabs-layout-horizontal","17":"first","18":"instock","19":"taxable","20":"shipping-taxable","21":"purchasable","22":"product-type-simple"},"wcpa_form_fields":null,"brands":[{"id":332,"name":"Victron Energia","slug":"victron"}],"_links":{"self":[{"href":"https:\/\/fvcomponentes.com\/pt\/wp-json\/wp\/v2\/product\/15222","targetHints":{"allow":["GET"]}}],"collection":[{"href":"https:\/\/fvcomponentes.com\/pt\/wp-json\/wp\/v2\/product"}],"about":[{"href":"https:\/\/fvcomponentes.com\/pt\/wp-json\/wp\/v2\/types\/product"}],"replies":[{"embeddable":true,"href":"https:\/\/fvcomponentes.com\/pt\/wp-json\/wp\/v2\/comments?post=15222"}],"wp:featuredmedia":[{"embeddable":true,"href":"https:\/\/fvcomponentes.com\/pt\/wp-json\/wp\/v2\/media\/27615"}],"wp:attachment":[{"href":"https:\/\/fvcomponentes.com\/pt\/wp-json\/wp\/v2\/media?parent=15222"}],"wp:term":[{"taxonomy":"pwb-brand","embeddable":true,"href":"https:\/\/fvcomponentes.com\/pt\/wp-json\/wp\/v2\/pwb-brand?post=15222"},{"taxonomy":"product_brand","embeddable":true,"href":"https:\/\/fvcomponentes.com\/pt\/wp-json\/wp\/v2\/product_brand?post=15222"},{"taxonomy":"product_cat","embeddable":true,"href":"https:\/\/fvcomponentes.com\/pt\/wp-json\/wp\/v2\/product_cat?post=15222"},{"taxonomy":"product_tag","embeddable":true,"href":"https:\/\/fvcomponentes.com\/pt\/wp-json\/wp\/v2\/product_tag?post=15222"}],"curies":[{"name":"wp","href":"https:\/\/api.w.org\/{rel}","templated":true}]}}