{"id":15121,"date":"2024-06-19T08:10:05","date_gmt":"2024-06-19T06:10:05","guid":{"rendered":"https:\/\/fvcomponentes.com\/?post_type=product&#038;p=15121"},"modified":"2026-04-08T21:32:04","modified_gmt":"2026-04-08T19:32:04","slug":"sensor-de-temperatura-do-barramento-de-latas-para-conversor-victron-dc-dc-buck-boost-ass000200100","status":"publish","type":"product","link":"https:\/\/fvcomponentes.com\/pt\/producto\/sensor-de-temperatura-bus-can-para-convertidor-victron-cc-cc-buck-boost-ass000200100\/","title":{"rendered":"Sensor de temperatura de barramento CAN para conversor Buck-Boost DC-DC da Victron - ASS000200100100"},"content":{"rendered":"<h2>Caracter\u00edsticas do sensor de temperatura do bus CAN para o conversor Buck-Boost DC-DC da Victron - ASS000200100100<\/h2>\n<p>\u00c9 um sensor de temperatura da bateria para a gama do conversor. <a href=\"https:\/\/fvcomponentes.com\/pt\/produto\/victron-conversor-dc-dc-buck-boost-25-a-ori303025000\/\" target=\"_blank\" rel=\"noopener\">DC\/DC de refor\u00e7o Buck-Boost<\/a> e \u00e9 um acess\u00f3rio essencial quando se liga o conversor Buck-Boost DC\/DC a uma bateria de l\u00edtio LFP. Quando estas baterias s\u00e3o carregadas a baixas temperaturas, \u00e9 necess\u00e1rio monitorizar a temperatura. A corrente de carga de uma bateria de l\u00edtio deve ser reduzida quando a temperatura da bateria desce abaixo dos 5 graus e interrompida quando a temperatura desce abaixo dos 0.<\/p>\n<p>O sensor de temperatura do bus CAN para o conversor Buck-Boost DC-DC da Victron - ASS000200100 trata disso. Mede a temperatura da bateria de l\u00edtio e envia os dados para o conversor Buck-Boost DC\/DC, que ir\u00e1 reduzir ou parar o carregamento se a temperatura da bateria descer demasiado.<\/p>\n<p>Al\u00e9m disso, o sensor de temperatura do barramento CAN para o conversor Victron DC-DC Buck-Boost - ASS000200100100 pode ser ligado ao terminal do sensor de temperatura de um <a href=\"https:\/\/fvcomponentes.com\/pt\/produto\/inversor-victron-multiplus-ii-gx-48-5000va-48v-7050a\/\" target=\"_blank\" rel=\"noopener\">MultiPlus<\/a> o <a href=\"https:\/\/fvcomponentes.com\/pt\/produto\/inversor-victron-quattro-12-3000va-120a-5050a\/\" target=\"_blank\" rel=\"noopener\">Quattro<\/a>Os carregadores de bateria podem reduzir ou parar o carregamento se a temperatura da bateria descer demasiado.<\/p>","protected":false},"excerpt":{"rendered":"<p>Necess\u00e1rio para controlar a temperatura das baterias de l\u00edtio LFP durante o carregamento a baixa temperatura.<\/p>","protected":false},"featured_media":15123,"comment_status":"open","ping_status":"closed","template":"","meta":{"site-sidebar-layout":"default","site-content-layout":"default","ast-site-content-layout":"default","site-content-style":"default","site-sidebar-style":"default","ast-global-header-display":"","ast-banner-title-visibility":"","ast-main-header-display":"","ast-hfb-above-header-display":"","ast-hfb-below-header-display":"","ast-hfb-mobile-header-display":"","site-post-title":"","ast-breadcrumbs-content":"","ast-featured-img":"","footer-sml-layout":"","ast-disable-related-posts":"","theme-transparent-header-meta":"default","adv-header-id-meta":"","stick-header-meta":"","header-above-stick-meta":"","header-main-stick-meta":"","header-below-stick-meta":"","astra-migrate-meta-layouts":"set","ast-page-background-enabled":"default","ast-page-background-meta":{"desktop":{"background-color":"var(--ast-global-color-4)","background-image":"","background-repeat":"repeat","background-position":"center center","background-size":"auto","background-attachment":"scroll","background-type":"","background-media":"","overlay-type":"","overlay-color":"","overlay-opacity":"","overlay-gradient":""},"tablet":{"background-color":"","background-image":"","background-repeat":"repeat","background-position":"center center","background-size":"auto","background-attachment":"scroll","background-type":"","background-media":"","overlay-type":"","overlay-color":"","overlay-opacity":"","overlay-gradient":""},"mobile":{"background-color":"","background-image":"","background-repeat":"repeat","background-position":"center center","background-size":"auto","background-attachment":"scroll","background-type":"","background-media":"","overlay-type":"","overlay-color":"","overlay-opacity":"","overlay-gradient":""}},"ast-content-background-meta":{"desktop":{"background-color":"var(--ast-global-color-5)","background-image":"","background-repeat":"repeat","background-position":"center center","background-size":"auto","background-attachment":"scroll","background-type":"","background-media":"","overlay-type":"","overlay-color":"","overlay-opacity":"","overlay-gradient":""},"tablet":{"background-color":"var(--ast-global-color-5)","background-image":"","background-repeat":"repeat","background-position":"center center","background-size":"auto","background-attachment":"scroll","background-type":"","background-media":"","overlay-type":"","overlay-color":"","overlay-opacity":"","overlay-gradient":""},"mobile":{"background-color":"var(--ast-global-color-5)","background-image":"","background-repeat":"repeat","background-position":"center center","background-size":"auto","background-attachment":"scroll","background-type":"","background-media":"","overlay-type":"","overlay-color":"","overlay-opacity":"","overlay-gradient":""}}},"pwb-brand":[332],"product_brand":[],"product_cat":[966,419,865],"product_tag":[],"class_list":{"0":"post-15121","1":"product","2":"type-product","3":"status-publish","4":"has-post-thumbnail","6":"pwb-brand-victron","7":"product_cat-accesorios-cargadores","8":"product_cat-cargadores-de-baterias","9":"product_cat-convertidores","10":"desktop-align-left","11":"tablet-align-left","12":"mobile-align-left","13":"ast-product-gallery-layout-horizontal-slider","14":"ast-product-tabs-layout-horizontal","16":"first","17":"instock","18":"taxable","19":"shipping-taxable","20":"purchasable","21":"product-type-simple"},"wcpa_form_fields":null,"brands":[{"id":332,"name":"Victron Energia","slug":"victron"}],"_links":{"self":[{"href":"https:\/\/fvcomponentes.com\/pt\/wp-json\/wp\/v2\/product\/15121","targetHints":{"allow":["GET"]}}],"collection":[{"href":"https:\/\/fvcomponentes.com\/pt\/wp-json\/wp\/v2\/product"}],"about":[{"href":"https:\/\/fvcomponentes.com\/pt\/wp-json\/wp\/v2\/types\/product"}],"replies":[{"embeddable":true,"href":"https:\/\/fvcomponentes.com\/pt\/wp-json\/wp\/v2\/comments?post=15121"}],"wp:featuredmedia":[{"embeddable":true,"href":"https:\/\/fvcomponentes.com\/pt\/wp-json\/wp\/v2\/media\/15123"}],"wp:attachment":[{"href":"https:\/\/fvcomponentes.com\/pt\/wp-json\/wp\/v2\/media?parent=15121"}],"wp:term":[{"taxonomy":"pwb-brand","embeddable":true,"href":"https:\/\/fvcomponentes.com\/pt\/wp-json\/wp\/v2\/pwb-brand?post=15121"},{"taxonomy":"product_brand","embeddable":true,"href":"https:\/\/fvcomponentes.com\/pt\/wp-json\/wp\/v2\/product_brand?post=15121"},{"taxonomy":"product_cat","embeddable":true,"href":"https:\/\/fvcomponentes.com\/pt\/wp-json\/wp\/v2\/product_cat?post=15121"},{"taxonomy":"product_tag","embeddable":true,"href":"https:\/\/fvcomponentes.com\/pt\/wp-json\/wp\/v2\/product_tag?post=15121"}],"curies":[{"name":"wp","href":"https:\/\/api.w.org\/{rel}","templated":true}]}}