{"id":15065,"date":"2024-06-18T11:41:38","date_gmt":"2024-06-18T09:41:38","guid":{"rendered":"https:\/\/fvcomponentes.com\/?post_type=product&#038;p=15065"},"modified":"2026-04-08T21:32:44","modified_gmt":"2026-04-08T19:32:44","slug":"conversor-victron-victron-orion-tr-smart-12-24-10a-dc-isolado-dc-ori122424120","status":"publish","type":"product","link":"https:\/\/fvcomponentes.com\/pt\/producto\/convertidor-victron-orion-tr-smart-12-24-10a-cc-cc-aislado-ori122424120\/","title":{"rendered":"Conversor de refor\u00e7o CC isolado Victron Orion-Tr Smart 12\/24-10A DC-DC - ORI12242424120"},"content":{"rendered":"<h2>Caracter\u00edsticas do conversor CC-CC isolado Victron Orion-Tr Smart 12\/24-10A - ORI12242424120<\/h2>\n<h2>Bluetooth inteligente integrado<\/h2>\n<ul>\n<li>Qualquer dispositivo com Bluetooth pode ser utilizado para monitorizar, alterar as defini\u00e7\u00f5es e atualizar o conversor.<\/li>\n<li>Leitura instant\u00e2nea: A aplica\u00e7\u00e3o <a href=\"https:\/\/www.victronenergy.com.es\/panel-systems-remote-monitoring\/victronconnect\" target=\"_blank\" rel=\"noopener\">VictronConnect<\/a> pode apresentar os dados mais importantes, incluindo avisos e alarmes, na p\u00e1gina da lista de dispositivos sem necessidade de liga\u00e7\u00e3o ao produto.<\/li>\n<\/ul>\n<h2>Totalmente program\u00e1vel<\/h2>\n<ul>\n<li>Algoritmo de carregamento da bateria (configur\u00e1vel) ou sa\u00edda fixa.<\/li>\n<li>Compatibilidade inteligente do alternador: mecanismo de dete\u00e7\u00e3o do funcionamento do motor.<\/li>\n<\/ul>\n<h2>Algoritmo de carregamento adaptativo em 3 fases: carregamento inicial - absor\u00e7\u00e3o - flutua\u00e7\u00e3o<\/h2>\n<ul>\n<li>No caso das baterias de chumbo-\u00e1cido, \u00e9 importante que, se as descargas forem ligeiras, o tempo de absor\u00e7\u00e3o seja curto para evitar sobrecarregar a bateria. Ap\u00f3s uma descarga profunda, o tempo de carga de absor\u00e7\u00e3o \u00e9 automaticamente aumentado para garantir uma recarga completa da bateria.<\/li>\n<li>No caso das pilhas de l\u00edtio, o tempo de absor\u00e7\u00e3o \u00e9 fixo: 2 horas por defeito.<\/li>\n<li>Em alternativa, pode ser escolhida uma tens\u00e3o de sa\u00edda fixa.<\/li>\n<\/ul>\n<h2>Adequado para utiliza\u00e7\u00e3o em ve\u00edculos com um alternador inteligente (motores Euro 5 e Euro 6)<\/h2>\n<p>A dete\u00e7\u00e3o integrada de desligamento do motor ir\u00e1 parar o conversor CC-CC isolado Victron Orion-Tr Smart 12\/24-10A - ORI12242424120 quando o motor n\u00e3o estiver a funcionar. Isto evita que a bateria de arranque se descarregue.<\/p>\n<h2>Conversor CC-CC isolado 12\/24-10A Victron Orion-Tr Smart Modo de ligar\/desligar remoto - ORI12242424120<\/h2>\n<p>Um interrutor On\/Off remoto pode ser ligado a um conetor bif\u00e1sico. Em alternativa, o terminal H (direito) do conetor bif\u00e1sico pode ser comutado para o positivo da bateria, ou o terminal L (esquerdo) do conetor bif\u00e1sico pode ser comutado para o negativo da bateria (ou para o chassis do ve\u00edculo, por exemplo).<\/p>\n<h2>Modelo \u00e0 prova de curto-circuito com op\u00e7\u00e3o de liga\u00e7\u00e3o em paralelo<\/h2>\n<p>Pode ser ligado um n\u00famero ilimitado de unidades em paralelo para aumentar a corrente de sa\u00edda.<\/p>\n<h2>Prote\u00e7\u00e3o contra altas temperaturas<\/h2>\n<p>A corrente de sa\u00edda ser\u00e1 reduzida quando a temperatura ambiente for elevada.<\/p>\n<h2>Prote\u00e7\u00e3o IP43<\/h2>\n<p>Se for instalado com os terminais de parafuso virados para baixo.<\/p>\n<h2>Terminais de parafuso<\/h2>\n<p>N\u00e3o s\u00e3o necess\u00e1rias ferramentas especiais para a instala\u00e7\u00e3o.<\/p>\n<p><img fetchpriority=\"high\" decoding=\"async\" class=\"wp-image-6042 aligncenter\" src=\"https:\/\/fvcomponentes.com\/wp-content\/uploads\/2023\/03\/Captura-5.png\" alt=\"Carregador isolado Victron Orion-Tr Smart 12\/12-30A DC-DC - ORI121236140\" width=\"446\" height=\"307\" title=\"\"><\/p>\n<h2>Ficha t\u00e9cnica Conversor CC-CC isolado Victron Orion-Tr Smart 12\/24-10A - ORI12242424120<\/h2>\n<p><a href=\"https:\/\/fvcomponentes.com\/wp-content\/uploads\/2023\/06\/Datasheet-Orion-Tr-Smart-DC-DC-chargers-isolated-250-400W-ES.pdf\" target=\"_blank\" rel=\"noopener\">Ver ficha de dados do conversor CC-CC isolado Victron Orion-Tr Smart 12\/24-10A - ORI12242424120<\/a><\/p>","protected":false},"excerpt":{"rendered":"<ul>\n<li><span style=\"color: #99cc00;\"><strong>Equipamento Bluetooth<\/strong><\/span><\/li>\n<li><strong>Carregador conversor<\/strong><\/li>\n<li><strong>Corrente de carga nominal:\u00a0<\/strong> 10 A<\/li>\n<li><strong>Faixa de tens\u00e3o de entrada: <\/strong>8-17 V<\/li>\n<li><strong>Tens\u00e3o de sa\u00edda: <\/strong>24,2 V<\/li>\n<li><strong>Classe de prote\u00e7\u00e3o: <\/strong>\u00a0IP43<\/li>\n<\/ul>","protected":false},"featured_media":15072,"comment_status":"open","ping_status":"closed","template":"","meta":{"site-sidebar-layout":"default","site-content-layout":"default","ast-site-content-layout":"default","site-content-style":"default","site-sidebar-style":"default","ast-global-header-display":"","ast-banner-title-visibility":"","ast-main-header-display":"","ast-hfb-above-header-display":"","ast-hfb-below-header-display":"","ast-hfb-mobile-header-display":"","site-post-title":"","ast-breadcrumbs-content":"","ast-featured-img":"","footer-sml-layout":"","ast-disable-related-posts":"","theme-transparent-header-meta":"default","adv-header-id-meta":"","stick-header-meta":"","header-above-stick-meta":"","header-main-stick-meta":"","header-below-stick-meta":"","astra-migrate-meta-layouts":"set","ast-page-background-enabled":"default","ast-page-background-meta":{"desktop":{"background-color":"var(--ast-global-color-4)","background-image":"","background-repeat":"repeat","background-position":"center center","background-size":"auto","background-attachment":"scroll","background-type":"","background-media":"","overlay-type":"","overlay-color":"","overlay-opacity":"","overlay-gradient":""},"tablet":{"background-color":"","background-image":"","background-repeat":"repeat","background-position":"center center","background-size":"auto","background-attachment":"scroll","background-type":"","background-media":"","overlay-type":"","overlay-color":"","overlay-opacity":"","overlay-gradient":""},"mobile":{"background-color":"","background-image":"","background-repeat":"repeat","background-position":"center center","background-size":"auto","background-attachment":"scroll","background-type":"","background-media":"","overlay-type":"","overlay-color":"","overlay-opacity":"","overlay-gradient":""}},"ast-content-background-meta":{"desktop":{"background-color":"var(--ast-global-color-5)","background-image":"","background-repeat":"repeat","background-position":"center center","background-size":"auto","background-attachment":"scroll","background-type":"","background-media":"","overlay-type":"","overlay-color":"","overlay-opacity":"","overlay-gradient":""},"tablet":{"background-color":"var(--ast-global-color-5)","background-image":"","background-repeat":"repeat","background-position":"center center","background-size":"auto","background-attachment":"scroll","background-type":"","background-media":"","overlay-type":"","overlay-color":"","overlay-opacity":"","overlay-gradient":""},"mobile":{"background-color":"var(--ast-global-color-5)","background-image":"","background-repeat":"repeat","background-position":"center center","background-size":"auto","background-attachment":"scroll","background-type":"","background-media":"","overlay-type":"","overlay-color":"","overlay-opacity":"","overlay-gradient":""}}},"pwb-brand":[332],"product_brand":[],"product_cat":[419,899,865],"product_tag":[],"class_list":{"0":"post-15065","1":"product","2":"type-product","3":"status-publish","4":"has-post-thumbnail","6":"pwb-brand-victron","7":"product_cat-cargadores-de-baterias","8":"product_cat-12v-24v","9":"product_cat-convertidores","10":"desktop-align-left","11":"tablet-align-left","12":"mobile-align-left","13":"ast-product-gallery-layout-horizontal-slider","14":"ast-product-tabs-layout-horizontal","16":"first","17":"instock","18":"taxable","19":"shipping-taxable","20":"purchasable","21":"product-type-simple"},"wcpa_form_fields":null,"brands":[{"id":332,"name":"Victron Energia","slug":"victron"}],"_links":{"self":[{"href":"https:\/\/fvcomponentes.com\/pt\/wp-json\/wp\/v2\/product\/15065","targetHints":{"allow":["GET"]}}],"collection":[{"href":"https:\/\/fvcomponentes.com\/pt\/wp-json\/wp\/v2\/product"}],"about":[{"href":"https:\/\/fvcomponentes.com\/pt\/wp-json\/wp\/v2\/types\/product"}],"replies":[{"embeddable":true,"href":"https:\/\/fvcomponentes.com\/pt\/wp-json\/wp\/v2\/comments?post=15065"}],"wp:featuredmedia":[{"embeddable":true,"href":"https:\/\/fvcomponentes.com\/pt\/wp-json\/wp\/v2\/media\/15072"}],"wp:attachment":[{"href":"https:\/\/fvcomponentes.com\/pt\/wp-json\/wp\/v2\/media?parent=15065"}],"wp:term":[{"taxonomy":"pwb-brand","embeddable":true,"href":"https:\/\/fvcomponentes.com\/pt\/wp-json\/wp\/v2\/pwb-brand?post=15065"},{"taxonomy":"product_brand","embeddable":true,"href":"https:\/\/fvcomponentes.com\/pt\/wp-json\/wp\/v2\/product_brand?post=15065"},{"taxonomy":"product_cat","embeddable":true,"href":"https:\/\/fvcomponentes.com\/pt\/wp-json\/wp\/v2\/product_cat?post=15065"},{"taxonomy":"product_tag","embeddable":true,"href":"https:\/\/fvcomponentes.com\/pt\/wp-json\/wp\/v2\/product_tag?post=15065"}],"curies":[{"name":"wp","href":"https:\/\/api.w.org\/{rel}","templated":true}]}}