{"id":14882,"date":"2024-06-14T11:11:20","date_gmt":"2024-06-14T09:11:20","guid":{"rendered":"https:\/\/fvcomponentes.com\/?post_type=product&#038;p=14882"},"modified":"2026-01-15T10:02:23","modified_gmt":"2026-01-15T09:02:23","slug":"tomada-de-isqueiro-12v-victron-bpc900300014","status":"publish","type":"product","link":"https:\/\/fvcomponentes.com\/pt\/producto\/enchufe-de-mechero-12v-victron-bpc900300014\/","title":{"rendered":"Tomada de isqueiro Victron de 12V - BPC900300014"},"content":{"rendered":"<div class=\"hoof31j mgz-element mgz-element-row full_width_row_content_no_paddings\">\n<div class=\"mgz-element-inner hoof31j-s\">\n<div class=\"inner-content\">\n<div class=\"kpwso01 mgz-element mgz-element-column mgz-col-md-6\">\n<div class=\"mgz-element-inner kpwso01-s\">\n<div id=\"share-links\" class=\"q19v8om mgz-element mgz-child mgz-element-icon_list\">\n<div class=\"mgz-element-inner q19v8om-s\">\n<div class=\"mgz-icon-list mgz-icon-list-horizontal\">\n<h2 class=\"mgz-icon-list-item\">Tomada de isqueiro Victron de 12V - BPC900300014<\/h2>\n<\/div>\n<\/div>\n<\/div>\n<\/div>\n<\/div>\n<\/div>\n<\/div>\n<\/div>\n<div id=\"product-description\" class=\"ap3xuji mgz-element mgz-child mgz-element-product_description content-text\">\n<div class=\"mgz-element-inner ap3xuji-s\">\n<div class=\"ppbd-product-description\">A ficha de isqueiro Victron 12V - BPC900300014, com fus\u00edvel, \u00e9 um acess\u00f3rio do carregador. <a href=\"https:\/\/fvcomponentes.com\/pt\/produto\/cargador-de-baterias-victron-blue-smart-ip65-charger-6v-12v-1-1a-dc-connector-bpc900100014\/\" target=\"_blank\" rel=\"noopener\">Blue Smart IP65 com conetor DC<\/a>. Esta ficha pode ser utilizada para carregar a bateria de um ve\u00edculo atrav\u00e9s da tomada de isqueiro.<\/div>\n<\/div>\n<\/div>","protected":false},"excerpt":{"rendered":"<p>Tomada de isqueiro de 12V.<\/p>","protected":false},"featured_media":14885,"comment_status":"open","ping_status":"closed","template":"","meta":{"site-sidebar-layout":"default","site-content-layout":"default","ast-site-content-layout":"default","site-content-style":"default","site-sidebar-style":"default","ast-global-header-display":"","ast-banner-title-visibility":"","ast-main-header-display":"","ast-hfb-above-header-display":"","ast-hfb-below-header-display":"","ast-hfb-mobile-header-display":"","site-post-title":"","ast-breadcrumbs-content":"","ast-featured-img":"","footer-sml-layout":"","ast-disable-related-posts":"","theme-transparent-header-meta":"default","adv-header-id-meta":"","stick-header-meta":"","header-above-stick-meta":"","header-main-stick-meta":"","header-below-stick-meta":"","astra-migrate-meta-layouts":"set","ast-page-background-enabled":"default","ast-page-background-meta":{"desktop":{"background-color":"var(--ast-global-color-4)","background-image":"","background-repeat":"repeat","background-position":"center center","background-size":"auto","background-attachment":"scroll","background-type":"","background-media":"","overlay-type":"","overlay-color":"","overlay-opacity":"","overlay-gradient":""},"tablet":{"background-color":"","background-image":"","background-repeat":"repeat","background-position":"center center","background-size":"auto","background-attachment":"scroll","background-type":"","background-media":"","overlay-type":"","overlay-color":"","overlay-opacity":"","overlay-gradient":""},"mobile":{"background-color":"","background-image":"","background-repeat":"repeat","background-position":"center center","background-size":"auto","background-attachment":"scroll","background-type":"","background-media":"","overlay-type":"","overlay-color":"","overlay-opacity":"","overlay-gradient":""}},"ast-content-background-meta":{"desktop":{"background-color":"var(--ast-global-color-5)","background-image":"","background-repeat":"repeat","background-position":"center center","background-size":"auto","background-attachment":"scroll","background-type":"","background-media":"","overlay-type":"","overlay-color":"","overlay-opacity":"","overlay-gradient":""},"tablet":{"background-color":"var(--ast-global-color-5)","background-image":"","background-repeat":"repeat","background-position":"center center","background-size":"auto","background-attachment":"scroll","background-type":"","background-media":"","overlay-type":"","overlay-color":"","overlay-opacity":"","overlay-gradient":""},"mobile":{"background-color":"var(--ast-global-color-5)","background-image":"","background-repeat":"repeat","background-position":"center center","background-size":"auto","background-attachment":"scroll","background-type":"","background-media":"","overlay-type":"","overlay-color":"","overlay-opacity":"","overlay-gradient":""}}},"pwb-brand":[332],"product_brand":[],"product_cat":[410,966,878,419],"product_tag":[],"class_list":{"0":"post-14882","1":"product","2":"type-product","3":"status-publish","4":"has-post-thumbnail","6":"pwb-brand-victron","7":"product_cat-material-electrico","8":"product_cat-accesorios-cargadores","9":"product_cat-cables-victron","10":"product_cat-cargadores-de-baterias","11":"desktop-align-left","12":"tablet-align-left","13":"mobile-align-left","14":"ast-product-gallery-layout-horizontal-slider","15":"ast-product-gallery-with-no-image","16":"ast-product-tabs-layout-horizontal","18":"first","19":"instock","20":"taxable","21":"shipping-taxable","22":"purchasable","23":"product-type-simple"},"wcpa_form_fields":null,"brands":[{"id":332,"name":"Victron Energia","slug":"victron"}],"_links":{"self":[{"href":"https:\/\/fvcomponentes.com\/pt\/wp-json\/wp\/v2\/product\/14882","targetHints":{"allow":["GET"]}}],"collection":[{"href":"https:\/\/fvcomponentes.com\/pt\/wp-json\/wp\/v2\/product"}],"about":[{"href":"https:\/\/fvcomponentes.com\/pt\/wp-json\/wp\/v2\/types\/product"}],"replies":[{"embeddable":true,"href":"https:\/\/fvcomponentes.com\/pt\/wp-json\/wp\/v2\/comments?post=14882"}],"wp:featuredmedia":[{"embeddable":true,"href":"https:\/\/fvcomponentes.com\/pt\/wp-json\/wp\/v2\/media\/14885"}],"wp:attachment":[{"href":"https:\/\/fvcomponentes.com\/pt\/wp-json\/wp\/v2\/media?parent=14882"}],"wp:term":[{"taxonomy":"pwb-brand","embeddable":true,"href":"https:\/\/fvcomponentes.com\/pt\/wp-json\/wp\/v2\/pwb-brand?post=14882"},{"taxonomy":"product_brand","embeddable":true,"href":"https:\/\/fvcomponentes.com\/pt\/wp-json\/wp\/v2\/product_brand?post=14882"},{"taxonomy":"product_cat","embeddable":true,"href":"https:\/\/fvcomponentes.com\/pt\/wp-json\/wp\/v2\/product_cat?post=14882"},{"taxonomy":"product_tag","embeddable":true,"href":"https:\/\/fvcomponentes.com\/pt\/wp-json\/wp\/v2\/product_tag?post=14882"}],"curies":[{"name":"wp","href":"https:\/\/api.w.org\/{rel}","templated":true}]}}