{"id":14852,"date":"2024-06-14T08:33:15","date_gmt":"2024-06-14T06:33:15","guid":{"rendered":"https:\/\/fvcomponentes.com\/?post_type=product&#038;p=14852"},"modified":"2026-04-04T12:52:02","modified_gmt":"2026-04-04T10:52:02","slug":"carregador-de-inversor-24v-victron-easysolar-ii-gx-24-3000-70-32-mppt-250-70-pmp242307010","status":"publish","type":"product","link":"https:\/\/fvcomponentes.com\/pt\/producto\/inversor-cargador-24v-victron-easysolar-ii-gx-24-3000-70-32-mppt-250-70-pmp242307010\/","title":{"rendered":"Carregador de inversor 24V Victron EasySolar II GX 24\/3000 70A-32A MPPT 250\/70 - PMP242307010"},"content":{"rendered":"<section class=\"large-padding\">\n<div class=\"productDetail__header\">\n<div class=\"container\">\n<div class=\"productDetail__header__inner\">\n<div class=\"productDetail__content\">\n<h2>Caracter\u00edsticas do carregador do inversor 24V Victron EasySolar II GX 24\/3000 70-32 MPPT 250\/70 - PMP242307010<\/h2>\n<h2>A solu\u00e7\u00e3o de energia solar tudo-em-um<\/h2>\n<p>O Victron EasySolar-II GX integra os seguintes elementos:<\/p>\n<ul>\n<li>Um inversor\/carregador MultiPlus-II.<\/li>\n<li>Um controlador de carregamento solar SmartSolar MPPT -Tr.<\/li>\n<li>Um dispositivo GX com um ecr\u00e3 de 2 x 16 caracteres.<\/li>\n<\/ul>\n<p>Estes elementos est\u00e3o pr\u00e9-conectados numa \u00fanica unidade. Este facto simplifica muito a maioria das instala\u00e7\u00f5es, poupando tempo e dinheiro.<\/p>\n<h2>Ecr\u00e3 e Wi-Fi<\/h2>\n<p>O ecr\u00e3 mostra os par\u00e2metros da bateria, do inversor e do controlador de carga solar. O sistema pode ser configurado e os par\u00e2metros podem ser alterados atrav\u00e9s de Wi-Fi; estes par\u00e2metros tamb\u00e9m podem ser consultados com um smartphone ou outro dispositivo ligado \u00e0 rede.<\/p>\n<h2>Inversor Carregador 24V controlador de carga solar Victron EasySolar II GX 24\/3000 70-32 MPPT 250\/70 - PMP242307010<\/h2>\n<p>A sa\u00edda CC do SmartSolar MPPT \u00e9 ligada em paralelo com a liga\u00e7\u00e3o CC do inversor\/carregador MultiPlus-II. O mecanismo de ligar\/desligar do MultiPlus-II tamb\u00e9m controla o SmartSolar MPPT.<\/p>\n<h2>Dispositivo GX<\/h2>\n<p>O dispositivo GX integrado inclui:<\/p>\n<ul>\n<li>Uma interface BMS-Can. Esta interface pode ser utilizada para ligar a uma bateria gerida por um barramento CAN compat\u00edvel. Esta porta n\u00e3o \u00e9 compat\u00edvel com VE.Can.<\/li>\n<li>Uma porta USB.<\/li>\n<li>Uma porta Ethernet.<\/li>\n<li>Uma porta VE.Direct.<\/li>\n<\/ul>\n<p>O dispositivo GX controla o MultiPlus-II e o SmartSolar MPPT com uma liga\u00e7\u00e3o VE.Bus e uma liga\u00e7\u00e3o VE.Direct, respetivamente.<\/p>\n<div class=\"hidden-xs\">\n<h2>Topologia em conformidade com a rede<\/h2>\n<p>O EasySolar-II GX utiliza o excesso de energia fotovoltaica para carregar as baterias ou para alimentar a rede el\u00e9ctrica, e descarrega a bateria ou utiliza a energia da rede el\u00e9ctrica para complementar a falta de energia fotovoltaica. Em caso de falha de energia, o carregador inversor Victron EasySolar II GX 48\/3000 35-32 MPPT 250\/70 - PMP482307010 48V desliga-se da rede e continua a alimentar as cargas. As cargas que devem ser desligadas quando a alimenta\u00e7\u00e3o de entrada CA n\u00e3o est\u00e1 dispon\u00edvel podem ser ligadas a uma segunda sa\u00edda (n\u00e3o apresentada). As fun\u00e7\u00f5es PowerControl e PowerAssist t\u00eam em conta estas cargas e limitam a corrente de entrada CA a um valor seguro.<\/p>\n<\/div>\n<p><a href=\"https:\/\/fvcomponentes.com\/wp-content\/uploads\/2024\/06\/y.bmp\"><img fetchpriority=\"high\" decoding=\"async\" class=\"size-full wp-image-14854 aligncenter\" src=\"https:\/\/fvcomponentes.com\/wp-content\/uploads\/2024\/06\/y.bmp\" alt=\"\" width=\"576\" height=\"456\" title=\"\"><\/a><\/p>\n<div class=\"hidden-xs\">\n<h2>Topologia de rede paralela<\/h2>\n<p>O EasySolar-II GX utilizar\u00e1 os dados do <a href=\"https:\/\/fvcomponentes.com\/pt\/produto\/sensor-de-corrente-alternada-monofasico-victron-max-40-a-cse000100000\/\" target=\"_blank\" rel=\"noopener\">sensor externo de corrente AC<\/a> ou contador de energia para otimizar o autoconsumo e, se necess\u00e1rio, evitar alimentar a energia solar excedente de volta \u00e0 rede. Na eventualidade de uma falha de energia, o carregador inversor Victron EasySolar II GX 48\/3000 35-32 MPPT 250\/70 - PMP482307010 48V continuar\u00e1 a fornecer cargas cr\u00edticas.<\/p>\n<section><a href=\"https:\/\/fvcomponentes.com\/wp-content\/uploads\/2024\/06\/yy.bmp\"><img decoding=\"async\" class=\"size-full wp-image-14855 aligncenter\" src=\"https:\/\/fvcomponentes.com\/wp-content\/uploads\/2024\/06\/yy.bmp\" alt=\"\" width=\"587\" height=\"438\" title=\"\"><\/a><\/section>\n<section><\/section>\n<section class=\"productDetails__blocks\"><span style=\"font-size: 1.5em; font-weight: bold;\">Especifica\u00e7\u00f5es t\u00e9cnicas<\/span><span style=\"font-size: 1.5em; font-weight: bold;\"> Carregador de inversor 24V Victron EasySolar II GX 24\/3000 70-32 MPPT 250\/70 - PMP242307010<\/span><\/p>\n<div class=\"container\">\n<div class=\"productDetails__block productDetails__block--image productDetails__block--left\">\n<div class=\"productDetails__block-content\">\n<p><a href=\"https:\/\/fvcomponentes.com\/wp-content\/uploads\/2024\/06\/Ficha-tecnica-Inversor-Cargador-Victron-EasySolar-II-GX.pdf\" target=\"_blank\" rel=\"noopener\">Ver ficha de dados do carregador inversor Victron EasySolar II GX 24\/3000 70-32 MPPT 250\/70 - PMP242307010 24V<\/a><\/p>\n<\/div>\n<\/div>\n<\/div>\n<\/section>\n<\/div>\n<\/div>\n<\/div>\n<\/div>\n<\/div>\n<\/section>","protected":false},"excerpt":{"rendered":"<ul class=\"specification\">\n<li><strong>Tens\u00e3o de funcionamento:<\/strong> 24V<\/li>\n<li><strong>Pot\u00eancia de sa\u00edda cont\u00ednua:\u00a0<\/strong>3000VA<\/li>\n<li><strong>Pot\u00eancia de pico:<\/strong> 5500W<\/li>\n<\/ul>","protected":false},"featured_media":14858,"comment_status":"open","ping_status":"closed","template":"","meta":{"site-sidebar-layout":"default","site-content-layout":"default","ast-site-content-layout":"default","site-content-style":"default","site-sidebar-style":"default","ast-global-header-display":"","ast-banner-title-visibility":"","ast-main-header-display":"","ast-hfb-above-header-display":"","ast-hfb-below-header-display":"","ast-hfb-mobile-header-display":"","site-post-title":"","ast-breadcrumbs-content":"","ast-featured-img":"","footer-sml-layout":"","ast-disable-related-posts":"","theme-transparent-header-meta":"default","adv-header-id-meta":"","stick-header-meta":"","header-above-stick-meta":"","header-main-stick-meta":"","header-below-stick-meta":"","astra-migrate-meta-layouts":"set","ast-page-background-enabled":"default","ast-page-background-meta":{"desktop":{"background-color":"var(--ast-global-color-4)","background-image":"","background-repeat":"repeat","background-position":"center center","background-size":"auto","background-attachment":"scroll","background-type":"","background-media":"","overlay-type":"","overlay-color":"","overlay-opacity":"","overlay-gradient":""},"tablet":{"background-color":"","background-image":"","background-repeat":"repeat","background-position":"center center","background-size":"auto","background-attachment":"scroll","background-type":"","background-media":"","overlay-type":"","overlay-color":"","overlay-opacity":"","overlay-gradient":""},"mobile":{"background-color":"","background-image":"","background-repeat":"repeat","background-position":"center center","background-size":"auto","background-attachment":"scroll","background-type":"","background-media":"","overlay-type":"","overlay-color":"","overlay-opacity":"","overlay-gradient":""}},"ast-content-background-meta":{"desktop":{"background-color":"var(--ast-global-color-5)","background-image":"","background-repeat":"repeat","background-position":"center center","background-size":"auto","background-attachment":"scroll","background-type":"","background-media":"","overlay-type":"","overlay-color":"","overlay-opacity":"","overlay-gradient":""},"tablet":{"background-color":"var(--ast-global-color-5)","background-image":"","background-repeat":"repeat","background-position":"center center","background-size":"auto","background-attachment":"scroll","background-type":"","background-media":"","overlay-type":"","overlay-color":"","overlay-opacity":"","overlay-gradient":""},"mobile":{"background-color":"var(--ast-global-color-5)","background-image":"","background-repeat":"repeat","background-position":"center center","background-size":"auto","background-attachment":"scroll","background-type":"","background-media":"","overlay-type":"","overlay-color":"","overlay-opacity":"","overlay-gradient":""}}},"pwb-brand":[332],"product_brand":[],"product_cat":[333,390],"product_tag":[],"class_list":{"0":"post-14852","1":"product","2":"type-product","3":"status-publish","4":"has-post-thumbnail","6":"pwb-brand-victron","7":"product_cat-inversores","8":"product_cat-inversores-cargadores-24v","9":"desktop-align-left","10":"tablet-align-left","11":"mobile-align-left","12":"ast-product-gallery-layout-horizontal-slider","13":"ast-product-tabs-layout-horizontal","15":"first","16":"instock","17":"taxable","18":"shipping-taxable","19":"purchasable","20":"product-type-simple"},"wcpa_form_fields":null,"brands":[{"id":332,"name":"Victron Energia","slug":"victron"}],"_links":{"self":[{"href":"https:\/\/fvcomponentes.com\/pt\/wp-json\/wp\/v2\/product\/14852","targetHints":{"allow":["GET"]}}],"collection":[{"href":"https:\/\/fvcomponentes.com\/pt\/wp-json\/wp\/v2\/product"}],"about":[{"href":"https:\/\/fvcomponentes.com\/pt\/wp-json\/wp\/v2\/types\/product"}],"replies":[{"embeddable":true,"href":"https:\/\/fvcomponentes.com\/pt\/wp-json\/wp\/v2\/comments?post=14852"}],"wp:featuredmedia":[{"embeddable":true,"href":"https:\/\/fvcomponentes.com\/pt\/wp-json\/wp\/v2\/media\/14858"}],"wp:attachment":[{"href":"https:\/\/fvcomponentes.com\/pt\/wp-json\/wp\/v2\/media?parent=14852"}],"wp:term":[{"taxonomy":"pwb-brand","embeddable":true,"href":"https:\/\/fvcomponentes.com\/pt\/wp-json\/wp\/v2\/pwb-brand?post=14852"},{"taxonomy":"product_brand","embeddable":true,"href":"https:\/\/fvcomponentes.com\/pt\/wp-json\/wp\/v2\/product_brand?post=14852"},{"taxonomy":"product_cat","embeddable":true,"href":"https:\/\/fvcomponentes.com\/pt\/wp-json\/wp\/v2\/product_cat?post=14852"},{"taxonomy":"product_tag","embeddable":true,"href":"https:\/\/fvcomponentes.com\/pt\/wp-json\/wp\/v2\/product_tag?post=14852"}],"curies":[{"name":"wp","href":"https:\/\/api.w.org\/{rel}","templated":true}]}}