{"id":14847,"date":"2024-06-14T08:05:41","date_gmt":"2024-06-14T06:05:41","guid":{"rendered":"https:\/\/fvcomponentes.com\/?post_type=product&#038;p=14847"},"modified":"2026-04-08T21:37:16","modified_gmt":"2026-04-08T19:37:16","slug":"carregador-de-inversor-24v-victron-easysolar-24-1600-40-16-mppt-100-50-cep241621010","status":"publish","type":"product","link":"https:\/\/fvcomponentes.com\/pt\/producto\/inversor-cargador-24v-victron-easysolar-24-1600-40-16-mppt-100-50-cep241621010\/","title":{"rendered":"Inversor Carregador 24V Victron EasySolar 24\/1600 40A-16A MPPT 100\/50 \u2013 CEP242161010"},"content":{"rendered":"<section class=\"large-padding\">\n<div class=\"productDetail__header\">\n<div class=\"container\">\n<div class=\"productDetail__header__inner\">\n<div class=\"productDetail__content\">\n<h2>Caracter\u00edsticas do inversor carregador 24V Victron EasySolar 24\/1600 40-16 MPPT 100\/50 \u2013 CEP242161010<\/h2>\n<h2>Solu\u00e7\u00e3o de energia solar tudo-em-um<\/h2>\n<p>O EasySolar combina um controlador de carga solar MPPT, um inversor\/carregador e um distribuidor de CA num \u00fanico dispositivo. O produto \u00e9 f\u00e1cil de instalar, com um m\u00ednimo de cablagem.<\/p>\n<h2>O controlador de carga solar: SmartSolar MPPT 100\/50<\/h2>\n<p>Podem ser ligadas at\u00e9 tr\u00eas cadeias de pain\u00e9is fotovoltaicos a tr\u00eas cadeias de conectores fotovoltaicos MC4 (PVST01).<\/p>\n<h2>Inversor Carregador 24V Victron EasySolar 24\/1600 40-16 MPPT 100\/50 \u2013 CEP242161010<\/h2>\n<p>O controlador de carga MPPT e o inversor\/carregador MultiPlus Compact partilham os cabos de bateria CC (inclu\u00eddos). As baterias podem ser carregadas com energia solar (SmartSolar MPPT) e\/ou eletricidade CA (inversor\/carregador) da rede ou de um gerador.<\/p>\n<h2>Distribuidor CA<\/h2>\n<p>O distribuidor de CA \u00e9 composto por um RCD (30 mA\/16 A) e quatro sa\u00eddas de CA protegidas por dois disjuntores de 10 A e dois de 16 A. Uma das sa\u00eddas de 16 A \u00e9 controlada pela entrada CA: s\u00f3 ser\u00e1 activada quando a CA estiver dispon\u00edvel.<\/p>\n<h2>PowerAssist<\/h2>\n<p>A tecnologia PowerAssist protege a alimenta\u00e7\u00e3o da rede ou do gerador contra sobrecargas, adicionando pot\u00eancia adicional do inversor carregador 24V Victron EasySolar 24\/1600 40-16 MPPT 100\/50 \u2013 CEP242161010 quando necess\u00e1rio.<\/p>\n<h2>Software exclusivo para aplica\u00e7\u00f5es solares<\/h2>\n<p>Est\u00e3o dispon\u00edveis v\u00e1rios softwares (Wizards) para ajudar a configurar o sistema para aplica\u00e7\u00f5es aut\u00f3nomas e em rede.<\/p>\n<div class=\"hidden-xs\">\n<section class=\"productDetails__blocks\"><span style=\"font-size: 1.5em; font-weight: bold;\">Especifica\u00e7\u00f5es t\u00e9cnicas<\/span><span style=\"font-size: 1.5em; font-weight: bold;\"> Inversor Carregador 24V Victron EasySolar 24\/1600 40-16 MPPT 100\/50 \u2013 CEP242161010<\/span><\/p>\n<div class=\"container\">\n<div class=\"productDetails__block productDetails__block--image productDetails__block--left\">\n<div class=\"productDetails__block-content\">\n<p><a href=\"https:\/\/fvcomponentes.com\/wp-content\/uploads\/2024\/06\/Ficha-tecnica-Inversor-Cargador-Victron-Easysolar.pdf\" target=\"_blank\" rel=\"noopener\">Ver ficha t\u00e9cnica do inversor carregador 24V Victron EasySolar 24\/1600 40-16 MPPT 100\/50 \u2013 CEP242161010<\/a><\/p>\n<\/div>\n<\/div>\n<\/div>\n<\/section>\n<\/div>\n<\/div>\n<\/div>\n<\/div>\n<\/div>\n<\/section>","protected":false},"excerpt":{"rendered":"<ul class=\"specification\">\n<li><strong>Tens\u00e3o de funcionamento:<\/strong> 24V<\/li>\n<li><strong>Pot\u00eancia de sa\u00edda cont\u00ednua:\u00a0<\/strong>1600VA<\/li>\n<li><strong>Pot\u00eancia de pico:<\/strong> 3000W<\/li>\n<\/ul>","protected":false},"featured_media":14849,"comment_status":"open","ping_status":"closed","template":"","meta":{"site-sidebar-layout":"default","site-content-layout":"default","ast-site-content-layout":"default","site-content-style":"default","site-sidebar-style":"default","ast-global-header-display":"","ast-banner-title-visibility":"","ast-main-header-display":"","ast-hfb-above-header-display":"","ast-hfb-below-header-display":"","ast-hfb-mobile-header-display":"","site-post-title":"","ast-breadcrumbs-content":"","ast-featured-img":"","footer-sml-layout":"","ast-disable-related-posts":"","theme-transparent-header-meta":"default","adv-header-id-meta":"","stick-header-meta":"","header-above-stick-meta":"","header-main-stick-meta":"","header-below-stick-meta":"","astra-migrate-meta-layouts":"set","ast-page-background-enabled":"default","ast-page-background-meta":{"desktop":{"background-color":"var(--ast-global-color-4)","background-image":"","background-repeat":"repeat","background-position":"center center","background-size":"auto","background-attachment":"scroll","background-type":"","background-media":"","overlay-type":"","overlay-color":"","overlay-opacity":"","overlay-gradient":""},"tablet":{"background-color":"","background-image":"","background-repeat":"repeat","background-position":"center center","background-size":"auto","background-attachment":"scroll","background-type":"","background-media":"","overlay-type":"","overlay-color":"","overlay-opacity":"","overlay-gradient":""},"mobile":{"background-color":"","background-image":"","background-repeat":"repeat","background-position":"center center","background-size":"auto","background-attachment":"scroll","background-type":"","background-media":"","overlay-type":"","overlay-color":"","overlay-opacity":"","overlay-gradient":""}},"ast-content-background-meta":{"desktop":{"background-color":"var(--ast-global-color-5)","background-image":"","background-repeat":"repeat","background-position":"center center","background-size":"auto","background-attachment":"scroll","background-type":"","background-media":"","overlay-type":"","overlay-color":"","overlay-opacity":"","overlay-gradient":""},"tablet":{"background-color":"var(--ast-global-color-5)","background-image":"","background-repeat":"repeat","background-position":"center center","background-size":"auto","background-attachment":"scroll","background-type":"","background-media":"","overlay-type":"","overlay-color":"","overlay-opacity":"","overlay-gradient":""},"mobile":{"background-color":"var(--ast-global-color-5)","background-image":"","background-repeat":"repeat","background-position":"center center","background-size":"auto","background-attachment":"scroll","background-type":"","background-media":"","overlay-type":"","overlay-color":"","overlay-opacity":"","overlay-gradient":""}}},"pwb-brand":[332],"product_brand":[],"product_cat":[333,390],"product_tag":[],"class_list":{"0":"post-14847","1":"product","2":"type-product","3":"status-publish","4":"has-post-thumbnail","6":"pwb-brand-victron","7":"product_cat-inversores","8":"product_cat-inversores-cargadores-24v","9":"desktop-align-left","10":"tablet-align-left","11":"mobile-align-left","12":"ast-product-gallery-layout-horizontal-slider","13":"ast-product-tabs-layout-horizontal","15":"first","16":"instock","17":"taxable","18":"shipping-taxable","19":"purchasable","20":"product-type-simple"},"wcpa_form_fields":null,"brands":[{"id":332,"name":"Victron Energia","slug":"victron"}],"_links":{"self":[{"href":"https:\/\/fvcomponentes.com\/pt\/wp-json\/wp\/v2\/product\/14847","targetHints":{"allow":["GET"]}}],"collection":[{"href":"https:\/\/fvcomponentes.com\/pt\/wp-json\/wp\/v2\/product"}],"about":[{"href":"https:\/\/fvcomponentes.com\/pt\/wp-json\/wp\/v2\/types\/product"}],"replies":[{"embeddable":true,"href":"https:\/\/fvcomponentes.com\/pt\/wp-json\/wp\/v2\/comments?post=14847"}],"wp:featuredmedia":[{"embeddable":true,"href":"https:\/\/fvcomponentes.com\/pt\/wp-json\/wp\/v2\/media\/14849"}],"wp:attachment":[{"href":"https:\/\/fvcomponentes.com\/pt\/wp-json\/wp\/v2\/media?parent=14847"}],"wp:term":[{"taxonomy":"pwb-brand","embeddable":true,"href":"https:\/\/fvcomponentes.com\/pt\/wp-json\/wp\/v2\/pwb-brand?post=14847"},{"taxonomy":"product_brand","embeddable":true,"href":"https:\/\/fvcomponentes.com\/pt\/wp-json\/wp\/v2\/product_brand?post=14847"},{"taxonomy":"product_cat","embeddable":true,"href":"https:\/\/fvcomponentes.com\/pt\/wp-json\/wp\/v2\/product_cat?post=14847"},{"taxonomy":"product_tag","embeddable":true,"href":"https:\/\/fvcomponentes.com\/pt\/wp-json\/wp\/v2\/product_tag?post=14847"}],"curies":[{"name":"wp","href":"https:\/\/api.w.org\/{rel}","templated":true}]}}