{"id":14803,"date":"2024-06-13T10:38:20","date_gmt":"2024-06-13T08:38:20","guid":{"rendered":"https:\/\/fvcomponentes.com\/?post_type=product&#038;p=14803"},"modified":"2026-04-04T12:52:22","modified_gmt":"2026-04-04T10:52:22","slug":"carregador-de-inversor-24v-victron-quattro-ii-24-5000-120-50-50-qua242505010","status":"publish","type":"product","link":"https:\/\/fvcomponentes.com\/pt\/producto\/inversor-cargador-24v-victron-quattro-ii-24-5000-120-50-50-qua242505010\/","title":{"rendered":"Carregador de inversor 24V Victron Quattro II 24\/5000 120-50\/50 - QUA242505010"},"content":{"rendered":"<div class=\"hidden-xs\">\n<div class=\"productDetail__content-subheader\">\n<div class=\"hidden-xs\">\n<h2 class=\"productDetail__content-subheader\">Caracter\u00edsticas do Carregador Inversor 24V Victron Quattro II 24\/5000 120-50\/50 - QUA242505010<\/h2>\n<\/div>\n<div class=\"productDetail__content-desc\">\n<div class=\"productDetails__block-description\">\n<div class=\"productDetails__block-description\">\n<div class=\"productDetails__block-description\">\n<div class=\"productDetails__block-description\">\n<h2>Funcionalidade do ESS (Sistema de Armazenamento de Energia)<\/h2>\n<p>O Carregador Inversor 24V Victron Quattro II 24\/5000 120-50\/50 - QUA242505010 pode ser ligado a duas fontes CA independentes, por exemplo, a rede el\u00e9ctrica p\u00fablica e um gerador, ou dois geradores. O Quattro-II ligar-se-\u00e1 automaticamente \u00e0 fonte ativa.<\/p>\n<h2>PowerControl e PowerAssist<\/h2>\n<p>Pode ser definida uma corrente m\u00e1xima da rede ou do gerador. O carregador do inversor 48V Victron Quattro II 48\/5000 70-50\/50 - QUA482504010 ter\u00e1 em conta outras cargas CA e utilizar\u00e1 o que sobrar para carregar a bateria, evitando assim que o gerador ou a rede sejam sobrecarregados (fun\u00e7\u00e3o PowerControl). Nos casos em que a pot\u00eancia m\u00e1xima \u00e9 apenas necess\u00e1ria durante um per\u00edodo de tempo limitado, o Quattro-II compensar\u00e1 a energia insuficiente do gerador ou da rede com energia da bateria. Quando a carga \u00e9 reduzida, a energia excedente \u00e9 utilizada para recarregar a bateria.<\/p>\n<h2>Energia solar: energia CA dispon\u00edvel mesmo em caso de falha da rede<\/h2>\n<p>O carregador inversor 48V Victron Quattro II 48\/5000 70-50\/50 - QUA482504010 48V pode ser utilizado em sistemas fotovoltaicos ligados \u00e0 rede, bem como em sistemas fora da rede e noutros sistemas de energia alternativa. \u00c9 compat\u00edvel tanto com controladores de carregadores solares como com inversores ligados \u00e0 rede.<\/p>\n<\/div>\n<h2>Duas sa\u00eddas AC<\/h2>\n<p>A sa\u00edda principal n\u00e3o tem fun\u00e7\u00e3o de interrup\u00e7\u00e3o. O Quattro-II assume a alimenta\u00e7\u00e3o das cargas ligadas em caso de falha da rede el\u00e9ctrica ou de desconex\u00e3o do gerador\/terra. Isto acontece t\u00e3o rapidamente (menos de 20 milissegundos) que o equipamento eletr\u00f3nico continuar\u00e1 a funcionar sem interrup\u00e7\u00f5es. A segunda sa\u00edda s\u00f3 est\u00e1 ativa quando a alimenta\u00e7\u00e3o CA est\u00e1 dispon\u00edvel na entrada.<\/p>\n<h2>Funcionamento em paralelo e trif\u00e1sico do carregador inversor 24V Victron Quattro II 24\/5000 120-50\/50 - QUA242505010<\/h2>\n<p>Podem ser utilizados at\u00e9 6 Quattros II em paralelo para obter uma maior pot\u00eancia. Seis unidades 48\/5000\/70, por exemplo, fornecer\u00e3o 25 kW \/ 30 kVA de pot\u00eancia de sa\u00edda com 420A de capacidade de carga. Para al\u00e9m da liga\u00e7\u00e3o em paralelo, tr\u00eas unidades do mesmo modelo podem ser configuradas para sa\u00edda trif\u00e1sica, e at\u00e9 6 conjuntos de tr\u00eas unidades podem ser ligados em paralelo por fase para fornecer um inversor de 75 kW \/ 90 kVA e mais de 1200A de capacidade de carga.<\/p>\n<\/div>\n<h2>Configura\u00e7\u00e3o, monitoriza\u00e7\u00e3o e controlo do sistema no local<\/h2>\n<p>As defini\u00e7\u00f5es podem ser alteradas numa quest\u00e3o de minutos com o software VEConfigure (\u00e9 necess\u00e1rio um PC ou port\u00e1til e uma interface Mk3-USB). Est\u00e3o dispon\u00edveis v\u00e1rias op\u00e7\u00f5es de monitoriza\u00e7\u00e3o e controlo: <a href=\"https:\/\/fvcomponentes.com\/pt\/produto\/monitor-victron-cerbo-gx-mk2-bpp900451100-victron-cerbo-mk2\/\" target=\"_blank\" rel=\"noopener\">Monitoriza\u00e7\u00e3o Victron Cerbo GX MK2 - BPP900451100<\/a> , <a href=\"https:\/\/fvcomponentes.com\/pt\/produto\/ecra-victron-colour-control-gx\/\" target=\"_blank\" rel=\"noopener\">Controlo de cor GX<\/a>, <a href=\"https:\/\/fvcomponentes.com\/pt\/produto\/monitorizacao-victron-venus-gx\/\" target=\"_blank\" rel=\"noopener\">V\u00e9nus GX<\/a>Octo GX, Octo GX, CANvu GX, port\u00e1til, computador, Bluetooth, Monitor de bateria, <a href=\"https:\/\/fvcomponentes.com\/pt\/produto\/painel-digital-victron-multicontrol-200-200a-rec020005010\/\" target=\"_blank\" rel=\"noopener\">Painel digital multi-controlo<\/a>.<\/p>\n<h2>Configura\u00e7\u00e3o e monitoriza\u00e7\u00e3o remotas<\/h2>\n<p>Instalar um Cerbo GX ou outro produto GX para liga\u00e7\u00e3o \u00e0 Internet. Os dados de funcionamento podem ser armazenados e visualizados no s\u00edtio Web VRM (Victron Remote Management).<\/p>\n<\/div>\n<\/div>\n<\/div>\n<\/div>\n<\/div>\n<h2>Ficha t\u00e9cnica carregador inversor 24V Victron Quattro II 24\/5000 120-50\/50 - QUA242505010<\/h2>\n<div class=\"hidden-xs\">\n<div class=\"productDetail__content-subheader\">\n<div class=\"productDetail__content-desc\">\n<div class=\"productDetails__block-description\">\n<div class=\"productDetails__block-description\">\n<div class=\"productDetails__block-description\">\n<p><a href=\"https:\/\/fvcomponentes.com\/wp-content\/uploads\/2024\/06\/Ficha-tecnica-Inversor-Cargador-Victron-Quattro-II.pdf\" target=\"_blank\" rel=\"noopener\">\u00a0Ver Victron Quattro II 24\/5000 120-50\/50 - QUA242505010 Folha de dados do carregador inversor de 24V<\/a><\/p>\n<\/div>\n<\/div>\n<\/div>\n<\/div>\n<\/div>\n<\/div>\n<div class=\"productDetail__content-desc\">\n<div class=\"productDetails__block-description\">\n<div class=\"productDetails__block-description\">\n<div class=\"productDetails__block-description\"><\/div>\n<\/div>\n<\/div>\n<\/div>","protected":false},"excerpt":{"rendered":"<ul class=\"specification\">\n<li><strong>Tens\u00e3o de funcionamento:<\/strong> 24V<\/li>\n<li><strong>Pot\u00eancia de sa\u00edda cont\u00ednua: <\/strong>5000VA<\/li>\n<li><strong>Pot\u00eancia de pico:<\/strong> 9000W<\/li>\n<li><strong>Efici\u00eancia:<\/strong>\u00a0Onda sinusoidal pura<\/li>\n<\/ul>","protected":false},"featured_media":14807,"comment_status":"open","ping_status":"closed","template":"","meta":{"site-sidebar-layout":"default","site-content-layout":"default","ast-site-content-layout":"default","site-content-style":"default","site-sidebar-style":"default","ast-global-header-display":"","ast-banner-title-visibility":"","ast-main-header-display":"","ast-hfb-above-header-display":"","ast-hfb-below-header-display":"","ast-hfb-mobile-header-display":"","site-post-title":"","ast-breadcrumbs-content":"","ast-featured-img":"","footer-sml-layout":"","ast-disable-related-posts":"","theme-transparent-header-meta":"default","adv-header-id-meta":"","stick-header-meta":"","header-above-stick-meta":"","header-main-stick-meta":"","header-below-stick-meta":"","astra-migrate-meta-layouts":"set","ast-page-background-enabled":"default","ast-page-background-meta":{"desktop":{"background-color":"var(--ast-global-color-4)","background-image":"","background-repeat":"repeat","background-position":"center center","background-size":"auto","background-attachment":"scroll","background-type":"","background-media":"","overlay-type":"","overlay-color":"","overlay-opacity":"","overlay-gradient":""},"tablet":{"background-color":"","background-image":"","background-repeat":"repeat","background-position":"center center","background-size":"auto","background-attachment":"scroll","background-type":"","background-media":"","overlay-type":"","overlay-color":"","overlay-opacity":"","overlay-gradient":""},"mobile":{"background-color":"","background-image":"","background-repeat":"repeat","background-position":"center center","background-size":"auto","background-attachment":"scroll","background-type":"","background-media":"","overlay-type":"","overlay-color":"","overlay-opacity":"","overlay-gradient":""}},"ast-content-background-meta":{"desktop":{"background-color":"var(--ast-global-color-5)","background-image":"","background-repeat":"repeat","background-position":"center center","background-size":"auto","background-attachment":"scroll","background-type":"","background-media":"","overlay-type":"","overlay-color":"","overlay-opacity":"","overlay-gradient":""},"tablet":{"background-color":"var(--ast-global-color-5)","background-image":"","background-repeat":"repeat","background-position":"center center","background-size":"auto","background-attachment":"scroll","background-type":"","background-media":"","overlay-type":"","overlay-color":"","overlay-opacity":"","overlay-gradient":""},"mobile":{"background-color":"var(--ast-global-color-5)","background-image":"","background-repeat":"repeat","background-position":"center center","background-size":"auto","background-attachment":"scroll","background-type":"","background-media":"","overlay-type":"","overlay-color":"","overlay-opacity":"","overlay-gradient":""}}},"pwb-brand":[332],"product_brand":[],"product_cat":[390,333],"product_tag":[],"class_list":{"0":"post-14803","1":"product","2":"type-product","3":"status-publish","4":"has-post-thumbnail","6":"pwb-brand-victron","7":"product_cat-inversores-cargadores-24v","8":"product_cat-inversores","9":"desktop-align-left","10":"tablet-align-left","11":"mobile-align-left","12":"ast-product-gallery-layout-horizontal-slider","13":"ast-product-tabs-layout-horizontal","15":"first","16":"instock","17":"taxable","18":"shipping-taxable","19":"purchasable","20":"product-type-simple"},"wcpa_form_fields":null,"brands":[{"id":332,"name":"Victron Energia","slug":"victron"}],"_links":{"self":[{"href":"https:\/\/fvcomponentes.com\/pt\/wp-json\/wp\/v2\/product\/14803","targetHints":{"allow":["GET"]}}],"collection":[{"href":"https:\/\/fvcomponentes.com\/pt\/wp-json\/wp\/v2\/product"}],"about":[{"href":"https:\/\/fvcomponentes.com\/pt\/wp-json\/wp\/v2\/types\/product"}],"replies":[{"embeddable":true,"href":"https:\/\/fvcomponentes.com\/pt\/wp-json\/wp\/v2\/comments?post=14803"}],"wp:featuredmedia":[{"embeddable":true,"href":"https:\/\/fvcomponentes.com\/pt\/wp-json\/wp\/v2\/media\/14807"}],"wp:attachment":[{"href":"https:\/\/fvcomponentes.com\/pt\/wp-json\/wp\/v2\/media?parent=14803"}],"wp:term":[{"taxonomy":"pwb-brand","embeddable":true,"href":"https:\/\/fvcomponentes.com\/pt\/wp-json\/wp\/v2\/pwb-brand?post=14803"},{"taxonomy":"product_brand","embeddable":true,"href":"https:\/\/fvcomponentes.com\/pt\/wp-json\/wp\/v2\/product_brand?post=14803"},{"taxonomy":"product_cat","embeddable":true,"href":"https:\/\/fvcomponentes.com\/pt\/wp-json\/wp\/v2\/product_cat?post=14803"},{"taxonomy":"product_tag","embeddable":true,"href":"https:\/\/fvcomponentes.com\/pt\/wp-json\/wp\/v2\/product_tag?post=14803"}],"curies":[{"name":"wp","href":"https:\/\/api.w.org\/{rel}","templated":true}]}}