{"id":14789,"date":"2024-06-13T08:32:45","date_gmt":"2024-06-13T06:32:45","guid":{"rendered":"https:\/\/fvcomponentes.com\/?post_type=product&#038;p=14789"},"modified":"2026-04-04T12:51:34","modified_gmt":"2026-04-04T10:51:34","slug":"carregador-de-inversor-24v-victron-multiplus-ii-gx-24-3000-70-32-pmp242306000","status":"publish","type":"product","link":"https:\/\/fvcomponentes.com\/pt\/producto\/inversor-cargador-24v-victron-multiplus-ii-gx-24-3000-70-32-pmp242306000\/","title":{"rendered":"Carregador de inversor 24V Victron Multiplus II GX 24\/3000 70A-32A - PMP242306000"},"content":{"rendered":"<h2>Caracter\u00edsticas do carregador inversor 24V Victron Multiplus II GX 24\/3000 70-32 - PMP242306000<\/h2>\n<p>Este inversor \u00e9 um dispositivo avan\u00e7ado para a nossa instala\u00e7\u00e3o fotovoltaica que nos permite ter um sistema h\u00edbrido de autoconsumo com acumula\u00e7\u00e3o e com todas as garantias de funcionamento. Disp\u00f5e de um carregador multifuncional com v\u00e1rias fun\u00e7\u00f5es <strong>certifica\u00e7\u00f5es el\u00e9ctricas de um grande n\u00famero de pa\u00edses que o qualificam para utiliza\u00e7\u00e3o como um sistema de armazenamento de energia ligado \u00e0 rede (ESS). <\/strong>Incorpora tamb\u00e9m prote\u00e7\u00e3o anti-afundamento e as funcionalidades Victron PowerControl e PowerAssist.<\/p>\n<p>O carregador inversor Victron Multiplus II GX 24\/3000 70-32 - PMP242306000 24V \u00e9 uma garantia de fiabilidade e estabilidade, gra\u00e7as \u00e0 conce\u00e7\u00e3o avan\u00e7ada da sua fase de pot\u00eancia.<\/p>\n<p>Oferece at\u00e9 3000VA de pot\u00eancia de sa\u00edda do pr\u00f3prio inversor, embora, gra\u00e7as \u00e0 sua fun\u00e7\u00e3o PowerAssist, possa fornecer mais pot\u00eancia de sa\u00edda adicionando energia da entrada CA e tamb\u00e9m das baterias para n\u00e3o sobrecarregar a entrada da rede externa.<\/p>\n<p>Funciona com baterias de 24V e tem um carregador de bateria interno de 70A.<\/p>\n<p>Gra\u00e7as \u00e0 sua fun\u00e7\u00e3o de UPS, \u00e9 capaz de oferecer uma sa\u00edda de energia ininterrupta, uma vez que a comuta\u00e7\u00e3o \u00e9 muito r\u00e1pida para que os consumos cr\u00edticos n\u00e3o sejam afectados. \u00c9 altamente expans\u00edvel gra\u00e7as \u00e0 sua capacidade de trabalhar em paralelo com at\u00e9 6 unidades. Tamb\u00e9m \u00e9 poss\u00edvel utiliz\u00e1-lo numa rede trif\u00e1sica, instalando uma unidade para cada fase, \u00e0 qual tamb\u00e9m podemos acrescentar o funcionamento em paralelo dentro das pr\u00f3prias fases.<\/p>\n<h3>Dispositivo GX<\/h3>\n<p>O MultiPlus-II GX integra um inversor\/carregador MultiPlus-II e um dispositivo GX com um ecr\u00e3 de 2 x 16 caracteres. Este dispositivo integrado inclui:<\/p>\n<ul>\n<li>Uma interface BMS-Can que pode ser utilizada para ligar a uma bateria gerida por um barramento CAN compat\u00edvel.<\/li>\n<li>Uma porta USB.<\/li>\n<li>Uma porta Ethernet.<\/li>\n<li>Uma porta VE.Direct<\/li>\n<\/ul>\n<h3>Funcionamento do carregador inversor 24V Victron Multiplus II GX 24\/3000 70-32 - PMP242306000<\/h3>\n<p>O inversor MultiPlus II GX pode ser utilizado em todas as topologias comuns de armazenamento de energia. Est\u00e1 dispon\u00edvel um sensor de corrente como op\u00e7\u00e3o para limitar a entrada CA de acordo com as suas necessidades, uma vez que a pot\u00eancia de transfer\u00eancia e de carga do MultiPlus II pode ser demasiado elevada para a corrente dispon\u00edvel.<\/p>\n<h3 class=\"clear-block\"><strong>MultiPlus II utilizado como UPS em aplica\u00e7\u00f5es de carga cr\u00edtica<\/strong><\/h3>\n<p class=\"clear-block\">Neste caso, o carregador inversor pode ter as cargas habituais, alimentadas pela rede convencional e ter um sistema de armazenamento de energia (bateria) que alimentar\u00e1 as cargas cr\u00edticas se a rede falhar ou for inst\u00e1vel.<\/p>\n<p class=\"clear-block\">Deve ter-se em conta se deve ser aplicada alguma limita\u00e7\u00e3o da entrada de corrente alternada a um valor seguro atrav\u00e9s das fun\u00e7\u00f5es PowerControl e PowerAssist.<\/p>\n<h3 class=\"clear-block\"><strong>Ligado \u00e0 rede e com energia fotovoltaica atrav\u00e9s do controlador MPPT<\/strong><\/h3>\n<p class=\"clear-block\">Neste caso, o carregador inversor de 24V Victron Multiplus II GX 24\/3000 70-32 - PMP242306000 utilizar\u00e1 a informa\u00e7\u00e3o fornecida pelo sensor de corrente toroidal e, assim, optimizar\u00e1 o autoconsumo, convertendo a energia em corrente alternada e utilizando-a diretamente para consumo. Isto permite-nos escolher se queremos ou n\u00e3o alimentar a rede el\u00e9ctrica com a energia solar excedente.<\/p>\n<p class=\"clear-block\">As baterias s\u00e3o recarregadas pelos pain\u00e9is solares e o consumo pode ser dividido entre o consumo cr\u00edtico, que \u00e9 sempre alimentado mesmo em caso de corte de energia, e o consumo normal, que tamb\u00e9m pode ser alimentado pela energia produzida pelos pain\u00e9is.<\/p>\n<h3>Carregador de Inversor 24V Victron Multiplus II GX 24\/3000 70-32 Monitoriza\u00e7\u00e3o do Carregador de Inversor - PMP242306000<\/h3>\n<p>\u00c9 altamente recomend\u00e1vel, para ter o m\u00e1ximo controlo da instala\u00e7\u00e3o solar, incluir o Painel ColorControl da Victron; j\u00e1 que a partir dele podemos configurar, carregar os par\u00e2metros de funcionamento e monitorizar o rendimento de todo o sistema. Teremos informa\u00e7\u00e3o detalhada sobre produ\u00e7\u00e3o, consumo, armazenamento, etc.<\/p>\n<p><img fetchpriority=\"high\" decoding=\"async\" class=\"center-align alignnone\" title=\"Gr\u00e1fico VRM\" src=\"https:\/\/fvcomponentes.com\/wp-content\/uploads\/2022\/11\/grafico-vrm.png\" alt=\"Gr\u00e1ficos MultiPlus II GX 3000VA VRM\" width=\"400\" height=\"223\" \/><\/p>\n<p>Gra\u00e7as \u00e0 inclus\u00e3o do painel Victron ColorControl, teremos acesso ao portal VRM fornecido pela marca, onde teremos acesso \u00e0 monitoriza\u00e7\u00e3o e configura\u00e7\u00e3o do sistema a partir de qualquer terminal com acesso \u00e0 Internet. O portal VRM dar-nos-\u00e1 inclusivamente a op\u00e7\u00e3o de nos enviar alarmes em fun\u00e7\u00e3o do que programarmos no funcionamento do sistema.<\/p>\n<h3>Carregador inversor 24V Victron Multiplus II GX 24\/3000 70-32 - PMP242306000 Compatibilidade<\/h3>\n<p>O MultiPlus II pode trabalhar com praticamente qualquer bateria de 24V no mercado sem qualquer problema. A sua grande flexibilidade e adaptabilidade permite-lhe ser configurado para carregar uma bateria de chumbo-\u00e1cido de qualquer tecnologia, quer seja do tipo OPzS selada ou aberta.<\/p>\n<p>A Victron actualiza regularmente o seu software para assegurar a compatibilidade com a grande maioria das marcas de baterias de l\u00edtio existentes no mercado. Esta \u00e9 uma garantia para o futuro.<\/p>\n<p>Se for utilizada uma topologia de regulador de carga externa para carregar baterias ou para autoconsumo direto, \u00e9 aconselh\u00e1vel utilizar um modelo MPPT da marca Victron. Desta forma, o painel ColorControl mostrar\u00e1 em pormenor a produ\u00e7\u00e3o fotovoltaica do sistema.<\/p>\n<p>Se um inversor fotovoltaico for utilizado como gerador solar, \u00e9 aconselh\u00e1vel utilizar um produto da <a href=\"https:\/\/fvcomponentes.com\/pt\/marca\/frontais\/\" target=\"_blank\" rel=\"noopener\">Fronius<\/a>O ColorControl e o portal VRM tamb\u00e9m s\u00e3o compat\u00edveis com outras marcas bem conhecidas do sector, como a Kostal. No ColorControl e no portal VRM tamb\u00e9m podemos monitorizar a produ\u00e7\u00e3o do inversor fotovoltaico sem qualquer problema.<\/p>\n<p>Existe tamb\u00e9m compatibilidade com outros fabricantes, como a Schneider; a tabela de compatibilidade pode ser consultada no s\u00edtio Web da Victron, onde \u00e9 actualizada regularmente.<\/p>\n<h2>Ficha t\u00e9cnica Carregador inversor 24V Victron Multiplus II GX 24\/3000 70-32 - PMP242306000<\/h2>\n<p><a href=\"https:\/\/fvcomponentes.com\/wp-content\/uploads\/2024\/06\/Ficha-tecnica-Inversor-Cargador-24V-Victron-Multiplus-II-GX-24-3000-70-32-PMP242306000-1.pdf\" target=\"_blank\" rel=\"noopener\">Ver ficha t\u00e9cnica do carregador inversor de 24V Victron Multiplus II GX 24\/3000 70-32 - PMP242306000<\/a><\/p>","protected":false},"excerpt":{"rendered":"<ul class=\"specification\">\n<li><strong>Pot\u00eancia de sa\u00edda cont\u00ednua a 25\u00ba: <\/strong>3000VA<\/li>\n<li><strong>Pot\u00eancia de pico: <\/strong>5500W<\/li>\n<li><strong>Tens\u00e3o de funcionamento:<\/strong> 24V<\/li>\n<li><strong>Corrente de carga: <\/strong>70A<\/li>\n<\/ul>","protected":false},"featured_media":14791,"comment_status":"open","ping_status":"closed","template":"","meta":{"site-sidebar-layout":"default","site-content-layout":"default","ast-site-content-layout":"default","site-content-style":"default","site-sidebar-style":"default","ast-global-header-display":"","ast-banner-title-visibility":"","ast-main-header-display":"","ast-hfb-above-header-display":"","ast-hfb-below-header-display":"","ast-hfb-mobile-header-display":"","site-post-title":"","ast-breadcrumbs-content":"","ast-featured-img":"","footer-sml-layout":"","ast-disable-related-posts":"","theme-transparent-header-meta":"default","adv-header-id-meta":"","stick-header-meta":"","header-above-stick-meta":"","header-main-stick-meta":"","header-below-stick-meta":"","astra-migrate-meta-layouts":"set","ast-page-background-enabled":"default","ast-page-background-meta":{"desktop":{"background-color":"var(--ast-global-color-4)","background-image":"","background-repeat":"repeat","background-position":"center center","background-size":"auto","background-attachment":"scroll","background-type":"","background-media":"","overlay-type":"","overlay-color":"","overlay-opacity":"","overlay-gradient":""},"tablet":{"background-color":"","background-image":"","background-repeat":"repeat","background-position":"center center","background-size":"auto","background-attachment":"scroll","background-type":"","background-media":"","overlay-type":"","overlay-color":"","overlay-opacity":"","overlay-gradient":""},"mobile":{"background-color":"","background-image":"","background-repeat":"repeat","background-position":"center center","background-size":"auto","background-attachment":"scroll","background-type":"","background-media":"","overlay-type":"","overlay-color":"","overlay-opacity":"","overlay-gradient":""}},"ast-content-background-meta":{"desktop":{"background-color":"var(--ast-global-color-5)","background-image":"","background-repeat":"repeat","background-position":"center center","background-size":"auto","background-attachment":"scroll","background-type":"","background-media":"","overlay-type":"","overlay-color":"","overlay-opacity":"","overlay-gradient":""},"tablet":{"background-color":"var(--ast-global-color-5)","background-image":"","background-repeat":"repeat","background-position":"center center","background-size":"auto","background-attachment":"scroll","background-type":"","background-media":"","overlay-type":"","overlay-color":"","overlay-opacity":"","overlay-gradient":""},"mobile":{"background-color":"var(--ast-global-color-5)","background-image":"","background-repeat":"repeat","background-position":"center center","background-size":"auto","background-attachment":"scroll","background-type":"","background-media":"","overlay-type":"","overlay-color":"","overlay-opacity":"","overlay-gradient":""}}},"pwb-brand":[332],"product_brand":[],"product_cat":[390,333],"product_tag":[],"class_list":{"0":"post-14789","1":"product","2":"type-product","3":"status-publish","4":"has-post-thumbnail","6":"pwb-brand-victron","7":"product_cat-inversores-cargadores-24v","8":"product_cat-inversores","9":"desktop-align-left","10":"tablet-align-left","11":"mobile-align-left","12":"ast-product-gallery-layout-horizontal-slider","13":"ast-product-tabs-layout-horizontal","15":"first","16":"instock","17":"taxable","18":"shipping-taxable","19":"purchasable","20":"product-type-simple"},"wcpa_form_fields":null,"brands":[{"id":332,"name":"Victron Energia","slug":"victron"}],"_links":{"self":[{"href":"https:\/\/fvcomponentes.com\/pt\/wp-json\/wp\/v2\/product\/14789","targetHints":{"allow":["GET"]}}],"collection":[{"href":"https:\/\/fvcomponentes.com\/pt\/wp-json\/wp\/v2\/product"}],"about":[{"href":"https:\/\/fvcomponentes.com\/pt\/wp-json\/wp\/v2\/types\/product"}],"replies":[{"embeddable":true,"href":"https:\/\/fvcomponentes.com\/pt\/wp-json\/wp\/v2\/comments?post=14789"}],"wp:featuredmedia":[{"embeddable":true,"href":"https:\/\/fvcomponentes.com\/pt\/wp-json\/wp\/v2\/media\/14791"}],"wp:attachment":[{"href":"https:\/\/fvcomponentes.com\/pt\/wp-json\/wp\/v2\/media?parent=14789"}],"wp:term":[{"taxonomy":"pwb-brand","embeddable":true,"href":"https:\/\/fvcomponentes.com\/pt\/wp-json\/wp\/v2\/pwb-brand?post=14789"},{"taxonomy":"product_brand","embeddable":true,"href":"https:\/\/fvcomponentes.com\/pt\/wp-json\/wp\/v2\/product_brand?post=14789"},{"taxonomy":"product_cat","embeddable":true,"href":"https:\/\/fvcomponentes.com\/pt\/wp-json\/wp\/v2\/product_cat?post=14789"},{"taxonomy":"product_tag","embeddable":true,"href":"https:\/\/fvcomponentes.com\/pt\/wp-json\/wp\/v2\/product_tag?post=14789"}],"curies":[{"name":"wp","href":"https:\/\/api.w.org\/{rel}","templated":true}]}}