{"id":14786,"date":"2024-06-13T08:06:24","date_gmt":"2024-06-13T06:06:24","guid":{"rendered":"https:\/\/fvcomponentes.com\/?post_type=product&#038;p=14786"},"modified":"2026-04-08T21:37:02","modified_gmt":"2026-04-08T19:37:02","slug":"carregador-de-inversor-24v-victron-multiplus-compact-24-2000-50-30-cmp242200000","status":"publish","type":"product","link":"https:\/\/fvcomponentes.com\/pt\/producto\/inversor-cargador-24v-victron-multiplus-compact-24-2000-50-30-cmp242200000\/","title":{"rendered":"Carregador de inversor 24V Victron MultiPlus Compact 24\/2000 50A-30A - CMP242200000"},"content":{"rendered":"<h2>Carregador de inversor 24V Victron MultiPlus Compact 24\/2000 50-30 - CMP242200000<\/h2>\n<p>Este inversor combina um potente inversor sinusoidal, um sofisticado carregador de bateria com tecnologia adaptativa e um interrutor de transfer\u00eancia CA de alta velocidade num design compacto.<\/p>\n<h2>Caracter\u00edsticas do carregador de inversor 24V Victron MultiPlus Compact 24\/2000 50-30 - CMP242200000:<\/h2>\n<h3>Duas sa\u00eddas AC<\/h3>\n<p>A sa\u00edda principal tem uma fun\u00e7\u00e3o de no-break. O MultiPlus assume a alimenta\u00e7\u00e3o das cargas ligadas no caso de um apag\u00e3o ou de uma desconex\u00e3o da rede el\u00e9ctrica\/gerador. Isto ocorre rapidamente (menos de 20 milissegundos) para que a eletr\u00f3nica continue a funcionar sem interrup\u00e7\u00f5es.<br \/>\nA segunda sa\u00edda s\u00f3 est\u00e1 ativa quando uma das entradas do MultiPlus tem alimenta\u00e7\u00e3o CA. Os dispositivos que n\u00e3o devem descarregar a bateria, como um aquecedor de \u00e1gua, por exemplo, podem ser ligados a esta sa\u00edda (segunda sa\u00edda dispon\u00edvel em modelos com uma capacidade nominal de 3kVA ou superior).<\/p>\n<h3>Pot\u00eancia praticamente ilimitada gra\u00e7as ao funcionamento em paralelo<\/h3>\n<p>Podem ser utilizados at\u00e9 6 Multis em paralelo para obter uma maior pot\u00eancia e carga.<\/p>\n<h2>Carregador inversor 24V Victron MultiPlus Compact 24\/2000 50-30 - CMP242200000: Capacidade de funcionamento trif\u00e1sico<\/h2>\n<p>Para al\u00e9m da liga\u00e7\u00e3o em paralelo, tr\u00eas unidades do mesmo modelo podem ser configuradas para uma sa\u00edda trif\u00e1sica. E at\u00e9 6 conjuntos de tr\u00eas unidades podem tamb\u00e9m ser ligados em paralelo.<\/p>\n<h3>PowerControl - Energia limitada a partir do gerador, do pont\u00e3o ou da rede<\/h3>\n<p>O Multi \u00e9 um carregador de baterias muito potente. Por conseguinte, utilizar\u00e1 muita corrente do gerador ou da rede el\u00e9ctrica do pont\u00e3o (quase 10 A por 5kVA Multi a 230 VAC). Pode ser definida uma corrente m\u00e1xima do gerador ou do pont\u00e3o no painel de controlo do Multi. O MultiPlus ter\u00e1 em conta as outras cargas CA e utilizar\u00e1 a corrente em excesso para a carga, evitando assim sobrecarregar o gerador ou a rede do pont\u00e3o.<\/p>\n<h3>PowerAssist - Aumento da capacidade el\u00e9ctrica da doca ou do gerador<\/h3>\n<p>Esta fun\u00e7\u00e3o leva o princ\u00edpio PowerControl a outra dimens\u00e3o. Permite que o carregador inversor Victron MultiPlus Compact 24V 24\/2000 50-30 - CMP242200000 complemente a capacidade da fonte alternativa. Quando \u00e9 necess\u00e1rio um pico de energia durante um curto per\u00edodo de tempo, como \u00e9 frequentemente o caso, o MultiPlus compensar\u00e1 imediatamente a poss\u00edvel falta de energia da corrente do pont\u00e3o ou do gerador com energia da bateria.<\/p>\n<h2>Carregador inversor 24V Victron MultiPlus Compact 24\/2000 50-30 - CMP242200000: Carregador vari\u00e1vel de quatro fases e carregamento de bancos de baterias duplos<\/h2>\n<p>A sa\u00edda principal fornece uma carga potente ao sistema de bateria atrav\u00e9s de um software avan\u00e7ado de \"carga vari\u00e1vel\". O software afina o processo autom\u00e1tico de tr\u00eas fases para se adaptar \u00e0s condi\u00e7\u00f5es da bateria e acrescenta uma quarta fase para per\u00edodos prolongados de carga lenta.<\/p>\n<p>Para al\u00e9m do acima exposto, o carregador do inversor Victron MultiPlus Compact 24V 24\/2000 50-30 - CMP242200000 pode carregar uma segunda bateria; compat\u00edvel com baterias de l\u00edtio.<\/p>\n<h3>Monitoriza\u00e7\u00e3o e controlo no local<\/h3>\n<p>Est\u00e3o dispon\u00edveis v\u00e1rias op\u00e7\u00f5es: Monitor de bateria, painel de controlo m\u00faltiplo, Color Control GX e outros dispositivos, smartphone ou tablet (Bluetooth Smart), computador port\u00e1til ou computador (USB ou RS232).<br \/>\nMonitoriza\u00e7\u00e3o e controlo \u00e0 dist\u00e2ncia<\/p>\n<h3>Colour Control GX e outros dispositivos.<\/h3>\n<p>Os dados podem ser armazenados e apresentados gratuitamente no s\u00edtio Web VRM (Victron Remote Management).<\/p>\n<h3>Configura\u00e7\u00e3o remota<\/h3>\n<p>Os dados podem ser acedidos e as defini\u00e7\u00f5es do sistema podem ser alteradas com um Color Control GX e outros dispositivos se estiverem ligados \u00e0 Ethernet.<\/p>\n<p><img fetchpriority=\"high\" decoding=\"async\" class=\"alignnone size-full wp-image-11465\" src=\"https:\/\/fvcomponentes.com\/wp-content\/uploads\/2024\/01\/Inversor-Cargador-Victron-MultiPlus-Compact-24-1600-40-16-CMP241620000.png\" alt=\"https:\/\/fvcomponentes.com\/wp-content\/uploads\/2024\/01\/Inversor-Cargador-Victron-MultiPlus-Compact-24-1600-40-16-CMP241620000.png\" width=\"1328\" height=\"606\" title=\"\"><\/p>\n<h3>Carregador de Inversor 24V Carregador de Inversor Victron MultiPlus Compact 24\/2000 50-30 - CMP242200000<\/h3>\n<p><a href=\"https:\/\/fvcomponentes.com\/wp-content\/uploads\/2024\/01\/Datasheet-MultiPlus-inverter-charger-800VA-5kVA-ES.pdf\" target=\"_blank\" rel=\"noopener\">Ver ficha t\u00e9cnica do carregador inversor 24V Victron MultiPlus Compact 24\/2000 50-30 - CMP242200000<\/a><\/p>","protected":false},"excerpt":{"rendered":"<ul class=\"specification\">\n<li><strong>Pot\u00eancia de sa\u00edda cont\u00ednua a 25\u00ba: <\/strong>2000VA<\/li>\n<li><strong>Pot\u00eancia de pico: <\/strong>4000W<\/li>\n<li><strong>Tens\u00e3o de funcionamento:<\/strong> 24V<\/li>\n<li><strong>Corrente de carga:<\/strong> 50A<\/li>\n<\/ul>","protected":false},"featured_media":14788,"comment_status":"open","ping_status":"closed","template":"","meta":{"site-sidebar-layout":"default","site-content-layout":"","ast-site-content-layout":"default","site-content-style":"default","site-sidebar-style":"default","ast-global-header-display":"","ast-banner-title-visibility":"","ast-main-header-display":"","ast-hfb-above-header-display":"","ast-hfb-below-header-display":"","ast-hfb-mobile-header-display":"","site-post-title":"","ast-breadcrumbs-content":"","ast-featured-img":"","footer-sml-layout":"","ast-disable-related-posts":"","theme-transparent-header-meta":"default","adv-header-id-meta":"","stick-header-meta":"","header-above-stick-meta":"","header-main-stick-meta":"","header-below-stick-meta":"","astra-migrate-meta-layouts":"set","ast-page-background-enabled":"default","ast-page-background-meta":{"desktop":{"background-color":"var(--ast-global-color-4)","background-image":"","background-repeat":"repeat","background-position":"center center","background-size":"auto","background-attachment":"scroll","background-type":"","background-media":"","overlay-type":"","overlay-color":"","overlay-opacity":"","overlay-gradient":""},"tablet":{"background-color":"","background-image":"","background-repeat":"repeat","background-position":"center center","background-size":"auto","background-attachment":"scroll","background-type":"","background-media":"","overlay-type":"","overlay-color":"","overlay-opacity":"","overlay-gradient":""},"mobile":{"background-color":"","background-image":"","background-repeat":"repeat","background-position":"center center","background-size":"auto","background-attachment":"scroll","background-type":"","background-media":"","overlay-type":"","overlay-color":"","overlay-opacity":"","overlay-gradient":""}},"ast-content-background-meta":{"desktop":{"background-color":"var(--ast-global-color-5)","background-image":"","background-repeat":"repeat","background-position":"center center","background-size":"auto","background-attachment":"scroll","background-type":"","background-media":"","overlay-type":"","overlay-color":"","overlay-opacity":"","overlay-gradient":""},"tablet":{"background-color":"var(--ast-global-color-5)","background-image":"","background-repeat":"repeat","background-position":"center center","background-size":"auto","background-attachment":"scroll","background-type":"","background-media":"","overlay-type":"","overlay-color":"","overlay-opacity":"","overlay-gradient":""},"mobile":{"background-color":"var(--ast-global-color-5)","background-image":"","background-repeat":"repeat","background-position":"center center","background-size":"auto","background-attachment":"scroll","background-type":"","background-media":"","overlay-type":"","overlay-color":"","overlay-opacity":"","overlay-gradient":""}}},"pwb-brand":[332],"product_brand":[],"product_cat":[333,390],"product_tag":[],"class_list":{"0":"post-14786","1":"product","2":"type-product","3":"status-publish","4":"has-post-thumbnail","6":"pwb-brand-victron","7":"product_cat-inversores","8":"product_cat-inversores-cargadores-24v","9":"desktop-align-left","10":"tablet-align-left","11":"mobile-align-left","12":"ast-product-gallery-layout-horizontal-slider","13":"ast-product-gallery-with-no-image","14":"ast-product-tabs-layout-horizontal","16":"first","17":"instock","18":"taxable","19":"shipping-taxable","20":"purchasable","21":"product-type-simple"},"wcpa_form_fields":null,"brands":[{"id":332,"name":"Victron Energia","slug":"victron"}],"_links":{"self":[{"href":"https:\/\/fvcomponentes.com\/pt\/wp-json\/wp\/v2\/product\/14786","targetHints":{"allow":["GET"]}}],"collection":[{"href":"https:\/\/fvcomponentes.com\/pt\/wp-json\/wp\/v2\/product"}],"about":[{"href":"https:\/\/fvcomponentes.com\/pt\/wp-json\/wp\/v2\/types\/product"}],"replies":[{"embeddable":true,"href":"https:\/\/fvcomponentes.com\/pt\/wp-json\/wp\/v2\/comments?post=14786"}],"wp:featuredmedia":[{"embeddable":true,"href":"https:\/\/fvcomponentes.com\/pt\/wp-json\/wp\/v2\/media\/14788"}],"wp:attachment":[{"href":"https:\/\/fvcomponentes.com\/pt\/wp-json\/wp\/v2\/media?parent=14786"}],"wp:term":[{"taxonomy":"pwb-brand","embeddable":true,"href":"https:\/\/fvcomponentes.com\/pt\/wp-json\/wp\/v2\/pwb-brand?post=14786"},{"taxonomy":"product_brand","embeddable":true,"href":"https:\/\/fvcomponentes.com\/pt\/wp-json\/wp\/v2\/product_brand?post=14786"},{"taxonomy":"product_cat","embeddable":true,"href":"https:\/\/fvcomponentes.com\/pt\/wp-json\/wp\/v2\/product_cat?post=14786"},{"taxonomy":"product_tag","embeddable":true,"href":"https:\/\/fvcomponentes.com\/pt\/wp-json\/wp\/v2\/product_tag?post=14786"}],"curies":[{"name":"wp","href":"https:\/\/api.w.org\/{rel}","templated":true}]}}